{"id":210,"date":"2025-08-26T09:02:36","date_gmt":"2025-08-26T07:02:36","guid":{"rendered":"https:\/\/brasport-group.com\/?page_id=210"},"modified":"2026-02-18T15:00:33","modified_gmt":"2026-02-18T13:00:33","slug":"a-propos","status":"publish","type":"page","link":"https:\/\/brasport-group.com\/fr\/a-propos\/","title":{"rendered":"\u00c0 propos"},"content":{"rendered":"\t\t<div data-elementor-type=\"wp-page\" data-elementor-id=\"210\" class=\"elementor elementor-210\" data-elementor-post-type=\"page\">\n\t\t\t\t<div class=\"elementor-element elementor-element-34e340b e-flex e-con-boxed e-con e-parent\" data-id=\"34e340b\" data-element_type=\"container\" data-settings=\"{&quot;background_background&quot;:&quot;video&quot;,&quot;background_video_link&quot;:&quot;https:\\\/\\\/brasport-group.com\\\/wp-content\\\/uploads\\\/2025\\\/10\\\/BrasportGroup_3840x2160px_50fps_NoTxt_light.mp4&quot;,&quot;background_play_on_mobile&quot;:&quot;yes&quot;}\">\n\t\t\t\t\t<div class=\"e-con-inner\">\n\t\t<div class=\"elementor-background-video-container\" aria-hidden=\"true\">\n\t\t\t\t\t\t\t<video class=\"elementor-background-video-hosted\" autoplay muted playsinline loop><\/video>\n\t\t\t\t\t<\/div><div class=\"elementor-element elementor-element-54a8f59 animated-slow e-flex e-con-boxed elementor-invisible e-con e-child\" data-id=\"54a8f59\" data-element_type=\"container\" data-settings=\"{&quot;animation&quot;:&quot;fadeInUp&quot;,&quot;animation_delay&quot;:200}\">\n\t\t\t\t\t<div class=\"e-con-inner\">\n\t\t\t\t<div class=\"elementor-element elementor-element-8657bbc elementor-align-left elementor-widget elementor-widget-breadcrumbs\" data-id=\"8657bbc\" data-element_type=\"widget\" data-widget_type=\"breadcrumbs.default\">\n\t\t\t\t\t<p id=\"breadcrumbs\"><span><span><a href=\"https:\/\/brasport-group.com\/fr\/\">Accueil<\/a><\/span><\/span><\/p>\t\t\t\t<\/div>\n\t\t\t\t<div class=\"elementor-element elementor-element-2bbe6ff elementor-widget elementor-widget-heading\" data-id=\"2bbe6ff\" data-element_type=\"widget\" data-widget_type=\"heading.default\">\n\t\t\t\t\t<h1 class=\"elementor-heading-title elementor-size-default\">\u00c0 propos<\/h1>\t\t\t\t<\/div>\n\t\t\t\t<div class=\"elementor-element elementor-element-30e1093 elementor-widget__width-initial elementor-widget-mobile__width-inherit elementor-widget elementor-widget-text-editor\" data-id=\"30e1093\" data-element_type=\"widget\" data-widget_type=\"text-editor.default\">\n\t\t\t\t\t\t\t\t\t<p>La Maison Brasport incarne l\u2019alliance entre excellence artisanale et innovation, au service du savoir-faire horloger et de la maroquinerie.<br \/>Ancr\u00e9e dans une tradition d\u2019\u00e9l\u00e9gance et de pr\u00e9cision, elle associe technologies de pointe et h\u00e9ritage suisse pour proposer des produits et services d\u2019exception \u00e0 l\u2019industrie du luxe.<\/p>\t\t\t\t\t\t\t\t<\/div>\n\t\t\t\t\t<\/div>\n\t\t\t\t<\/div>\n\t\t\t\t\t<\/div>\n\t\t\t\t<\/div>\n\t\t<div class=\"elementor-element elementor-element-1a633d0 e-flex e-con-boxed e-con e-parent\" data-id=\"1a633d0\" data-element_type=\"container\">\n\t\t\t\t\t<div class=\"e-con-inner\">\n\t\t<div class=\"elementor-element elementor-element-590c030 e-con-full e-flex e-con e-child\" data-id=\"590c030\" data-element_type=\"container\">\n\t\t\t\t<div class=\"elementor-element elementor-element-dee8793 elementor-widget elementor-widget-image\" data-id=\"dee8793\" data-element_type=\"widget\" data-widget_type=\"image.default\">\n\t\t\t\t\t\t\t\t\t\t\t\t\t\t\t<img fetchpriority=\"high\" decoding=\"async\" width=\"1000\" height=\"383\" src=\"https:\/\/brasport-group.com\/wp-content\/uploads\/2025\/10\/BRASPORT_logo_01_RGB.jpg\" class=\"attachment-full size-full wp-image-1595\" alt=\"\" srcset=\"https:\/\/brasport-group.com\/wp-content\/uploads\/2025\/10\/BRASPORT_logo_01_RGB.jpg 1000w, https:\/\/brasport-group.com\/wp-content\/uploads\/2025\/10\/BRASPORT_logo_01_RGB-300x115.jpg 300w, https:\/\/brasport-group.com\/wp-content\/uploads\/2025\/10\/BRASPORT_logo_01_RGB-768x294.jpg 768w\" sizes=\"(max-width: 1000px) 100vw, 1000px\" \/>\t\t\t\t\t\t\t\t\t\t\t\t\t\t\t<\/div>\n\t\t\t\t<\/div>\n\t\t<div class=\"elementor-element elementor-element-30c0e56 e-con-full e-flex e-con e-child\" data-id=\"30c0e56\" data-element_type=\"container\">\n\t\t<div class=\"elementor-element elementor-element-be98dea e-con-full e-flex e-con e-child\" data-id=\"be98dea\" data-element_type=\"container\">\n\t\t\t\t<div class=\"elementor-element elementor-element-2addbd4 elementor-widget elementor-widget-heading\" data-id=\"2addbd4\" data-element_type=\"widget\" data-widget_type=\"heading.default\">\n\t\t\t\t\t<h2 class=\"elementor-heading-title elementor-size-default\">Histoire<\/h2>\t\t\t\t<\/div>\n\t\t\t\t<div class=\"elementor-element elementor-element-9d111a1 elementor-widget elementor-widget-text-editor\" data-id=\"9d111a1\" data-element_type=\"widget\" data-widget_type=\"text-editor.default\">\n\t\t\t\t\t\t\t\t\t<p>Brasport, maison familiale fond\u00e9e en 1946 par Albert Dubois, incarne depuis toujours l\u2019art du bracelet avec une ambition claire : faire briller l\u2019artisanat suisse \u00e0 l\u2019\u00e9chelle internationale. Transmise de g\u00e9n\u00e9ration en g\u00e9n\u00e9ration, son histoire refl\u00e8te un esprit d\u2019engagement, de passion et d\u2019\u00e9volution constante, fid\u00e8le aux valeurs fondatrices de la famille.<\/p>\t\t\t\t\t\t\t\t<\/div>\n\t\t\t\t<div class=\"elementor-element elementor-element-233a4b2 animated-slow elementor-invisible elementor-widget elementor-widget-button\" data-id=\"233a4b2\" data-element_type=\"widget\" data-settings=\"{&quot;_animation&quot;:&quot;fadeInRight&quot;}\" data-widget_type=\"button.default\">\n\t\t\t\t\t\t\t\t\t\t<a class=\"elementor-button elementor-button-link elementor-size-sm\" href=\"https:\/\/brasport-group.com\/fr\/a-propos\/histoire\/\">\n\t\t\t\t\t\t<span class=\"elementor-button-content-wrapper\">\n\t\t\t\t\t\t<span class=\"elementor-button-icon\">\n\t\t\t\t<svg aria-hidden=\"true\" class=\"e-font-icon-svg e-fas-chevron-right\" viewBox=\"0 0 320 512\" xmlns=\"http:\/\/www.w3.org\/2000\/svg\"><path d=\"M285.476 272.971L91.132 467.314c-9.373 9.373-24.569 9.373-33.941 0l-22.667-22.667c-9.357-9.357-9.375-24.522-.04-33.901L188.505 256 34.484 101.255c-9.335-9.379-9.317-24.544.04-33.901l22.667-22.667c9.373-9.373 24.569-9.373 33.941 0L285.475 239.03c9.373 9.372 9.373 24.568.001 33.941z\"><\/path><\/svg>\t\t\t<\/span>\n\t\t\t\t\t\t\t\t\t<span class=\"elementor-button-text\">En savoir plus<\/span>\n\t\t\t\t\t<\/span>\n\t\t\t\t\t<\/a>\n\t\t\t\t\t\t\t\t<\/div>\n\t\t\t\t<\/div>\n\t\t\t\t<\/div>\n\t\t\t\t\t<\/div>\n\t\t\t\t<\/div>\n\t\t<div class=\"elementor-element elementor-element-d6487ae e-flex e-con-boxed e-con e-parent\" data-id=\"d6487ae\" data-element_type=\"container\">\n\t\t\t\t\t<div class=\"e-con-inner\">\n\t\t<div class=\"elementor-element elementor-element-6af2de5 e-con-full e-flex e-con e-child\" data-id=\"6af2de5\" data-element_type=\"container\">\n\t\t<div class=\"elementor-element elementor-element-0090ef7 e-con-full e-flex e-con e-child\" data-id=\"0090ef7\" data-element_type=\"container\">\n\t\t\t\t<div class=\"elementor-element elementor-element-01af38d elementor-widget elementor-widget-heading\" data-id=\"01af38d\" data-element_type=\"widget\" data-widget_type=\"heading.default\">\n\t\t\t\t\t<h3 class=\"elementor-heading-title elementor-size-default\">Valeurs<\/h3>\t\t\t\t<\/div>\n\t\t\t\t<div class=\"elementor-element elementor-element-ba21957 elementor-widget elementor-widget-text-editor\" data-id=\"ba21957\" data-element_type=\"widget\" data-widget_type=\"text-editor.default\">\n\t\t\t\t\t\t\t\t\t<p>Fid\u00e8le \u00e0 ses valeurs, la Maison Brasport s\u2019articule autour de quatre piliers fondamentaux : la famille, l\u2019excellence, la passion et le partenariat. Ces principes guident son fonctionnement au quotidien et incarnent l\u2019esprit m\u00eame de Brasport.<\/p>\t\t\t\t\t\t\t\t<\/div>\n\t\t\t\t<div class=\"elementor-element elementor-element-86ec6e7 animated-slow elementor-invisible elementor-widget elementor-widget-button\" data-id=\"86ec6e7\" data-element_type=\"widget\" data-settings=\"{&quot;_animation&quot;:&quot;fadeInLeft&quot;}\" data-widget_type=\"button.default\">\n\t\t\t\t\t\t\t\t\t\t<a class=\"elementor-button elementor-button-link elementor-size-sm\" href=\"https:\/\/brasport-group.com\/fr\/a-propos\/valeurs\/\">\n\t\t\t\t\t\t<span class=\"elementor-button-content-wrapper\">\n\t\t\t\t\t\t<span class=\"elementor-button-icon\">\n\t\t\t\t<svg aria-hidden=\"true\" class=\"e-font-icon-svg e-fas-chevron-right\" viewBox=\"0 0 320 512\" xmlns=\"http:\/\/www.w3.org\/2000\/svg\"><path d=\"M285.476 272.971L91.132 467.314c-9.373 9.373-24.569 9.373-33.941 0l-22.667-22.667c-9.357-9.357-9.375-24.522-.04-33.901L188.505 256 34.484 101.255c-9.335-9.379-9.317-24.544.04-33.901l22.667-22.667c9.373-9.373 24.569-9.373 33.941 0L285.475 239.03c9.373 9.372 9.373 24.568.001 33.941z\"><\/path><\/svg>\t\t\t<\/span>\n\t\t\t\t\t\t\t\t\t<span class=\"elementor-button-text\">En savoir plus<\/span>\n\t\t\t\t\t<\/span>\n\t\t\t\t\t<\/a>\n\t\t\t\t\t\t\t\t<\/div>\n\t\t\t\t<\/div>\n\t\t\t\t<\/div>\n\t\t<div class=\"elementor-element elementor-element-32c9e61 e-con-full e-flex e-con e-child\" data-id=\"32c9e61\" data-element_type=\"container\">\n\t\t\t\t<div class=\"elementor-element elementor-element-49f46df elementor-widget elementor-widget-image\" data-id=\"49f46df\" data-element_type=\"widget\" data-widget_type=\"image.default\">\n\t\t\t\t\t\t\t\t\t\t\t\t\t\t\t<img decoding=\"async\" src=\"https:\/\/brasport-group.com\/wp-content\/uploads\/elementor\/thumbs\/Brasport-Group_Images_28-scaled-rdbwe3qnaly3udi4hmpama12l80x6yae50d8v3doaq.jpg\" title=\"Brasport-Group_Images_28\" alt=\"Brasport-Group_Images_28\" loading=\"lazy\" \/>\t\t\t\t\t\t\t\t\t\t\t\t\t\t\t<\/div>\n\t\t\t\t<\/div>\n\t\t\t\t\t<\/div>\n\t\t\t\t<\/div>\n\t\t\t\t<\/div>\n\t\t","protected":false},"excerpt":{"rendered":"<p>\u00c0 propos La Maison Brasport incarne l\u2019alliance entre excellence artisanale et innovation, au service du savoir-faire horloger et de la maroquinerie.Ancr\u00e9e dans une tradition d\u2019\u00e9l\u00e9gance et de pr\u00e9cision, elle associe technologies de pointe et h\u00e9ritage suisse pour proposer des produits et services d\u2019exception \u00e0 l\u2019industrie du luxe. Histoire Brasport, maison familiale fond\u00e9e en 1946 par [&hellip;]<\/p>\n","protected":false},"author":1,"featured_media":0,"parent":0,"menu_order":0,"comment_status":"closed","ping_status":"closed","template":"","meta":{"_acf_changed":false,"footnotes":""},"class_list":["post-210","page","type-page","status-publish","hentry"],"acf":[],"yoast_head":"<!-- This site is optimized with the Yoast SEO plugin v26.4 - https:\/\/yoast.com\/wordpress\/plugins\/seo\/ -->\n<title>\u00c0 propos - Brasport<\/title>\n<meta name=\"description\" content=\"Brasport: depuis 1946 une histoire de famille, de passion et d&#039;excellence. Chaque cr\u00e9ation porte l&#039;empreinte d&#039;un savoir faire transmis.\" \/>\n<meta name=\"robots\" content=\"index, follow, max-snippet:-1, max-image-preview:large, max-video-preview:-1\" \/>\n<link rel=\"canonical\" href=\"https:\/\/brasport-group.com\/fr\/a-propos\/\" \/>\n<meta property=\"og:locale\" content=\"fr_FR\" \/>\n<meta property=\"og:type\" content=\"article\" \/>\n<meta property=\"og:title\" content=\"\u00c0 propos - Brasport\" \/>\n<meta property=\"og:description\" content=\"Brasport: depuis 1946 une histoire de famille, de passion et d&#039;excellence. Chaque cr\u00e9ation porte l&#039;empreinte d&#039;un savoir faire transmis.\" \/>\n<meta property=\"og:url\" content=\"https:\/\/brasport-group.com\/fr\/a-propos\/\" \/>\n<meta property=\"og:site_name\" content=\"Brasport\" \/>\n<meta property=\"article:modified_time\" content=\"2026-02-18T13:00:33+00:00\" \/>\n<meta property=\"og:image\" content=\"https:\/\/brasport-group.com\/wp-content\/uploads\/2025\/10\/BRASPORT_logo_01_RGB.jpg\" \/>\n<meta name=\"twitter:card\" content=\"summary_large_image\" \/>\n<meta name=\"twitter:label1\" content=\"Dur\u00e9e de lecture estim\u00e9e\" \/>\n\t<meta name=\"twitter:data1\" content=\"2 minutes\" \/>\n<script type=\"application\/ld+json\" class=\"yoast-schema-graph\">{\"@context\":\"https:\/\/schema.org\",\"@graph\":[{\"@type\":\"WebPage\",\"@id\":\"https:\/\/brasport-group.com\/fr\/a-propos\/\",\"url\":\"https:\/\/brasport-group.com\/fr\/a-propos\/\",\"name\":\"\u00c0 propos - Brasport\",\"isPartOf\":{\"@id\":\"https:\/\/brasport-group.com\/fr\/#website\"},\"primaryImageOfPage\":{\"@id\":\"https:\/\/brasport-group.com\/fr\/a-propos\/#primaryimage\"},\"image\":{\"@id\":\"https:\/\/brasport-group.com\/fr\/a-propos\/#primaryimage\"},\"thumbnailUrl\":\"https:\/\/brasport-group.com\/wp-content\/uploads\/2025\/10\/BRASPORT_logo_01_RGB.jpg\",\"datePublished\":\"2025-08-26T07:02:36+00:00\",\"dateModified\":\"2026-02-18T13:00:33+00:00\",\"description\":\"Brasport: depuis 1946 une histoire de famille, de passion et d'excellence. Chaque cr\u00e9ation porte l'empreinte d'un savoir faire transmis.\",\"breadcrumb\":{\"@id\":\"https:\/\/brasport-group.com\/fr\/a-propos\/#breadcrumb\"},\"inLanguage\":\"fr-FR\",\"potentialAction\":[{\"@type\":\"ReadAction\",\"target\":[\"https:\/\/brasport-group.com\/fr\/a-propos\/\"]}]},{\"@type\":\"ImageObject\",\"inLanguage\":\"fr-FR\",\"@id\":\"https:\/\/brasport-group.com\/fr\/a-propos\/#primaryimage\",\"url\":\"https:\/\/brasport-group.com\/wp-content\/uploads\/2025\/10\/BRASPORT_logo_01_RGB.jpg\",\"contentUrl\":\"https:\/\/brasport-group.com\/wp-content\/uploads\/2025\/10\/BRASPORT_logo_01_RGB.jpg\"},{\"@type\":\"BreadcrumbList\",\"@id\":\"https:\/\/brasport-group.com\/fr\/a-propos\/#breadcrumb\",\"itemListElement\":[{\"@type\":\"ListItem\",\"position\":1,\"name\":\"Accueil\",\"item\":\"https:\/\/brasport-group.com\/fr\/\"},{\"@type\":\"ListItem\",\"position\":2,\"name\":\"\u00c0 propos\"}]},{\"@type\":\"WebSite\",\"@id\":\"https:\/\/brasport-group.com\/fr\/#website\",\"url\":\"https:\/\/brasport-group.com\/fr\/\",\"name\":\"Brasport\",\"description\":\"Passion et excellence\",\"publisher\":{\"@id\":\"https:\/\/brasport-group.com\/fr\/#organization\"},\"potentialAction\":[{\"@type\":\"SearchAction\",\"target\":{\"@type\":\"EntryPoint\",\"urlTemplate\":\"https:\/\/brasport-group.com\/fr\/?s={search_term_string}\"},\"query-input\":{\"@type\":\"PropertyValueSpecification\",\"valueRequired\":true,\"valueName\":\"search_term_string\"}}],\"inLanguage\":\"fr-FR\"},{\"@type\":\"Organization\",\"@id\":\"https:\/\/brasport-group.com\/fr\/#organization\",\"name\":\"Brasport\",\"url\":\"https:\/\/brasport-group.com\/fr\/\",\"logo\":{\"@type\":\"ImageObject\",\"inLanguage\":\"fr-FR\",\"@id\":\"https:\/\/brasport-group.com\/fr\/#\/schema\/logo\/image\/\",\"url\":\"https:\/\/brasport-group.com\/wp-content\/uploads\/2025\/08\/logo-brasport-group.png\",\"contentUrl\":\"https:\/\/brasport-group.com\/wp-content\/uploads\/2025\/08\/logo-brasport-group.png\",\"width\":411,\"height\":34,\"caption\":\"Brasport\"},\"image\":{\"@id\":\"https:\/\/brasport-group.com\/fr\/#\/schema\/logo\/image\/\"}}]}<\/script>\n<!-- \/ Yoast SEO plugin. -->","yoast_head_json":{"title":"\u00c0 propos - Brasport","description":"Brasport: depuis 1946 une histoire de famille, de passion et d'excellence. Chaque cr\u00e9ation porte l'empreinte d'un savoir faire transmis.","robots":{"index":"index","follow":"follow","max-snippet":"max-snippet:-1","max-image-preview":"max-image-preview:large","max-video-preview":"max-video-preview:-1"},"canonical":"https:\/\/brasport-group.com\/fr\/a-propos\/","og_locale":"fr_FR","og_type":"article","og_title":"\u00c0 propos - Brasport","og_description":"Brasport: depuis 1946 une histoire de famille, de passion et d'excellence. Chaque cr\u00e9ation porte l'empreinte d'un savoir faire transmis.","og_url":"https:\/\/brasport-group.com\/fr\/a-propos\/","og_site_name":"Brasport","article_modified_time":"2026-02-18T13:00:33+00:00","og_image":[{"url":"https:\/\/brasport-group.com\/wp-content\/uploads\/2025\/10\/BRASPORT_logo_01_RGB.jpg","type":"","width":"","height":""}],"twitter_card":"summary_large_image","twitter_misc":{"Dur\u00e9e de lecture estim\u00e9e":"2 minutes"},"schema":{"@context":"https:\/\/schema.org","@graph":[{"@type":"WebPage","@id":"https:\/\/brasport-group.com\/fr\/a-propos\/","url":"https:\/\/brasport-group.com\/fr\/a-propos\/","name":"\u00c0 propos - Brasport","isPartOf":{"@id":"https:\/\/brasport-group.com\/fr\/#website"},"primaryImageOfPage":{"@id":"https:\/\/brasport-group.com\/fr\/a-propos\/#primaryimage"},"image":{"@id":"https:\/\/brasport-group.com\/fr\/a-propos\/#primaryimage"},"thumbnailUrl":"https:\/\/brasport-group.com\/wp-content\/uploads\/2025\/10\/BRASPORT_logo_01_RGB.jpg","datePublished":"2025-08-26T07:02:36+00:00","dateModified":"2026-02-18T13:00:33+00:00","description":"Brasport: depuis 1946 une histoire de famille, de passion et d'excellence. Chaque cr\u00e9ation porte l'empreinte d'un savoir faire transmis.","breadcrumb":{"@id":"https:\/\/brasport-group.com\/fr\/a-propos\/#breadcrumb"},"inLanguage":"fr-FR","potentialAction":[{"@type":"ReadAction","target":["https:\/\/brasport-group.com\/fr\/a-propos\/"]}]},{"@type":"ImageObject","inLanguage":"fr-FR","@id":"https:\/\/brasport-group.com\/fr\/a-propos\/#primaryimage","url":"https:\/\/brasport-group.com\/wp-content\/uploads\/2025\/10\/BRASPORT_logo_01_RGB.jpg","contentUrl":"https:\/\/brasport-group.com\/wp-content\/uploads\/2025\/10\/BRASPORT_logo_01_RGB.jpg"},{"@type":"BreadcrumbList","@id":"https:\/\/brasport-group.com\/fr\/a-propos\/#breadcrumb","itemListElement":[{"@type":"ListItem","position":1,"name":"Accueil","item":"https:\/\/brasport-group.com\/fr\/"},{"@type":"ListItem","position":2,"name":"\u00c0 propos"}]},{"@type":"WebSite","@id":"https:\/\/brasport-group.com\/fr\/#website","url":"https:\/\/brasport-group.com\/fr\/","name":"Brasport","description":"Passion et excellence","publisher":{"@id":"https:\/\/brasport-group.com\/fr\/#organization"},"potentialAction":[{"@type":"SearchAction","target":{"@type":"EntryPoint","urlTemplate":"https:\/\/brasport-group.com\/fr\/?s={search_term_string}"},"query-input":{"@type":"PropertyValueSpecification","valueRequired":true,"valueName":"search_term_string"}}],"inLanguage":"fr-FR"},{"@type":"Organization","@id":"https:\/\/brasport-group.com\/fr\/#organization","name":"Brasport","url":"https:\/\/brasport-group.com\/fr\/","logo":{"@type":"ImageObject","inLanguage":"fr-FR","@id":"https:\/\/brasport-group.com\/fr\/#\/schema\/logo\/image\/","url":"https:\/\/brasport-group.com\/wp-content\/uploads\/2025\/08\/logo-brasport-group.png","contentUrl":"https:\/\/brasport-group.com\/wp-content\/uploads\/2025\/08\/logo-brasport-group.png","width":411,"height":34,"caption":"Brasport"},"image":{"@id":"https:\/\/brasport-group.com\/fr\/#\/schema\/logo\/image\/"}}]}},"_links":{"self":[{"href":"https:\/\/brasport-group.com\/fr\/wp-json\/wp\/v2\/pages\/210","targetHints":{"allow":["GET"]}}],"collection":[{"href":"https:\/\/brasport-group.com\/fr\/wp-json\/wp\/v2\/pages"}],"about":[{"href":"https:\/\/brasport-group.com\/fr\/wp-json\/wp\/v2\/types\/page"}],"author":[{"embeddable":true,"href":"https:\/\/brasport-group.com\/fr\/wp-json\/wp\/v2\/users\/1"}],"replies":[{"embeddable":true,"href":"https:\/\/brasport-group.com\/fr\/wp-json\/wp\/v2\/comments?post=210"}],"version-history":[{"count":28,"href":"https:\/\/brasport-group.com\/fr\/wp-json\/wp\/v2\/pages\/210\/revisions"}],"predecessor-version":[{"id":1718,"href":"https:\/\/brasport-group.com\/fr\/wp-json\/wp\/v2\/pages\/210\/revisions\/1718"}],"wp:attachment":[{"href":"https:\/\/brasport-group.com\/fr\/wp-json\/wp\/v2\/media?parent=210"}],"curies":[{"name":"wp","href":"https:\/\/api.w.org\/{rel}","templated":true}]}}