{"id":214,"date":"2025-08-26T09:03:08","date_gmt":"2025-08-26T07:03:08","guid":{"rendered":"https:\/\/brasport-group.com\/?page_id=214"},"modified":"2026-02-18T16:19:50","modified_gmt":"2026-02-18T14:19:50","slug":"nos-savoir-faire","status":"publish","type":"page","link":"https:\/\/brasport-group.com\/fr\/nos-savoir-faire\/","title":{"rendered":"Nos Savoir-Faire"},"content":{"rendered":"\t\t<div data-elementor-type=\"wp-page\" data-elementor-id=\"214\" class=\"elementor elementor-214\" data-elementor-post-type=\"page\">\n\t\t\t\t<div class=\"elementor-element elementor-element-9f715f3 e-flex e-con-boxed e-con e-parent\" data-id=\"9f715f3\" data-element_type=\"container\" data-settings=\"{&quot;background_background&quot;:&quot;classic&quot;}\">\n\t\t\t\t\t<div class=\"e-con-inner\">\n\t\t<div class=\"elementor-element elementor-element-7f22f41 animated-slow e-flex e-con-boxed elementor-invisible e-con e-child\" data-id=\"7f22f41\" data-element_type=\"container\" data-settings=\"{&quot;animation&quot;:&quot;fadeInUp&quot;,&quot;animation_delay&quot;:200}\">\n\t\t\t\t\t<div class=\"e-con-inner\">\n\t\t\t\t<div class=\"elementor-element elementor-element-1b8ab5f elementor-align-left elementor-widget elementor-widget-breadcrumbs\" data-id=\"1b8ab5f\" data-element_type=\"widget\" data-widget_type=\"breadcrumbs.default\">\n\t\t\t\t\t<p id=\"breadcrumbs\"><span><span><a href=\"https:\/\/brasport-group.com\/fr\/\">Accueil<\/a><\/span><\/span><\/p>\t\t\t\t<\/div>\n\t\t\t\t<div class=\"elementor-element elementor-element-3bfb9ab elementor-widget elementor-widget-heading\" data-id=\"3bfb9ab\" data-element_type=\"widget\" data-widget_type=\"heading.default\">\n\t\t\t\t\t<h1 class=\"elementor-heading-title elementor-size-default\">Nos savoir-faire<\/h1>\t\t\t\t<\/div>\n\t\t\t\t<div class=\"elementor-element elementor-element-28bd541 elementor-widget__width-initial elementor-widget-mobile__width-inherit elementor-widget elementor-widget-text-editor\" data-id=\"28bd541\" data-element_type=\"widget\" data-widget_type=\"text-editor.default\">\n\t\t\t\t\t\t\t\t\t<p>L\u2019excellence Brasport se traduit dans chaque cr\u00e9ation, chaque d\u00e9tail et chaque mati\u00e8re que nous travaillons.<\/p><p>De l\u2019horlogerie \u00e0 la maroquinerie, nos ateliers conjuguent tradition et innovation pour donner vie \u00e0 des produits d\u2019exception.<\/p>\t\t\t\t\t\t\t\t<\/div>\n\t\t\t\t\t<\/div>\n\t\t\t\t<\/div>\n\t\t\t\t\t<\/div>\n\t\t\t\t<\/div>\n\t\t<div class=\"elementor-element elementor-element-c93e5eb e-flex e-con-boxed e-con e-parent\" data-id=\"c93e5eb\" data-element_type=\"container\">\n\t\t\t\t\t<div class=\"e-con-inner\">\n\t\t<div class=\"elementor-element elementor-element-fe70b26 e-con-full e-flex e-con e-child\" data-id=\"fe70b26\" data-element_type=\"container\">\n\t\t\t\t<div class=\"elementor-element elementor-element-b11b094 elementor-widget elementor-widget-image\" data-id=\"b11b094\" data-element_type=\"widget\" data-widget_type=\"image.default\">\n\t\t\t\t\t\t\t\t\t\t\t\t\t\t\t<img decoding=\"async\" src=\"https:\/\/brasport-group.com\/wp-content\/uploads\/elementor\/thumbs\/DSC1144-scaled-ratr5mvbygkxeddeovrhqjaaggod9jd71s0t1m44si.jpg\" title=\"_DSC1144\" alt=\"_DSC1144\" loading=\"lazy\" \/>\t\t\t\t\t\t\t\t\t\t\t\t\t\t\t<\/div>\n\t\t\t\t<\/div>\n\t\t<div class=\"elementor-element elementor-element-ad8ae65 e-con-full e-flex e-con e-child\" data-id=\"ad8ae65\" data-element_type=\"container\">\n\t\t<div class=\"elementor-element elementor-element-2e8925f e-con-full e-flex e-con e-child\" data-id=\"2e8925f\" data-element_type=\"container\">\n\t\t\t\t<div class=\"elementor-element elementor-element-959e6bb elementor-widget elementor-widget-heading\" data-id=\"959e6bb\" data-element_type=\"widget\" data-widget_type=\"heading.default\">\n\t\t\t\t\t<h3 class=\"elementor-heading-title elementor-size-default\">Bracelets - L'art du d\u00e9tail au poignet<\/h3>\t\t\t\t<\/div>\n\t\t\t\t<div class=\"elementor-element elementor-element-9701522 elementor-widget elementor-widget-text-editor\" data-id=\"9701522\" data-element_type=\"widget\" data-widget_type=\"text-editor.default\">\n\t\t\t\t\t\t\t\t\t<p>Chez Brasport, le bracelet devient une v\u00e9ritable signature. Nous travaillons une palette de mati\u00e8res nobles \u2013 cuirs bovins, peaux exotiques certifi\u00e9es, textiles techniques ou caoutchoucs haut de gamme \u2013 avec une exigence absolue.<\/p><p>Chaque mod\u00e8le est pens\u00e9 pour allier confort, esth\u00e9tique et pr\u00e9cision, qu\u2019il s\u2019agisse d\u2019un bracelet fin et discret ou d\u2019un design audacieux.<\/p>\t\t\t\t\t\t\t\t<\/div>\n\t\t\t\t<div class=\"elementor-element elementor-element-1243562 animated-slow elementor-invisible elementor-widget elementor-widget-button\" data-id=\"1243562\" data-element_type=\"widget\" data-settings=\"{&quot;_animation&quot;:&quot;fadeInRight&quot;}\" data-widget_type=\"button.default\">\n\t\t\t\t\t\t\t\t\t\t<a class=\"elementor-button elementor-button-link elementor-size-sm\" href=\"https:\/\/brasport-group.com\/fr\/nos-savoir-faire\/bracelets\/\">\n\t\t\t\t\t\t<span class=\"elementor-button-content-wrapper\">\n\t\t\t\t\t\t<span class=\"elementor-button-icon\">\n\t\t\t\t<svg aria-hidden=\"true\" class=\"e-font-icon-svg e-fas-chevron-right\" viewBox=\"0 0 320 512\" xmlns=\"http:\/\/www.w3.org\/2000\/svg\"><path d=\"M285.476 272.971L91.132 467.314c-9.373 9.373-24.569 9.373-33.941 0l-22.667-22.667c-9.357-9.357-9.375-24.522-.04-33.901L188.505 256 34.484 101.255c-9.335-9.379-9.317-24.544.04-33.901l22.667-22.667c9.373-9.373 24.569-9.373 33.941 0L285.475 239.03c9.373 9.372 9.373 24.568.001 33.941z\"><\/path><\/svg>\t\t\t<\/span>\n\t\t\t\t\t\t\t\t\t<span class=\"elementor-button-text\">D\u00e9couvrir nos savoir-faire<\/span>\n\t\t\t\t\t<\/span>\n\t\t\t\t\t<\/a>\n\t\t\t\t\t\t\t\t<\/div>\n\t\t\t\t<\/div>\n\t\t\t\t<\/div>\n\t\t\t\t\t<\/div>\n\t\t\t\t<\/div>\n\t\t<div class=\"elementor-element elementor-element-0cf70ca e-flex e-con-boxed e-con e-parent\" data-id=\"0cf70ca\" data-element_type=\"container\">\n\t\t\t\t\t<div class=\"e-con-inner\">\n\t\t<div class=\"elementor-element elementor-element-bbd30f2 e-con-full e-flex e-con e-child\" data-id=\"bbd30f2\" data-element_type=\"container\">\n\t\t<div class=\"elementor-element elementor-element-a723fa2 e-con-full e-flex e-con e-child\" data-id=\"a723fa2\" data-element_type=\"container\">\n\t\t\t\t<div class=\"elementor-element elementor-element-5b3d94e elementor-widget elementor-widget-heading\" data-id=\"5b3d94e\" data-element_type=\"widget\" data-widget_type=\"heading.default\">\n\t\t\t\t\t<h3 class=\"elementor-heading-title elementor-size-default\">Composants - La pr\u00e9cision au c\u0153ur de l'horlogerie<\/h3>\t\t\t\t<\/div>\n\t\t\t\t<div class=\"elementor-element elementor-element-6a8598e elementor-widget elementor-widget-text-editor\" data-id=\"6a8598e\" data-element_type=\"widget\" data-widget_type=\"text-editor.default\">\n\t\t\t\t\t\t\t\t\t<p>Au-del\u00e0 du cuir, Brasport d\u00e9veloppe des composants techniques sur-mesure pour l\u2019horlogerie de luxe : inserts de bracelets, syst\u00e8mes d\u2019attache brevet\u00e9s, prototypage 3D et outillages de d\u00e9coupe.<\/p><p>Gr\u00e2ce \u00e0 nos ateliers sp\u00e9cialis\u00e9s et \u00e0 une int\u00e9gration verticale, nous assurons une pr\u00e9cision, une r\u00e9activit\u00e9 et une fiabilit\u00e9 totales \u00e0 chaque \u00e9tape.<\/p>\t\t\t\t\t\t\t\t<\/div>\n\t\t\t\t<div class=\"elementor-element elementor-element-d266987 animated-slow elementor-invisible elementor-widget elementor-widget-button\" data-id=\"d266987\" data-element_type=\"widget\" data-settings=\"{&quot;_animation&quot;:&quot;fadeInLeft&quot;}\" data-widget_type=\"button.default\">\n\t\t\t\t\t\t\t\t\t\t<a class=\"elementor-button elementor-button-link elementor-size-sm\" href=\"https:\/\/brasport-group.com\/fr\/nos-savoir-faire\/composants\/\">\n\t\t\t\t\t\t<span class=\"elementor-button-content-wrapper\">\n\t\t\t\t\t\t<span class=\"elementor-button-icon\">\n\t\t\t\t<svg aria-hidden=\"true\" class=\"e-font-icon-svg e-fas-chevron-right\" viewBox=\"0 0 320 512\" xmlns=\"http:\/\/www.w3.org\/2000\/svg\"><path d=\"M285.476 272.971L91.132 467.314c-9.373 9.373-24.569 9.373-33.941 0l-22.667-22.667c-9.357-9.357-9.375-24.522-.04-33.901L188.505 256 34.484 101.255c-9.335-9.379-9.317-24.544.04-33.901l22.667-22.667c9.373-9.373 24.569-9.373 33.941 0L285.475 239.03c9.373 9.372 9.373 24.568.001 33.941z\"><\/path><\/svg>\t\t\t<\/span>\n\t\t\t\t\t\t\t\t\t<span class=\"elementor-button-text\">D\u00e9couvrir nos savoir-faire<\/span>\n\t\t\t\t\t<\/span>\n\t\t\t\t\t<\/a>\n\t\t\t\t\t\t\t\t<\/div>\n\t\t\t\t<\/div>\n\t\t\t\t<\/div>\n\t\t<div class=\"elementor-element elementor-element-3c7c37e e-con-full e-flex e-con e-child\" data-id=\"3c7c37e\" data-element_type=\"container\">\n\t\t\t\t<div class=\"elementor-element elementor-element-a9fc0df elementor-widget elementor-widget-image\" data-id=\"a9fc0df\" data-element_type=\"widget\" data-widget_type=\"image.default\">\n\t\t\t\t\t\t\t\t\t\t\t\t\t\t\t<img decoding=\"async\" src=\"https:\/\/brasport-group.com\/wp-content\/uploads\/elementor\/thumbs\/composants-rarspo6tbp1e3x00xp4vnh6i2g48b9rn1xazgm7o02.jpg\" title=\"composants\" alt=\"composants\" loading=\"lazy\" \/>\t\t\t\t\t\t\t\t\t\t\t\t\t\t\t<\/div>\n\t\t\t\t<\/div>\n\t\t\t\t\t<\/div>\n\t\t\t\t<\/div>\n\t\t<div class=\"elementor-element elementor-element-bf472a2 e-flex e-con-boxed e-con e-parent\" data-id=\"bf472a2\" data-element_type=\"container\">\n\t\t\t\t\t<div class=\"e-con-inner\">\n\t\t<div class=\"elementor-element elementor-element-31eaf78 e-con-full e-flex e-con e-child\" data-id=\"31eaf78\" data-element_type=\"container\">\n\t\t\t\t<div class=\"elementor-element elementor-element-e53ff6d elementor-widget elementor-widget-image\" data-id=\"e53ff6d\" data-element_type=\"widget\" data-widget_type=\"image.default\">\n\t\t\t\t\t\t\t\t\t\t\t\t\t\t\t<img decoding=\"async\" src=\"https:\/\/brasport-group.com\/wp-content\/uploads\/elementor\/thumbs\/DSCF0494-84-scaled-rfdkmbtajz6clf5f1hdsk6cv165isc5s48qx3hwdvm.jpg\" title=\"PRODUTO\" alt=\"PRODUTO\" loading=\"lazy\" \/>\t\t\t\t\t\t\t\t\t\t\t\t\t\t\t<\/div>\n\t\t\t\t<\/div>\n\t\t<div class=\"elementor-element elementor-element-013dd1a e-con-full e-flex e-con e-child\" data-id=\"013dd1a\" data-element_type=\"container\">\n\t\t<div class=\"elementor-element elementor-element-b6aa26a e-con-full e-flex e-con e-child\" data-id=\"b6aa26a\" data-element_type=\"container\">\n\t\t\t\t<div class=\"elementor-element elementor-element-0bf79b7 elementor-widget elementor-widget-heading\" data-id=\"0bf79b7\" data-element_type=\"widget\" data-widget_type=\"heading.default\">\n\t\t\t\t\t<h3 class=\"elementor-heading-title elementor-size-default\">Maroquinerie - L'\u00e9l\u00e9gance sur mesure<\/h3>\t\t\t\t<\/div>\n\t\t\t\t<div class=\"elementor-element elementor-element-a5fb883 elementor-widget elementor-widget-text-editor\" data-id=\"a5fb883\" data-element_type=\"widget\" data-widget_type=\"text-editor.default\">\n\t\t\t\t\t\t\t\t\t<p>Chaque id\u00e9e prend vie dans nos ateliers : \u00e9tuis, \u00e9crins, pochettes ou cr\u00e9ations exclusives, tout est con\u00e7u pour refl\u00e9ter votre univers. Notre site de production au Portugal, associ\u00e9 \u00e0 notre \u00e9quipe en Suisse, nous permet de conjuguer savoir-faire traditionnel et innovation technique pour des pi\u00e8ces uniques, \u00e0 petite ou grande \u00e9chelle.<\/p>\t\t\t\t\t\t\t\t<\/div>\n\t\t\t\t<div class=\"elementor-element elementor-element-dae6fc0 animated-slow elementor-invisible elementor-widget elementor-widget-button\" data-id=\"dae6fc0\" data-element_type=\"widget\" data-settings=\"{&quot;_animation&quot;:&quot;fadeInRight&quot;}\" data-widget_type=\"button.default\">\n\t\t\t\t\t\t\t\t\t\t<a class=\"elementor-button elementor-button-link elementor-size-sm\" href=\"https:\/\/brasport-group.com\/fr\/nos-savoir-faire\/maroquinerie\/\">\n\t\t\t\t\t\t<span class=\"elementor-button-content-wrapper\">\n\t\t\t\t\t\t<span class=\"elementor-button-icon\">\n\t\t\t\t<svg aria-hidden=\"true\" class=\"e-font-icon-svg e-fas-chevron-right\" viewBox=\"0 0 320 512\" xmlns=\"http:\/\/www.w3.org\/2000\/svg\"><path d=\"M285.476 272.971L91.132 467.314c-9.373 9.373-24.569 9.373-33.941 0l-22.667-22.667c-9.357-9.357-9.375-24.522-.04-33.901L188.505 256 34.484 101.255c-9.335-9.379-9.317-24.544.04-33.901l22.667-22.667c9.373-9.373 24.569-9.373 33.941 0L285.475 239.03c9.373 9.372 9.373 24.568.001 33.941z\"><\/path><\/svg>\t\t\t<\/span>\n\t\t\t\t\t\t\t\t\t<span class=\"elementor-button-text\">D\u00e9couvrir nos savoir-faire<\/span>\n\t\t\t\t\t<\/span>\n\t\t\t\t\t<\/a>\n\t\t\t\t\t\t\t\t<\/div>\n\t\t\t\t<\/div>\n\t\t\t\t<\/div>\n\t\t\t\t\t<\/div>\n\t\t\t\t<\/div>\n\t\t<div class=\"elementor-element elementor-element-02e9a88 e-flex e-con-boxed e-con e-parent\" data-id=\"02e9a88\" data-element_type=\"container\">\n\t\t\t\t\t<div class=\"e-con-inner\">\n\t\t<div class=\"elementor-element elementor-element-41884d6 e-con-full e-flex e-con e-child\" data-id=\"41884d6\" data-element_type=\"container\">\n\t\t<div class=\"elementor-element elementor-element-ba75d7f e-con-full e-flex e-con e-child\" data-id=\"ba75d7f\" data-element_type=\"container\">\n\t\t\t\t<div class=\"elementor-element elementor-element-f45d4e1 elementor-widget elementor-widget-heading\" data-id=\"f45d4e1\" data-element_type=\"widget\" data-widget_type=\"heading.default\">\n\t\t\t\t\t<h3 class=\"elementor-heading-title elementor-size-default\">\u00c9crins &amp; cadeaux - L'exclusivit\u00e9 personnalis\u00e9e<\/h3>\t\t\t\t<\/div>\n\t\t\t\t<div class=\"elementor-element elementor-element-3ebe1ce elementor-widget elementor-widget-text-editor\" data-id=\"3ebe1ce\" data-element_type=\"widget\" data-widget_type=\"text-editor.default\">\n\t\t\t\t\t\t\t\t\t<p>Pour marquer un \u00e9v\u00e9nement ou remercier vos partenaires, Brasport con\u00e7oit des objets sur-mesure \u00e0 votre image : porte-cartes, \u00e9tuis, pochettes&#8230; Fabriqu\u00e9s avec le m\u00eame soin que nos bracelets haut de gamme, ils allient \u00e9l\u00e9gance, utilit\u00e9 et personnalisation compl\u00e8te, sans mention de Brasport.<\/p>\t\t\t\t\t\t\t\t<\/div>\n\t\t\t\t<div class=\"elementor-element elementor-element-380f15b animated-slow elementor-invisible elementor-widget elementor-widget-button\" data-id=\"380f15b\" data-element_type=\"widget\" data-settings=\"{&quot;_animation&quot;:&quot;fadeInLeft&quot;}\" data-widget_type=\"button.default\">\n\t\t\t\t\t\t\t\t\t\t<a class=\"elementor-button elementor-button-link elementor-size-sm\" href=\"https:\/\/brasport-group.com\/fr\/nos-savoir-faire\/ecrin-cadeaux\/\">\n\t\t\t\t\t\t<span class=\"elementor-button-content-wrapper\">\n\t\t\t\t\t\t<span class=\"elementor-button-icon\">\n\t\t\t\t<svg aria-hidden=\"true\" class=\"e-font-icon-svg e-fas-chevron-right\" viewBox=\"0 0 320 512\" xmlns=\"http:\/\/www.w3.org\/2000\/svg\"><path d=\"M285.476 272.971L91.132 467.314c-9.373 9.373-24.569 9.373-33.941 0l-22.667-22.667c-9.357-9.357-9.375-24.522-.04-33.901L188.505 256 34.484 101.255c-9.335-9.379-9.317-24.544.04-33.901l22.667-22.667c9.373-9.373 24.569-9.373 33.941 0L285.475 239.03c9.373 9.372 9.373 24.568.001 33.941z\"><\/path><\/svg>\t\t\t<\/span>\n\t\t\t\t\t\t\t\t\t<span class=\"elementor-button-text\">D\u00e9couvrir nos savoir-faire<\/span>\n\t\t\t\t\t<\/span>\n\t\t\t\t\t<\/a>\n\t\t\t\t\t\t\t\t<\/div>\n\t\t\t\t<\/div>\n\t\t\t\t<\/div>\n\t\t<div class=\"elementor-element elementor-element-737b1f7 e-con-full e-flex e-con e-child\" data-id=\"737b1f7\" data-element_type=\"container\">\n\t\t\t\t<div class=\"elementor-element elementor-element-edc0174 elementor-widget elementor-widget-image\" data-id=\"edc0174\" data-element_type=\"widget\" data-widget_type=\"image.default\">\n\t\t\t\t\t\t\t\t\t\t\t\t\t\t\t<img fetchpriority=\"high\" decoding=\"async\" width=\"2048\" height=\"1365\" src=\"https:\/\/brasport-group.com\/wp-content\/uploads\/2025\/11\/DSCF0400-61-scaled.jpg\" class=\"attachment-full size-full wp-image-3310\" alt=\"\" srcset=\"https:\/\/brasport-group.com\/wp-content\/uploads\/2025\/11\/DSCF0400-61-scaled.jpg 2048w, https:\/\/brasport-group.com\/wp-content\/uploads\/2025\/11\/DSCF0400-61-300x200.jpg 300w, https:\/\/brasport-group.com\/wp-content\/uploads\/2025\/11\/DSCF0400-61-1024x683.jpg 1024w, https:\/\/brasport-group.com\/wp-content\/uploads\/2025\/11\/DSCF0400-61-768x512.jpg 768w, https:\/\/brasport-group.com\/wp-content\/uploads\/2025\/11\/DSCF0400-61-1536x1024.jpg 1536w\" sizes=\"(max-width: 2048px) 100vw, 2048px\" \/>\t\t\t\t\t\t\t\t\t\t\t\t\t\t\t<\/div>\n\t\t\t\t<\/div>\n\t\t\t\t\t<\/div>\n\t\t\t\t<\/div>\n\t\t\t\t<\/div>\n\t\t","protected":false},"excerpt":{"rendered":"<p>Nos savoir-faire L\u2019excellence Brasport se traduit dans chaque cr\u00e9ation, chaque d\u00e9tail et chaque mati\u00e8re que nous travaillons. De l\u2019horlogerie \u00e0 la maroquinerie, nos ateliers conjuguent tradition et innovation pour donner vie \u00e0 des produits d\u2019exception. Bracelets &#8211; L&rsquo;art du d\u00e9tail au poignet Chez Brasport, le bracelet devient une v\u00e9ritable signature. Nous travaillons une palette de [&hellip;]<\/p>\n","protected":false},"author":1,"featured_media":0,"parent":0,"menu_order":0,"comment_status":"closed","ping_status":"closed","template":"","meta":{"_acf_changed":false,"footnotes":""},"class_list":["post-214","page","type-page","status-publish","hentry"],"acf":[],"yoast_head":"<!-- This site is optimized with the Yoast SEO plugin v26.4 - https:\/\/yoast.com\/wordpress\/plugins\/seo\/ -->\n<title>Nos Savoir-Faire - Brasport<\/title>\n<meta name=\"description\" content=\"L\u2019excellence Brasport se traduit dans chaque cr\u00e9ation, chaque d\u00e9tail et chaque mati\u00e8re que nous travaillons.De l\u2019horlogerie \u00e0 la maroquinerie, nos ateliers conjuguent tradition et innovation pour donner vie \u00e0 des produits d\u2019exception.\" \/>\n<meta name=\"robots\" content=\"index, follow, max-snippet:-1, max-image-preview:large, max-video-preview:-1\" \/>\n<link rel=\"canonical\" href=\"https:\/\/brasport-group.com\/fr\/nos-savoir-faire\/\" \/>\n<meta property=\"og:locale\" content=\"fr_FR\" \/>\n<meta property=\"og:type\" content=\"article\" \/>\n<meta property=\"og:title\" content=\"Nos Savoir-Faire - Brasport\" \/>\n<meta property=\"og:description\" content=\"L\u2019excellence Brasport se traduit dans chaque cr\u00e9ation, chaque d\u00e9tail et chaque mati\u00e8re que nous travaillons.De l\u2019horlogerie \u00e0 la maroquinerie, nos ateliers conjuguent tradition et innovation pour donner vie \u00e0 des produits d\u2019exception.\" \/>\n<meta property=\"og:url\" content=\"https:\/\/brasport-group.com\/fr\/nos-savoir-faire\/\" \/>\n<meta property=\"og:site_name\" content=\"Brasport\" \/>\n<meta property=\"article:modified_time\" content=\"2026-02-18T14:19:50+00:00\" \/>\n<meta property=\"og:image\" content=\"https:\/\/brasport-group.com\/wp-content\/uploads\/elementor\/thumbs\/DSC1144-scaled-ratr5mvbygkxeddeovrhqjaaggod9jd71s0t1m44si.jpg\" \/>\n<meta name=\"twitter:card\" content=\"summary_large_image\" \/>\n<meta name=\"twitter:label1\" content=\"Dur\u00e9e de lecture estim\u00e9e\" \/>\n\t<meta name=\"twitter:data1\" content=\"3 minutes\" \/>\n<script type=\"application\/ld+json\" class=\"yoast-schema-graph\">{\"@context\":\"https:\/\/schema.org\",\"@graph\":[{\"@type\":\"WebPage\",\"@id\":\"https:\/\/brasport-group.com\/fr\/nos-savoir-faire\/\",\"url\":\"https:\/\/brasport-group.com\/fr\/nos-savoir-faire\/\",\"name\":\"Nos Savoir-Faire - Brasport\",\"isPartOf\":{\"@id\":\"https:\/\/brasport-group.com\/fr\/#website\"},\"primaryImageOfPage\":{\"@id\":\"https:\/\/brasport-group.com\/fr\/nos-savoir-faire\/#primaryimage\"},\"image\":{\"@id\":\"https:\/\/brasport-group.com\/fr\/nos-savoir-faire\/#primaryimage\"},\"thumbnailUrl\":\"https:\/\/brasport-group.com\/wp-content\/uploads\/elementor\/thumbs\/DSC1144-scaled-ratr5mvbygkxeddeovrhqjaaggod9jd71s0t1m44si.jpg\",\"datePublished\":\"2025-08-26T07:03:08+00:00\",\"dateModified\":\"2026-02-18T14:19:50+00:00\",\"description\":\"L\u2019excellence Brasport se traduit dans chaque cr\u00e9ation, chaque d\u00e9tail et chaque mati\u00e8re que nous travaillons.De l\u2019horlogerie \u00e0 la maroquinerie, nos ateliers conjuguent tradition et innovation pour donner vie \u00e0 des produits d\u2019exception.\",\"breadcrumb\":{\"@id\":\"https:\/\/brasport-group.com\/fr\/nos-savoir-faire\/#breadcrumb\"},\"inLanguage\":\"fr-FR\",\"potentialAction\":[{\"@type\":\"ReadAction\",\"target\":[\"https:\/\/brasport-group.com\/fr\/nos-savoir-faire\/\"]}]},{\"@type\":\"ImageObject\",\"inLanguage\":\"fr-FR\",\"@id\":\"https:\/\/brasport-group.com\/fr\/nos-savoir-faire\/#primaryimage\",\"url\":\"https:\/\/brasport-group.com\/wp-content\/uploads\/elementor\/thumbs\/DSC1144-scaled-ratr5mvbygkxeddeovrhqjaaggod9jd71s0t1m44si.jpg\",\"contentUrl\":\"https:\/\/brasport-group.com\/wp-content\/uploads\/elementor\/thumbs\/DSC1144-scaled-ratr5mvbygkxeddeovrhqjaaggod9jd71s0t1m44si.jpg\"},{\"@type\":\"BreadcrumbList\",\"@id\":\"https:\/\/brasport-group.com\/fr\/nos-savoir-faire\/#breadcrumb\",\"itemListElement\":[{\"@type\":\"ListItem\",\"position\":1,\"name\":\"Accueil\",\"item\":\"https:\/\/brasport-group.com\/fr\/\"},{\"@type\":\"ListItem\",\"position\":2,\"name\":\"Nos Savoir-Faire\"}]},{\"@type\":\"WebSite\",\"@id\":\"https:\/\/brasport-group.com\/fr\/#website\",\"url\":\"https:\/\/brasport-group.com\/fr\/\",\"name\":\"Brasport\",\"description\":\"Passion et excellence\",\"publisher\":{\"@id\":\"https:\/\/brasport-group.com\/fr\/#organization\"},\"potentialAction\":[{\"@type\":\"SearchAction\",\"target\":{\"@type\":\"EntryPoint\",\"urlTemplate\":\"https:\/\/brasport-group.com\/fr\/?s={search_term_string}\"},\"query-input\":{\"@type\":\"PropertyValueSpecification\",\"valueRequired\":true,\"valueName\":\"search_term_string\"}}],\"inLanguage\":\"fr-FR\"},{\"@type\":\"Organization\",\"@id\":\"https:\/\/brasport-group.com\/fr\/#organization\",\"name\":\"Brasport\",\"url\":\"https:\/\/brasport-group.com\/fr\/\",\"logo\":{\"@type\":\"ImageObject\",\"inLanguage\":\"fr-FR\",\"@id\":\"https:\/\/brasport-group.com\/fr\/#\/schema\/logo\/image\/\",\"url\":\"https:\/\/brasport-group.com\/wp-content\/uploads\/2025\/08\/logo-brasport-group.png\",\"contentUrl\":\"https:\/\/brasport-group.com\/wp-content\/uploads\/2025\/08\/logo-brasport-group.png\",\"width\":411,\"height\":34,\"caption\":\"Brasport\"},\"image\":{\"@id\":\"https:\/\/brasport-group.com\/fr\/#\/schema\/logo\/image\/\"}}]}<\/script>\n<!-- \/ Yoast SEO plugin. -->","yoast_head_json":{"title":"Nos Savoir-Faire - Brasport","description":"L\u2019excellence Brasport se traduit dans chaque cr\u00e9ation, chaque d\u00e9tail et chaque mati\u00e8re que nous travaillons.De l\u2019horlogerie \u00e0 la maroquinerie, nos ateliers conjuguent tradition et innovation pour donner vie \u00e0 des produits d\u2019exception.","robots":{"index":"index","follow":"follow","max-snippet":"max-snippet:-1","max-image-preview":"max-image-preview:large","max-video-preview":"max-video-preview:-1"},"canonical":"https:\/\/brasport-group.com\/fr\/nos-savoir-faire\/","og_locale":"fr_FR","og_type":"article","og_title":"Nos Savoir-Faire - Brasport","og_description":"L\u2019excellence Brasport se traduit dans chaque cr\u00e9ation, chaque d\u00e9tail et chaque mati\u00e8re que nous travaillons.De l\u2019horlogerie \u00e0 la maroquinerie, nos ateliers conjuguent tradition et innovation pour donner vie \u00e0 des produits d\u2019exception.","og_url":"https:\/\/brasport-group.com\/fr\/nos-savoir-faire\/","og_site_name":"Brasport","article_modified_time":"2026-02-18T14:19:50+00:00","og_image":[{"url":"https:\/\/brasport-group.com\/wp-content\/uploads\/elementor\/thumbs\/DSC1144-scaled-ratr5mvbygkxeddeovrhqjaaggod9jd71s0t1m44si.jpg","type":"","width":"","height":""}],"twitter_card":"summary_large_image","twitter_misc":{"Dur\u00e9e de lecture estim\u00e9e":"3 minutes"},"schema":{"@context":"https:\/\/schema.org","@graph":[{"@type":"WebPage","@id":"https:\/\/brasport-group.com\/fr\/nos-savoir-faire\/","url":"https:\/\/brasport-group.com\/fr\/nos-savoir-faire\/","name":"Nos Savoir-Faire - Brasport","isPartOf":{"@id":"https:\/\/brasport-group.com\/fr\/#website"},"primaryImageOfPage":{"@id":"https:\/\/brasport-group.com\/fr\/nos-savoir-faire\/#primaryimage"},"image":{"@id":"https:\/\/brasport-group.com\/fr\/nos-savoir-faire\/#primaryimage"},"thumbnailUrl":"https:\/\/brasport-group.com\/wp-content\/uploads\/elementor\/thumbs\/DSC1144-scaled-ratr5mvbygkxeddeovrhqjaaggod9jd71s0t1m44si.jpg","datePublished":"2025-08-26T07:03:08+00:00","dateModified":"2026-02-18T14:19:50+00:00","description":"L\u2019excellence Brasport se traduit dans chaque cr\u00e9ation, chaque d\u00e9tail et chaque mati\u00e8re que nous travaillons.De l\u2019horlogerie \u00e0 la maroquinerie, nos ateliers conjuguent tradition et innovation pour donner vie \u00e0 des produits d\u2019exception.","breadcrumb":{"@id":"https:\/\/brasport-group.com\/fr\/nos-savoir-faire\/#breadcrumb"},"inLanguage":"fr-FR","potentialAction":[{"@type":"ReadAction","target":["https:\/\/brasport-group.com\/fr\/nos-savoir-faire\/"]}]},{"@type":"ImageObject","inLanguage":"fr-FR","@id":"https:\/\/brasport-group.com\/fr\/nos-savoir-faire\/#primaryimage","url":"https:\/\/brasport-group.com\/wp-content\/uploads\/elementor\/thumbs\/DSC1144-scaled-ratr5mvbygkxeddeovrhqjaaggod9jd71s0t1m44si.jpg","contentUrl":"https:\/\/brasport-group.com\/wp-content\/uploads\/elementor\/thumbs\/DSC1144-scaled-ratr5mvbygkxeddeovrhqjaaggod9jd71s0t1m44si.jpg"},{"@type":"BreadcrumbList","@id":"https:\/\/brasport-group.com\/fr\/nos-savoir-faire\/#breadcrumb","itemListElement":[{"@type":"ListItem","position":1,"name":"Accueil","item":"https:\/\/brasport-group.com\/fr\/"},{"@type":"ListItem","position":2,"name":"Nos Savoir-Faire"}]},{"@type":"WebSite","@id":"https:\/\/brasport-group.com\/fr\/#website","url":"https:\/\/brasport-group.com\/fr\/","name":"Brasport","description":"Passion et excellence","publisher":{"@id":"https:\/\/brasport-group.com\/fr\/#organization"},"potentialAction":[{"@type":"SearchAction","target":{"@type":"EntryPoint","urlTemplate":"https:\/\/brasport-group.com\/fr\/?s={search_term_string}"},"query-input":{"@type":"PropertyValueSpecification","valueRequired":true,"valueName":"search_term_string"}}],"inLanguage":"fr-FR"},{"@type":"Organization","@id":"https:\/\/brasport-group.com\/fr\/#organization","name":"Brasport","url":"https:\/\/brasport-group.com\/fr\/","logo":{"@type":"ImageObject","inLanguage":"fr-FR","@id":"https:\/\/brasport-group.com\/fr\/#\/schema\/logo\/image\/","url":"https:\/\/brasport-group.com\/wp-content\/uploads\/2025\/08\/logo-brasport-group.png","contentUrl":"https:\/\/brasport-group.com\/wp-content\/uploads\/2025\/08\/logo-brasport-group.png","width":411,"height":34,"caption":"Brasport"},"image":{"@id":"https:\/\/brasport-group.com\/fr\/#\/schema\/logo\/image\/"}}]}},"_links":{"self":[{"href":"https:\/\/brasport-group.com\/fr\/wp-json\/wp\/v2\/pages\/214","targetHints":{"allow":["GET"]}}],"collection":[{"href":"https:\/\/brasport-group.com\/fr\/wp-json\/wp\/v2\/pages"}],"about":[{"href":"https:\/\/brasport-group.com\/fr\/wp-json\/wp\/v2\/types\/page"}],"author":[{"embeddable":true,"href":"https:\/\/brasport-group.com\/fr\/wp-json\/wp\/v2\/users\/1"}],"replies":[{"embeddable":true,"href":"https:\/\/brasport-group.com\/fr\/wp-json\/wp\/v2\/comments?post=214"}],"version-history":[{"count":49,"href":"https:\/\/brasport-group.com\/fr\/wp-json\/wp\/v2\/pages\/214\/revisions"}],"predecessor-version":[{"id":3315,"href":"https:\/\/brasport-group.com\/fr\/wp-json\/wp\/v2\/pages\/214\/revisions\/3315"}],"wp:attachment":[{"href":"https:\/\/brasport-group.com\/fr\/wp-json\/wp\/v2\/media?parent=214"}],"curies":[{"name":"wp","href":"https:\/\/api.w.org\/{rel}","templated":true}]}}