{"id":267,"date":"2025-08-26T10:12:21","date_gmt":"2025-08-26T08:12:21","guid":{"rendered":"https:\/\/brasport-group.com\/?page_id=267"},"modified":"2026-02-18T16:13:06","modified_gmt":"2026-02-18T14:13:06","slug":"valeurs","status":"publish","type":"page","link":"https:\/\/brasport-group.com\/fr\/a-propos\/valeurs\/","title":{"rendered":"Valeurs"},"content":{"rendered":"\t\t<div data-elementor-type=\"wp-page\" data-elementor-id=\"267\" class=\"elementor elementor-267\" data-elementor-post-type=\"page\">\n\t\t\t\t<div class=\"elementor-element elementor-element-c7498ff e-flex e-con-boxed e-con e-parent\" data-id=\"c7498ff\" data-element_type=\"container\" data-settings=\"{&quot;background_background&quot;:&quot;classic&quot;}\">\n\t\t\t\t\t<div class=\"e-con-inner\">\n\t\t<div class=\"elementor-element elementor-element-2982156 animated-slow e-flex e-con-boxed elementor-invisible e-con e-child\" data-id=\"2982156\" data-element_type=\"container\" data-settings=\"{&quot;animation&quot;:&quot;fadeInUp&quot;,&quot;animation_delay&quot;:200}\">\n\t\t\t\t\t<div class=\"e-con-inner\">\n\t\t\t\t<div class=\"elementor-element elementor-element-024d185 elementor-align-left elementor-widget elementor-widget-breadcrumbs\" data-id=\"024d185\" data-element_type=\"widget\" data-widget_type=\"breadcrumbs.default\">\n\t\t\t\t\t<p id=\"breadcrumbs\"><span><span><a href=\"https:\/\/brasport-group.com\/fr\/\">Accueil<\/a><\/span><\/span><\/p>\t\t\t\t<\/div>\n\t\t\t\t<div class=\"elementor-element elementor-element-369f266 elementor-widget elementor-widget-heading\" data-id=\"369f266\" data-element_type=\"widget\" data-widget_type=\"heading.default\">\n\t\t\t\t\t<h1 class=\"elementor-heading-title elementor-size-default\">Nos VALEURS<\/h1>\t\t\t\t<\/div>\n\t\t\t\t<div class=\"elementor-element elementor-element-0607139 elementor-widget__width-initial elementor-widget-mobile__width-inherit elementor-widget elementor-widget-text-editor\" data-id=\"0607139\" data-element_type=\"widget\" data-widget_type=\"text-editor.default\">\n\t\t\t\t\t\t\t\t\t<p>Nos valeurs fondatrices sont le moteur quotidien dans notre recherche de l&rsquo;excellence et de l&rsquo;innovation.<\/p>\t\t\t\t\t\t\t\t<\/div>\n\t\t\t\t\t<\/div>\n\t\t\t\t<\/div>\n\t\t\t\t\t<\/div>\n\t\t\t\t<\/div>\n\t\t<div class=\"elementor-element elementor-element-2c297ac e-flex e-con-boxed e-con e-parent\" data-id=\"2c297ac\" data-element_type=\"container\">\n\t\t\t\t\t<div class=\"e-con-inner\">\n\t\t<div class=\"elementor-element elementor-element-4bd93aa e-con-full e-flex e-con e-child\" data-id=\"4bd93aa\" data-element_type=\"container\">\n\t\t\t\t<div class=\"elementor-element elementor-element-f4168dd elementor-widget elementor-widget-image\" data-id=\"f4168dd\" data-element_type=\"widget\" data-widget_type=\"image.default\">\n\t\t\t\t\t\t\t\t\t\t\t\t\t\t\t<img decoding=\"async\" src=\"https:\/\/brasport-group.com\/wp-content\/uploads\/elementor\/thumbs\/FAM-rexgn0q01oz713idjac1jzwg8llsk8r659gonzuvr6.png\" title=\"FAM\" alt=\"FAM\" loading=\"lazy\" \/>\t\t\t\t\t\t\t\t\t\t\t\t\t\t\t<\/div>\n\t\t\t\t<\/div>\n\t\t<div class=\"elementor-element elementor-element-5c8a020 e-con-full e-flex e-con e-child\" data-id=\"5c8a020\" data-element_type=\"container\">\n\t\t<div class=\"elementor-element elementor-element-3fef2b3 e-con-full e-flex e-con e-child\" data-id=\"3fef2b3\" data-element_type=\"container\">\n\t\t\t\t<div class=\"elementor-element elementor-element-e4b5fd7 elementor-widget elementor-widget-heading\" data-id=\"e4b5fd7\" data-element_type=\"widget\" data-widget_type=\"heading.default\">\n\t\t\t\t\t<h3 class=\"elementor-heading-title elementor-size-default\">Famille<\/h3>\t\t\t\t<\/div>\n\t\t\t\t<div class=\"elementor-element elementor-element-44ae01e elementor-widget elementor-widget-text-editor\" data-id=\"44ae01e\" data-element_type=\"widget\" data-widget_type=\"text-editor.default\">\n\t\t\t\t\t\t\t\t\t<p>Depuis 1946, ce sont trois g\u00e9n\u00e9rations qui se succ\u00e8dent aux commandes de Brasport. Savoir-faire, qualit\u00e9, tradition ou g\u00e9n\u00e9rosit\u00e9 sont certaines des valeurs qui incarnent notre Maison, mais c\u2019est avant tout notre esprit de famille qui nous d\u00e9finit.<\/p><p>Un esprit de famille qui s\u2019exporte aux quatre coins du monde, dans nos diff\u00e9rents bureaux et sites de production. Un esprit de coh\u00e9sion qui convainc nos fournisseurs. Un esprit solidaire qui unit nos \u00e9quipes. Et un esprit de confiance qui fortifie chacune de nos collaborations.<\/p>\t\t\t\t\t\t\t\t<\/div>\n\t\t\t\t<\/div>\n\t\t\t\t<\/div>\n\t\t\t\t\t<\/div>\n\t\t\t\t<\/div>\n\t\t<div class=\"elementor-element elementor-element-5b7692f e-flex e-con-boxed e-con e-parent\" data-id=\"5b7692f\" data-element_type=\"container\">\n\t\t\t\t\t<div class=\"e-con-inner\">\n\t\t<div class=\"elementor-element elementor-element-d9fb52e e-con-full e-flex e-con e-child\" data-id=\"d9fb52e\" data-element_type=\"container\">\n\t\t<div class=\"elementor-element elementor-element-f84252e e-con-full e-flex e-con e-child\" data-id=\"f84252e\" data-element_type=\"container\">\n\t\t\t\t<div class=\"elementor-element elementor-element-abbd345 elementor-widget elementor-widget-heading\" data-id=\"abbd345\" data-element_type=\"widget\" data-widget_type=\"heading.default\">\n\t\t\t\t\t<h3 class=\"elementor-heading-title elementor-size-default\">Excellence<\/h3>\t\t\t\t<\/div>\n\t\t\t\t<div class=\"elementor-element elementor-element-664dcf4 elementor-widget elementor-widget-text-editor\" data-id=\"664dcf4\" data-element_type=\"widget\" data-widget_type=\"text-editor.default\">\n\t\t\t\t\t\t\t\t\t<p>Brasport perp\u00e9tue l\u2019une des valeurs les plus ch\u00e8res \u00e0 Albert Dubois : l\u2019excellence. Un travail m\u00ealant pr\u00e9cision et intuition, rigueur et cr\u00e9ativit\u00e9, h\u00e9rit\u00e9 d\u2019une tradition cultiv\u00e9e depuis pr\u00e8s de 80 ans. <br \/>Les mati\u00e8res les plus nobles se soumettent aux gestes s\u00e9culaires des ma\u00eetres-selliers. Nos experts rivalisent d\u2019ing\u00e9niosit\u00e9 pour r\u00e9pondre aux demandes les plus exigeantes. Et au travers des \u00e2ges, toujours la m\u00eame obstination : l\u2019excellence.<\/p>\t\t\t\t\t\t\t\t<\/div>\n\t\t\t\t<\/div>\n\t\t\t\t<\/div>\n\t\t<div class=\"elementor-element elementor-element-bda5698 e-con-full e-flex e-con e-child\" data-id=\"bda5698\" data-element_type=\"container\">\n\t\t\t\t<div class=\"elementor-element elementor-element-3426522 elementor-widget elementor-widget-image\" data-id=\"3426522\" data-element_type=\"widget\" data-widget_type=\"image.default\">\n\t\t\t\t\t\t\t\t\t\t\t\t\t\t\t<img decoding=\"async\" src=\"https:\/\/brasport-group.com\/wp-content\/uploads\/elementor\/thumbs\/DSC0448-scaled-rep8hat06lvxde94hp76hg0wk7v5yggrmncxtw3goy.jpg\" title=\"_DSC0448\" alt=\"_DSC0448\" loading=\"lazy\" \/>\t\t\t\t\t\t\t\t\t\t\t\t\t\t\t<\/div>\n\t\t\t\t<\/div>\n\t\t\t\t\t<\/div>\n\t\t\t\t<\/div>\n\t\t<div class=\"elementor-element elementor-element-585200e e-flex e-con-boxed e-con e-parent\" data-id=\"585200e\" data-element_type=\"container\">\n\t\t\t\t\t<div class=\"e-con-inner\">\n\t\t<div class=\"elementor-element elementor-element-fa8319e e-con-full e-flex e-con e-child\" data-id=\"fa8319e\" data-element_type=\"container\">\n\t\t\t\t<div class=\"elementor-element elementor-element-0b41226 elementor-widget elementor-widget-image\" data-id=\"0b41226\" data-element_type=\"widget\" data-widget_type=\"image.default\">\n\t\t\t\t\t\t\t\t\t\t\t\t\t\t\t<img fetchpriority=\"high\" decoding=\"async\" width=\"800\" height=\"533\" src=\"https:\/\/brasport-group.com\/wp-content\/uploads\/2025\/08\/ESC1029.jpg\" class=\"attachment-full size-full wp-image-874\" alt=\"\" srcset=\"https:\/\/brasport-group.com\/wp-content\/uploads\/2025\/08\/ESC1029.jpg 800w, https:\/\/brasport-group.com\/wp-content\/uploads\/2025\/08\/ESC1029-300x200.jpg 300w, https:\/\/brasport-group.com\/wp-content\/uploads\/2025\/08\/ESC1029-768x512.jpg 768w\" sizes=\"(max-width: 800px) 100vw, 800px\" \/>\t\t\t\t\t\t\t\t\t\t\t\t\t\t\t<\/div>\n\t\t\t\t<\/div>\n\t\t<div class=\"elementor-element elementor-element-1bb0c0f e-con-full e-flex e-con e-child\" data-id=\"1bb0c0f\" data-element_type=\"container\">\n\t\t<div class=\"elementor-element elementor-element-5871e86 e-con-full e-flex e-con e-child\" data-id=\"5871e86\" data-element_type=\"container\">\n\t\t\t\t<div class=\"elementor-element elementor-element-afacfc4 elementor-widget elementor-widget-heading\" data-id=\"afacfc4\" data-element_type=\"widget\" data-widget_type=\"heading.default\">\n\t\t\t\t\t<h3 class=\"elementor-heading-title elementor-size-default\">Passion<\/h3>\t\t\t\t<\/div>\n\t\t\t\t<div class=\"elementor-element elementor-element-0779839 elementor-widget elementor-widget-text-editor\" data-id=\"0779839\" data-element_type=\"widget\" data-widget_type=\"text-editor.default\">\n\t\t\t\t\t\t\t\t\t<p>Elle coule dans nos veines, s\u2019inscrit dans chacun de nos ouvrages, r\u00e9git notre quotidien et anime chacune de nos discussions. La passion est la gen\u00e8se de toutes nos actions et l\u2019essence de toutes nos d\u00e9marches, qu\u2019elles soient reli\u00e9es au travail du cuir, \u00e0 l\u2019ex\u00e9cution de votre service apr\u00e8s-vente ou \u00e0 la r\u00e9alisation de prototypes.<\/p>\t\t\t\t\t\t\t\t<\/div>\n\t\t\t\t<\/div>\n\t\t\t\t<\/div>\n\t\t\t\t\t<\/div>\n\t\t\t\t<\/div>\n\t\t<div class=\"elementor-element elementor-element-312a3f0 e-flex e-con-boxed e-con e-parent\" data-id=\"312a3f0\" data-element_type=\"container\">\n\t\t\t\t\t<div class=\"e-con-inner\">\n\t\t<div class=\"elementor-element elementor-element-3655f99 e-con-full e-flex e-con e-child\" data-id=\"3655f99\" data-element_type=\"container\">\n\t\t<div class=\"elementor-element elementor-element-9042c69 e-con-full e-flex e-con e-child\" data-id=\"9042c69\" data-element_type=\"container\">\n\t\t\t\t<div class=\"elementor-element elementor-element-1222377 elementor-widget elementor-widget-heading\" data-id=\"1222377\" data-element_type=\"widget\" data-widget_type=\"heading.default\">\n\t\t\t\t\t<h3 class=\"elementor-heading-title elementor-size-default\">Partenariat<\/h3>\t\t\t\t<\/div>\n\t\t\t\t<div class=\"elementor-element elementor-element-b726df6 elementor-widget elementor-widget-text-editor\" data-id=\"b726df6\" data-element_type=\"widget\" data-widget_type=\"text-editor.default\">\n\t\t\t\t\t\t\t\t\t<p>Chaque commande est unique. Se met alors en place un travail de conseil, d\u2019analyse, de recherche technique ainsi qu\u2019une qu\u00eate de la mati\u00e8re et de la tonalit\u00e9 la plus juste. Les discussions s\u2019encha\u00eenent, le dialogue est fluide.<\/p><p>Pour Brasport, il est primordial de conna\u00eetre votre identit\u00e9 pour pouvoir la retranscrire au plus juste. Une r\u00e9interpr\u00e9tation de votre ADN qui impose un travail en duo. Un v\u00e9ritable partenariat que Brasport cultive comme un art.<\/p>\t\t\t\t\t\t\t\t<\/div>\n\t\t\t\t<\/div>\n\t\t\t\t<\/div>\n\t\t<div class=\"elementor-element elementor-element-6c7e3dd e-con-full e-flex e-con e-child\" data-id=\"6c7e3dd\" data-element_type=\"container\">\n\t\t\t\t<div class=\"elementor-element elementor-element-6972b46 elementor-widget elementor-widget-image\" data-id=\"6972b46\" data-element_type=\"widget\" data-widget_type=\"image.default\">\n\t\t\t\t\t\t\t\t\t\t\t\t\t\t\t<img decoding=\"async\" src=\"https:\/\/brasport-group.com\/wp-content\/uploads\/elementor\/thumbs\/Layer-60-rax02oe3b6fxy3i4u9i4yecjimud0wz0elpw75bqde.jpg\" title=\"Layer 60\" alt=\"Layer 60\" loading=\"lazy\" \/>\t\t\t\t\t\t\t\t\t\t\t\t\t\t\t<\/div>\n\t\t\t\t<\/div>\n\t\t\t\t\t<\/div>\n\t\t\t\t<\/div>\n\t\t\t\t<\/div>\n\t\t","protected":false},"excerpt":{"rendered":"<p>Nos VALEURS Nos valeurs fondatrices sont le moteur quotidien dans notre recherche de l&rsquo;excellence et de l&rsquo;innovation. Famille Depuis 1946, ce sont trois g\u00e9n\u00e9rations qui se succ\u00e8dent aux commandes de Brasport. Savoir-faire, qualit\u00e9, tradition ou g\u00e9n\u00e9rosit\u00e9 sont certaines des valeurs qui incarnent notre Maison, mais c\u2019est avant tout notre esprit de famille qui nous d\u00e9finit. [&hellip;]<\/p>\n","protected":false},"author":1,"featured_media":0,"parent":210,"menu_order":0,"comment_status":"closed","ping_status":"closed","template":"","meta":{"_acf_changed":false,"footnotes":""},"class_list":["post-267","page","type-page","status-publish","hentry"],"acf":[],"yoast_head":"<!-- This site is optimized with the Yoast SEO plugin v26.4 - https:\/\/yoast.com\/wordpress\/plugins\/seo\/ -->\n<title>Valeurs - Brasport<\/title>\n<meta name=\"description\" content=\"Nos valeurs fondatrices sont le moteur quotidien dans notre recherche de l\u2019excellence et de l\u2019innovation.\" \/>\n<meta name=\"robots\" content=\"index, follow, max-snippet:-1, max-image-preview:large, max-video-preview:-1\" \/>\n<link rel=\"canonical\" href=\"https:\/\/brasport-group.com\/fr\/a-propos\/valeurs\/\" \/>\n<meta property=\"og:locale\" content=\"fr_FR\" \/>\n<meta property=\"og:type\" content=\"article\" \/>\n<meta property=\"og:title\" content=\"Valeurs - Brasport\" \/>\n<meta property=\"og:description\" content=\"Nos valeurs fondatrices sont le moteur quotidien dans notre recherche de l\u2019excellence et de l\u2019innovation.\" \/>\n<meta property=\"og:url\" content=\"https:\/\/brasport-group.com\/fr\/a-propos\/valeurs\/\" \/>\n<meta property=\"og:site_name\" content=\"Brasport\" \/>\n<meta property=\"article:modified_time\" content=\"2026-02-18T14:13:06+00:00\" \/>\n<meta property=\"og:image\" content=\"https:\/\/brasport-group.com\/wp-content\/uploads\/elementor\/thumbs\/FAM-rexgn0q01oz713idjac1jzwg8llsk8r659gonzuvr6.png\" \/>\n<meta name=\"twitter:card\" content=\"summary_large_image\" \/>\n<meta name=\"twitter:label1\" content=\"Dur\u00e9e de lecture estim\u00e9e\" \/>\n\t<meta name=\"twitter:data1\" content=\"3 minutes\" \/>\n<script type=\"application\/ld+json\" class=\"yoast-schema-graph\">{\"@context\":\"https:\/\/schema.org\",\"@graph\":[{\"@type\":\"WebPage\",\"@id\":\"https:\/\/brasport-group.com\/fr\/a-propos\/valeurs\/\",\"url\":\"https:\/\/brasport-group.com\/fr\/a-propos\/valeurs\/\",\"name\":\"Valeurs - Brasport\",\"isPartOf\":{\"@id\":\"https:\/\/brasport-group.com\/fr\/#website\"},\"primaryImageOfPage\":{\"@id\":\"https:\/\/brasport-group.com\/fr\/a-propos\/valeurs\/#primaryimage\"},\"image\":{\"@id\":\"https:\/\/brasport-group.com\/fr\/a-propos\/valeurs\/#primaryimage\"},\"thumbnailUrl\":\"https:\/\/brasport-group.com\/wp-content\/uploads\/elementor\/thumbs\/FAM-rexgn0q01oz713idjac1jzwg8llsk8r659gonzuvr6.png\",\"datePublished\":\"2025-08-26T08:12:21+00:00\",\"dateModified\":\"2026-02-18T14:13:06+00:00\",\"description\":\"Nos valeurs fondatrices sont le moteur quotidien dans notre recherche de l\u2019excellence et de l\u2019innovation.\",\"breadcrumb\":{\"@id\":\"https:\/\/brasport-group.com\/fr\/a-propos\/valeurs\/#breadcrumb\"},\"inLanguage\":\"fr-FR\",\"potentialAction\":[{\"@type\":\"ReadAction\",\"target\":[\"https:\/\/brasport-group.com\/fr\/a-propos\/valeurs\/\"]}]},{\"@type\":\"ImageObject\",\"inLanguage\":\"fr-FR\",\"@id\":\"https:\/\/brasport-group.com\/fr\/a-propos\/valeurs\/#primaryimage\",\"url\":\"https:\/\/brasport-group.com\/wp-content\/uploads\/elementor\/thumbs\/FAM-rexgn0q01oz713idjac1jzwg8llsk8r659gonzuvr6.png\",\"contentUrl\":\"https:\/\/brasport-group.com\/wp-content\/uploads\/elementor\/thumbs\/FAM-rexgn0q01oz713idjac1jzwg8llsk8r659gonzuvr6.png\"},{\"@type\":\"BreadcrumbList\",\"@id\":\"https:\/\/brasport-group.com\/fr\/a-propos\/valeurs\/#breadcrumb\",\"itemListElement\":[{\"@type\":\"ListItem\",\"position\":1,\"name\":\"Accueil\",\"item\":\"https:\/\/brasport-group.com\/fr\/\"},{\"@type\":\"ListItem\",\"position\":2,\"name\":\"\u00c0 propos\",\"item\":\"https:\/\/brasport-group.com\/fr\/a-propos\/\"},{\"@type\":\"ListItem\",\"position\":3,\"name\":\"Valeurs\"}]},{\"@type\":\"WebSite\",\"@id\":\"https:\/\/brasport-group.com\/fr\/#website\",\"url\":\"https:\/\/brasport-group.com\/fr\/\",\"name\":\"Brasport\",\"description\":\"Passion et excellence\",\"publisher\":{\"@id\":\"https:\/\/brasport-group.com\/fr\/#organization\"},\"potentialAction\":[{\"@type\":\"SearchAction\",\"target\":{\"@type\":\"EntryPoint\",\"urlTemplate\":\"https:\/\/brasport-group.com\/fr\/?s={search_term_string}\"},\"query-input\":{\"@type\":\"PropertyValueSpecification\",\"valueRequired\":true,\"valueName\":\"search_term_string\"}}],\"inLanguage\":\"fr-FR\"},{\"@type\":\"Organization\",\"@id\":\"https:\/\/brasport-group.com\/fr\/#organization\",\"name\":\"Brasport\",\"url\":\"https:\/\/brasport-group.com\/fr\/\",\"logo\":{\"@type\":\"ImageObject\",\"inLanguage\":\"fr-FR\",\"@id\":\"https:\/\/brasport-group.com\/fr\/#\/schema\/logo\/image\/\",\"url\":\"https:\/\/brasport-group.com\/wp-content\/uploads\/2025\/08\/logo-brasport-group.png\",\"contentUrl\":\"https:\/\/brasport-group.com\/wp-content\/uploads\/2025\/08\/logo-brasport-group.png\",\"width\":411,\"height\":34,\"caption\":\"Brasport\"},\"image\":{\"@id\":\"https:\/\/brasport-group.com\/fr\/#\/schema\/logo\/image\/\"}}]}<\/script>\n<!-- \/ Yoast SEO plugin. -->","yoast_head_json":{"title":"Valeurs - Brasport","description":"Nos valeurs fondatrices sont le moteur quotidien dans notre recherche de l\u2019excellence et de l\u2019innovation.","robots":{"index":"index","follow":"follow","max-snippet":"max-snippet:-1","max-image-preview":"max-image-preview:large","max-video-preview":"max-video-preview:-1"},"canonical":"https:\/\/brasport-group.com\/fr\/a-propos\/valeurs\/","og_locale":"fr_FR","og_type":"article","og_title":"Valeurs - Brasport","og_description":"Nos valeurs fondatrices sont le moteur quotidien dans notre recherche de l\u2019excellence et de l\u2019innovation.","og_url":"https:\/\/brasport-group.com\/fr\/a-propos\/valeurs\/","og_site_name":"Brasport","article_modified_time":"2026-02-18T14:13:06+00:00","og_image":[{"url":"https:\/\/brasport-group.com\/wp-content\/uploads\/elementor\/thumbs\/FAM-rexgn0q01oz713idjac1jzwg8llsk8r659gonzuvr6.png","type":"","width":"","height":""}],"twitter_card":"summary_large_image","twitter_misc":{"Dur\u00e9e de lecture estim\u00e9e":"3 minutes"},"schema":{"@context":"https:\/\/schema.org","@graph":[{"@type":"WebPage","@id":"https:\/\/brasport-group.com\/fr\/a-propos\/valeurs\/","url":"https:\/\/brasport-group.com\/fr\/a-propos\/valeurs\/","name":"Valeurs - Brasport","isPartOf":{"@id":"https:\/\/brasport-group.com\/fr\/#website"},"primaryImageOfPage":{"@id":"https:\/\/brasport-group.com\/fr\/a-propos\/valeurs\/#primaryimage"},"image":{"@id":"https:\/\/brasport-group.com\/fr\/a-propos\/valeurs\/#primaryimage"},"thumbnailUrl":"https:\/\/brasport-group.com\/wp-content\/uploads\/elementor\/thumbs\/FAM-rexgn0q01oz713idjac1jzwg8llsk8r659gonzuvr6.png","datePublished":"2025-08-26T08:12:21+00:00","dateModified":"2026-02-18T14:13:06+00:00","description":"Nos valeurs fondatrices sont le moteur quotidien dans notre recherche de l\u2019excellence et de l\u2019innovation.","breadcrumb":{"@id":"https:\/\/brasport-group.com\/fr\/a-propos\/valeurs\/#breadcrumb"},"inLanguage":"fr-FR","potentialAction":[{"@type":"ReadAction","target":["https:\/\/brasport-group.com\/fr\/a-propos\/valeurs\/"]}]},{"@type":"ImageObject","inLanguage":"fr-FR","@id":"https:\/\/brasport-group.com\/fr\/a-propos\/valeurs\/#primaryimage","url":"https:\/\/brasport-group.com\/wp-content\/uploads\/elementor\/thumbs\/FAM-rexgn0q01oz713idjac1jzwg8llsk8r659gonzuvr6.png","contentUrl":"https:\/\/brasport-group.com\/wp-content\/uploads\/elementor\/thumbs\/FAM-rexgn0q01oz713idjac1jzwg8llsk8r659gonzuvr6.png"},{"@type":"BreadcrumbList","@id":"https:\/\/brasport-group.com\/fr\/a-propos\/valeurs\/#breadcrumb","itemListElement":[{"@type":"ListItem","position":1,"name":"Accueil","item":"https:\/\/brasport-group.com\/fr\/"},{"@type":"ListItem","position":2,"name":"\u00c0 propos","item":"https:\/\/brasport-group.com\/fr\/a-propos\/"},{"@type":"ListItem","position":3,"name":"Valeurs"}]},{"@type":"WebSite","@id":"https:\/\/brasport-group.com\/fr\/#website","url":"https:\/\/brasport-group.com\/fr\/","name":"Brasport","description":"Passion et excellence","publisher":{"@id":"https:\/\/brasport-group.com\/fr\/#organization"},"potentialAction":[{"@type":"SearchAction","target":{"@type":"EntryPoint","urlTemplate":"https:\/\/brasport-group.com\/fr\/?s={search_term_string}"},"query-input":{"@type":"PropertyValueSpecification","valueRequired":true,"valueName":"search_term_string"}}],"inLanguage":"fr-FR"},{"@type":"Organization","@id":"https:\/\/brasport-group.com\/fr\/#organization","name":"Brasport","url":"https:\/\/brasport-group.com\/fr\/","logo":{"@type":"ImageObject","inLanguage":"fr-FR","@id":"https:\/\/brasport-group.com\/fr\/#\/schema\/logo\/image\/","url":"https:\/\/brasport-group.com\/wp-content\/uploads\/2025\/08\/logo-brasport-group.png","contentUrl":"https:\/\/brasport-group.com\/wp-content\/uploads\/2025\/08\/logo-brasport-group.png","width":411,"height":34,"caption":"Brasport"},"image":{"@id":"https:\/\/brasport-group.com\/fr\/#\/schema\/logo\/image\/"}}]}},"_links":{"self":[{"href":"https:\/\/brasport-group.com\/fr\/wp-json\/wp\/v2\/pages\/267","targetHints":{"allow":["GET"]}}],"collection":[{"href":"https:\/\/brasport-group.com\/fr\/wp-json\/wp\/v2\/pages"}],"about":[{"href":"https:\/\/brasport-group.com\/fr\/wp-json\/wp\/v2\/types\/page"}],"author":[{"embeddable":true,"href":"https:\/\/brasport-group.com\/fr\/wp-json\/wp\/v2\/users\/1"}],"replies":[{"embeddable":true,"href":"https:\/\/brasport-group.com\/fr\/wp-json\/wp\/v2\/comments?post=267"}],"version-history":[{"count":37,"href":"https:\/\/brasport-group.com\/fr\/wp-json\/wp\/v2\/pages\/267\/revisions"}],"predecessor-version":[{"id":2987,"href":"https:\/\/brasport-group.com\/fr\/wp-json\/wp\/v2\/pages\/267\/revisions\/2987"}],"up":[{"embeddable":true,"href":"https:\/\/brasport-group.com\/fr\/wp-json\/wp\/v2\/pages\/210"}],"wp:attachment":[{"href":"https:\/\/brasport-group.com\/fr\/wp-json\/wp\/v2\/media?parent=267"}],"curies":[{"name":"wp","href":"https:\/\/api.w.org\/{rel}","templated":true}]}}