{"id":271,"date":"2025-08-26T10:12:51","date_gmt":"2025-08-26T08:12:51","guid":{"rendered":"https:\/\/brasport-group.com\/?page_id=271"},"modified":"2026-02-18T16:02:40","modified_gmt":"2026-02-18T14:02:40","slug":"nos-bureaux-commerciaux","status":"publish","type":"page","link":"https:\/\/brasport-group.com\/fr\/le-groupe\/nos-bureaux-commerciaux\/","title":{"rendered":"Nos bureaux commerciaux"},"content":{"rendered":"\t\t<div data-elementor-type=\"wp-page\" data-elementor-id=\"271\" class=\"elementor elementor-271\" data-elementor-post-type=\"page\">\n\t\t\t\t<div class=\"elementor-element elementor-element-c5cf0b4 e-flex e-con-boxed e-con e-parent\" data-id=\"c5cf0b4\" data-element_type=\"container\" data-settings=\"{&quot;background_background&quot;:&quot;classic&quot;}\">\n\t\t\t\t\t<div class=\"e-con-inner\">\n\t\t<div class=\"elementor-element elementor-element-1d44474 animated-slow e-flex e-con-boxed elementor-invisible e-con e-child\" data-id=\"1d44474\" data-element_type=\"container\" data-settings=\"{&quot;animation&quot;:&quot;fadeInUp&quot;,&quot;animation_delay&quot;:200}\">\n\t\t\t\t\t<div class=\"e-con-inner\">\n\t\t\t\t<div class=\"elementor-element elementor-element-5c0108d elementor-align-left elementor-widget elementor-widget-breadcrumbs\" data-id=\"5c0108d\" data-element_type=\"widget\" data-widget_type=\"breadcrumbs.default\">\n\t\t\t\t\t<p id=\"breadcrumbs\"><span><span><a href=\"https:\/\/brasport-group.com\/fr\/\">Accueil<\/a><\/span><\/span><\/p>\t\t\t\t<\/div>\n\t\t\t\t<div class=\"elementor-element elementor-element-03d74bb elementor-widget elementor-widget-heading\" data-id=\"03d74bb\" data-element_type=\"widget\" data-widget_type=\"heading.default\">\n\t\t\t\t\t<h1 class=\"elementor-heading-title elementor-size-default\">Nos bureaux commerciaux<br>\nUne pr\u00e9sence INTERNATIONALE<br>\nau service de la proximit\u00e9 <\/h1>\t\t\t\t<\/div>\n\t\t\t\t<div class=\"elementor-element elementor-element-02c3023 elementor-widget__width-initial elementor-widget-mobile__width-inherit elementor-widget elementor-widget-text-editor\" data-id=\"02c3023\" data-element_type=\"widget\" data-widget_type=\"text-editor.default\">\n\t\t\t\t\t\t\t\t\t<p>Pour Brasport, l\u2019accompagnement client ne se limite pas \u00e0 la production : il commence bien avant, avec l\u2019\u00e9coute, la r\u00e9activit\u00e9 et la compr\u00e9hension des besoins sp\u00e9cifiques de chaque marque. C\u2019est pourquoi nous avons \u00e9tabli des bureaux commerciaux strat\u00e9giquement r\u00e9partis dans le monde : \u00e0 New York, Hong-Kong et Tokyo.<\/p>\t\t\t\t\t\t\t\t<\/div>\n\t\t\t\t\t<\/div>\n\t\t\t\t<\/div>\n\t\t\t\t\t<\/div>\n\t\t\t\t<\/div>\n\t\t<div class=\"elementor-element elementor-element-6ac741a e-flex e-con-boxed e-con e-parent\" data-id=\"6ac741a\" data-element_type=\"container\">\n\t\t\t\t\t<div class=\"e-con-inner\">\n\t\t<div class=\"elementor-element elementor-element-63b605f e-con-full e-flex e-con e-child\" data-id=\"63b605f\" data-element_type=\"container\" data-settings=\"{&quot;background_background&quot;:&quot;classic&quot;}\">\n\t\t\t\t<div class=\"elementor-element elementor-element-86cbd91 i18n-image elementor-widget elementor-widget-image\" data-id=\"86cbd91\" data-element_type=\"widget\" data-widget_type=\"image.default\">\n\t\t\t\t\t\t\t\t\t\t\t\t\t\t\t<img decoding=\"async\" src=\"\/wp-content\/uploads\/2025\/10\/Etats-Unis_page-0001-scaled.jpg\" title=\"\" alt=\"\" loading=\"lazy\" \/>\t\t\t\t\t\t\t\t\t\t\t\t\t\t\t<\/div>\n\t\t\t\t<\/div>\n\t\t<div class=\"elementor-element elementor-element-82508ac e-con-full e-flex e-con e-child\" data-id=\"82508ac\" data-element_type=\"container\">\n\t\t<div class=\"elementor-element elementor-element-596c92b e-con-full e-flex e-con e-child\" data-id=\"596c92b\" data-element_type=\"container\">\n\t\t\t\t<div class=\"elementor-element elementor-element-1652044 elementor-widget elementor-widget-text-editor\" data-id=\"1652044\" data-element_type=\"widget\" data-widget_type=\"text-editor.default\">\n\t\t\t\t\t\t\t\t\t<p>Ces implantations nous permettent de renforcer notre proximit\u00e9 avec nos partenaires, de faciliter les \u00e9changes, de r\u00e9duire les d\u00e9lais de r\u00e9ponse et de mieux int\u00e9grer les attentes locales dans le d\u00e9veloppement produit.<\/p><p>Elles jouent un r\u00f4le-cl\u00e9 dans la construction de relations solides et durables avec nos clients, qu\u2019ils soient issus de l\u2019horlogerie, de la mode ou des accessoires de luxe.<\/p>\t\t\t\t\t\t\t\t<\/div>\n\t\t\t\t<\/div>\n\t\t\t\t<\/div>\n\t\t\t\t\t<\/div>\n\t\t\t\t<\/div>\n\t\t<div class=\"elementor-element elementor-element-7695b72 e-flex e-con-boxed e-con e-parent\" data-id=\"7695b72\" data-element_type=\"container\">\n\t\t\t\t\t<div class=\"e-con-inner\">\n\t\t<div class=\"elementor-element elementor-element-c7f6edb e-con-full e-flex e-con e-child\" data-id=\"c7f6edb\" data-element_type=\"container\">\n\t\t<div class=\"elementor-element elementor-element-d1a304c e-con-full e-flex e-con e-child\" data-id=\"d1a304c\" data-element_type=\"container\">\n\t\t\t\t<div class=\"elementor-element elementor-element-d4ff298 elementor-widget elementor-widget-text-editor\" data-id=\"d4ff298\" data-element_type=\"widget\" data-widget_type=\"text-editor.default\">\n\t\t\t\t\t\t\t\t\t<p>Nos \u00e9quipes commerciales assurent un suivi personnalis\u00e9, la coordination des projets et un lien direct entre les clients et nos diff\u00e9rents sites de production. Cette organisation agile nous permet de proposer une exp\u00e9rience fluide, globale et coh\u00e9rente, avec un seul interlocuteur, quel que soit le lieu de fabrication ou de livraison.<\/p><p>Brasport place l\u2019\u00e9coute et l\u2019agilit\u00e9 commerciale au c\u0153ur de sa d\u00e9marche. Gr\u00e2ce \u00e0 nos bureaux \u00e0 l\u2019international, nous restons toujours proches, partout.<\/p>\t\t\t\t\t\t\t\t<\/div>\n\t\t\t\t<\/div>\n\t\t\t\t<\/div>\n\t\t<div class=\"elementor-element elementor-element-11a6f02 e-con-full e-flex e-con e-child\" data-id=\"11a6f02\" data-element_type=\"container\">\n\t\t\t\t<div class=\"elementor-element elementor-element-ca12f01 elementor-widget elementor-widget-image\" data-id=\"ca12f01\" data-element_type=\"widget\" data-widget_type=\"image.default\">\n\t\t\t\t\t\t\t\t\t\t\t\t\t\t\t<img decoding=\"async\" src=\"https:\/\/brasport-group.com\/wp-content\/uploads\/elementor\/thumbs\/Photos-main-rebbhos1sghs3nzhspgyvo2zgz3mpac4mnp96loe9u.png\" title=\"Photos main\" alt=\"Photos main\" loading=\"lazy\" \/>\t\t\t\t\t\t\t\t\t\t\t\t\t\t\t<\/div>\n\t\t\t\t<\/div>\n\t\t\t\t\t<\/div>\n\t\t\t\t<\/div>\n\t\t\t\t<\/div>\n\t\t","protected":false},"excerpt":{"rendered":"<p>Nos bureaux commerciaux Une pr\u00e9sence INTERNATIONALE au service de la proximit\u00e9 Pour Brasport, l\u2019accompagnement client ne se limite pas \u00e0 la production : il commence bien avant, avec l\u2019\u00e9coute, la r\u00e9activit\u00e9 et la compr\u00e9hension des besoins sp\u00e9cifiques de chaque marque. C\u2019est pourquoi nous avons \u00e9tabli des bureaux commerciaux strat\u00e9giquement r\u00e9partis dans le monde : \u00e0 [&hellip;]<\/p>\n","protected":false},"author":1,"featured_media":0,"parent":212,"menu_order":0,"comment_status":"closed","ping_status":"closed","template":"","meta":{"_acf_changed":false,"footnotes":""},"class_list":["post-271","page","type-page","status-publish","hentry"],"acf":[],"yoast_head":"<!-- This site is optimized with the Yoast SEO plugin v26.4 - https:\/\/yoast.com\/wordpress\/plugins\/seo\/ -->\n<title>Nos bureaux commerciaux - Brasport<\/title>\n<meta name=\"description\" content=\"Un bureau commercial proche de chez vous c\u2019est la garantie d\u2019un contact direct. Hautement qualifi\u00e9, le manager vous rencontre, \u00e9tudie vos besoins, vous conseille et g\u00e8re directement, avec la Suisse et les diff\u00e9rents centres de production, votre commande.\" \/>\n<meta name=\"robots\" content=\"index, follow, max-snippet:-1, max-image-preview:large, max-video-preview:-1\" \/>\n<link rel=\"canonical\" href=\"https:\/\/brasport-group.com\/fr\/le-groupe\/nos-bureaux-commerciaux\/\" \/>\n<meta property=\"og:locale\" content=\"fr_FR\" \/>\n<meta property=\"og:type\" content=\"article\" \/>\n<meta property=\"og:title\" content=\"Nos bureaux commerciaux - Brasport\" \/>\n<meta property=\"og:description\" content=\"Un bureau commercial proche de chez vous c\u2019est la garantie d\u2019un contact direct. Hautement qualifi\u00e9, le manager vous rencontre, \u00e9tudie vos besoins, vous conseille et g\u00e8re directement, avec la Suisse et les diff\u00e9rents centres de production, votre commande.\" \/>\n<meta property=\"og:url\" content=\"https:\/\/brasport-group.com\/fr\/le-groupe\/nos-bureaux-commerciaux\/\" \/>\n<meta property=\"og:site_name\" content=\"Brasport\" \/>\n<meta property=\"article:modified_time\" content=\"2026-02-18T14:02:40+00:00\" \/>\n<meta property=\"og:image\" content=\"https:\/\/brasport-group.com\/wp-content\/uploads\/2025\/11\/Capture-decran-2025-11-18-132705.png\" \/>\n<meta name=\"twitter:card\" content=\"summary_large_image\" \/>\n<meta name=\"twitter:label1\" content=\"Dur\u00e9e de lecture estim\u00e9e\" \/>\n\t<meta name=\"twitter:data1\" content=\"2 minutes\" \/>\n<script type=\"application\/ld+json\" class=\"yoast-schema-graph\">{\"@context\":\"https:\/\/schema.org\",\"@graph\":[{\"@type\":\"WebPage\",\"@id\":\"https:\/\/brasport-group.com\/fr\/le-groupe\/nos-bureaux-commerciaux\/\",\"url\":\"https:\/\/brasport-group.com\/fr\/le-groupe\/nos-bureaux-commerciaux\/\",\"name\":\"Nos bureaux commerciaux - Brasport\",\"isPartOf\":{\"@id\":\"https:\/\/brasport-group.com\/fr\/#website\"},\"primaryImageOfPage\":{\"@id\":\"https:\/\/brasport-group.com\/fr\/le-groupe\/nos-bureaux-commerciaux\/#primaryimage\"},\"image\":{\"@id\":\"https:\/\/brasport-group.com\/fr\/le-groupe\/nos-bureaux-commerciaux\/#primaryimage\"},\"thumbnailUrl\":\"https:\/\/brasport-group.com\/wp-content\/uploads\/2025\/11\/Capture-decran-2025-11-18-132705.png\",\"datePublished\":\"2025-08-26T08:12:51+00:00\",\"dateModified\":\"2026-02-18T14:02:40+00:00\",\"description\":\"Un bureau commercial proche de chez vous c\u2019est la garantie d\u2019un contact direct. Hautement qualifi\u00e9, le manager vous rencontre, \u00e9tudie vos besoins, vous conseille et g\u00e8re directement, avec la Suisse et les diff\u00e9rents centres de production, votre commande.\",\"breadcrumb\":{\"@id\":\"https:\/\/brasport-group.com\/fr\/le-groupe\/nos-bureaux-commerciaux\/#breadcrumb\"},\"inLanguage\":\"fr-FR\",\"potentialAction\":[{\"@type\":\"ReadAction\",\"target\":[\"https:\/\/brasport-group.com\/fr\/le-groupe\/nos-bureaux-commerciaux\/\"]}]},{\"@type\":\"ImageObject\",\"inLanguage\":\"fr-FR\",\"@id\":\"https:\/\/brasport-group.com\/fr\/le-groupe\/nos-bureaux-commerciaux\/#primaryimage\",\"url\":\"https:\/\/brasport-group.com\/wp-content\/uploads\/2025\/11\/Capture-decran-2025-11-18-132705.png\",\"contentUrl\":\"https:\/\/brasport-group.com\/wp-content\/uploads\/2025\/11\/Capture-decran-2025-11-18-132705.png\"},{\"@type\":\"BreadcrumbList\",\"@id\":\"https:\/\/brasport-group.com\/fr\/le-groupe\/nos-bureaux-commerciaux\/#breadcrumb\",\"itemListElement\":[{\"@type\":\"ListItem\",\"position\":1,\"name\":\"Accueil\",\"item\":\"https:\/\/brasport-group.com\/fr\/\"},{\"@type\":\"ListItem\",\"position\":2,\"name\":\"Le Groupe\",\"item\":\"https:\/\/brasport-group.com\/fr\/le-groupe\/\"},{\"@type\":\"ListItem\",\"position\":3,\"name\":\"Nos bureaux commerciaux\"}]},{\"@type\":\"WebSite\",\"@id\":\"https:\/\/brasport-group.com\/fr\/#website\",\"url\":\"https:\/\/brasport-group.com\/fr\/\",\"name\":\"Brasport\",\"description\":\"Passion et excellence\",\"publisher\":{\"@id\":\"https:\/\/brasport-group.com\/fr\/#organization\"},\"potentialAction\":[{\"@type\":\"SearchAction\",\"target\":{\"@type\":\"EntryPoint\",\"urlTemplate\":\"https:\/\/brasport-group.com\/fr\/?s={search_term_string}\"},\"query-input\":{\"@type\":\"PropertyValueSpecification\",\"valueRequired\":true,\"valueName\":\"search_term_string\"}}],\"inLanguage\":\"fr-FR\"},{\"@type\":\"Organization\",\"@id\":\"https:\/\/brasport-group.com\/fr\/#organization\",\"name\":\"Brasport\",\"url\":\"https:\/\/brasport-group.com\/fr\/\",\"logo\":{\"@type\":\"ImageObject\",\"inLanguage\":\"fr-FR\",\"@id\":\"https:\/\/brasport-group.com\/fr\/#\/schema\/logo\/image\/\",\"url\":\"https:\/\/brasport-group.com\/wp-content\/uploads\/2025\/08\/logo-brasport-group.png\",\"contentUrl\":\"https:\/\/brasport-group.com\/wp-content\/uploads\/2025\/08\/logo-brasport-group.png\",\"width\":411,\"height\":34,\"caption\":\"Brasport\"},\"image\":{\"@id\":\"https:\/\/brasport-group.com\/fr\/#\/schema\/logo\/image\/\"}}]}<\/script>\n<!-- \/ Yoast SEO plugin. -->","yoast_head_json":{"title":"Nos bureaux commerciaux - Brasport","description":"Un bureau commercial proche de chez vous c\u2019est la garantie d\u2019un contact direct. Hautement qualifi\u00e9, le manager vous rencontre, \u00e9tudie vos besoins, vous conseille et g\u00e8re directement, avec la Suisse et les diff\u00e9rents centres de production, votre commande.","robots":{"index":"index","follow":"follow","max-snippet":"max-snippet:-1","max-image-preview":"max-image-preview:large","max-video-preview":"max-video-preview:-1"},"canonical":"https:\/\/brasport-group.com\/fr\/le-groupe\/nos-bureaux-commerciaux\/","og_locale":"fr_FR","og_type":"article","og_title":"Nos bureaux commerciaux - Brasport","og_description":"Un bureau commercial proche de chez vous c\u2019est la garantie d\u2019un contact direct. Hautement qualifi\u00e9, le manager vous rencontre, \u00e9tudie vos besoins, vous conseille et g\u00e8re directement, avec la Suisse et les diff\u00e9rents centres de production, votre commande.","og_url":"https:\/\/brasport-group.com\/fr\/le-groupe\/nos-bureaux-commerciaux\/","og_site_name":"Brasport","article_modified_time":"2026-02-18T14:02:40+00:00","og_image":[{"url":"https:\/\/brasport-group.com\/wp-content\/uploads\/2025\/11\/Capture-decran-2025-11-18-132705.png","type":"","width":"","height":""}],"twitter_card":"summary_large_image","twitter_misc":{"Dur\u00e9e de lecture estim\u00e9e":"2 minutes"},"schema":{"@context":"https:\/\/schema.org","@graph":[{"@type":"WebPage","@id":"https:\/\/brasport-group.com\/fr\/le-groupe\/nos-bureaux-commerciaux\/","url":"https:\/\/brasport-group.com\/fr\/le-groupe\/nos-bureaux-commerciaux\/","name":"Nos bureaux commerciaux - Brasport","isPartOf":{"@id":"https:\/\/brasport-group.com\/fr\/#website"},"primaryImageOfPage":{"@id":"https:\/\/brasport-group.com\/fr\/le-groupe\/nos-bureaux-commerciaux\/#primaryimage"},"image":{"@id":"https:\/\/brasport-group.com\/fr\/le-groupe\/nos-bureaux-commerciaux\/#primaryimage"},"thumbnailUrl":"https:\/\/brasport-group.com\/wp-content\/uploads\/2025\/11\/Capture-decran-2025-11-18-132705.png","datePublished":"2025-08-26T08:12:51+00:00","dateModified":"2026-02-18T14:02:40+00:00","description":"Un bureau commercial proche de chez vous c\u2019est la garantie d\u2019un contact direct. Hautement qualifi\u00e9, le manager vous rencontre, \u00e9tudie vos besoins, vous conseille et g\u00e8re directement, avec la Suisse et les diff\u00e9rents centres de production, votre commande.","breadcrumb":{"@id":"https:\/\/brasport-group.com\/fr\/le-groupe\/nos-bureaux-commerciaux\/#breadcrumb"},"inLanguage":"fr-FR","potentialAction":[{"@type":"ReadAction","target":["https:\/\/brasport-group.com\/fr\/le-groupe\/nos-bureaux-commerciaux\/"]}]},{"@type":"ImageObject","inLanguage":"fr-FR","@id":"https:\/\/brasport-group.com\/fr\/le-groupe\/nos-bureaux-commerciaux\/#primaryimage","url":"https:\/\/brasport-group.com\/wp-content\/uploads\/2025\/11\/Capture-decran-2025-11-18-132705.png","contentUrl":"https:\/\/brasport-group.com\/wp-content\/uploads\/2025\/11\/Capture-decran-2025-11-18-132705.png"},{"@type":"BreadcrumbList","@id":"https:\/\/brasport-group.com\/fr\/le-groupe\/nos-bureaux-commerciaux\/#breadcrumb","itemListElement":[{"@type":"ListItem","position":1,"name":"Accueil","item":"https:\/\/brasport-group.com\/fr\/"},{"@type":"ListItem","position":2,"name":"Le Groupe","item":"https:\/\/brasport-group.com\/fr\/le-groupe\/"},{"@type":"ListItem","position":3,"name":"Nos bureaux commerciaux"}]},{"@type":"WebSite","@id":"https:\/\/brasport-group.com\/fr\/#website","url":"https:\/\/brasport-group.com\/fr\/","name":"Brasport","description":"Passion et excellence","publisher":{"@id":"https:\/\/brasport-group.com\/fr\/#organization"},"potentialAction":[{"@type":"SearchAction","target":{"@type":"EntryPoint","urlTemplate":"https:\/\/brasport-group.com\/fr\/?s={search_term_string}"},"query-input":{"@type":"PropertyValueSpecification","valueRequired":true,"valueName":"search_term_string"}}],"inLanguage":"fr-FR"},{"@type":"Organization","@id":"https:\/\/brasport-group.com\/fr\/#organization","name":"Brasport","url":"https:\/\/brasport-group.com\/fr\/","logo":{"@type":"ImageObject","inLanguage":"fr-FR","@id":"https:\/\/brasport-group.com\/fr\/#\/schema\/logo\/image\/","url":"https:\/\/brasport-group.com\/wp-content\/uploads\/2025\/08\/logo-brasport-group.png","contentUrl":"https:\/\/brasport-group.com\/wp-content\/uploads\/2025\/08\/logo-brasport-group.png","width":411,"height":34,"caption":"Brasport"},"image":{"@id":"https:\/\/brasport-group.com\/fr\/#\/schema\/logo\/image\/"}}]}},"_links":{"self":[{"href":"https:\/\/brasport-group.com\/fr\/wp-json\/wp\/v2\/pages\/271","targetHints":{"allow":["GET"]}}],"collection":[{"href":"https:\/\/brasport-group.com\/fr\/wp-json\/wp\/v2\/pages"}],"about":[{"href":"https:\/\/brasport-group.com\/fr\/wp-json\/wp\/v2\/types\/page"}],"author":[{"embeddable":true,"href":"https:\/\/brasport-group.com\/fr\/wp-json\/wp\/v2\/users\/1"}],"replies":[{"embeddable":true,"href":"https:\/\/brasport-group.com\/fr\/wp-json\/wp\/v2\/comments?post=271"}],"version-history":[{"count":68,"href":"https:\/\/brasport-group.com\/fr\/wp-json\/wp\/v2\/pages\/271\/revisions"}],"predecessor-version":[{"id":3416,"href":"https:\/\/brasport-group.com\/fr\/wp-json\/wp\/v2\/pages\/271\/revisions\/3416"}],"up":[{"embeddable":true,"href":"https:\/\/brasport-group.com\/fr\/wp-json\/wp\/v2\/pages\/212"}],"wp:attachment":[{"href":"https:\/\/brasport-group.com\/fr\/wp-json\/wp\/v2\/media?parent=271"}],"curies":[{"name":"wp","href":"https:\/\/api.w.org\/{rel}","templated":true}]}}