{"id":273,"date":"2025-08-26T10:13:02","date_gmt":"2025-08-26T08:13:02","guid":{"rendered":"https:\/\/brasport-group.com\/?page_id=273"},"modified":"2026-02-18T16:05:38","modified_gmt":"2026-02-18T14:05:38","slug":"notre-expertise-sav","status":"publish","type":"page","link":"https:\/\/brasport-group.com\/fr\/le-groupe\/notre-expertise-sav\/","title":{"rendered":"Notre expertise SAV"},"content":{"rendered":"\t\t<div data-elementor-type=\"wp-page\" data-elementor-id=\"273\" class=\"elementor elementor-273\" data-elementor-post-type=\"page\">\n\t\t\t\t<div class=\"elementor-element elementor-element-918ce1b e-flex e-con-boxed e-con e-parent\" data-id=\"918ce1b\" data-element_type=\"container\" data-settings=\"{&quot;background_background&quot;:&quot;classic&quot;}\">\n\t\t\t\t\t<div class=\"e-con-inner\">\n\t\t<div class=\"elementor-element elementor-element-275c57c animated-slow e-flex e-con-boxed elementor-invisible e-con e-child\" data-id=\"275c57c\" data-element_type=\"container\" data-settings=\"{&quot;animation&quot;:&quot;fadeInUp&quot;,&quot;animation_delay&quot;:200}\">\n\t\t\t\t\t<div class=\"e-con-inner\">\n\t\t\t\t<div class=\"elementor-element elementor-element-1e1a155 elementor-align-left elementor-widget elementor-widget-breadcrumbs\" data-id=\"1e1a155\" data-element_type=\"widget\" data-widget_type=\"breadcrumbs.default\">\n\t\t\t\t\t<p id=\"breadcrumbs\"><span><span><a href=\"https:\/\/brasport-group.com\/fr\/\">Accueil<\/a><\/span><\/span><\/p>\t\t\t\t<\/div>\n\t\t\t\t<div class=\"elementor-element elementor-element-43a18cf elementor-widget elementor-widget-heading\" data-id=\"43a18cf\" data-element_type=\"widget\" data-widget_type=\"heading.default\">\n\t\t\t\t\t<h1 class=\"elementor-heading-title elementor-size-default\">SAV &amp; Direct Shipping<br>Disponibilit\u00e9, r\u00e9activit\u00e9, efficacit\u00e9<\/h1>\t\t\t\t<\/div>\n\t\t\t\t<div class=\"elementor-element elementor-element-4a25362 elementor-widget__width-initial elementor-widget-mobile__width-inherit elementor-widget elementor-widget-text-editor\" data-id=\"4a25362\" data-element_type=\"widget\" data-widget_type=\"text-editor.default\">\n\t\t\t\t\t\t\t\t\t<p>Le service apr\u00e8s-vente fait partie int\u00e9grante de l\u2019ADN Brasport. Nous proposons \u00e0 nos clients un SAV structur\u00e9 et international, capable de r\u00e9pondre rapidement aux besoins des boutiques, filiales et centres de service dans le monde entier.<\/p>\t\t\t\t\t\t\t\t<\/div>\n\t\t\t\t\t<\/div>\n\t\t\t\t<\/div>\n\t\t\t\t\t<\/div>\n\t\t\t\t<\/div>\n\t\t<div class=\"elementor-element elementor-element-4bc0339 e-flex e-con-boxed e-con e-parent\" data-id=\"4bc0339\" data-element_type=\"container\">\n\t\t\t\t\t<div class=\"e-con-inner\">\n\t\t<div class=\"elementor-element elementor-element-0c34997 e-con-full e-flex e-con e-child\" data-id=\"0c34997\" data-element_type=\"container\">\n\t\t\t\t<div class=\"elementor-element elementor-element-6b55be5 elementor-widget elementor-widget-image\" data-id=\"6b55be5\" data-element_type=\"widget\" data-widget_type=\"image.default\">\n\t\t\t\t\t\t\t\t\t\t\t\t\t\t\t<img decoding=\"async\" src=\"https:\/\/brasport-group.com\/wp-content\/uploads\/elementor\/thumbs\/Nuancier-rebbmyng4zpp8wbozzjlvc63gt3rw59worhc4huvcy.png\" title=\"Nuancier\" alt=\"Nuancier\" loading=\"lazy\" \/>\t\t\t\t\t\t\t\t\t\t\t\t\t\t\t<\/div>\n\t\t\t\t<\/div>\n\t\t<div class=\"elementor-element elementor-element-af84cd9 e-con-full e-flex e-con e-child\" data-id=\"af84cd9\" data-element_type=\"container\">\n\t\t<div class=\"elementor-element elementor-element-8f3a449 e-con-full e-flex e-con e-child\" data-id=\"8f3a449\" data-element_type=\"container\">\n\t\t\t\t<div class=\"elementor-element elementor-element-849b834 elementor-widget elementor-widget-heading\" data-id=\"849b834\" data-element_type=\"widget\" data-widget_type=\"heading.default\">\n\t\t\t\t\t<h3 class=\"elementor-heading-title elementor-size-default\">Notre promesse :<\/h3>\t\t\t\t<\/div>\n\t\t\t\t<div class=\"elementor-element elementor-element-741436f elementor-widget elementor-widget-text-editor\" data-id=\"741436f\" data-element_type=\"widget\" data-widget_type=\"text-editor.default\">\n\t\t\t\t\t\t\t\t\t<ul><li>Une disponibilit\u00e9 permanente des mati\u00e8res et r\u00e9f\u00e9rences cl\u00e9s<\/li><li>Des commandes \u00e0 la pi\u00e8ce ou en petite s\u00e9rie, trait\u00e9es avec la m\u00eame exigence que les grandes productions<\/li><li>Un syst\u00e8me de Direct Shipping : exp\u00e9dition directe depuis nos sites vers les points de vente, sans interm\u00e9diaire<\/li><li>Un pilotage facilit\u00e9 par la marque, avec reporting par zone g\u00e9ographique, taux de service et analyse de la demande<\/li><\/ul><p>\u00a0<\/p><p>Brasport vous accompagne bien au-del\u00e0 de la fabrication, en garantissant la continuit\u00e9 et la disponibilit\u00e9 de vos produits, dans le temps et \u00e0 l\u2019\u00e9chelle internationale.<\/p>\t\t\t\t\t\t\t\t<\/div>\n\t\t\t\t<\/div>\n\t\t\t\t<\/div>\n\t\t\t\t\t<\/div>\n\t\t\t\t<\/div>\n\t\t\t\t<\/div>\n\t\t","protected":false},"excerpt":{"rendered":"<p>SAV &amp; Direct ShippingDisponibilit\u00e9, r\u00e9activit\u00e9, efficacit\u00e9 Le service apr\u00e8s-vente fait partie int\u00e9grante de l\u2019ADN Brasport. Nous proposons \u00e0 nos clients un SAV structur\u00e9 et international, capable de r\u00e9pondre rapidement aux besoins des boutiques, filiales et centres de service dans le monde entier. Notre promesse : Une disponibilit\u00e9 permanente des mati\u00e8res et r\u00e9f\u00e9rences cl\u00e9s Des commandes [&hellip;]<\/p>\n","protected":false},"author":1,"featured_media":0,"parent":212,"menu_order":0,"comment_status":"closed","ping_status":"closed","template":"","meta":{"_acf_changed":false,"footnotes":""},"class_list":["post-273","page","type-page","status-publish","hentry"],"acf":[],"yoast_head":"<!-- This site is optimized with the Yoast SEO plugin v26.4 - https:\/\/yoast.com\/wordpress\/plugins\/seo\/ -->\n<title>Notre expertise SAV - Brasport<\/title>\n<meta name=\"description\" content=\"Les bureaux SAV g\u00e8rent, au nom de grandes maisons horlog\u00e8res, la logistique de leurs bracelets de deuxi\u00e8me monte. Une pr\u00e9sence g\u00e9ographique choisie permet de r\u00e9pondre \u00e0 toutes les exigences tout en maintenant, aux quatre coins du globe, un service de qualit\u00e9 Swiss Made.\" \/>\n<meta name=\"robots\" content=\"index, follow, max-snippet:-1, max-image-preview:large, max-video-preview:-1\" \/>\n<link rel=\"canonical\" href=\"https:\/\/brasport-group.com\/fr\/le-groupe\/notre-expertise-sav\/\" \/>\n<meta property=\"og:locale\" content=\"fr_FR\" \/>\n<meta property=\"og:type\" content=\"article\" \/>\n<meta property=\"og:title\" content=\"Notre expertise SAV - Brasport\" \/>\n<meta property=\"og:description\" content=\"Les bureaux SAV g\u00e8rent, au nom de grandes maisons horlog\u00e8res, la logistique de leurs bracelets de deuxi\u00e8me monte. Une pr\u00e9sence g\u00e9ographique choisie permet de r\u00e9pondre \u00e0 toutes les exigences tout en maintenant, aux quatre coins du globe, un service de qualit\u00e9 Swiss Made.\" \/>\n<meta property=\"og:url\" content=\"https:\/\/brasport-group.com\/fr\/le-groupe\/notre-expertise-sav\/\" \/>\n<meta property=\"og:site_name\" content=\"Brasport\" \/>\n<meta property=\"article:modified_time\" content=\"2026-02-18T14:05:38+00:00\" \/>\n<meta property=\"og:image\" content=\"https:\/\/brasport-group.com\/wp-content\/uploads\/elementor\/thumbs\/Nuancier-rebbmxply5oexad25h4zauemvf8eog66cmtun7w9j6.png\" \/>\n<meta name=\"twitter:card\" content=\"summary_large_image\" \/>\n<meta name=\"twitter:label1\" content=\"Dur\u00e9e de lecture estim\u00e9e\" \/>\n\t<meta name=\"twitter:data1\" content=\"1 minute\" \/>\n<script type=\"application\/ld+json\" class=\"yoast-schema-graph\">{\"@context\":\"https:\/\/schema.org\",\"@graph\":[{\"@type\":\"WebPage\",\"@id\":\"https:\/\/brasport-group.com\/fr\/le-groupe\/notre-expertise-sav\/\",\"url\":\"https:\/\/brasport-group.com\/fr\/le-groupe\/notre-expertise-sav\/\",\"name\":\"Notre expertise SAV - Brasport\",\"isPartOf\":{\"@id\":\"https:\/\/brasport-group.com\/fr\/#website\"},\"primaryImageOfPage\":{\"@id\":\"https:\/\/brasport-group.com\/fr\/le-groupe\/notre-expertise-sav\/#primaryimage\"},\"image\":{\"@id\":\"https:\/\/brasport-group.com\/fr\/le-groupe\/notre-expertise-sav\/#primaryimage\"},\"thumbnailUrl\":\"https:\/\/brasport-group.com\/wp-content\/uploads\/elementor\/thumbs\/Nuancier-rebbmxply5oexad25h4zauemvf8eog66cmtun7w9j6.png\",\"datePublished\":\"2025-08-26T08:13:02+00:00\",\"dateModified\":\"2026-02-18T14:05:38+00:00\",\"description\":\"Les bureaux SAV g\u00e8rent, au nom de grandes maisons horlog\u00e8res, la logistique de leurs bracelets de deuxi\u00e8me monte. Une pr\u00e9sence g\u00e9ographique choisie permet de r\u00e9pondre \u00e0 toutes les exigences tout en maintenant, aux quatre coins du globe, un service de qualit\u00e9 Swiss Made.\",\"breadcrumb\":{\"@id\":\"https:\/\/brasport-group.com\/fr\/le-groupe\/notre-expertise-sav\/#breadcrumb\"},\"inLanguage\":\"fr-FR\",\"potentialAction\":[{\"@type\":\"ReadAction\",\"target\":[\"https:\/\/brasport-group.com\/fr\/le-groupe\/notre-expertise-sav\/\"]}]},{\"@type\":\"ImageObject\",\"inLanguage\":\"fr-FR\",\"@id\":\"https:\/\/brasport-group.com\/fr\/le-groupe\/notre-expertise-sav\/#primaryimage\",\"url\":\"https:\/\/brasport-group.com\/wp-content\/uploads\/elementor\/thumbs\/Nuancier-rebbmxply5oexad25h4zauemvf8eog66cmtun7w9j6.png\",\"contentUrl\":\"https:\/\/brasport-group.com\/wp-content\/uploads\/elementor\/thumbs\/Nuancier-rebbmxply5oexad25h4zauemvf8eog66cmtun7w9j6.png\"},{\"@type\":\"BreadcrumbList\",\"@id\":\"https:\/\/brasport-group.com\/fr\/le-groupe\/notre-expertise-sav\/#breadcrumb\",\"itemListElement\":[{\"@type\":\"ListItem\",\"position\":1,\"name\":\"Accueil\",\"item\":\"https:\/\/brasport-group.com\/fr\/\"},{\"@type\":\"ListItem\",\"position\":2,\"name\":\"Le Groupe\",\"item\":\"https:\/\/brasport-group.com\/fr\/le-groupe\/\"},{\"@type\":\"ListItem\",\"position\":3,\"name\":\"Notre expertise SAV\"}]},{\"@type\":\"WebSite\",\"@id\":\"https:\/\/brasport-group.com\/fr\/#website\",\"url\":\"https:\/\/brasport-group.com\/fr\/\",\"name\":\"Brasport\",\"description\":\"Passion et excellence\",\"publisher\":{\"@id\":\"https:\/\/brasport-group.com\/fr\/#organization\"},\"potentialAction\":[{\"@type\":\"SearchAction\",\"target\":{\"@type\":\"EntryPoint\",\"urlTemplate\":\"https:\/\/brasport-group.com\/fr\/?s={search_term_string}\"},\"query-input\":{\"@type\":\"PropertyValueSpecification\",\"valueRequired\":true,\"valueName\":\"search_term_string\"}}],\"inLanguage\":\"fr-FR\"},{\"@type\":\"Organization\",\"@id\":\"https:\/\/brasport-group.com\/fr\/#organization\",\"name\":\"Brasport\",\"url\":\"https:\/\/brasport-group.com\/fr\/\",\"logo\":{\"@type\":\"ImageObject\",\"inLanguage\":\"fr-FR\",\"@id\":\"https:\/\/brasport-group.com\/fr\/#\/schema\/logo\/image\/\",\"url\":\"https:\/\/brasport-group.com\/wp-content\/uploads\/2025\/08\/logo-brasport-group.png\",\"contentUrl\":\"https:\/\/brasport-group.com\/wp-content\/uploads\/2025\/08\/logo-brasport-group.png\",\"width\":411,\"height\":34,\"caption\":\"Brasport\"},\"image\":{\"@id\":\"https:\/\/brasport-group.com\/fr\/#\/schema\/logo\/image\/\"}}]}<\/script>\n<!-- \/ Yoast SEO plugin. -->","yoast_head_json":{"title":"Notre expertise SAV - Brasport","description":"Les bureaux SAV g\u00e8rent, au nom de grandes maisons horlog\u00e8res, la logistique de leurs bracelets de deuxi\u00e8me monte. Une pr\u00e9sence g\u00e9ographique choisie permet de r\u00e9pondre \u00e0 toutes les exigences tout en maintenant, aux quatre coins du globe, un service de qualit\u00e9 Swiss Made.","robots":{"index":"index","follow":"follow","max-snippet":"max-snippet:-1","max-image-preview":"max-image-preview:large","max-video-preview":"max-video-preview:-1"},"canonical":"https:\/\/brasport-group.com\/fr\/le-groupe\/notre-expertise-sav\/","og_locale":"fr_FR","og_type":"article","og_title":"Notre expertise SAV - Brasport","og_description":"Les bureaux SAV g\u00e8rent, au nom de grandes maisons horlog\u00e8res, la logistique de leurs bracelets de deuxi\u00e8me monte. Une pr\u00e9sence g\u00e9ographique choisie permet de r\u00e9pondre \u00e0 toutes les exigences tout en maintenant, aux quatre coins du globe, un service de qualit\u00e9 Swiss Made.","og_url":"https:\/\/brasport-group.com\/fr\/le-groupe\/notre-expertise-sav\/","og_site_name":"Brasport","article_modified_time":"2026-02-18T14:05:38+00:00","og_image":[{"url":"https:\/\/brasport-group.com\/wp-content\/uploads\/elementor\/thumbs\/Nuancier-rebbmxply5oexad25h4zauemvf8eog66cmtun7w9j6.png","type":"","width":"","height":""}],"twitter_card":"summary_large_image","twitter_misc":{"Dur\u00e9e de lecture estim\u00e9e":"1 minute"},"schema":{"@context":"https:\/\/schema.org","@graph":[{"@type":"WebPage","@id":"https:\/\/brasport-group.com\/fr\/le-groupe\/notre-expertise-sav\/","url":"https:\/\/brasport-group.com\/fr\/le-groupe\/notre-expertise-sav\/","name":"Notre expertise SAV - Brasport","isPartOf":{"@id":"https:\/\/brasport-group.com\/fr\/#website"},"primaryImageOfPage":{"@id":"https:\/\/brasport-group.com\/fr\/le-groupe\/notre-expertise-sav\/#primaryimage"},"image":{"@id":"https:\/\/brasport-group.com\/fr\/le-groupe\/notre-expertise-sav\/#primaryimage"},"thumbnailUrl":"https:\/\/brasport-group.com\/wp-content\/uploads\/elementor\/thumbs\/Nuancier-rebbmxply5oexad25h4zauemvf8eog66cmtun7w9j6.png","datePublished":"2025-08-26T08:13:02+00:00","dateModified":"2026-02-18T14:05:38+00:00","description":"Les bureaux SAV g\u00e8rent, au nom de grandes maisons horlog\u00e8res, la logistique de leurs bracelets de deuxi\u00e8me monte. Une pr\u00e9sence g\u00e9ographique choisie permet de r\u00e9pondre \u00e0 toutes les exigences tout en maintenant, aux quatre coins du globe, un service de qualit\u00e9 Swiss Made.","breadcrumb":{"@id":"https:\/\/brasport-group.com\/fr\/le-groupe\/notre-expertise-sav\/#breadcrumb"},"inLanguage":"fr-FR","potentialAction":[{"@type":"ReadAction","target":["https:\/\/brasport-group.com\/fr\/le-groupe\/notre-expertise-sav\/"]}]},{"@type":"ImageObject","inLanguage":"fr-FR","@id":"https:\/\/brasport-group.com\/fr\/le-groupe\/notre-expertise-sav\/#primaryimage","url":"https:\/\/brasport-group.com\/wp-content\/uploads\/elementor\/thumbs\/Nuancier-rebbmxply5oexad25h4zauemvf8eog66cmtun7w9j6.png","contentUrl":"https:\/\/brasport-group.com\/wp-content\/uploads\/elementor\/thumbs\/Nuancier-rebbmxply5oexad25h4zauemvf8eog66cmtun7w9j6.png"},{"@type":"BreadcrumbList","@id":"https:\/\/brasport-group.com\/fr\/le-groupe\/notre-expertise-sav\/#breadcrumb","itemListElement":[{"@type":"ListItem","position":1,"name":"Accueil","item":"https:\/\/brasport-group.com\/fr\/"},{"@type":"ListItem","position":2,"name":"Le Groupe","item":"https:\/\/brasport-group.com\/fr\/le-groupe\/"},{"@type":"ListItem","position":3,"name":"Notre expertise SAV"}]},{"@type":"WebSite","@id":"https:\/\/brasport-group.com\/fr\/#website","url":"https:\/\/brasport-group.com\/fr\/","name":"Brasport","description":"Passion et excellence","publisher":{"@id":"https:\/\/brasport-group.com\/fr\/#organization"},"potentialAction":[{"@type":"SearchAction","target":{"@type":"EntryPoint","urlTemplate":"https:\/\/brasport-group.com\/fr\/?s={search_term_string}"},"query-input":{"@type":"PropertyValueSpecification","valueRequired":true,"valueName":"search_term_string"}}],"inLanguage":"fr-FR"},{"@type":"Organization","@id":"https:\/\/brasport-group.com\/fr\/#organization","name":"Brasport","url":"https:\/\/brasport-group.com\/fr\/","logo":{"@type":"ImageObject","inLanguage":"fr-FR","@id":"https:\/\/brasport-group.com\/fr\/#\/schema\/logo\/image\/","url":"https:\/\/brasport-group.com\/wp-content\/uploads\/2025\/08\/logo-brasport-group.png","contentUrl":"https:\/\/brasport-group.com\/wp-content\/uploads\/2025\/08\/logo-brasport-group.png","width":411,"height":34,"caption":"Brasport"},"image":{"@id":"https:\/\/brasport-group.com\/fr\/#\/schema\/logo\/image\/"}}]}},"_links":{"self":[{"href":"https:\/\/brasport-group.com\/fr\/wp-json\/wp\/v2\/pages\/273","targetHints":{"allow":["GET"]}}],"collection":[{"href":"https:\/\/brasport-group.com\/fr\/wp-json\/wp\/v2\/pages"}],"about":[{"href":"https:\/\/brasport-group.com\/fr\/wp-json\/wp\/v2\/types\/page"}],"author":[{"embeddable":true,"href":"https:\/\/brasport-group.com\/fr\/wp-json\/wp\/v2\/users\/1"}],"replies":[{"embeddable":true,"href":"https:\/\/brasport-group.com\/fr\/wp-json\/wp\/v2\/comments?post=273"}],"version-history":[{"count":22,"href":"https:\/\/brasport-group.com\/fr\/wp-json\/wp\/v2\/pages\/273\/revisions"}],"predecessor-version":[{"id":3101,"href":"https:\/\/brasport-group.com\/fr\/wp-json\/wp\/v2\/pages\/273\/revisions\/3101"}],"up":[{"embeddable":true,"href":"https:\/\/brasport-group.com\/fr\/wp-json\/wp\/v2\/pages\/212"}],"wp:attachment":[{"href":"https:\/\/brasport-group.com\/fr\/wp-json\/wp\/v2\/media?parent=273"}],"curies":[{"name":"wp","href":"https:\/\/api.w.org\/{rel}","templated":true}]}}