{"id":275,"date":"2025-08-26T10:13:14","date_gmt":"2025-08-26T08:13:14","guid":{"rendered":"https:\/\/brasport-group.com\/?page_id=275"},"modified":"2026-02-18T16:07:08","modified_gmt":"2026-02-18T14:07:08","slug":"notre-expertise-oem","status":"publish","type":"page","link":"https:\/\/brasport-group.com\/fr\/le-groupe\/notre-expertise-oem\/","title":{"rendered":"Notre expertise OEM"},"content":{"rendered":"\t\t<div data-elementor-type=\"wp-page\" data-elementor-id=\"275\" class=\"elementor elementor-275\" data-elementor-post-type=\"page\">\n\t\t\t\t<div class=\"elementor-element elementor-element-5398caf e-flex e-con-boxed e-con e-parent\" data-id=\"5398caf\" data-element_type=\"container\" data-settings=\"{&quot;background_background&quot;:&quot;classic&quot;}\">\n\t\t\t\t\t<div class=\"e-con-inner\">\n\t\t<div class=\"elementor-element elementor-element-459fec0 animated-slow e-flex e-con-boxed elementor-invisible e-con e-child\" data-id=\"459fec0\" data-element_type=\"container\" data-settings=\"{&quot;animation&quot;:&quot;fadeInUp&quot;,&quot;animation_delay&quot;:200}\">\n\t\t\t\t\t<div class=\"e-con-inner\">\n\t\t\t\t<div class=\"elementor-element elementor-element-c4e21fa elementor-align-left elementor-widget elementor-widget-breadcrumbs\" data-id=\"c4e21fa\" data-element_type=\"widget\" data-widget_type=\"breadcrumbs.default\">\n\t\t\t\t\t<p id=\"breadcrumbs\"><span><span><a href=\"https:\/\/brasport-group.com\/fr\/\">Accueil<\/a><\/span><\/span><\/p>\t\t\t\t<\/div>\n\t\t\t\t<div class=\"elementor-element elementor-element-d05648a elementor-widget elementor-widget-heading\" data-id=\"d05648a\" data-element_type=\"widget\" data-widget_type=\"heading.default\">\n\t\t\t\t\t<h1 class=\"elementor-heading-title elementor-size-default\">Production OEM<br>\nL\u2019expertise Brasport au service de vos collections<\/h1>\t\t\t\t<\/div>\n\t\t\t\t<div class=\"elementor-element elementor-element-f9ac47d elementor-widget__width-initial elementor-widget-mobile__width-inherit elementor-widget elementor-widget-text-editor\" data-id=\"f9ac47d\" data-element_type=\"widget\" data-widget_type=\"text-editor.default\">\n\t\t\t\t\t\t\t\t\t<p>Chez Brasport, nous accompagnons les marques dans le d\u00e9veloppement et la fabrication sur-mesure de leurs produits, du concept \u00e0 la livraison.<br \/>Gr\u00e2ce \u00e0 notre expertise OEM (Original Equipment Manufacturer), nous produisons en s\u00e9rie des bracelets, composants et articles de maroquinerie r\u00e9pondant aux plus hauts standards du march\u00e9.<\/p>\t\t\t\t\t\t\t\t<\/div>\n\t\t\t\t\t<\/div>\n\t\t\t\t<\/div>\n\t\t\t\t\t<\/div>\n\t\t\t\t<\/div>\n\t\t<div class=\"elementor-element elementor-element-f0024e7 e-flex e-con-boxed e-con e-parent\" data-id=\"f0024e7\" data-element_type=\"container\">\n\t\t\t\t\t<div class=\"e-con-inner\">\n\t\t<div class=\"elementor-element elementor-element-48e6c10 e-con-full e-flex e-con e-child\" data-id=\"48e6c10\" data-element_type=\"container\">\n\t\t\t\t<div class=\"elementor-element elementor-element-e8cd38a elementor-widget elementor-widget-image\" data-id=\"e8cd38a\" data-element_type=\"widget\" data-widget_type=\"image.default\">\n\t\t\t\t\t\t\t\t\t\t\t\t\t\t\t<img fetchpriority=\"high\" decoding=\"async\" width=\"800\" height=\"533\" src=\"https:\/\/brasport-group.com\/wp-content\/uploads\/2025\/11\/ESC2711.jpg\" class=\"attachment-full size-full wp-image-2638\" alt=\"\" srcset=\"https:\/\/brasport-group.com\/wp-content\/uploads\/2025\/11\/ESC2711.jpg 800w, https:\/\/brasport-group.com\/wp-content\/uploads\/2025\/11\/ESC2711-300x200.jpg 300w, https:\/\/brasport-group.com\/wp-content\/uploads\/2025\/11\/ESC2711-768x512.jpg 768w\" sizes=\"(max-width: 800px) 100vw, 800px\" \/>\t\t\t\t\t\t\t\t\t\t\t\t\t\t\t<\/div>\n\t\t\t\t<\/div>\n\t\t<div class=\"elementor-element elementor-element-6e4a879 e-con-full e-flex e-con e-child\" data-id=\"6e4a879\" data-element_type=\"container\">\n\t\t<div class=\"elementor-element elementor-element-80f4300 e-con-full e-flex e-con e-child\" data-id=\"80f4300\" data-element_type=\"container\">\n\t\t\t\t<div class=\"elementor-element elementor-element-d0cd45c elementor-widget elementor-widget-heading\" data-id=\"d0cd45c\" data-element_type=\"widget\" data-widget_type=\"heading.default\">\n\t\t\t\t\t<h3 class=\"elementor-heading-title elementor-size-default\">Notre offre OEM repose sur :<\/h3>\t\t\t\t<\/div>\n\t\t\t\t<div class=\"elementor-element elementor-element-49239f4 elementor-widget elementor-widget-text-editor\" data-id=\"49239f4\" data-element_type=\"widget\" data-widget_type=\"text-editor.default\">\n\t\t\t\t\t\t\t\t\t<ul><li>Une \u00e9troite collaboration avec vos \u00e9quipes : co-d\u00e9veloppement, design, choix des mat\u00e9riaux<\/li><li>Un accompagnement de l&rsquo;industrialisation \u00e0 la production<\/li><li>Une ma\u00eetrise de la qualit\u00e9 et des d\u00e9lais sur l&rsquo;ensemble de la cha\u00eene<\/li><li>La force d&rsquo;un groupe international, avec des sites de production certifi\u00e9s, agiles et compl\u00e9mentaires<\/li><\/ul><p>Gr\u00e2ce \u00e0 notre ma\u00eetrise des cuirs, mati\u00e8res techniques et proc\u00e9d\u00e9s complexes, nous donnons vie \u00e0 vos collections avec pr\u00e9cision, \u00e9l\u00e9gance et fiabilit\u00e9.<\/p>\t\t\t\t\t\t\t\t<\/div>\n\t\t\t\t<\/div>\n\t\t\t\t<\/div>\n\t\t\t\t\t<\/div>\n\t\t\t\t<\/div>\n\t\t\t\t<\/div>\n\t\t","protected":false},"excerpt":{"rendered":"<p>Production OEM L\u2019expertise Brasport au service de vos collections Chez Brasport, nous accompagnons les marques dans le d\u00e9veloppement et la fabrication sur-mesure de leurs produits, du concept \u00e0 la livraison.Gr\u00e2ce \u00e0 notre expertise OEM (Original Equipment Manufacturer), nous produisons en s\u00e9rie des bracelets, composants et articles de maroquinerie r\u00e9pondant aux plus hauts standards du march\u00e9. [&hellip;]<\/p>\n","protected":false},"author":1,"featured_media":0,"parent":212,"menu_order":0,"comment_status":"closed","ping_status":"closed","template":"","meta":{"_acf_changed":false,"footnotes":""},"class_list":["post-275","page","type-page","status-publish","hentry"],"acf":[],"yoast_head":"<!-- This site is optimized with the Yoast SEO plugin v26.4 - https:\/\/yoast.com\/wordpress\/plugins\/seo\/ -->\n<title>Notre expertise OEM - Brasport<\/title>\n<meta name=\"description\" content=\"Brasport s\u2019exporte, mais nos valeurs demeurent le pilier de chaque nouvelle entit\u00e9. Un \u00e9lan \u00e0 la suisse qui s\u2019exprime dans la s\u00e9lection des mati\u00e8res les plus nobles, ainsi qu\u2019au travers de notre savoir-faire unique constamment renouvel\u00e9 et dans la qualit\u00e9 d\u2019ex\u00e9cution.\" \/>\n<meta name=\"robots\" content=\"index, follow, max-snippet:-1, max-image-preview:large, max-video-preview:-1\" \/>\n<link rel=\"canonical\" href=\"https:\/\/brasport-group.com\/fr\/le-groupe\/notre-expertise-oem\/\" \/>\n<meta property=\"og:locale\" content=\"fr_FR\" \/>\n<meta property=\"og:type\" content=\"article\" \/>\n<meta property=\"og:title\" content=\"Notre expertise OEM - Brasport\" \/>\n<meta property=\"og:description\" content=\"Brasport s\u2019exporte, mais nos valeurs demeurent le pilier de chaque nouvelle entit\u00e9. Un \u00e9lan \u00e0 la suisse qui s\u2019exprime dans la s\u00e9lection des mati\u00e8res les plus nobles, ainsi qu\u2019au travers de notre savoir-faire unique constamment renouvel\u00e9 et dans la qualit\u00e9 d\u2019ex\u00e9cution.\" \/>\n<meta property=\"og:url\" content=\"https:\/\/brasport-group.com\/fr\/le-groupe\/notre-expertise-oem\/\" \/>\n<meta property=\"og:site_name\" content=\"Brasport\" \/>\n<meta property=\"article:modified_time\" content=\"2026-02-18T14:07:08+00:00\" \/>\n<meta property=\"og:image\" content=\"https:\/\/brasport-group.com\/wp-content\/uploads\/2025\/11\/ESC2711.jpg\" \/>\n<meta name=\"twitter:card\" content=\"summary_large_image\" \/>\n<meta name=\"twitter:label1\" content=\"Dur\u00e9e de lecture estim\u00e9e\" \/>\n\t<meta name=\"twitter:data1\" content=\"1 minute\" \/>\n<script type=\"application\/ld+json\" class=\"yoast-schema-graph\">{\"@context\":\"https:\/\/schema.org\",\"@graph\":[{\"@type\":\"WebPage\",\"@id\":\"https:\/\/brasport-group.com\/fr\/le-groupe\/notre-expertise-oem\/\",\"url\":\"https:\/\/brasport-group.com\/fr\/le-groupe\/notre-expertise-oem\/\",\"name\":\"Notre expertise OEM - Brasport\",\"isPartOf\":{\"@id\":\"https:\/\/brasport-group.com\/fr\/#website\"},\"primaryImageOfPage\":{\"@id\":\"https:\/\/brasport-group.com\/fr\/le-groupe\/notre-expertise-oem\/#primaryimage\"},\"image\":{\"@id\":\"https:\/\/brasport-group.com\/fr\/le-groupe\/notre-expertise-oem\/#primaryimage\"},\"thumbnailUrl\":\"https:\/\/brasport-group.com\/wp-content\/uploads\/2025\/11\/ESC2711.jpg\",\"datePublished\":\"2025-08-26T08:13:14+00:00\",\"dateModified\":\"2026-02-18T14:07:08+00:00\",\"description\":\"Brasport s\u2019exporte, mais nos valeurs demeurent le pilier de chaque nouvelle entit\u00e9. Un \u00e9lan \u00e0 la suisse qui s\u2019exprime dans la s\u00e9lection des mati\u00e8res les plus nobles, ainsi qu\u2019au travers de notre savoir-faire unique constamment renouvel\u00e9 et dans la qualit\u00e9 d\u2019ex\u00e9cution.\",\"breadcrumb\":{\"@id\":\"https:\/\/brasport-group.com\/fr\/le-groupe\/notre-expertise-oem\/#breadcrumb\"},\"inLanguage\":\"fr-FR\",\"potentialAction\":[{\"@type\":\"ReadAction\",\"target\":[\"https:\/\/brasport-group.com\/fr\/le-groupe\/notre-expertise-oem\/\"]}]},{\"@type\":\"ImageObject\",\"inLanguage\":\"fr-FR\",\"@id\":\"https:\/\/brasport-group.com\/fr\/le-groupe\/notre-expertise-oem\/#primaryimage\",\"url\":\"https:\/\/brasport-group.com\/wp-content\/uploads\/2025\/11\/ESC2711.jpg\",\"contentUrl\":\"https:\/\/brasport-group.com\/wp-content\/uploads\/2025\/11\/ESC2711.jpg\"},{\"@type\":\"BreadcrumbList\",\"@id\":\"https:\/\/brasport-group.com\/fr\/le-groupe\/notre-expertise-oem\/#breadcrumb\",\"itemListElement\":[{\"@type\":\"ListItem\",\"position\":1,\"name\":\"Accueil\",\"item\":\"https:\/\/brasport-group.com\/fr\/\"},{\"@type\":\"ListItem\",\"position\":2,\"name\":\"Le Groupe\",\"item\":\"https:\/\/brasport-group.com\/fr\/le-groupe\/\"},{\"@type\":\"ListItem\",\"position\":3,\"name\":\"Notre expertise OEM\"}]},{\"@type\":\"WebSite\",\"@id\":\"https:\/\/brasport-group.com\/fr\/#website\",\"url\":\"https:\/\/brasport-group.com\/fr\/\",\"name\":\"Brasport\",\"description\":\"Passion et excellence\",\"publisher\":{\"@id\":\"https:\/\/brasport-group.com\/fr\/#organization\"},\"potentialAction\":[{\"@type\":\"SearchAction\",\"target\":{\"@type\":\"EntryPoint\",\"urlTemplate\":\"https:\/\/brasport-group.com\/fr\/?s={search_term_string}\"},\"query-input\":{\"@type\":\"PropertyValueSpecification\",\"valueRequired\":true,\"valueName\":\"search_term_string\"}}],\"inLanguage\":\"fr-FR\"},{\"@type\":\"Organization\",\"@id\":\"https:\/\/brasport-group.com\/fr\/#organization\",\"name\":\"Brasport\",\"url\":\"https:\/\/brasport-group.com\/fr\/\",\"logo\":{\"@type\":\"ImageObject\",\"inLanguage\":\"fr-FR\",\"@id\":\"https:\/\/brasport-group.com\/fr\/#\/schema\/logo\/image\/\",\"url\":\"https:\/\/brasport-group.com\/wp-content\/uploads\/2025\/08\/logo-brasport-group.png\",\"contentUrl\":\"https:\/\/brasport-group.com\/wp-content\/uploads\/2025\/08\/logo-brasport-group.png\",\"width\":411,\"height\":34,\"caption\":\"Brasport\"},\"image\":{\"@id\":\"https:\/\/brasport-group.com\/fr\/#\/schema\/logo\/image\/\"}}]}<\/script>\n<!-- \/ Yoast SEO plugin. -->","yoast_head_json":{"title":"Notre expertise OEM - Brasport","description":"Brasport s\u2019exporte, mais nos valeurs demeurent le pilier de chaque nouvelle entit\u00e9. Un \u00e9lan \u00e0 la suisse qui s\u2019exprime dans la s\u00e9lection des mati\u00e8res les plus nobles, ainsi qu\u2019au travers de notre savoir-faire unique constamment renouvel\u00e9 et dans la qualit\u00e9 d\u2019ex\u00e9cution.","robots":{"index":"index","follow":"follow","max-snippet":"max-snippet:-1","max-image-preview":"max-image-preview:large","max-video-preview":"max-video-preview:-1"},"canonical":"https:\/\/brasport-group.com\/fr\/le-groupe\/notre-expertise-oem\/","og_locale":"fr_FR","og_type":"article","og_title":"Notre expertise OEM - Brasport","og_description":"Brasport s\u2019exporte, mais nos valeurs demeurent le pilier de chaque nouvelle entit\u00e9. Un \u00e9lan \u00e0 la suisse qui s\u2019exprime dans la s\u00e9lection des mati\u00e8res les plus nobles, ainsi qu\u2019au travers de notre savoir-faire unique constamment renouvel\u00e9 et dans la qualit\u00e9 d\u2019ex\u00e9cution.","og_url":"https:\/\/brasport-group.com\/fr\/le-groupe\/notre-expertise-oem\/","og_site_name":"Brasport","article_modified_time":"2026-02-18T14:07:08+00:00","og_image":[{"url":"https:\/\/brasport-group.com\/wp-content\/uploads\/2025\/11\/ESC2711.jpg","type":"","width":"","height":""}],"twitter_card":"summary_large_image","twitter_misc":{"Dur\u00e9e de lecture estim\u00e9e":"1 minute"},"schema":{"@context":"https:\/\/schema.org","@graph":[{"@type":"WebPage","@id":"https:\/\/brasport-group.com\/fr\/le-groupe\/notre-expertise-oem\/","url":"https:\/\/brasport-group.com\/fr\/le-groupe\/notre-expertise-oem\/","name":"Notre expertise OEM - Brasport","isPartOf":{"@id":"https:\/\/brasport-group.com\/fr\/#website"},"primaryImageOfPage":{"@id":"https:\/\/brasport-group.com\/fr\/le-groupe\/notre-expertise-oem\/#primaryimage"},"image":{"@id":"https:\/\/brasport-group.com\/fr\/le-groupe\/notre-expertise-oem\/#primaryimage"},"thumbnailUrl":"https:\/\/brasport-group.com\/wp-content\/uploads\/2025\/11\/ESC2711.jpg","datePublished":"2025-08-26T08:13:14+00:00","dateModified":"2026-02-18T14:07:08+00:00","description":"Brasport s\u2019exporte, mais nos valeurs demeurent le pilier de chaque nouvelle entit\u00e9. Un \u00e9lan \u00e0 la suisse qui s\u2019exprime dans la s\u00e9lection des mati\u00e8res les plus nobles, ainsi qu\u2019au travers de notre savoir-faire unique constamment renouvel\u00e9 et dans la qualit\u00e9 d\u2019ex\u00e9cution.","breadcrumb":{"@id":"https:\/\/brasport-group.com\/fr\/le-groupe\/notre-expertise-oem\/#breadcrumb"},"inLanguage":"fr-FR","potentialAction":[{"@type":"ReadAction","target":["https:\/\/brasport-group.com\/fr\/le-groupe\/notre-expertise-oem\/"]}]},{"@type":"ImageObject","inLanguage":"fr-FR","@id":"https:\/\/brasport-group.com\/fr\/le-groupe\/notre-expertise-oem\/#primaryimage","url":"https:\/\/brasport-group.com\/wp-content\/uploads\/2025\/11\/ESC2711.jpg","contentUrl":"https:\/\/brasport-group.com\/wp-content\/uploads\/2025\/11\/ESC2711.jpg"},{"@type":"BreadcrumbList","@id":"https:\/\/brasport-group.com\/fr\/le-groupe\/notre-expertise-oem\/#breadcrumb","itemListElement":[{"@type":"ListItem","position":1,"name":"Accueil","item":"https:\/\/brasport-group.com\/fr\/"},{"@type":"ListItem","position":2,"name":"Le Groupe","item":"https:\/\/brasport-group.com\/fr\/le-groupe\/"},{"@type":"ListItem","position":3,"name":"Notre expertise OEM"}]},{"@type":"WebSite","@id":"https:\/\/brasport-group.com\/fr\/#website","url":"https:\/\/brasport-group.com\/fr\/","name":"Brasport","description":"Passion et excellence","publisher":{"@id":"https:\/\/brasport-group.com\/fr\/#organization"},"potentialAction":[{"@type":"SearchAction","target":{"@type":"EntryPoint","urlTemplate":"https:\/\/brasport-group.com\/fr\/?s={search_term_string}"},"query-input":{"@type":"PropertyValueSpecification","valueRequired":true,"valueName":"search_term_string"}}],"inLanguage":"fr-FR"},{"@type":"Organization","@id":"https:\/\/brasport-group.com\/fr\/#organization","name":"Brasport","url":"https:\/\/brasport-group.com\/fr\/","logo":{"@type":"ImageObject","inLanguage":"fr-FR","@id":"https:\/\/brasport-group.com\/fr\/#\/schema\/logo\/image\/","url":"https:\/\/brasport-group.com\/wp-content\/uploads\/2025\/08\/logo-brasport-group.png","contentUrl":"https:\/\/brasport-group.com\/wp-content\/uploads\/2025\/08\/logo-brasport-group.png","width":411,"height":34,"caption":"Brasport"},"image":{"@id":"https:\/\/brasport-group.com\/fr\/#\/schema\/logo\/image\/"}}]}},"_links":{"self":[{"href":"https:\/\/brasport-group.com\/fr\/wp-json\/wp\/v2\/pages\/275","targetHints":{"allow":["GET"]}}],"collection":[{"href":"https:\/\/brasport-group.com\/fr\/wp-json\/wp\/v2\/pages"}],"about":[{"href":"https:\/\/brasport-group.com\/fr\/wp-json\/wp\/v2\/types\/page"}],"author":[{"embeddable":true,"href":"https:\/\/brasport-group.com\/fr\/wp-json\/wp\/v2\/users\/1"}],"replies":[{"embeddable":true,"href":"https:\/\/brasport-group.com\/fr\/wp-json\/wp\/v2\/comments?post=275"}],"version-history":[{"count":25,"href":"https:\/\/brasport-group.com\/fr\/wp-json\/wp\/v2\/pages\/275\/revisions"}],"predecessor-version":[{"id":3574,"href":"https:\/\/brasport-group.com\/fr\/wp-json\/wp\/v2\/pages\/275\/revisions\/3574"}],"up":[{"embeddable":true,"href":"https:\/\/brasport-group.com\/fr\/wp-json\/wp\/v2\/pages\/212"}],"wp:attachment":[{"href":"https:\/\/brasport-group.com\/fr\/wp-json\/wp\/v2\/media?parent=275"}],"curies":[{"name":"wp","href":"https:\/\/api.w.org\/{rel}","templated":true}]}}