{"id":277,"date":"2025-08-26T10:13:32","date_gmt":"2025-08-26T08:13:32","guid":{"rendered":"https:\/\/brasport-group.com\/?page_id=277"},"modified":"2026-02-18T16:09:07","modified_gmt":"2026-02-18T14:09:07","slug":"recherche-developpement","status":"publish","type":"page","link":"https:\/\/brasport-group.com\/fr\/le-groupe\/recherche-developpement\/","title":{"rendered":"Recherche &amp; D\u00e9veloppement"},"content":{"rendered":"\t\t<div data-elementor-type=\"wp-page\" data-elementor-id=\"277\" class=\"elementor elementor-277\" data-elementor-post-type=\"page\">\n\t\t\t\t<div class=\"elementor-element elementor-element-9bdbd33 e-flex e-con-boxed e-con e-parent\" data-id=\"9bdbd33\" data-element_type=\"container\" data-settings=\"{&quot;background_background&quot;:&quot;classic&quot;}\">\n\t\t\t\t\t<div class=\"e-con-inner\">\n\t\t<div class=\"elementor-element elementor-element-31162ff animated-slow e-flex e-con-boxed elementor-invisible e-con e-child\" data-id=\"31162ff\" data-element_type=\"container\" data-settings=\"{&quot;animation&quot;:&quot;fadeInUp&quot;,&quot;animation_delay&quot;:200}\">\n\t\t\t\t\t<div class=\"e-con-inner\">\n\t\t\t\t<div class=\"elementor-element elementor-element-16cb3f7 elementor-align-left elementor-widget elementor-widget-breadcrumbs\" data-id=\"16cb3f7\" data-element_type=\"widget\" data-widget_type=\"breadcrumbs.default\">\n\t\t\t\t\t<p id=\"breadcrumbs\"><span><span><a href=\"https:\/\/brasport-group.com\/fr\/\">Accueil<\/a><\/span><\/span><\/p>\t\t\t\t<\/div>\n\t\t\t\t<div class=\"elementor-element elementor-element-3dcde23 elementor-widget elementor-widget-heading\" data-id=\"3dcde23\" data-element_type=\"widget\" data-widget_type=\"heading.default\">\n\t\t\t\t\t<h1 class=\"elementor-heading-title elementor-size-default\">Recherche &amp;  D\u00e9veloppement<\/h1>\t\t\t\t<\/div>\n\t\t\t\t<div class=\"elementor-element elementor-element-acd2330 elementor-widget__width-initial elementor-widget-mobile__width-inherit elementor-widget elementor-widget-text-editor\" data-id=\"acd2330\" data-element_type=\"widget\" data-widget_type=\"text-editor.default\">\n\t\t\t\t\t\t\t\t\t<p>Chez Brasport, l\u2019innovation n\u2019est pas une option : c\u2019est un r\u00e9flexe, un moteur et une signature. Notre d\u00e9partement Recherche &amp; D\u00e9veloppement, implant\u00e9 \u00e0 La Chaux-de-Fonds et renforc\u00e9 par BradTech au Portugal, imagine, con\u00e7oit, perfectionne et teste les solutions de demain, pour rester \u00e0 la hauteur des attentes les plus pointues des marques de l\u2019horlogerie, du luxe et des accessoires.<\/p>\t\t\t\t\t\t\t\t<\/div>\n\t\t\t\t\t<\/div>\n\t\t\t\t<\/div>\n\t\t\t\t\t<\/div>\n\t\t\t\t<\/div>\n\t\t<div class=\"elementor-element elementor-element-9d4897a e-flex e-con-boxed e-con e-parent\" data-id=\"9d4897a\" data-element_type=\"container\">\n\t\t\t\t\t<div class=\"e-con-inner\">\n\t\t<div class=\"elementor-element elementor-element-d47d6b1 e-con-full e-flex e-con e-child\" data-id=\"d47d6b1\" data-element_type=\"container\">\n\t\t\t\t<div class=\"elementor-element elementor-element-dec1b12 elementor-widget elementor-widget-image\" data-id=\"dec1b12\" data-element_type=\"widget\" data-widget_type=\"image.default\">\n\t\t\t\t\t\t\t\t\t\t\t\t\t\t\t<img decoding=\"async\" src=\"https:\/\/brasport-group.com\/wp-content\/uploads\/elementor\/thumbs\/Capture-decran-2025-11-14-143042-rep2n7vkpmauivep7w2y7gi4xzbvlsggquc6hjl3cy.png\" title=\"Capture d&rsquo;\u00e9cran 2025-11-14 143042\" alt=\"Capture d&#039;\u00e9cran 2025-11-14 143042\" loading=\"lazy\" \/>\t\t\t\t\t\t\t\t\t\t\t\t\t\t\t<\/div>\n\t\t\t\t<\/div>\n\t\t<div class=\"elementor-element elementor-element-2193585 e-con-full e-flex e-con e-child\" data-id=\"2193585\" data-element_type=\"container\">\n\t\t<div class=\"elementor-element elementor-element-1dede5c e-con-full e-flex e-con e-child\" data-id=\"1dede5c\" data-element_type=\"container\">\n\t\t\t\t<div class=\"elementor-element elementor-element-d90e41c elementor-widget elementor-widget-heading\" data-id=\"d90e41c\" data-element_type=\"widget\" data-widget_type=\"heading.default\">\n\t\t\t\t\t<h3 class=\"elementor-heading-title elementor-size-default\">Une expertise \u00e0 360\u00b0, du cuir aux composants techniques<\/h3>\t\t\t\t<\/div>\n\t\t\t\t<div class=\"elementor-element elementor-element-45a6cd0 elementor-widget elementor-widget-text-editor\" data-id=\"45a6cd0\" data-element_type=\"widget\" data-widget_type=\"text-editor.default\">\n\t\t\t\t\t\t\t\t\t<p>Nos \u00e9quipes pluridisciplinaires travaillent sur :<\/p><ul><li>Le d\u00e9veloppement de nouvelles mati\u00e8res : cuirs techniques, finitions innovantes, traitements durables<\/li><li>L\u2019optimisation des composants horlogers : inserts, habillages, syst\u00e8mes interchangeables<\/li><li>La conception de prototypes complexes en 3D, jusqu\u2019\u00e0 la finition<\/li><li>L\u2019int\u00e9gration de technologies de pointe : impression 3D, usinage haute pr\u00e9cision, traitements de surface<\/li><li>La cr\u00e9ation d\u2019outillages et de moules sur-mesure pour gagner en efficacit\u00e9 et en r\u00e9gularit\u00e9<\/li><\/ul>\t\t\t\t\t\t\t\t<\/div>\n\t\t\t\t<\/div>\n\t\t\t\t<\/div>\n\t\t\t\t\t<\/div>\n\t\t\t\t<\/div>\n\t\t<div class=\"elementor-element elementor-element-e8eaa0e e-flex e-con-boxed e-con e-parent\" data-id=\"e8eaa0e\" data-element_type=\"container\">\n\t\t\t\t\t<div class=\"e-con-inner\">\n\t\t<div class=\"elementor-element elementor-element-58b91a0 e-con-full e-flex e-con e-child\" data-id=\"58b91a0\" data-element_type=\"container\">\n\t\t<div class=\"elementor-element elementor-element-bb45501 e-con-full e-flex e-con e-child\" data-id=\"bb45501\" data-element_type=\"container\">\n\t\t\t\t<div class=\"elementor-element elementor-element-2dc0098 elementor-widget elementor-widget-heading\" data-id=\"2dc0098\" data-element_type=\"widget\" data-widget_type=\"heading.default\">\n\t\t\t\t\t<h3 class=\"elementor-heading-title elementor-size-default\">Un levier strat\u00e9gique de performance<\/h3>\t\t\t\t<\/div>\n\t\t\t\t<div class=\"elementor-element elementor-element-6ca8ab1 elementor-widget elementor-widget-text-editor\" data-id=\"6ca8ab1\" data-element_type=\"widget\" data-widget_type=\"text-editor.default\">\n\t\t\t\t\t\t\t\t\t<p>La mission de notre R&amp;D est triple :<br \/><br \/>\u2714 Innover dans les produits<br \/>\u2714 Innover dans les proc\u00e9d\u00e9s<br \/>\u2714 Faire de notre savoir-faire un avantage concurrentiel strat\u00e9gique<\/p><p>Nous d\u00e9veloppons des solutions concr\u00e8tes qui am\u00e9liorent la production, augmentent la qualit\u00e9 et r\u00e9pondent aux nouvelles exigences des march\u00e9s internationaux. Avec 3 brevets actifs, Brasport transforme chaque id\u00e9e en avanc\u00e9e mesurable, qu\u2019il s\u2019agisse de technologies brevet\u00e9es ou de perfectionnements invisibles mais essentiels.<\/p>\t\t\t\t\t\t\t\t<\/div>\n\t\t\t\t<\/div>\n\t\t\t\t<\/div>\n\t\t<div class=\"elementor-element elementor-element-b0a8dec e-con-full e-flex e-con e-child\" data-id=\"b0a8dec\" data-element_type=\"container\">\n\t\t\t\t<div class=\"elementor-element elementor-element-306be1d elementor-widget elementor-widget-image\" data-id=\"306be1d\" data-element_type=\"widget\" data-widget_type=\"image.default\">\n\t\t\t\t\t\t\t\t\t\t\t\t\t\t\t<img decoding=\"async\" src=\"https:\/\/brasport-group.com\/wp-content\/uploads\/elementor\/thumbs\/Capture-decran-2025-11-14-142700-rep2ixq1ksftmtmm81g4ujejisfojfghhncjs5xnpe.png\" title=\"Capture d&rsquo;\u00e9cran 2025-11-14 142700\" alt=\"Capture d&#039;\u00e9cran 2025-11-14 142700\" loading=\"lazy\" \/>\t\t\t\t\t\t\t\t\t\t\t\t\t\t\t<\/div>\n\t\t\t\t<\/div>\n\t\t\t\t\t<\/div>\n\t\t\t\t<\/div>\n\t\t<div class=\"elementor-element elementor-element-11fc602 e-flex e-con-boxed e-con e-parent\" data-id=\"11fc602\" data-element_type=\"container\">\n\t\t\t\t\t<div class=\"e-con-inner\">\n\t\t<div class=\"elementor-element elementor-element-77d1aa1 e-con-full e-flex e-con e-child\" data-id=\"77d1aa1\" data-element_type=\"container\">\n\t\t\t\t<div class=\"elementor-element elementor-element-7c04003 elementor-widget elementor-widget-image\" data-id=\"7c04003\" data-element_type=\"widget\" data-widget_type=\"image.default\">\n\t\t\t\t\t\t\t\t\t\t\t\t\t\t\t<img decoding=\"async\" src=\"https:\/\/brasport-group.com\/wp-content\/uploads\/elementor\/thumbs\/DSC0011-scaled-rawyq0axfztgsy75185juohc8eq6h3rcdpotndhkjm.jpg\" title=\"_DSC0011\" alt=\"_DSC0011\" loading=\"lazy\" \/>\t\t\t\t\t\t\t\t\t\t\t\t\t\t\t<\/div>\n\t\t\t\t<\/div>\n\t\t<div class=\"elementor-element elementor-element-a40a32e e-con-full e-flex e-con e-child\" data-id=\"a40a32e\" data-element_type=\"container\">\n\t\t<div class=\"elementor-element elementor-element-6eef879 e-con-full e-flex e-con e-child\" data-id=\"6eef879\" data-element_type=\"container\">\n\t\t\t\t<div class=\"elementor-element elementor-element-acec54c elementor-widget elementor-widget-heading\" data-id=\"acec54c\" data-element_type=\"widget\" data-widget_type=\"heading.default\">\n\t\t\t\t\t<h3 class=\"elementor-heading-title elementor-size-default\">Une veille constante, un dialogue ouvert<\/h3>\t\t\t\t<\/div>\n\t\t\t\t<div class=\"elementor-element elementor-element-617fdd4 elementor-widget elementor-widget-text-editor\" data-id=\"617fdd4\" data-element_type=\"widget\" data-widget_type=\"text-editor.default\">\n\t\t\t\t\t\t\t\t\t<p>Le d\u00e9partement R&amp;D m\u00e8ne une veille active sur les mat\u00e9riaux, les tendances et les \u00e9volutions r\u00e9glementaires (REACH, RoHS, Prop 65), tout en maintenant un dialogue permanent avec nos clients, partenaires et instances de r\u00e9gulation.<\/p><p>Brasport est \u00e9galement cofondateur de l\u2019<a href=\"https:\/\/www.aqc-asso.ch\/index.php\/fr\/\">AQC<\/a> (Association pour l\u2019assurance Qualit\u00e9 des fabricants de bracelets Cuir), acteur de r\u00e9f\u00e9rence dans le contr\u00f4le qualit\u00e9 de la fili\u00e8re cuir. Cet engagement souligne notre volont\u00e9 de garantir tra\u00e7abilit\u00e9, s\u00e9curit\u00e9 produit et pr\u00e9servation des savoir-faire.<\/p><p>Entreprise tourn\u00e9e vers l\u2019avenir, Brasport est toujours pr\u00eate \u00e0 adopter les standards les plus exigeants. Notre ambition ? Continuer \u00e0 transformer les contraintes en opportunit\u00e9s et \u00e0 offrir aux marques des solutions innovantes, performantes et durables.<\/p>\t\t\t\t\t\t\t\t<\/div>\n\t\t\t\t<\/div>\n\t\t\t\t<\/div>\n\t\t\t\t\t<\/div>\n\t\t\t\t<\/div>\n\t\t\t\t<\/div>\n\t\t","protected":false},"excerpt":{"rendered":"<p>Recherche &amp; D\u00e9veloppement Chez Brasport, l\u2019innovation n\u2019est pas une option : c\u2019est un r\u00e9flexe, un moteur et une signature. Notre d\u00e9partement Recherche &amp; D\u00e9veloppement, implant\u00e9 \u00e0 La Chaux-de-Fonds et renforc\u00e9 par BradTech au Portugal, imagine, con\u00e7oit, perfectionne et teste les solutions de demain, pour rester \u00e0 la hauteur des attentes les plus pointues des marques [&hellip;]<\/p>\n","protected":false},"author":1,"featured_media":0,"parent":212,"menu_order":0,"comment_status":"closed","ping_status":"closed","template":"","meta":{"_acf_changed":false,"footnotes":""},"class_list":["post-277","page","type-page","status-publish","hentry"],"acf":[],"yoast_head":"<!-- This site is optimized with the Yoast SEO plugin v26.4 - https:\/\/yoast.com\/wordpress\/plugins\/seo\/ -->\n<title>Recherche &amp; D\u00e9veloppement - Brasport<\/title>\n<meta name=\"description\" content=\"Chez Brasport, l\u2019innovation est un moteur strat\u00e9gique. Notre d\u00e9partement R&amp;D, bas\u00e9 en Suisse et au Portugal, con\u00e7oit des solutions innovantes pour l\u2019horlogerie et le luxe : nouveaux mat\u00e9riaux, composants optimis\u00e9s, technologies de pointe et prototypes sur mesure. Avec plusieurs brevets actifs et une veille constante, nous transformons chaque d\u00e9fi en opportunit\u00e9 pour offrir performance, qualit\u00e9 et durabilit\u00e9.\" \/>\n<meta name=\"robots\" content=\"index, follow, max-snippet:-1, max-image-preview:large, max-video-preview:-1\" \/>\n<link rel=\"canonical\" href=\"https:\/\/brasport-group.com\/fr\/le-groupe\/recherche-developpement\/\" \/>\n<meta property=\"og:locale\" content=\"fr_FR\" \/>\n<meta property=\"og:type\" content=\"article\" \/>\n<meta property=\"og:title\" content=\"Recherche &amp; D\u00e9veloppement - Brasport\" \/>\n<meta property=\"og:description\" content=\"Chez Brasport, l\u2019innovation est un moteur strat\u00e9gique. Notre d\u00e9partement R&amp;D, bas\u00e9 en Suisse et au Portugal, con\u00e7oit des solutions innovantes pour l\u2019horlogerie et le luxe : nouveaux mat\u00e9riaux, composants optimis\u00e9s, technologies de pointe et prototypes sur mesure. Avec plusieurs brevets actifs et une veille constante, nous transformons chaque d\u00e9fi en opportunit\u00e9 pour offrir performance, qualit\u00e9 et durabilit\u00e9.\" \/>\n<meta property=\"og:url\" content=\"https:\/\/brasport-group.com\/fr\/le-groupe\/recherche-developpement\/\" \/>\n<meta property=\"og:site_name\" content=\"Brasport\" \/>\n<meta property=\"article:modified_time\" content=\"2026-02-18T14:09:07+00:00\" \/>\n<meta property=\"og:image\" content=\"https:\/\/brasport-group.com\/wp-content\/uploads\/elementor\/thumbs\/Capture-decran-2025-11-14-143042-rep2n6xqis9k79g2ddobmyqoclgie3cqepop09mhj6.png\" \/>\n<meta name=\"twitter:card\" content=\"summary_large_image\" \/>\n<meta name=\"twitter:label1\" content=\"Dur\u00e9e de lecture estim\u00e9e\" \/>\n\t<meta name=\"twitter:data1\" content=\"3 minutes\" \/>\n<script type=\"application\/ld+json\" class=\"yoast-schema-graph\">{\"@context\":\"https:\/\/schema.org\",\"@graph\":[{\"@type\":\"WebPage\",\"@id\":\"https:\/\/brasport-group.com\/fr\/le-groupe\/recherche-developpement\/\",\"url\":\"https:\/\/brasport-group.com\/fr\/le-groupe\/recherche-developpement\/\",\"name\":\"Recherche &amp; D\u00e9veloppement - Brasport\",\"isPartOf\":{\"@id\":\"https:\/\/brasport-group.com\/fr\/#website\"},\"primaryImageOfPage\":{\"@id\":\"https:\/\/brasport-group.com\/fr\/le-groupe\/recherche-developpement\/#primaryimage\"},\"image\":{\"@id\":\"https:\/\/brasport-group.com\/fr\/le-groupe\/recherche-developpement\/#primaryimage\"},\"thumbnailUrl\":\"https:\/\/brasport-group.com\/wp-content\/uploads\/elementor\/thumbs\/Capture-decran-2025-11-14-143042-rep2n6xqis9k79g2ddobmyqoclgie3cqepop09mhj6.png\",\"datePublished\":\"2025-08-26T08:13:32+00:00\",\"dateModified\":\"2026-02-18T14:09:07+00:00\",\"description\":\"Chez Brasport, l\u2019innovation est un moteur strat\u00e9gique. Notre d\u00e9partement R&D, bas\u00e9 en Suisse et au Portugal, con\u00e7oit des solutions innovantes pour l\u2019horlogerie et le luxe : nouveaux mat\u00e9riaux, composants optimis\u00e9s, technologies de pointe et prototypes sur mesure. Avec plusieurs brevets actifs et une veille constante, nous transformons chaque d\u00e9fi en opportunit\u00e9 pour offrir performance, qualit\u00e9 et durabilit\u00e9.\",\"breadcrumb\":{\"@id\":\"https:\/\/brasport-group.com\/fr\/le-groupe\/recherche-developpement\/#breadcrumb\"},\"inLanguage\":\"fr-FR\",\"potentialAction\":[{\"@type\":\"ReadAction\",\"target\":[\"https:\/\/brasport-group.com\/fr\/le-groupe\/recherche-developpement\/\"]}]},{\"@type\":\"ImageObject\",\"inLanguage\":\"fr-FR\",\"@id\":\"https:\/\/brasport-group.com\/fr\/le-groupe\/recherche-developpement\/#primaryimage\",\"url\":\"https:\/\/brasport-group.com\/wp-content\/uploads\/elementor\/thumbs\/Capture-decran-2025-11-14-143042-rep2n6xqis9k79g2ddobmyqoclgie3cqepop09mhj6.png\",\"contentUrl\":\"https:\/\/brasport-group.com\/wp-content\/uploads\/elementor\/thumbs\/Capture-decran-2025-11-14-143042-rep2n6xqis9k79g2ddobmyqoclgie3cqepop09mhj6.png\"},{\"@type\":\"BreadcrumbList\",\"@id\":\"https:\/\/brasport-group.com\/fr\/le-groupe\/recherche-developpement\/#breadcrumb\",\"itemListElement\":[{\"@type\":\"ListItem\",\"position\":1,\"name\":\"Accueil\",\"item\":\"https:\/\/brasport-group.com\/fr\/\"},{\"@type\":\"ListItem\",\"position\":2,\"name\":\"Le Groupe\",\"item\":\"https:\/\/brasport-group.com\/fr\/le-groupe\/\"},{\"@type\":\"ListItem\",\"position\":3,\"name\":\"Recherche &amp; D\u00e9veloppement\"}]},{\"@type\":\"WebSite\",\"@id\":\"https:\/\/brasport-group.com\/fr\/#website\",\"url\":\"https:\/\/brasport-group.com\/fr\/\",\"name\":\"Brasport\",\"description\":\"Passion et excellence\",\"publisher\":{\"@id\":\"https:\/\/brasport-group.com\/fr\/#organization\"},\"potentialAction\":[{\"@type\":\"SearchAction\",\"target\":{\"@type\":\"EntryPoint\",\"urlTemplate\":\"https:\/\/brasport-group.com\/fr\/?s={search_term_string}\"},\"query-input\":{\"@type\":\"PropertyValueSpecification\",\"valueRequired\":true,\"valueName\":\"search_term_string\"}}],\"inLanguage\":\"fr-FR\"},{\"@type\":\"Organization\",\"@id\":\"https:\/\/brasport-group.com\/fr\/#organization\",\"name\":\"Brasport\",\"url\":\"https:\/\/brasport-group.com\/fr\/\",\"logo\":{\"@type\":\"ImageObject\",\"inLanguage\":\"fr-FR\",\"@id\":\"https:\/\/brasport-group.com\/fr\/#\/schema\/logo\/image\/\",\"url\":\"https:\/\/brasport-group.com\/wp-content\/uploads\/2025\/08\/logo-brasport-group.png\",\"contentUrl\":\"https:\/\/brasport-group.com\/wp-content\/uploads\/2025\/08\/logo-brasport-group.png\",\"width\":411,\"height\":34,\"caption\":\"Brasport\"},\"image\":{\"@id\":\"https:\/\/brasport-group.com\/fr\/#\/schema\/logo\/image\/\"}}]}<\/script>\n<!-- \/ Yoast SEO plugin. -->","yoast_head_json":{"title":"Recherche &amp; D\u00e9veloppement - Brasport","description":"Chez Brasport, l\u2019innovation est un moteur strat\u00e9gique. Notre d\u00e9partement R&D, bas\u00e9 en Suisse et au Portugal, con\u00e7oit des solutions innovantes pour l\u2019horlogerie et le luxe : nouveaux mat\u00e9riaux, composants optimis\u00e9s, technologies de pointe et prototypes sur mesure. Avec plusieurs brevets actifs et une veille constante, nous transformons chaque d\u00e9fi en opportunit\u00e9 pour offrir performance, qualit\u00e9 et durabilit\u00e9.","robots":{"index":"index","follow":"follow","max-snippet":"max-snippet:-1","max-image-preview":"max-image-preview:large","max-video-preview":"max-video-preview:-1"},"canonical":"https:\/\/brasport-group.com\/fr\/le-groupe\/recherche-developpement\/","og_locale":"fr_FR","og_type":"article","og_title":"Recherche &amp; D\u00e9veloppement - Brasport","og_description":"Chez Brasport, l\u2019innovation est un moteur strat\u00e9gique. Notre d\u00e9partement R&D, bas\u00e9 en Suisse et au Portugal, con\u00e7oit des solutions innovantes pour l\u2019horlogerie et le luxe : nouveaux mat\u00e9riaux, composants optimis\u00e9s, technologies de pointe et prototypes sur mesure. Avec plusieurs brevets actifs et une veille constante, nous transformons chaque d\u00e9fi en opportunit\u00e9 pour offrir performance, qualit\u00e9 et durabilit\u00e9.","og_url":"https:\/\/brasport-group.com\/fr\/le-groupe\/recherche-developpement\/","og_site_name":"Brasport","article_modified_time":"2026-02-18T14:09:07+00:00","og_image":[{"url":"https:\/\/brasport-group.com\/wp-content\/uploads\/elementor\/thumbs\/Capture-decran-2025-11-14-143042-rep2n6xqis9k79g2ddobmyqoclgie3cqepop09mhj6.png","type":"","width":"","height":""}],"twitter_card":"summary_large_image","twitter_misc":{"Dur\u00e9e de lecture estim\u00e9e":"3 minutes"},"schema":{"@context":"https:\/\/schema.org","@graph":[{"@type":"WebPage","@id":"https:\/\/brasport-group.com\/fr\/le-groupe\/recherche-developpement\/","url":"https:\/\/brasport-group.com\/fr\/le-groupe\/recherche-developpement\/","name":"Recherche &amp; D\u00e9veloppement - Brasport","isPartOf":{"@id":"https:\/\/brasport-group.com\/fr\/#website"},"primaryImageOfPage":{"@id":"https:\/\/brasport-group.com\/fr\/le-groupe\/recherche-developpement\/#primaryimage"},"image":{"@id":"https:\/\/brasport-group.com\/fr\/le-groupe\/recherche-developpement\/#primaryimage"},"thumbnailUrl":"https:\/\/brasport-group.com\/wp-content\/uploads\/elementor\/thumbs\/Capture-decran-2025-11-14-143042-rep2n6xqis9k79g2ddobmyqoclgie3cqepop09mhj6.png","datePublished":"2025-08-26T08:13:32+00:00","dateModified":"2026-02-18T14:09:07+00:00","description":"Chez Brasport, l\u2019innovation est un moteur strat\u00e9gique. Notre d\u00e9partement R&D, bas\u00e9 en Suisse et au Portugal, con\u00e7oit des solutions innovantes pour l\u2019horlogerie et le luxe : nouveaux mat\u00e9riaux, composants optimis\u00e9s, technologies de pointe et prototypes sur mesure. Avec plusieurs brevets actifs et une veille constante, nous transformons chaque d\u00e9fi en opportunit\u00e9 pour offrir performance, qualit\u00e9 et durabilit\u00e9.","breadcrumb":{"@id":"https:\/\/brasport-group.com\/fr\/le-groupe\/recherche-developpement\/#breadcrumb"},"inLanguage":"fr-FR","potentialAction":[{"@type":"ReadAction","target":["https:\/\/brasport-group.com\/fr\/le-groupe\/recherche-developpement\/"]}]},{"@type":"ImageObject","inLanguage":"fr-FR","@id":"https:\/\/brasport-group.com\/fr\/le-groupe\/recherche-developpement\/#primaryimage","url":"https:\/\/brasport-group.com\/wp-content\/uploads\/elementor\/thumbs\/Capture-decran-2025-11-14-143042-rep2n6xqis9k79g2ddobmyqoclgie3cqepop09mhj6.png","contentUrl":"https:\/\/brasport-group.com\/wp-content\/uploads\/elementor\/thumbs\/Capture-decran-2025-11-14-143042-rep2n6xqis9k79g2ddobmyqoclgie3cqepop09mhj6.png"},{"@type":"BreadcrumbList","@id":"https:\/\/brasport-group.com\/fr\/le-groupe\/recherche-developpement\/#breadcrumb","itemListElement":[{"@type":"ListItem","position":1,"name":"Accueil","item":"https:\/\/brasport-group.com\/fr\/"},{"@type":"ListItem","position":2,"name":"Le Groupe","item":"https:\/\/brasport-group.com\/fr\/le-groupe\/"},{"@type":"ListItem","position":3,"name":"Recherche &amp; D\u00e9veloppement"}]},{"@type":"WebSite","@id":"https:\/\/brasport-group.com\/fr\/#website","url":"https:\/\/brasport-group.com\/fr\/","name":"Brasport","description":"Passion et excellence","publisher":{"@id":"https:\/\/brasport-group.com\/fr\/#organization"},"potentialAction":[{"@type":"SearchAction","target":{"@type":"EntryPoint","urlTemplate":"https:\/\/brasport-group.com\/fr\/?s={search_term_string}"},"query-input":{"@type":"PropertyValueSpecification","valueRequired":true,"valueName":"search_term_string"}}],"inLanguage":"fr-FR"},{"@type":"Organization","@id":"https:\/\/brasport-group.com\/fr\/#organization","name":"Brasport","url":"https:\/\/brasport-group.com\/fr\/","logo":{"@type":"ImageObject","inLanguage":"fr-FR","@id":"https:\/\/brasport-group.com\/fr\/#\/schema\/logo\/image\/","url":"https:\/\/brasport-group.com\/wp-content\/uploads\/2025\/08\/logo-brasport-group.png","contentUrl":"https:\/\/brasport-group.com\/wp-content\/uploads\/2025\/08\/logo-brasport-group.png","width":411,"height":34,"caption":"Brasport"},"image":{"@id":"https:\/\/brasport-group.com\/fr\/#\/schema\/logo\/image\/"}}]}},"_links":{"self":[{"href":"https:\/\/brasport-group.com\/fr\/wp-json\/wp\/v2\/pages\/277","targetHints":{"allow":["GET"]}}],"collection":[{"href":"https:\/\/brasport-group.com\/fr\/wp-json\/wp\/v2\/pages"}],"about":[{"href":"https:\/\/brasport-group.com\/fr\/wp-json\/wp\/v2\/types\/page"}],"author":[{"embeddable":true,"href":"https:\/\/brasport-group.com\/fr\/wp-json\/wp\/v2\/users\/1"}],"replies":[{"embeddable":true,"href":"https:\/\/brasport-group.com\/fr\/wp-json\/wp\/v2\/comments?post=277"}],"version-history":[{"count":32,"href":"https:\/\/brasport-group.com\/fr\/wp-json\/wp\/v2\/pages\/277\/revisions"}],"predecessor-version":[{"id":3110,"href":"https:\/\/brasport-group.com\/fr\/wp-json\/wp\/v2\/pages\/277\/revisions\/3110"}],"up":[{"embeddable":true,"href":"https:\/\/brasport-group.com\/fr\/wp-json\/wp\/v2\/pages\/212"}],"wp:attachment":[{"href":"https:\/\/brasport-group.com\/fr\/wp-json\/wp\/v2\/media?parent=277"}],"curies":[{"name":"wp","href":"https:\/\/api.w.org\/{rel}","templated":true}]}}