{"id":279,"date":"2025-08-26T10:13:41","date_gmt":"2025-08-26T08:13:41","guid":{"rendered":"https:\/\/brasport-group.com\/?page_id=279"},"modified":"2026-02-18T16:10:05","modified_gmt":"2026-02-18T14:10:05","slug":"certifications","status":"publish","type":"page","link":"https:\/\/brasport-group.com\/fr\/nos-savoir-faire\/certifications\/","title":{"rendered":"Certifications"},"content":{"rendered":"\t\t<div data-elementor-type=\"wp-page\" data-elementor-id=\"279\" class=\"elementor elementor-279\" data-elementor-post-type=\"page\">\n\t\t\t\t<div class=\"elementor-element elementor-element-8d8ec2a e-flex e-con-boxed e-con e-parent\" data-id=\"8d8ec2a\" data-element_type=\"container\" data-settings=\"{&quot;background_background&quot;:&quot;classic&quot;}\">\n\t\t\t\t\t<div class=\"e-con-inner\">\n\t\t<div class=\"elementor-element elementor-element-06cffba animated-slow e-flex e-con-boxed elementor-invisible e-con e-child\" data-id=\"06cffba\" data-element_type=\"container\" data-settings=\"{&quot;animation&quot;:&quot;fadeInUp&quot;,&quot;animation_delay&quot;:200}\">\n\t\t\t\t\t<div class=\"e-con-inner\">\n\t\t\t\t<div class=\"elementor-element elementor-element-6618f21 elementor-align-left elementor-widget elementor-widget-breadcrumbs\" data-id=\"6618f21\" data-element_type=\"widget\" data-widget_type=\"breadcrumbs.default\">\n\t\t\t\t\t<p id=\"breadcrumbs\"><span><span><a href=\"https:\/\/brasport-group.com\/fr\/\">Accueil<\/a><\/span><\/span><\/p>\t\t\t\t<\/div>\n\t\t\t\t<div class=\"elementor-element elementor-element-c52fa57 elementor-widget elementor-widget-heading\" data-id=\"c52fa57\" data-element_type=\"widget\" data-widget_type=\"heading.default\">\n\t\t\t\t\t<h1 class=\"elementor-heading-title elementor-size-default\">Certifications &amp; brevets<br>\nL'EXIGENCE et l'INNOVATION<br>\nau c\u0153ur de notre d\u00e9marche<\/h1>\t\t\t\t<\/div>\n\t\t\t\t<div class=\"elementor-element elementor-element-931f1b4 elementor-widget__width-initial elementor-widget-mobile__width-inherit elementor-widget elementor-widget-text-editor\" data-id=\"931f1b4\" data-element_type=\"widget\" data-widget_type=\"text-editor.default\">\n\t\t\t\t\t\t\t\t\t<p>Chez Brasport, la qualit\u00e9, la s\u00e9curit\u00e9 et la responsabilit\u00e9 sont des enjeux primordiaux : ce sont des engagements profonds. Nos sites de production sont certifi\u00e9s selon les normes internationales les plus strictes, et notre politique d\u2019innovation se traduit par des brevets d\u00e9pos\u00e9s qui renforcent notre position de leader engag\u00e9 dans le secteur.<\/p>\t\t\t\t\t\t\t\t<\/div>\n\t\t\t\t\t<\/div>\n\t\t\t\t<\/div>\n\t\t\t\t\t<\/div>\n\t\t\t\t<\/div>\n\t\t<div class=\"elementor-element elementor-element-ec9add8 e-flex e-con-boxed e-con e-parent\" data-id=\"ec9add8\" data-element_type=\"container\">\n\t\t\t\t\t<div class=\"e-con-inner\">\n\t\t<div class=\"elementor-element elementor-element-1222538 e-con-full e-flex e-con e-child\" data-id=\"1222538\" data-element_type=\"container\">\n\t\t\t\t<div class=\"elementor-element elementor-element-7d841e4 elementor-widget elementor-widget-image\" data-id=\"7d841e4\" data-element_type=\"widget\" data-widget_type=\"image.default\">\n\t\t\t\t\t\t\t\t\t\t\t\t\t\t\t<img fetchpriority=\"high\" decoding=\"async\" width=\"800\" height=\"533\" src=\"https:\/\/brasport-group.com\/wp-content\/uploads\/2025\/10\/2.-Certification.jpg\" class=\"attachment-full size-full wp-image-1565\" alt=\"\" srcset=\"https:\/\/brasport-group.com\/wp-content\/uploads\/2025\/10\/2.-Certification.jpg 800w, https:\/\/brasport-group.com\/wp-content\/uploads\/2025\/10\/2.-Certification-300x200.jpg 300w, https:\/\/brasport-group.com\/wp-content\/uploads\/2025\/10\/2.-Certification-768x512.jpg 768w\" sizes=\"(max-width: 800px) 100vw, 800px\" \/>\t\t\t\t\t\t\t\t\t\t\t\t\t\t\t<\/div>\n\t\t\t\t<\/div>\n\t\t<div class=\"elementor-element elementor-element-a428f88 e-con-full e-flex e-con e-child\" data-id=\"a428f88\" data-element_type=\"container\">\n\t\t<div class=\"elementor-element elementor-element-2c017ea e-con-full e-flex e-con e-child\" data-id=\"2c017ea\" data-element_type=\"container\">\n\t\t\t\t<div class=\"elementor-element elementor-element-db1be46 elementor-widget elementor-widget-heading\" data-id=\"db1be46\" data-element_type=\"widget\" data-widget_type=\"heading.default\">\n\t\t\t\t\t<h3 class=\"elementor-heading-title elementor-size-default\">Qualit\u00e9 &amp; s\u00e9curit\u00e9<\/h3>\t\t\t\t<\/div>\n\t\t\t\t<div class=\"elementor-element elementor-element-142620b elementor-widget elementor-widget-text-editor\" data-id=\"142620b\" data-element_type=\"widget\" data-widget_type=\"text-editor.default\">\n\t\t\t\t\t\t\t\t\t<ul><li>ISO 9001 \u2013 Management de la qualit\u00e9<\/li><li>ISO 45001 \u2013 Sant\u00e9 et s\u00e9curit\u00e9 au travail<\/li><\/ul>\t\t\t\t\t\t\t\t<\/div>\n\t\t\t\t<div class=\"elementor-element elementor-element-b70da5a elementor-widget elementor-widget-heading\" data-id=\"b70da5a\" data-element_type=\"widget\" data-widget_type=\"heading.default\">\n\t\t\t\t\t<h3 class=\"elementor-heading-title elementor-size-default\">Environnement<\/h3>\t\t\t\t<\/div>\n\t\t\t\t<div class=\"elementor-element elementor-element-461adef elementor-widget elementor-widget-text-editor\" data-id=\"461adef\" data-element_type=\"widget\" data-widget_type=\"text-editor.default\">\n\t\t\t\t\t\t\t\t\t<ul><li>ISO 14001 \u2013 Management environnemental<\/li><\/ul>\t\t\t\t\t\t\t\t<\/div>\n\t\t\t\t<div class=\"elementor-element elementor-element-a98a426 elementor-widget elementor-widget-heading\" data-id=\"a98a426\" data-element_type=\"widget\" data-widget_type=\"heading.default\">\n\t\t\t\t\t<h3 class=\"elementor-heading-title elementor-size-default\">Responsabilit\u00e9 civile<\/h3>\t\t\t\t<\/div>\n\t\t\t\t<div class=\"elementor-element elementor-element-a59aefb elementor-widget elementor-widget-text-editor\" data-id=\"a59aefb\" data-element_type=\"widget\" data-widget_type=\"text-editor.default\">\n\t\t\t\t\t\t\t\t\t<ul><li>SA8000 \u2013 Norme internationale de responsabilit\u00e9 sociale<\/li><\/ul>\t\t\t\t\t\t\t\t<\/div>\n\t\t\t\t<\/div>\n\t\t\t\t<\/div>\n\t\t\t\t\t<\/div>\n\t\t\t\t<\/div>\n\t\t<div class=\"elementor-element elementor-element-53d03f9 e-flex e-con-boxed e-con e-parent\" data-id=\"53d03f9\" data-element_type=\"container\">\n\t\t\t\t\t<div class=\"e-con-inner\">\n\t\t<div class=\"elementor-element elementor-element-f25c74b e-con-full e-flex e-con e-child\" data-id=\"f25c74b\" data-element_type=\"container\">\n\t\t<div class=\"elementor-element elementor-element-7aca29c e-con-full e-flex e-con e-child\" data-id=\"7aca29c\" data-element_type=\"container\">\n\t\t\t\t<div class=\"elementor-element elementor-element-e2ad233 elementor-widget elementor-widget-heading\" data-id=\"e2ad233\" data-element_type=\"widget\" data-widget_type=\"heading.default\">\n\t\t\t\t\t<h3 class=\"elementor-heading-title elementor-size-default\">Sp\u00e9cificit\u00e9s m\u00e9tier<\/h3>\t\t\t\t<\/div>\n\t\t\t\t<div class=\"elementor-element elementor-element-4733802 elementor-widget elementor-widget-text-editor\" data-id=\"4733802\" data-element_type=\"widget\" data-widget_type=\"text-editor.default\">\n\t\t\t\t\t\t\t\t\t<p>AQC \u2013 Membre de l\u2019Association pour l\u2019Assurance Qualit\u00e9 des fabricants de bracelets cuir<\/p><p>Conformit\u00e9 r\u00e9glementaire : REACH, RoHS, Prop 65, PFAS<\/p>\t\t\t\t\t\t\t\t<\/div>\n\t\t\t\t<\/div>\n\t\t\t\t<\/div>\n\t\t<div class=\"elementor-element elementor-element-07b8828 e-con-full e-flex e-con e-child\" data-id=\"07b8828\" data-element_type=\"container\">\n\t\t\t\t<div class=\"elementor-element elementor-element-dbabc98 elementor-widget elementor-widget-image\" data-id=\"dbabc98\" data-element_type=\"widget\" data-widget_type=\"image.default\">\n\t\t\t\t\t\t\t\t\t\t\t\t\t\t\t<img decoding=\"async\" src=\"https:\/\/brasport-group.com\/wp-content\/uploads\/elementor\/thumbs\/AQC-LOGO-1-e1770881074957-rj1agp6kj7bv5mmdq91cz0ntx86dr4me2c130pv03m.jpg\" title=\"AQC LOGO (1)\" alt=\"AQC LOGO (1)\" loading=\"lazy\" \/>\t\t\t\t\t\t\t\t\t\t\t\t\t\t\t<\/div>\n\t\t\t\t<\/div>\n\t\t\t\t\t<\/div>\n\t\t\t\t<\/div>\n\t\t<div class=\"elementor-element elementor-element-5f03686 e-flex e-con-boxed e-con e-parent\" data-id=\"5f03686\" data-element_type=\"container\">\n\t\t\t\t\t<div class=\"e-con-inner\">\n\t\t<div class=\"elementor-element elementor-element-1b178a0 e-con-full e-flex e-con e-child\" data-id=\"1b178a0\" data-element_type=\"container\">\n\t\t\t\t<div class=\"elementor-element elementor-element-6b4518b elementor-widget elementor-widget-image\" data-id=\"6b4518b\" data-element_type=\"widget\" data-widget_type=\"image.default\">\n\t\t\t\t\t\t\t\t\t\t\t\t\t\t\t<img decoding=\"async\" width=\"2048\" height=\"1152\" src=\"https:\/\/brasport-group.com\/wp-content\/uploads\/2025\/11\/certification-et-brevet-scaled.jpg\" class=\"attachment-full size-full wp-image-2428\" alt=\"\" srcset=\"https:\/\/brasport-group.com\/wp-content\/uploads\/2025\/11\/certification-et-brevet-scaled.jpg 2048w, https:\/\/brasport-group.com\/wp-content\/uploads\/2025\/11\/certification-et-brevet-300x169.jpg 300w, https:\/\/brasport-group.com\/wp-content\/uploads\/2025\/11\/certification-et-brevet-1024x576.jpg 1024w, https:\/\/brasport-group.com\/wp-content\/uploads\/2025\/11\/certification-et-brevet-768x432.jpg 768w, https:\/\/brasport-group.com\/wp-content\/uploads\/2025\/11\/certification-et-brevet-1536x864.jpg 1536w\" sizes=\"(max-width: 2048px) 100vw, 2048px\" \/>\t\t\t\t\t\t\t\t\t\t\t\t\t\t\t<\/div>\n\t\t\t\t<\/div>\n\t\t<div class=\"elementor-element elementor-element-5482fbf e-con-full e-flex e-con e-child\" data-id=\"5482fbf\" data-element_type=\"container\">\n\t\t<div class=\"elementor-element elementor-element-53592e7 e-con-full e-flex e-con e-child\" data-id=\"53592e7\" data-element_type=\"container\">\n\t\t\t\t<div class=\"elementor-element elementor-element-0a74812 elementor-widget elementor-widget-heading\" data-id=\"0a74812\" data-element_type=\"widget\" data-widget_type=\"heading.default\">\n\t\t\t\t\t<h3 class=\"elementor-heading-title elementor-size-default\">Brevets \u2013 L\u2019innovation concr\u00e8te<\/h3>\t\t\t\t<\/div>\n\t\t\t\t<div class=\"elementor-element elementor-element-785564f elementor-widget elementor-widget-text-editor\" data-id=\"785564f\" data-element_type=\"widget\" data-widget_type=\"text-editor.default\">\n\t\t\t\t\t\t\t\t\t<p>Brasport ne se contente pas d\u2019innover : nous prot\u00e9geons nos innovations. \u00c0 ce jour, notre d\u00e9partement R&amp;D a d\u00e9pos\u00e9 3 brevets actifs, portant sur :<\/p><ul><li>Des syst\u00e8mes d\u2019inserts et d\u2019attaches rapides<\/li><li>Des proc\u00e9d\u00e9s de fabrication et de finition de bracelets<\/li><li>Des composants techniques int\u00e9gr\u00e9s aux produits<\/li><\/ul><p>\u00a0<\/p><p>Ces brevets t\u00e9moignent de notre capacit\u00e9 \u00e0 proposer des solutions diff\u00e9renciantes et performantes, pens\u00e9es pour r\u00e9pondre aux d\u00e9fis techniques de nos clients.<\/p>\t\t\t\t\t\t\t\t<\/div>\n\t\t\t\t<\/div>\n\t\t\t\t<\/div>\n\t\t\t\t\t<\/div>\n\t\t\t\t<\/div>\n\t\t<div class=\"elementor-element elementor-element-a8a5e50 e-flex e-con-boxed e-con e-parent\" data-id=\"a8a5e50\" data-element_type=\"container\">\n\t\t\t\t\t<div class=\"e-con-inner\">\n\t\t<div class=\"elementor-element elementor-element-3647cad e-con-full e-flex e-con e-child\" data-id=\"3647cad\" data-element_type=\"container\">\n\t\t<div class=\"elementor-element elementor-element-7b7c65c e-con-full e-flex e-con e-child\" data-id=\"7b7c65c\" data-element_type=\"container\">\n\t\t\t\t<div class=\"elementor-element elementor-element-ccc512c elementor-widget elementor-widget-heading\" data-id=\"ccc512c\" data-element_type=\"widget\" data-widget_type=\"heading.default\">\n\t\t\t\t\t<h3 class=\"elementor-heading-title elementor-size-default\">Et demain ?<\/h3>\t\t\t\t<\/div>\n\t\t\t\t<div class=\"elementor-element elementor-element-f08d566 elementor-widget elementor-widget-text-editor\" data-id=\"f08d566\" data-element_type=\"widget\" data-widget_type=\"text-editor.default\">\n\t\t\t\t\t\t\t\t\t<p>Entreprise tourn\u00e9e vers l\u2019avenir, Brasport est toujours pr\u00eate \u00e0 adopter les standards les plus exigeants pour accompagner l\u2019\u00e9volution des secteurs les plus pointus, afin de continuer \u00e0 proposer des solutions fiables, certifi\u00e9es et innovantes.<\/p><p>Brasport, c\u2019est une promesse certifi\u00e9e et prot\u00e9g\u00e9e \u2014 entre excellence, innovation et responsabilit\u00e9.<\/p>\t\t\t\t\t\t\t\t<\/div>\n\t\t\t\t<\/div>\n\t\t\t\t<\/div>\n\t\t<div class=\"elementor-element elementor-element-067d5f8 e-con-full e-flex e-con e-child\" data-id=\"067d5f8\" data-element_type=\"container\">\n\t\t\t\t<div class=\"elementor-element elementor-element-e6c9649 elementor-widget elementor-widget-image\" data-id=\"e6c9649\" data-element_type=\"widget\" data-widget_type=\"image.default\">\n\t\t\t\t\t\t\t\t\t\t\t\t\t\t\t<img decoding=\"async\" src=\"https:\/\/brasport-group.com\/wp-content\/uploads\/elementor\/thumbs\/Brasport-Group_Images_5_Dev_Systeme-interchangebale-scaled-raypf62sxtp8f7josw9vd3d5i1gybcj2pmbwrqruwy.jpg\" title=\"Brasport-Group_Images_5_D\u00e9v_Syst\u00e8me interchangebale\" alt=\"Brasport-Group_Images_5_D\u00e9v_Syst\u00e8me interchangebale\" loading=\"lazy\" \/>\t\t\t\t\t\t\t\t\t\t\t\t\t\t\t<\/div>\n\t\t\t\t<\/div>\n\t\t\t\t\t<\/div>\n\t\t\t\t<\/div>\n\t\t\t\t<\/div>\n\t\t","protected":false},"excerpt":{"rendered":"<p>Certifications &amp; brevets L&rsquo;EXIGENCE et l&rsquo;INNOVATION au c\u0153ur de notre d\u00e9marche Chez Brasport, la qualit\u00e9, la s\u00e9curit\u00e9 et la responsabilit\u00e9 sont des enjeux primordiaux : ce sont des engagements profonds. Nos sites de production sont certifi\u00e9s selon les normes internationales les plus strictes, et notre politique d\u2019innovation se traduit par des brevets d\u00e9pos\u00e9s qui renforcent [&hellip;]<\/p>\n","protected":false},"author":1,"featured_media":0,"parent":214,"menu_order":0,"comment_status":"closed","ping_status":"closed","template":"","meta":{"_acf_changed":false,"footnotes":""},"class_list":["post-279","page","type-page","status-publish","hentry"],"acf":[],"yoast_head":"<!-- This site is optimized with the Yoast SEO plugin v26.4 - https:\/\/yoast.com\/wordpress\/plugins\/seo\/ -->\n<title>Certifications - Brasport<\/title>\n<meta name=\"description\" content=\"Chez Brasport, l\u2019innovation est un moteur strat\u00e9gique. Notre d\u00e9partement R&amp;D, bas\u00e9 en Suisse et au Portugal, con\u00e7oit des solutions innovantes pour l\u2019horlogerie et le luxe : nouveaux mat\u00e9riaux, composants optimis\u00e9s, technologies de pointe et prototypes sur mesure.\" \/>\n<meta name=\"robots\" content=\"index, follow, max-snippet:-1, max-image-preview:large, max-video-preview:-1\" \/>\n<link rel=\"canonical\" href=\"https:\/\/brasport-group.com\/fr\/nos-savoir-faire\/certifications\/\" \/>\n<meta property=\"og:locale\" content=\"fr_FR\" \/>\n<meta property=\"og:type\" content=\"article\" \/>\n<meta property=\"og:title\" content=\"Certifications - Brasport\" \/>\n<meta property=\"og:description\" content=\"Chez Brasport, l\u2019innovation est un moteur strat\u00e9gique. Notre d\u00e9partement R&amp;D, bas\u00e9 en Suisse et au Portugal, con\u00e7oit des solutions innovantes pour l\u2019horlogerie et le luxe : nouveaux mat\u00e9riaux, composants optimis\u00e9s, technologies de pointe et prototypes sur mesure.\" \/>\n<meta property=\"og:url\" content=\"https:\/\/brasport-group.com\/fr\/nos-savoir-faire\/certifications\/\" \/>\n<meta property=\"og:site_name\" content=\"Brasport\" \/>\n<meta property=\"article:modified_time\" content=\"2026-02-18T14:10:05+00:00\" \/>\n<meta property=\"og:image\" content=\"https:\/\/brasport-group.com\/wp-content\/uploads\/2025\/10\/2.-Certification.jpg\" \/>\n<meta name=\"twitter:card\" content=\"summary_large_image\" \/>\n<meta name=\"twitter:label1\" content=\"Dur\u00e9e de lecture estim\u00e9e\" \/>\n\t<meta name=\"twitter:data1\" content=\"2 minutes\" \/>\n<script type=\"application\/ld+json\" class=\"yoast-schema-graph\">{\"@context\":\"https:\/\/schema.org\",\"@graph\":[{\"@type\":\"WebPage\",\"@id\":\"https:\/\/brasport-group.com\/fr\/nos-savoir-faire\/certifications\/\",\"url\":\"https:\/\/brasport-group.com\/fr\/nos-savoir-faire\/certifications\/\",\"name\":\"Certifications - Brasport\",\"isPartOf\":{\"@id\":\"https:\/\/brasport-group.com\/fr\/#website\"},\"primaryImageOfPage\":{\"@id\":\"https:\/\/brasport-group.com\/fr\/nos-savoir-faire\/certifications\/#primaryimage\"},\"image\":{\"@id\":\"https:\/\/brasport-group.com\/fr\/nos-savoir-faire\/certifications\/#primaryimage\"},\"thumbnailUrl\":\"https:\/\/brasport-group.com\/wp-content\/uploads\/2025\/10\/2.-Certification.jpg\",\"datePublished\":\"2025-08-26T08:13:41+00:00\",\"dateModified\":\"2026-02-18T14:10:05+00:00\",\"description\":\"Chez Brasport, l\u2019innovation est un moteur strat\u00e9gique. Notre d\u00e9partement R&D, bas\u00e9 en Suisse et au Portugal, con\u00e7oit des solutions innovantes pour l\u2019horlogerie et le luxe : nouveaux mat\u00e9riaux, composants optimis\u00e9s, technologies de pointe et prototypes sur mesure.\",\"breadcrumb\":{\"@id\":\"https:\/\/brasport-group.com\/fr\/nos-savoir-faire\/certifications\/#breadcrumb\"},\"inLanguage\":\"fr-FR\",\"potentialAction\":[{\"@type\":\"ReadAction\",\"target\":[\"https:\/\/brasport-group.com\/fr\/nos-savoir-faire\/certifications\/\"]}]},{\"@type\":\"ImageObject\",\"inLanguage\":\"fr-FR\",\"@id\":\"https:\/\/brasport-group.com\/fr\/nos-savoir-faire\/certifications\/#primaryimage\",\"url\":\"https:\/\/brasport-group.com\/wp-content\/uploads\/2025\/10\/2.-Certification.jpg\",\"contentUrl\":\"https:\/\/brasport-group.com\/wp-content\/uploads\/2025\/10\/2.-Certification.jpg\"},{\"@type\":\"BreadcrumbList\",\"@id\":\"https:\/\/brasport-group.com\/fr\/nos-savoir-faire\/certifications\/#breadcrumb\",\"itemListElement\":[{\"@type\":\"ListItem\",\"position\":1,\"name\":\"Accueil\",\"item\":\"https:\/\/brasport-group.com\/fr\/\"},{\"@type\":\"ListItem\",\"position\":2,\"name\":\"Nos Savoir-Faire\",\"item\":\"https:\/\/brasport-group.com\/fr\/nos-savoir-faire\/\"},{\"@type\":\"ListItem\",\"position\":3,\"name\":\"Certifications\"}]},{\"@type\":\"WebSite\",\"@id\":\"https:\/\/brasport-group.com\/fr\/#website\",\"url\":\"https:\/\/brasport-group.com\/fr\/\",\"name\":\"Brasport\",\"description\":\"Passion et excellence\",\"publisher\":{\"@id\":\"https:\/\/brasport-group.com\/fr\/#organization\"},\"potentialAction\":[{\"@type\":\"SearchAction\",\"target\":{\"@type\":\"EntryPoint\",\"urlTemplate\":\"https:\/\/brasport-group.com\/fr\/?s={search_term_string}\"},\"query-input\":{\"@type\":\"PropertyValueSpecification\",\"valueRequired\":true,\"valueName\":\"search_term_string\"}}],\"inLanguage\":\"fr-FR\"},{\"@type\":\"Organization\",\"@id\":\"https:\/\/brasport-group.com\/fr\/#organization\",\"name\":\"Brasport\",\"url\":\"https:\/\/brasport-group.com\/fr\/\",\"logo\":{\"@type\":\"ImageObject\",\"inLanguage\":\"fr-FR\",\"@id\":\"https:\/\/brasport-group.com\/fr\/#\/schema\/logo\/image\/\",\"url\":\"https:\/\/brasport-group.com\/wp-content\/uploads\/2025\/08\/logo-brasport-group.png\",\"contentUrl\":\"https:\/\/brasport-group.com\/wp-content\/uploads\/2025\/08\/logo-brasport-group.png\",\"width\":411,\"height\":34,\"caption\":\"Brasport\"},\"image\":{\"@id\":\"https:\/\/brasport-group.com\/fr\/#\/schema\/logo\/image\/\"}}]}<\/script>\n<!-- \/ Yoast SEO plugin. -->","yoast_head_json":{"title":"Certifications - Brasport","description":"Chez Brasport, l\u2019innovation est un moteur strat\u00e9gique. Notre d\u00e9partement R&D, bas\u00e9 en Suisse et au Portugal, con\u00e7oit des solutions innovantes pour l\u2019horlogerie et le luxe : nouveaux mat\u00e9riaux, composants optimis\u00e9s, technologies de pointe et prototypes sur mesure.","robots":{"index":"index","follow":"follow","max-snippet":"max-snippet:-1","max-image-preview":"max-image-preview:large","max-video-preview":"max-video-preview:-1"},"canonical":"https:\/\/brasport-group.com\/fr\/nos-savoir-faire\/certifications\/","og_locale":"fr_FR","og_type":"article","og_title":"Certifications - Brasport","og_description":"Chez Brasport, l\u2019innovation est un moteur strat\u00e9gique. Notre d\u00e9partement R&D, bas\u00e9 en Suisse et au Portugal, con\u00e7oit des solutions innovantes pour l\u2019horlogerie et le luxe : nouveaux mat\u00e9riaux, composants optimis\u00e9s, technologies de pointe et prototypes sur mesure.","og_url":"https:\/\/brasport-group.com\/fr\/nos-savoir-faire\/certifications\/","og_site_name":"Brasport","article_modified_time":"2026-02-18T14:10:05+00:00","og_image":[{"url":"https:\/\/brasport-group.com\/wp-content\/uploads\/2025\/10\/2.-Certification.jpg","type":"","width":"","height":""}],"twitter_card":"summary_large_image","twitter_misc":{"Dur\u00e9e de lecture estim\u00e9e":"2 minutes"},"schema":{"@context":"https:\/\/schema.org","@graph":[{"@type":"WebPage","@id":"https:\/\/brasport-group.com\/fr\/nos-savoir-faire\/certifications\/","url":"https:\/\/brasport-group.com\/fr\/nos-savoir-faire\/certifications\/","name":"Certifications - Brasport","isPartOf":{"@id":"https:\/\/brasport-group.com\/fr\/#website"},"primaryImageOfPage":{"@id":"https:\/\/brasport-group.com\/fr\/nos-savoir-faire\/certifications\/#primaryimage"},"image":{"@id":"https:\/\/brasport-group.com\/fr\/nos-savoir-faire\/certifications\/#primaryimage"},"thumbnailUrl":"https:\/\/brasport-group.com\/wp-content\/uploads\/2025\/10\/2.-Certification.jpg","datePublished":"2025-08-26T08:13:41+00:00","dateModified":"2026-02-18T14:10:05+00:00","description":"Chez Brasport, l\u2019innovation est un moteur strat\u00e9gique. Notre d\u00e9partement R&D, bas\u00e9 en Suisse et au Portugal, con\u00e7oit des solutions innovantes pour l\u2019horlogerie et le luxe : nouveaux mat\u00e9riaux, composants optimis\u00e9s, technologies de pointe et prototypes sur mesure.","breadcrumb":{"@id":"https:\/\/brasport-group.com\/fr\/nos-savoir-faire\/certifications\/#breadcrumb"},"inLanguage":"fr-FR","potentialAction":[{"@type":"ReadAction","target":["https:\/\/brasport-group.com\/fr\/nos-savoir-faire\/certifications\/"]}]},{"@type":"ImageObject","inLanguage":"fr-FR","@id":"https:\/\/brasport-group.com\/fr\/nos-savoir-faire\/certifications\/#primaryimage","url":"https:\/\/brasport-group.com\/wp-content\/uploads\/2025\/10\/2.-Certification.jpg","contentUrl":"https:\/\/brasport-group.com\/wp-content\/uploads\/2025\/10\/2.-Certification.jpg"},{"@type":"BreadcrumbList","@id":"https:\/\/brasport-group.com\/fr\/nos-savoir-faire\/certifications\/#breadcrumb","itemListElement":[{"@type":"ListItem","position":1,"name":"Accueil","item":"https:\/\/brasport-group.com\/fr\/"},{"@type":"ListItem","position":2,"name":"Nos Savoir-Faire","item":"https:\/\/brasport-group.com\/fr\/nos-savoir-faire\/"},{"@type":"ListItem","position":3,"name":"Certifications"}]},{"@type":"WebSite","@id":"https:\/\/brasport-group.com\/fr\/#website","url":"https:\/\/brasport-group.com\/fr\/","name":"Brasport","description":"Passion et excellence","publisher":{"@id":"https:\/\/brasport-group.com\/fr\/#organization"},"potentialAction":[{"@type":"SearchAction","target":{"@type":"EntryPoint","urlTemplate":"https:\/\/brasport-group.com\/fr\/?s={search_term_string}"},"query-input":{"@type":"PropertyValueSpecification","valueRequired":true,"valueName":"search_term_string"}}],"inLanguage":"fr-FR"},{"@type":"Organization","@id":"https:\/\/brasport-group.com\/fr\/#organization","name":"Brasport","url":"https:\/\/brasport-group.com\/fr\/","logo":{"@type":"ImageObject","inLanguage":"fr-FR","@id":"https:\/\/brasport-group.com\/fr\/#\/schema\/logo\/image\/","url":"https:\/\/brasport-group.com\/wp-content\/uploads\/2025\/08\/logo-brasport-group.png","contentUrl":"https:\/\/brasport-group.com\/wp-content\/uploads\/2025\/08\/logo-brasport-group.png","width":411,"height":34,"caption":"Brasport"},"image":{"@id":"https:\/\/brasport-group.com\/fr\/#\/schema\/logo\/image\/"}}]}},"_links":{"self":[{"href":"https:\/\/brasport-group.com\/fr\/wp-json\/wp\/v2\/pages\/279","targetHints":{"allow":["GET"]}}],"collection":[{"href":"https:\/\/brasport-group.com\/fr\/wp-json\/wp\/v2\/pages"}],"about":[{"href":"https:\/\/brasport-group.com\/fr\/wp-json\/wp\/v2\/types\/page"}],"author":[{"embeddable":true,"href":"https:\/\/brasport-group.com\/fr\/wp-json\/wp\/v2\/users\/1"}],"replies":[{"embeddable":true,"href":"https:\/\/brasport-group.com\/fr\/wp-json\/wp\/v2\/comments?post=279"}],"version-history":[{"count":34,"href":"https:\/\/brasport-group.com\/fr\/wp-json\/wp\/v2\/pages\/279\/revisions"}],"predecessor-version":[{"id":3118,"href":"https:\/\/brasport-group.com\/fr\/wp-json\/wp\/v2\/pages\/279\/revisions\/3118"}],"up":[{"embeddable":true,"href":"https:\/\/brasport-group.com\/fr\/wp-json\/wp\/v2\/pages\/214"}],"wp:attachment":[{"href":"https:\/\/brasport-group.com\/fr\/wp-json\/wp\/v2\/media?parent=279"}],"curies":[{"name":"wp","href":"https:\/\/api.w.org\/{rel}","templated":true}]}}