{"id":283,"date":"2025-08-26T10:14:18","date_gmt":"2025-08-26T08:14:18","guid":{"rendered":"https:\/\/brasport-group.com\/?page_id=283"},"modified":"2026-02-18T16:22:55","modified_gmt":"2026-02-18T14:22:55","slug":"composants","status":"publish","type":"page","link":"https:\/\/brasport-group.com\/fr\/nos-savoir-faire\/composants\/","title":{"rendered":"Composants"},"content":{"rendered":"\t\t<div data-elementor-type=\"wp-page\" data-elementor-id=\"283\" class=\"elementor elementor-283\" data-elementor-post-type=\"page\">\n\t\t\t\t<div class=\"elementor-element elementor-element-dda5e7e e-flex e-con-boxed e-con e-parent\" data-id=\"dda5e7e\" data-element_type=\"container\" data-settings=\"{&quot;background_background&quot;:&quot;classic&quot;}\">\n\t\t\t\t\t<div class=\"e-con-inner\">\n\t\t<div class=\"elementor-element elementor-element-67f3680 animated-slow e-flex e-con-boxed elementor-invisible e-con e-child\" data-id=\"67f3680\" data-element_type=\"container\" data-settings=\"{&quot;animation&quot;:&quot;fadeInUp&quot;,&quot;animation_delay&quot;:200}\">\n\t\t\t\t\t<div class=\"e-con-inner\">\n\t\t\t\t<div class=\"elementor-element elementor-element-91a99a4 elementor-align-left elementor-widget elementor-widget-breadcrumbs\" data-id=\"91a99a4\" data-element_type=\"widget\" data-widget_type=\"breadcrumbs.default\">\n\t\t\t\t\t<p id=\"breadcrumbs\"><span><span><a href=\"https:\/\/brasport-group.com\/fr\/\">Accueil<\/a><\/span><\/span><\/p>\t\t\t\t<\/div>\n\t\t\t\t<div class=\"elementor-element elementor-element-6645988 elementor-widget elementor-widget-heading\" data-id=\"6645988\" data-element_type=\"widget\" data-widget_type=\"heading.default\">\n\t\t\t\t\t<h1 class=\"elementor-heading-title elementor-size-default\">COMPOSANTS -<br \/>\nLa PR\u00c9CISION au c\u0153ur<br \/>\nde notre savoir-faire<\/h1>\t\t\t\t<\/div>\n\t\t\t\t<div class=\"elementor-element elementor-element-fd19761 elementor-widget__width-initial elementor-widget-mobile__width-inherit elementor-widget elementor-widget-text-editor\" data-id=\"fd19761\" data-element_type=\"widget\" data-widget_type=\"text-editor.default\">\n\t\t\t\t\t\t\t\t\t<p>Chez Brasport, l&rsquo;excellence se fa\u00e7onne dans le moindre d\u00e9tail.<\/p>\t\t\t\t\t\t\t\t<\/div>\n\t\t\t\t\t<\/div>\n\t\t\t\t<\/div>\n\t\t\t\t\t<\/div>\n\t\t\t\t<\/div>\n\t\t<div class=\"elementor-element elementor-element-dc0af9c e-flex e-con-boxed e-con e-parent\" data-id=\"dc0af9c\" data-element_type=\"container\">\n\t\t\t\t\t<div class=\"e-con-inner\">\n\t\t<div class=\"elementor-element elementor-element-e5cd2ca e-con-full e-flex e-con e-child\" data-id=\"e5cd2ca\" data-element_type=\"container\">\n\t\t\t\t<div class=\"elementor-element elementor-element-f3a5c6d elementor-widget elementor-widget-image\" data-id=\"f3a5c6d\" data-element_type=\"widget\" data-widget_type=\"image.default\">\n\t\t\t\t\t\t\t\t\t\t\t\t\t\t\t<img fetchpriority=\"high\" decoding=\"async\" width=\"768\" height=\"432\" src=\"https:\/\/brasport-group.com\/wp-content\/uploads\/2025\/11\/Brasport-Group_Images_48-768x432.jpg\" class=\"attachment-medium_large size-medium_large wp-image-2754\" alt=\"\" srcset=\"https:\/\/brasport-group.com\/wp-content\/uploads\/2025\/11\/Brasport-Group_Images_48-768x432.jpg 768w, https:\/\/brasport-group.com\/wp-content\/uploads\/2025\/11\/Brasport-Group_Images_48-300x169.jpg 300w, https:\/\/brasport-group.com\/wp-content\/uploads\/2025\/11\/Brasport-Group_Images_48-1024x576.jpg 1024w, https:\/\/brasport-group.com\/wp-content\/uploads\/2025\/11\/Brasport-Group_Images_48-1536x864.jpg 1536w, https:\/\/brasport-group.com\/wp-content\/uploads\/2025\/11\/Brasport-Group_Images_48-scaled.jpg 2048w\" sizes=\"(max-width: 768px) 100vw, 768px\" \/>\t\t\t\t\t\t\t\t\t\t\t\t\t\t\t<\/div>\n\t\t\t\t<\/div>\n\t\t<div class=\"elementor-element elementor-element-c174a1f e-con-full e-flex e-con e-child\" data-id=\"c174a1f\" data-element_type=\"container\">\n\t\t<div class=\"elementor-element elementor-element-5dfc9c0 e-con-full e-flex e-con e-child\" data-id=\"5dfc9c0\" data-element_type=\"container\">\n\t\t\t\t<div class=\"elementor-element elementor-element-995af33 elementor-widget elementor-widget-text-editor\" data-id=\"995af33\" data-element_type=\"widget\" data-widget_type=\"text-editor.default\">\n\t\t\t\t\t\t\t\t\t<p>Chez Brasport, l\u2019expertise ne s\u2019arr\u00eate pas au cuir. En lien \u00e9troit avec l\u2019univers horloger, nous avons d\u00e9velopp\u00e9 des comp\u00e9tences techniques pointues dans la conception et la fabrication de composants sur-mesure, destin\u00e9s aux montres, bracelets et accessoires haut de gamme.<\/p>\t\t\t\t\t\t\t\t<\/div>\n\t\t\t\t<\/div>\n\t\t\t\t<\/div>\n\t\t\t\t\t<\/div>\n\t\t\t\t<\/div>\n\t\t<div class=\"elementor-element elementor-element-0daa78b e-flex e-con-boxed e-con e-parent\" data-id=\"0daa78b\" data-element_type=\"container\">\n\t\t\t\t\t<div class=\"e-con-inner\">\n\t\t<div class=\"elementor-element elementor-element-3603973 e-con-full e-flex e-con e-child\" data-id=\"3603973\" data-element_type=\"container\">\n\t\t<div class=\"elementor-element elementor-element-b7c2d1b e-con-full e-flex e-con e-child\" data-id=\"b7c2d1b\" data-element_type=\"container\">\n\t\t\t\t<div class=\"elementor-element elementor-element-76b4f39 elementor-widget elementor-widget-text-editor\" data-id=\"76b4f39\" data-element_type=\"widget\" data-widget_type=\"text-editor.default\">\n\t\t\t\t\t\t\t\t\t<p>Nous ma\u00eetrisons un large \u00e9ventail de savoir-faire techniques, parmi lesquels :<\/p><ul><li><strong>Pi\u00e8ces d\u2019habillage horloger<\/strong><\/li><li><strong>Inserts de bracelets<\/strong> : \u00e9l\u00e9ments de liaison essentiels entre la montre et le bracelet, r\u00e9alis\u00e9s en acier, titane, laiton ou plastique, selon les sp\u00e9cificit\u00e9s techniques du projet.<\/li><li><strong>Syst\u00e8me d\u2019attache interchangeable brevet\u00e9<\/strong> : fruit de notre ma\u00eetrise en microm\u00e9canique, ce dispositif innovant permet de changer de bracelet sans outil, gr\u00e2ce \u00e0 deux tiges r\u00e9tractables actionn\u00e9es par une fourchette \u00e0 bouton poussoir. Alliant pr\u00e9cision, ergonomie et \u00e9l\u00e9gance, il offre une fixation fiable et fluide, r\u00e9pondant aux exigences les plus \u00e9lev\u00e9es du secteur.<\/li><li><strong>Prototypage &amp; design industriel<\/strong> : \u00e0 partir de mod\u00e8les 3D complexes, nous d\u00e9veloppons en interne des prototypes complets, finitions comprises, pour accompagner vos projets d\u00e8s leurs premi\u00e8res phases.<\/li><li><strong>Outillages de d\u00e9coupe<\/strong> : Brasport con\u00e7oit et fabrique ses propres outils de d\u00e9coupe sur-mesure pour les mati\u00e8res cuir ou techniques, assurant une adaptation parfaite \u00e0 chaque commande.<\/li><\/ul>\t\t\t\t\t\t\t\t<\/div>\n\t\t\t\t<\/div>\n\t\t\t\t<\/div>\n\t\t<div class=\"elementor-element elementor-element-b07fb97 e-con-full e-flex e-con e-child\" data-id=\"b07fb97\" data-element_type=\"container\">\n\t\t\t\t<div class=\"elementor-element elementor-element-08a3ecd elementor-widget elementor-widget-image\" data-id=\"08a3ecd\" data-element_type=\"widget\" data-widget_type=\"image.default\">\n\t\t\t\t\t\t\t\t\t\t\t\t\t\t\t<img decoding=\"async\" src=\"https:\/\/brasport-group.com\/wp-content\/uploads\/elementor\/thumbs\/Brasport-Group_Images_2-scaled-rawykojupsiz0hxo4x9nq0vb1szauum3nclrqxdvsy.jpg\" title=\"Brasport-Group_Images_2\" alt=\"Brasport-Group_Images_2\" loading=\"lazy\" \/>\t\t\t\t\t\t\t\t\t\t\t\t\t\t\t<\/div>\n\t\t\t\t<\/div>\n\t\t\t\t\t<\/div>\n\t\t\t\t<\/div>\n\t\t<div class=\"elementor-element elementor-element-7a8486d e-flex e-con-boxed e-con e-parent\" data-id=\"7a8486d\" data-element_type=\"container\">\n\t\t\t\t\t<div class=\"e-con-inner\">\n\t\t<div class=\"elementor-element elementor-element-4cfdb2b e-con-full e-flex e-con e-child\" data-id=\"4cfdb2b\" data-element_type=\"container\">\n\t\t\t\t<div class=\"elementor-element elementor-element-600772f elementor-widget elementor-widget-image\" data-id=\"600772f\" data-element_type=\"widget\" data-widget_type=\"image.default\">\n\t\t\t\t\t\t\t\t\t\t\t\t\t\t\t<img decoding=\"async\" src=\"https:\/\/brasport-group.com\/wp-content\/uploads\/elementor\/thumbs\/Brasport-Group_Images_28-scaled-rdbwe3qnaly3udi4hmpama12l80x6yae50d8v3doaq.jpg\" title=\"Brasport-Group_Images_28\" alt=\"Brasport-Group_Images_28\" loading=\"lazy\" \/>\t\t\t\t\t\t\t\t\t\t\t\t\t\t\t<\/div>\n\t\t\t\t<\/div>\n\t\t<div class=\"elementor-element elementor-element-71e6604 e-con-full e-flex e-con e-child\" data-id=\"71e6604\" data-element_type=\"container\">\n\t\t<div class=\"elementor-element elementor-element-91e0dc7 e-con-full e-flex e-con e-child\" data-id=\"91e0dc7\" data-element_type=\"container\">\n\t\t\t\t<div class=\"elementor-element elementor-element-3d557c7 elementor-widget elementor-widget-text-editor\" data-id=\"3d557c7\" data-element_type=\"widget\" data-widget_type=\"text-editor.default\">\n\t\t\t\t\t\t\t\t\t<p>Gr\u00e2ce \u00e0 nos unit\u00e9s d\u00e9di\u00e9es \u2013 atelier de microm\u00e9canique, atelier de prototypage et notre cellule de design industriel \u2013 nous assurons un contr\u00f4le total de la cha\u00eene de cr\u00e9ation de composants, dans une logique de pr\u00e9cision, de r\u00e9activit\u00e9 et d\u2019int\u00e9gration verticale.<\/p>\t\t\t\t\t\t\t\t<\/div>\n\t\t<div class=\"elementor-element elementor-element-28bd7aa e-grid e-con-full e-con e-child\" data-id=\"28bd7aa\" data-element_type=\"container\" data-settings=\"{&quot;background_background&quot;:&quot;classic&quot;}\">\n\t\t\t\t<div class=\"elementor-element elementor-element-1724763 elementor-position-top elementor-widget elementor-widget-image-box\" data-id=\"1724763\" data-element_type=\"widget\" data-widget_type=\"image-box.default\">\n\t\t\t\t\t<div class=\"elementor-image-box-wrapper\"><figure class=\"elementor-image-box-img\"><img decoding=\"async\" width=\"90\" height=\"90\" src=\"https:\/\/brasport-group.com\/wp-content\/uploads\/2025\/08\/ico-horlogerie.jpg\" class=\"attachment-full size-full wp-image-590\" alt=\"\" \/><\/figure><div class=\"elementor-image-box-content\"><span class=\"elementor-image-box-title\">Horlogerie<\/span><\/div><\/div>\t\t\t\t<\/div>\n\t\t\t\t<div class=\"elementor-element elementor-element-036c52c elementor-position-top elementor-widget elementor-widget-image-box\" data-id=\"036c52c\" data-element_type=\"widget\" data-widget_type=\"image-box.default\">\n\t\t\t\t\t<div class=\"elementor-image-box-wrapper\"><figure class=\"elementor-image-box-img\"><img decoding=\"async\" width=\"90\" height=\"90\" src=\"https:\/\/brasport-group.com\/wp-content\/uploads\/2025\/08\/ico-inserts.jpg\" class=\"attachment-full size-full wp-image-593\" alt=\"\" \/><\/figure><div class=\"elementor-image-box-content\"><span class=\"elementor-image-box-title\">Inserts<\/span><\/div><\/div>\t\t\t\t<\/div>\n\t\t\t\t<div class=\"elementor-element elementor-element-559c190 elementor-position-top elementor-widget elementor-widget-image-box\" data-id=\"559c190\" data-element_type=\"widget\" data-widget_type=\"image-box.default\">\n\t\t\t\t\t<div class=\"elementor-image-box-wrapper\"><figure class=\"elementor-image-box-img\"><img loading=\"lazy\" decoding=\"async\" width=\"90\" height=\"90\" src=\"https:\/\/brasport-group.com\/wp-content\/uploads\/2025\/08\/ico-design.jpg\" class=\"attachment-full size-full wp-image-587\" alt=\"\" \/><\/figure><div class=\"elementor-image-box-content\"><div class=\"elementor-image-box-title\">Design industriel<\/div><\/div><\/div>\t\t\t\t<\/div>\n\t\t\t\t<div class=\"elementor-element elementor-element-13b4741 elementor-position-top elementor-widget elementor-widget-image-box\" data-id=\"13b4741\" data-element_type=\"widget\" data-widget_type=\"image-box.default\">\n\t\t\t\t\t<div class=\"elementor-image-box-wrapper\"><figure class=\"elementor-image-box-img\"><img loading=\"lazy\" decoding=\"async\" width=\"90\" height=\"90\" src=\"https:\/\/brasport-group.com\/wp-content\/uploads\/2025\/08\/ico-outillage.jpg\" class=\"attachment-full size-full wp-image-596\" alt=\"\" \/><\/figure><div class=\"elementor-image-box-content\"><span class=\"elementor-image-box-title\">Outillages<\/span><\/div><\/div>\t\t\t\t<\/div>\n\t\t\t\t<\/div>\n\t\t\t\t<\/div>\n\t\t\t\t<\/div>\n\t\t\t\t\t<\/div>\n\t\t\t\t<\/div>\n\t\t\t\t<\/div>\n\t\t","protected":false},"excerpt":{"rendered":"<p>COMPOSANTS &#8211; La PR\u00c9CISION au c\u0153ur de notre savoir-faire Chez Brasport, l&rsquo;excellence se fa\u00e7onne dans le moindre d\u00e9tail. Chez Brasport, l\u2019expertise ne s\u2019arr\u00eate pas au cuir. En lien \u00e9troit avec l\u2019univers horloger, nous avons d\u00e9velopp\u00e9 des comp\u00e9tences techniques pointues dans la conception et la fabrication de composants sur-mesure, destin\u00e9s aux montres, bracelets et accessoires haut [&hellip;]<\/p>\n","protected":false},"author":1,"featured_media":0,"parent":214,"menu_order":0,"comment_status":"closed","ping_status":"closed","template":"","meta":{"_acf_changed":false,"footnotes":""},"class_list":["post-283","page","type-page","status-publish","hentry"],"acf":[],"yoast_head":"<!-- This site is optimized with the Yoast SEO plugin v26.4 - https:\/\/yoast.com\/wordpress\/plugins\/seo\/ -->\n<title>Composants - Brasport<\/title>\n<meta name=\"description\" content=\"Au-del\u00e0 du cuir, Brasport d\u00e9veloppe des composants techniques sur-mesure pour l\u2019horlogerie de luxe : inserts de bracelets, syst\u00e8mes d\u2019attache brevet\u00e9s, prototypage 3D et outillages de d\u00e9coupe. Gr\u00e2ce \u00e0 nos ateliers sp\u00e9cialis\u00e9s et \u00e0 une int\u00e9gration verticale, nous assurons une pr\u00e9cision, une r\u00e9activit\u00e9 et une fiabilit\u00e9 totales \u00e0 chaque \u00e9tape.\" \/>\n<meta name=\"robots\" content=\"index, follow, max-snippet:-1, max-image-preview:large, max-video-preview:-1\" \/>\n<link rel=\"canonical\" href=\"https:\/\/brasport-group.com\/fr\/nos-savoir-faire\/composants\/\" \/>\n<meta property=\"og:locale\" content=\"fr_FR\" \/>\n<meta property=\"og:type\" content=\"article\" \/>\n<meta property=\"og:title\" content=\"Composants - Brasport\" \/>\n<meta property=\"og:description\" content=\"Au-del\u00e0 du cuir, Brasport d\u00e9veloppe des composants techniques sur-mesure pour l\u2019horlogerie de luxe : inserts de bracelets, syst\u00e8mes d\u2019attache brevet\u00e9s, prototypage 3D et outillages de d\u00e9coupe. Gr\u00e2ce \u00e0 nos ateliers sp\u00e9cialis\u00e9s et \u00e0 une int\u00e9gration verticale, nous assurons une pr\u00e9cision, une r\u00e9activit\u00e9 et une fiabilit\u00e9 totales \u00e0 chaque \u00e9tape.\" \/>\n<meta property=\"og:url\" content=\"https:\/\/brasport-group.com\/fr\/nos-savoir-faire\/composants\/\" \/>\n<meta property=\"og:site_name\" content=\"Brasport\" \/>\n<meta property=\"article:modified_time\" content=\"2026-02-18T14:22:55+00:00\" \/>\n<meta property=\"og:image\" content=\"https:\/\/brasport-group.com\/wp-content\/uploads\/2025\/11\/Brasport-Group_Images_48-768x432.jpg\" \/>\n<meta name=\"twitter:card\" content=\"summary_large_image\" \/>\n<meta name=\"twitter:label1\" content=\"Dur\u00e9e de lecture estim\u00e9e\" \/>\n\t<meta name=\"twitter:data1\" content=\"3 minutes\" \/>\n<script type=\"application\/ld+json\" class=\"yoast-schema-graph\">{\"@context\":\"https:\/\/schema.org\",\"@graph\":[{\"@type\":\"WebPage\",\"@id\":\"https:\/\/brasport-group.com\/fr\/nos-savoir-faire\/composants\/\",\"url\":\"https:\/\/brasport-group.com\/fr\/nos-savoir-faire\/composants\/\",\"name\":\"Composants - Brasport\",\"isPartOf\":{\"@id\":\"https:\/\/brasport-group.com\/fr\/#website\"},\"primaryImageOfPage\":{\"@id\":\"https:\/\/brasport-group.com\/fr\/nos-savoir-faire\/composants\/#primaryimage\"},\"image\":{\"@id\":\"https:\/\/brasport-group.com\/fr\/nos-savoir-faire\/composants\/#primaryimage\"},\"thumbnailUrl\":\"https:\/\/brasport-group.com\/wp-content\/uploads\/2025\/11\/Brasport-Group_Images_48-768x432.jpg\",\"datePublished\":\"2025-08-26T08:14:18+00:00\",\"dateModified\":\"2026-02-18T14:22:55+00:00\",\"description\":\"Au-del\u00e0 du cuir, Brasport d\u00e9veloppe des composants techniques sur-mesure pour l\u2019horlogerie de luxe : inserts de bracelets, syst\u00e8mes d\u2019attache brevet\u00e9s, prototypage 3D et outillages de d\u00e9coupe. Gr\u00e2ce \u00e0 nos ateliers sp\u00e9cialis\u00e9s et \u00e0 une int\u00e9gration verticale, nous assurons une pr\u00e9cision, une r\u00e9activit\u00e9 et une fiabilit\u00e9 totales \u00e0 chaque \u00e9tape.\",\"breadcrumb\":{\"@id\":\"https:\/\/brasport-group.com\/fr\/nos-savoir-faire\/composants\/#breadcrumb\"},\"inLanguage\":\"fr-FR\",\"potentialAction\":[{\"@type\":\"ReadAction\",\"target\":[\"https:\/\/brasport-group.com\/fr\/nos-savoir-faire\/composants\/\"]}]},{\"@type\":\"ImageObject\",\"inLanguage\":\"fr-FR\",\"@id\":\"https:\/\/brasport-group.com\/fr\/nos-savoir-faire\/composants\/#primaryimage\",\"url\":\"https:\/\/brasport-group.com\/wp-content\/uploads\/2025\/11\/Brasport-Group_Images_48-768x432.jpg\",\"contentUrl\":\"https:\/\/brasport-group.com\/wp-content\/uploads\/2025\/11\/Brasport-Group_Images_48-768x432.jpg\"},{\"@type\":\"BreadcrumbList\",\"@id\":\"https:\/\/brasport-group.com\/fr\/nos-savoir-faire\/composants\/#breadcrumb\",\"itemListElement\":[{\"@type\":\"ListItem\",\"position\":1,\"name\":\"Accueil\",\"item\":\"https:\/\/brasport-group.com\/fr\/\"},{\"@type\":\"ListItem\",\"position\":2,\"name\":\"Nos Savoir-Faire\",\"item\":\"https:\/\/brasport-group.com\/fr\/nos-savoir-faire\/\"},{\"@type\":\"ListItem\",\"position\":3,\"name\":\"Composants\"}]},{\"@type\":\"WebSite\",\"@id\":\"https:\/\/brasport-group.com\/fr\/#website\",\"url\":\"https:\/\/brasport-group.com\/fr\/\",\"name\":\"Brasport\",\"description\":\"Passion et excellence\",\"publisher\":{\"@id\":\"https:\/\/brasport-group.com\/fr\/#organization\"},\"potentialAction\":[{\"@type\":\"SearchAction\",\"target\":{\"@type\":\"EntryPoint\",\"urlTemplate\":\"https:\/\/brasport-group.com\/fr\/?s={search_term_string}\"},\"query-input\":{\"@type\":\"PropertyValueSpecification\",\"valueRequired\":true,\"valueName\":\"search_term_string\"}}],\"inLanguage\":\"fr-FR\"},{\"@type\":\"Organization\",\"@id\":\"https:\/\/brasport-group.com\/fr\/#organization\",\"name\":\"Brasport\",\"url\":\"https:\/\/brasport-group.com\/fr\/\",\"logo\":{\"@type\":\"ImageObject\",\"inLanguage\":\"fr-FR\",\"@id\":\"https:\/\/brasport-group.com\/fr\/#\/schema\/logo\/image\/\",\"url\":\"https:\/\/brasport-group.com\/wp-content\/uploads\/2025\/08\/logo-brasport-group.png\",\"contentUrl\":\"https:\/\/brasport-group.com\/wp-content\/uploads\/2025\/08\/logo-brasport-group.png\",\"width\":411,\"height\":34,\"caption\":\"Brasport\"},\"image\":{\"@id\":\"https:\/\/brasport-group.com\/fr\/#\/schema\/logo\/image\/\"}}]}<\/script>\n<!-- \/ Yoast SEO plugin. -->","yoast_head_json":{"title":"Composants - Brasport","description":"Au-del\u00e0 du cuir, Brasport d\u00e9veloppe des composants techniques sur-mesure pour l\u2019horlogerie de luxe : inserts de bracelets, syst\u00e8mes d\u2019attache brevet\u00e9s, prototypage 3D et outillages de d\u00e9coupe. Gr\u00e2ce \u00e0 nos ateliers sp\u00e9cialis\u00e9s et \u00e0 une int\u00e9gration verticale, nous assurons une pr\u00e9cision, une r\u00e9activit\u00e9 et une fiabilit\u00e9 totales \u00e0 chaque \u00e9tape.","robots":{"index":"index","follow":"follow","max-snippet":"max-snippet:-1","max-image-preview":"max-image-preview:large","max-video-preview":"max-video-preview:-1"},"canonical":"https:\/\/brasport-group.com\/fr\/nos-savoir-faire\/composants\/","og_locale":"fr_FR","og_type":"article","og_title":"Composants - Brasport","og_description":"Au-del\u00e0 du cuir, Brasport d\u00e9veloppe des composants techniques sur-mesure pour l\u2019horlogerie de luxe : inserts de bracelets, syst\u00e8mes d\u2019attache brevet\u00e9s, prototypage 3D et outillages de d\u00e9coupe. Gr\u00e2ce \u00e0 nos ateliers sp\u00e9cialis\u00e9s et \u00e0 une int\u00e9gration verticale, nous assurons une pr\u00e9cision, une r\u00e9activit\u00e9 et une fiabilit\u00e9 totales \u00e0 chaque \u00e9tape.","og_url":"https:\/\/brasport-group.com\/fr\/nos-savoir-faire\/composants\/","og_site_name":"Brasport","article_modified_time":"2026-02-18T14:22:55+00:00","og_image":[{"url":"https:\/\/brasport-group.com\/wp-content\/uploads\/2025\/11\/Brasport-Group_Images_48-768x432.jpg","type":"","width":"","height":""}],"twitter_card":"summary_large_image","twitter_misc":{"Dur\u00e9e de lecture estim\u00e9e":"3 minutes"},"schema":{"@context":"https:\/\/schema.org","@graph":[{"@type":"WebPage","@id":"https:\/\/brasport-group.com\/fr\/nos-savoir-faire\/composants\/","url":"https:\/\/brasport-group.com\/fr\/nos-savoir-faire\/composants\/","name":"Composants - Brasport","isPartOf":{"@id":"https:\/\/brasport-group.com\/fr\/#website"},"primaryImageOfPage":{"@id":"https:\/\/brasport-group.com\/fr\/nos-savoir-faire\/composants\/#primaryimage"},"image":{"@id":"https:\/\/brasport-group.com\/fr\/nos-savoir-faire\/composants\/#primaryimage"},"thumbnailUrl":"https:\/\/brasport-group.com\/wp-content\/uploads\/2025\/11\/Brasport-Group_Images_48-768x432.jpg","datePublished":"2025-08-26T08:14:18+00:00","dateModified":"2026-02-18T14:22:55+00:00","description":"Au-del\u00e0 du cuir, Brasport d\u00e9veloppe des composants techniques sur-mesure pour l\u2019horlogerie de luxe : inserts de bracelets, syst\u00e8mes d\u2019attache brevet\u00e9s, prototypage 3D et outillages de d\u00e9coupe. Gr\u00e2ce \u00e0 nos ateliers sp\u00e9cialis\u00e9s et \u00e0 une int\u00e9gration verticale, nous assurons une pr\u00e9cision, une r\u00e9activit\u00e9 et une fiabilit\u00e9 totales \u00e0 chaque \u00e9tape.","breadcrumb":{"@id":"https:\/\/brasport-group.com\/fr\/nos-savoir-faire\/composants\/#breadcrumb"},"inLanguage":"fr-FR","potentialAction":[{"@type":"ReadAction","target":["https:\/\/brasport-group.com\/fr\/nos-savoir-faire\/composants\/"]}]},{"@type":"ImageObject","inLanguage":"fr-FR","@id":"https:\/\/brasport-group.com\/fr\/nos-savoir-faire\/composants\/#primaryimage","url":"https:\/\/brasport-group.com\/wp-content\/uploads\/2025\/11\/Brasport-Group_Images_48-768x432.jpg","contentUrl":"https:\/\/brasport-group.com\/wp-content\/uploads\/2025\/11\/Brasport-Group_Images_48-768x432.jpg"},{"@type":"BreadcrumbList","@id":"https:\/\/brasport-group.com\/fr\/nos-savoir-faire\/composants\/#breadcrumb","itemListElement":[{"@type":"ListItem","position":1,"name":"Accueil","item":"https:\/\/brasport-group.com\/fr\/"},{"@type":"ListItem","position":2,"name":"Nos Savoir-Faire","item":"https:\/\/brasport-group.com\/fr\/nos-savoir-faire\/"},{"@type":"ListItem","position":3,"name":"Composants"}]},{"@type":"WebSite","@id":"https:\/\/brasport-group.com\/fr\/#website","url":"https:\/\/brasport-group.com\/fr\/","name":"Brasport","description":"Passion et excellence","publisher":{"@id":"https:\/\/brasport-group.com\/fr\/#organization"},"potentialAction":[{"@type":"SearchAction","target":{"@type":"EntryPoint","urlTemplate":"https:\/\/brasport-group.com\/fr\/?s={search_term_string}"},"query-input":{"@type":"PropertyValueSpecification","valueRequired":true,"valueName":"search_term_string"}}],"inLanguage":"fr-FR"},{"@type":"Organization","@id":"https:\/\/brasport-group.com\/fr\/#organization","name":"Brasport","url":"https:\/\/brasport-group.com\/fr\/","logo":{"@type":"ImageObject","inLanguage":"fr-FR","@id":"https:\/\/brasport-group.com\/fr\/#\/schema\/logo\/image\/","url":"https:\/\/brasport-group.com\/wp-content\/uploads\/2025\/08\/logo-brasport-group.png","contentUrl":"https:\/\/brasport-group.com\/wp-content\/uploads\/2025\/08\/logo-brasport-group.png","width":411,"height":34,"caption":"Brasport"},"image":{"@id":"https:\/\/brasport-group.com\/fr\/#\/schema\/logo\/image\/"}}]}},"_links":{"self":[{"href":"https:\/\/brasport-group.com\/fr\/wp-json\/wp\/v2\/pages\/283","targetHints":{"allow":["GET"]}}],"collection":[{"href":"https:\/\/brasport-group.com\/fr\/wp-json\/wp\/v2\/pages"}],"about":[{"href":"https:\/\/brasport-group.com\/fr\/wp-json\/wp\/v2\/types\/page"}],"author":[{"embeddable":true,"href":"https:\/\/brasport-group.com\/fr\/wp-json\/wp\/v2\/users\/1"}],"replies":[{"embeddable":true,"href":"https:\/\/brasport-group.com\/fr\/wp-json\/wp\/v2\/comments?post=283"}],"version-history":[{"count":43,"href":"https:\/\/brasport-group.com\/fr\/wp-json\/wp\/v2\/pages\/283\/revisions"}],"predecessor-version":[{"id":3397,"href":"https:\/\/brasport-group.com\/fr\/wp-json\/wp\/v2\/pages\/283\/revisions\/3397"}],"up":[{"embeddable":true,"href":"https:\/\/brasport-group.com\/fr\/wp-json\/wp\/v2\/pages\/214"}],"wp:attachment":[{"href":"https:\/\/brasport-group.com\/fr\/wp-json\/wp\/v2\/media?parent=283"}],"curies":[{"name":"wp","href":"https:\/\/api.w.org\/{rel}","templated":true}]}}