{"id":285,"date":"2025-08-26T10:15:07","date_gmt":"2025-08-26T08:15:07","guid":{"rendered":"https:\/\/brasport-group.com\/?page_id=285"},"modified":"2026-02-18T16:24:12","modified_gmt":"2026-02-18T14:24:12","slug":"maroquinerie","status":"publish","type":"page","link":"https:\/\/brasport-group.com\/fr\/nos-savoir-faire\/maroquinerie\/","title":{"rendered":"Maroquinerie"},"content":{"rendered":"\t\t<div data-elementor-type=\"wp-page\" data-elementor-id=\"285\" class=\"elementor elementor-285\" data-elementor-post-type=\"page\">\n\t\t\t\t<div class=\"elementor-element elementor-element-065c95b e-flex e-con-boxed e-con e-parent\" data-id=\"065c95b\" data-element_type=\"container\" data-settings=\"{&quot;background_background&quot;:&quot;classic&quot;}\">\n\t\t\t\t\t<div class=\"e-con-inner\">\n\t\t<div class=\"elementor-element elementor-element-461262b animated-slow e-flex e-con-boxed elementor-invisible e-con e-child\" data-id=\"461262b\" data-element_type=\"container\" data-settings=\"{&quot;animation&quot;:&quot;fadeInUp&quot;,&quot;animation_delay&quot;:200}\">\n\t\t\t\t\t<div class=\"e-con-inner\">\n\t\t\t\t<div class=\"elementor-element elementor-element-05c990a elementor-align-left elementor-widget elementor-widget-breadcrumbs\" data-id=\"05c990a\" data-element_type=\"widget\" data-widget_type=\"breadcrumbs.default\">\n\t\t\t\t\t<p id=\"breadcrumbs\"><span><span><a href=\"https:\/\/brasport-group.com\/fr\/\">Accueil<\/a><\/span><\/span><\/p>\t\t\t\t<\/div>\n\t\t\t\t<div class=\"elementor-element elementor-element-ec9bc1d elementor-widget elementor-widget-heading\" data-id=\"ec9bc1d\" data-element_type=\"widget\" data-widget_type=\"heading.default\">\n\t\t\t\t\t<h1 class=\"elementor-heading-title elementor-size-default\">MAROQUINERIE -<br \/>\nChaque ID\u00c9E prend vie<br \/>\navec JUSTESSE et \u00c9L\u00c9GANCE<\/h1>\t\t\t\t<\/div>\n\t\t\t\t<div class=\"elementor-element elementor-element-7f70d50 elementor-widget__width-initial elementor-widget-mobile__width-inherit elementor-widget elementor-widget-text-editor\" data-id=\"7f70d50\" data-element_type=\"widget\" data-widget_type=\"text-editor.default\">\n\t\t\t\t\t\t\t\t\t<p>Chez Brasport, l&rsquo;excellence se fa\u00e7onne dans le moindre d\u00e9tail.<\/p>\t\t\t\t\t\t\t\t<\/div>\n\t\t\t\t\t<\/div>\n\t\t\t\t<\/div>\n\t\t\t\t\t<\/div>\n\t\t\t\t<\/div>\n\t\t<div class=\"elementor-element elementor-element-491ccf0 e-flex e-con-boxed e-con e-parent\" data-id=\"491ccf0\" data-element_type=\"container\">\n\t\t\t\t\t<div class=\"e-con-inner\">\n\t\t<div class=\"elementor-element elementor-element-1763f2e e-con-full e-flex e-con e-child\" data-id=\"1763f2e\" data-element_type=\"container\">\n\t\t\t\t<div class=\"elementor-element elementor-element-5022012 elementor-widget elementor-widget-image\" data-id=\"5022012\" data-element_type=\"widget\" data-widget_type=\"image.default\">\n\t\t\t\t\t\t\t\t\t\t\t\t\t\t\t<img decoding=\"async\" src=\"https:\/\/brasport-group.com\/wp-content\/uploads\/elementor\/thumbs\/Brasport-Group_Images_38-scaled-rdbwmavywl653xlem6a5d7jt47m6bwu3xl7pjz820y.jpg\" title=\"Brasport-Group_Images_38\" alt=\"Brasport-Group_Images_38\" loading=\"lazy\" \/>\t\t\t\t\t\t\t\t\t\t\t\t\t\t\t<\/div>\n\t\t\t\t<\/div>\n\t\t<div class=\"elementor-element elementor-element-e835ed2 e-con-full e-flex e-con e-child\" data-id=\"e835ed2\" data-element_type=\"container\">\n\t\t<div class=\"elementor-element elementor-element-279da00 e-con-full e-flex e-con e-child\" data-id=\"279da00\" data-element_type=\"container\">\n\t\t\t\t<div class=\"elementor-element elementor-element-3e64194 elementor-widget elementor-widget-heading\" data-id=\"3e64194\" data-element_type=\"widget\" data-widget_type=\"heading.default\">\n\t\t\t\t\t<h3 class=\"elementor-heading-title elementor-size-default\">Sur mesure<\/h3>\t\t\t\t<\/div>\n\t\t\t\t<div class=\"elementor-element elementor-element-d76bceb elementor-widget elementor-widget-text-editor\" data-id=\"d76bceb\" data-element_type=\"widget\" data-widget_type=\"text-editor.default\">\n\t\t\t\t\t\t\t\t\t<p>Chez Brasport, chaque id\u00e9e prend vie avec justesse et \u00e9l\u00e9gance. Gr\u00e2ce \u00e0 un savoir-faire ma\u00eetris\u00e9, nous fa\u00e7onnons des pi\u00e8ces uniques, con\u00e7ues selon vos envies \u2013 des cr\u00e9ations les plus audacieuses aux mod\u00e8les les plus \u00e9pur\u00e9s, toujours marqu\u00e9es de votre identit\u00e9. Tout est enti\u00e8rement r\u00e9alis\u00e9 sur mesure, alliant votre vision \u00e0 l\u2019empreinte d\u2019excellence de la Maison.<\/p>\t\t\t\t\t\t\t\t<\/div>\n\t\t\t\t<\/div>\n\t\t\t\t<\/div>\n\t\t\t\t\t<\/div>\n\t\t\t\t<\/div>\n\t\t<div class=\"elementor-element elementor-element-d84bd41 e-flex e-con-boxed e-con e-parent\" data-id=\"d84bd41\" data-element_type=\"container\">\n\t\t\t\t\t<div class=\"e-con-inner\">\n\t\t<div class=\"elementor-element elementor-element-f2917a5 e-con-full e-flex e-con e-child\" data-id=\"f2917a5\" data-element_type=\"container\">\n\t\t<div class=\"elementor-element elementor-element-e9a6ce4 e-con-full e-flex e-con e-child\" data-id=\"e9a6ce4\" data-element_type=\"container\">\n\t\t\t\t<div class=\"elementor-element elementor-element-aa0a95f elementor-widget elementor-widget-text-editor\" data-id=\"aa0a95f\" data-element_type=\"widget\" data-widget_type=\"text-editor.default\">\n\t\t\t\t\t\t\t\t\t<p>Pour r\u00e9pondre \u00e0 des enjeux croissants, tant soci\u00e9taux qu\u2019environnementaux, nous avons implant\u00e9 notre unit\u00e9 de production Premium for Leather au Portugal, \u00e0 proximit\u00e9 de notre site historique. Fond\u00e9e en 2021, cette structure r\u00e9unit plus de 80 collaborateurs, dont un bureau de prototypage et une \u00e9quipe R&amp;D d\u00e9di\u00e9e. Elle nous permet de produire l\u2019ensemble de notre collection et d\u2019accompagner le d\u00e9veloppement de projets sur mesure, de la conception jusqu\u2019\u00e0 la r\u00e9alisation, en petites comme en grandes s\u00e9ries.<\/p>\t\t\t\t\t\t\t\t<\/div>\n\t\t\t\t<\/div>\n\t\t\t\t<\/div>\n\t\t<div class=\"elementor-element elementor-element-238cffc e-con-full e-flex e-con e-child\" data-id=\"238cffc\" data-element_type=\"container\">\n\t\t\t\t<div class=\"elementor-element elementor-element-3cb902e elementor-widget elementor-widget-image\" data-id=\"3cb902e\" data-element_type=\"widget\" data-widget_type=\"image.default\">\n\t\t\t\t\t\t\t\t\t\t\t\t\t\t\t<img decoding=\"async\" src=\"https:\/\/brasport-group.com\/wp-content\/uploads\/elementor\/thumbs\/Maroquinerie-rebcgtytbglq6sxqkwct3stf1lvohvuu4lst51khmq.png\" title=\"Maroquinerie\" alt=\"Maroquinerie\" loading=\"lazy\" \/>\t\t\t\t\t\t\t\t\t\t\t\t\t\t\t<\/div>\n\t\t\t\t<\/div>\n\t\t\t\t\t<\/div>\n\t\t\t\t<\/div>\n\t\t<div class=\"elementor-element elementor-element-6de1880 e-flex e-con-boxed e-con e-parent\" data-id=\"6de1880\" data-element_type=\"container\">\n\t\t\t\t\t<div class=\"e-con-inner\">\n\t\t<div class=\"elementor-element elementor-element-291fc22 e-con-full e-flex e-con e-child\" data-id=\"291fc22\" data-element_type=\"container\">\n\t\t\t\t<div class=\"elementor-element elementor-element-b5222d8 elementor-widget elementor-widget-image\" data-id=\"b5222d8\" data-element_type=\"widget\" data-widget_type=\"image.default\">\n\t\t\t\t\t\t\t\t\t\t\t\t\t\t\t<img decoding=\"async\" src=\"https:\/\/brasport-group.com\/wp-content\/uploads\/elementor\/thumbs\/Maro-1-rebcbckpg93igowglj15k6mmaowllg37dgsucxp5xe.png\" title=\"Maro (1)\" alt=\"Maro (1)\" loading=\"lazy\" \/>\t\t\t\t\t\t\t\t\t\t\t\t\t\t\t<\/div>\n\t\t\t\t<\/div>\n\t\t<div class=\"elementor-element elementor-element-7fd7c38 e-con-full e-flex e-con e-child\" data-id=\"7fd7c38\" data-element_type=\"container\">\n\t\t<div class=\"elementor-element elementor-element-092a5f0 e-con-full e-flex e-con e-child\" data-id=\"092a5f0\" data-element_type=\"container\">\n\t\t\t\t<div class=\"elementor-element elementor-element-c4727e4 elementor-widget elementor-widget-text-editor\" data-id=\"c4727e4\" data-element_type=\"widget\" data-widget_type=\"text-editor.default\">\n\t\t\t\t\t\t\t\t\t<p>Gr\u00e2ce \u00e0 ce p\u00f4le de recherche et d\u00e9veloppement int\u00e9gr\u00e9, nous concevons des prototypes, d\u00e9veloppons des solutions techniques et r\u00e9alisons les outillages n\u00e9cessaires \u00e0 chaque cr\u00e9ation. Nos chefs de projets, techniciennes et artisans sp\u00e9cialis\u00e9s en maroquinerie assurent un haut niveau de qualit\u00e9 et de finition. Ce mod\u00e8le de fabrication europ\u00e9enne garantit r\u00e9activit\u00e9, fiabilit\u00e9 et ma\u00eetrise totale de la cha\u00eene de production.<\/p><p>Dans cette m\u00eame volont\u00e9 de proximit\u00e9 et d\u2019agilit\u00e9, nous avons \u00e9galement renforc\u00e9 notre \u00e9quipe en Suisse. Elle est compos\u00e9e d\u2019un chef de produit, d\u2019un commercial et d\u2019une prototypiste sp\u00e9cialis\u00e9e, enti\u00e8rement d\u00e9di\u00e9s \u00e0 l\u2019accompagnement de vos projets sur mesure.<\/p><p>Nous collaborons avec de grandes marques du secteur du luxe, en leur offrant un accompagnement personnalis\u00e9 et un savoir-faire d\u2019exception.<\/p>\t\t\t\t\t\t\t\t<\/div>\n\t\t\t\t<\/div>\n\t\t\t\t<\/div>\n\t\t\t\t\t<\/div>\n\t\t\t\t<\/div>\n\t\t<div class=\"elementor-element elementor-element-4cd6e9c e-flex e-con-boxed e-con e-parent\" data-id=\"4cd6e9c\" data-element_type=\"container\">\n\t\t\t\t\t<div class=\"e-con-inner\">\n\t\t<div class=\"elementor-element elementor-element-c6e5fc3 e-con-full e-flex e-con e-child\" data-id=\"c6e5fc3\" data-element_type=\"container\">\n\t\t<div class=\"elementor-element elementor-element-84d979d e-con-full e-flex e-con e-child\" data-id=\"84d979d\" data-element_type=\"container\">\n\t\t\t\t<div class=\"elementor-element elementor-element-e8018d1 elementor-widget elementor-widget-heading\" data-id=\"e8018d1\" data-element_type=\"widget\" data-widget_type=\"heading.default\">\n\t\t\t\t\t<h3 class=\"elementor-heading-title elementor-size-default\">Collection<\/h3>\t\t\t\t<\/div>\n\t\t\t\t<div class=\"elementor-element elementor-element-9aa6386 elementor-widget elementor-widget-text-editor\" data-id=\"9aa6386\" data-element_type=\"widget\" data-widget_type=\"text-editor.default\">\n\t\t\t\t\t\t\t\t\t<p>D\u00e9couvrez notre collection exclusive d\u2019articles de maroquinerie. Pochettes, \u00e9crins, \u00e9tuis ou pr\u00e9sentoirs : chaque pi\u00e8ce est r\u00e9alis\u00e9e avec un soin minutieux et des mat\u00e9riaux d\u2019exception. \u00c0 vous de choisir l\u2019objet qui sublimera votre univers.<\/p>\t\t\t\t\t\t\t\t<\/div>\n\t\t\t\t<\/div>\n\t\t\t\t<\/div>\n\t\t<div class=\"elementor-element elementor-element-fb90321 e-con-full e-flex e-con e-child\" data-id=\"fb90321\" data-element_type=\"container\">\n\t\t\t\t<div class=\"elementor-element elementor-element-3777a96 elementor-widget elementor-widget-image\" data-id=\"3777a96\" data-element_type=\"widget\" data-widget_type=\"image.default\">\n\t\t\t\t\t\t\t\t\t\t\t\t\t\t\t<img decoding=\"async\" src=\"https:\/\/brasport-group.com\/wp-content\/uploads\/elementor\/thumbs\/DSCF0371-53-scaled-rfdk5vmyycnpf31l3detxbsgsf8a30uvutr0r6aerm.jpg\" title=\"PRODUTO\" alt=\"PRODUTO\" loading=\"lazy\" \/>\t\t\t\t\t\t\t\t\t\t\t\t\t\t\t<\/div>\n\t\t\t\t<\/div>\n\t\t\t\t\t<\/div>\n\t\t\t\t<\/div>\n\t\t<div class=\"elementor-element elementor-element-e8a07ce e-flex e-con-boxed e-con e-parent\" data-id=\"e8a07ce\" data-element_type=\"container\">\n\t\t\t\t\t<div class=\"e-con-inner\">\n\t\t<div class=\"elementor-element elementor-element-b057348 e-con-full e-flex e-con e-child\" data-id=\"b057348\" data-element_type=\"container\">\n\t\t\t\t<div class=\"elementor-element elementor-element-8e5c603 elementor-widget elementor-widget-image\" data-id=\"8e5c603\" data-element_type=\"widget\" data-widget_type=\"image.default\">\n\t\t\t\t\t\t\t\t\t\t\t\t\t\t\t<img decoding=\"async\" src=\"https:\/\/brasport-group.com\/wp-content\/uploads\/elementor\/thumbs\/DSCF0320-28-scaled-rfdk6oryu7rlezv9d809kmfr7d8npn2katz2mr37eq.jpg\" title=\"PRODUTO\" alt=\"PRODUTO\" loading=\"lazy\" \/>\t\t\t\t\t\t\t\t\t\t\t\t\t\t\t<\/div>\n\t\t\t\t<\/div>\n\t\t<div class=\"elementor-element elementor-element-5af57cd e-con-full e-flex e-con e-child\" data-id=\"5af57cd\" data-element_type=\"container\">\n\t\t<div class=\"elementor-element elementor-element-267b15e e-con-full e-flex e-con e-child\" data-id=\"267b15e\" data-element_type=\"container\">\n\t\t\t\t<div class=\"elementor-element elementor-element-0c5dd0e elementor-widget elementor-widget-text-editor\" data-id=\"0c5dd0e\" data-element_type=\"widget\" data-widget_type=\"text-editor.default\">\n\t\t\t\t\t\t\t\t\t<p>\u00c0 l\u2019occasion d\u2019un salon, d\u2019un lancement ou d\u2019une op\u00e9ration sp\u00e9ciale, nous concevons des objets sur-mesure personnalisables \u00e0 votre image : \u00e9tuis, porte-cartes, pochettes ou accessoires du quotidien. Chaque pi\u00e8ce est r\u00e9alis\u00e9e avec le m\u00eame niveau d\u2019exigence que nos bracelets haut de gamme : mati\u00e8res nobles, finitions soign\u00e9es et design ma\u00eetris\u00e9.<\/p>\t\t\t\t\t\t\t\t<\/div>\n\t\t\t\t<\/div>\n\t\t\t\t<\/div>\n\t\t\t\t\t<\/div>\n\t\t\t\t<\/div>\n\t\t\t\t<\/div>\n\t\t","protected":false},"excerpt":{"rendered":"<p>MAROQUINERIE &#8211; Chaque ID\u00c9E prend vie avec JUSTESSE et \u00c9L\u00c9GANCE Chez Brasport, l&rsquo;excellence se fa\u00e7onne dans le moindre d\u00e9tail. Sur mesure Chez Brasport, chaque id\u00e9e prend vie avec justesse et \u00e9l\u00e9gance. Gr\u00e2ce \u00e0 un savoir-faire ma\u00eetris\u00e9, nous fa\u00e7onnons des pi\u00e8ces uniques, con\u00e7ues selon vos envies \u2013 des cr\u00e9ations les plus audacieuses aux mod\u00e8les les plus [&hellip;]<\/p>\n","protected":false},"author":1,"featured_media":0,"parent":214,"menu_order":0,"comment_status":"closed","ping_status":"closed","template":"","meta":{"_acf_changed":false,"footnotes":""},"class_list":["post-285","page","type-page","status-publish","hentry"],"acf":[],"yoast_head":"<!-- This site is optimized with the Yoast SEO plugin v26.4 - https:\/\/yoast.com\/wordpress\/plugins\/seo\/ -->\n<title>Maroquinerie - Brasport<\/title>\n<meta name=\"description\" content=\"Chaque id\u00e9e prend vie dans nos ateliers : \u00e9tuis, \u00e9crins, pochettes ou cr\u00e9ations exclusives, tout est con\u00e7u pour refl\u00e9ter votre univers. Notre site de production au Portugal, associ\u00e9 \u00e0 notre \u00e9quipe en Suisse, nous permet de conjuguer savoir-faire traditionnel et innovation technique pour des pi\u00e8ces uniques, \u00e0 petite ou grande \u00e9chelle.\" \/>\n<meta name=\"robots\" content=\"index, follow, max-snippet:-1, max-image-preview:large, max-video-preview:-1\" \/>\n<link rel=\"canonical\" href=\"https:\/\/brasport-group.com\/fr\/nos-savoir-faire\/maroquinerie\/\" \/>\n<meta property=\"og:locale\" content=\"fr_FR\" \/>\n<meta property=\"og:type\" content=\"article\" \/>\n<meta property=\"og:title\" content=\"Maroquinerie - Brasport\" \/>\n<meta property=\"og:description\" content=\"Chaque id\u00e9e prend vie dans nos ateliers : \u00e9tuis, \u00e9crins, pochettes ou cr\u00e9ations exclusives, tout est con\u00e7u pour refl\u00e9ter votre univers. Notre site de production au Portugal, associ\u00e9 \u00e0 notre \u00e9quipe en Suisse, nous permet de conjuguer savoir-faire traditionnel et innovation technique pour des pi\u00e8ces uniques, \u00e0 petite ou grande \u00e9chelle.\" \/>\n<meta property=\"og:url\" content=\"https:\/\/brasport-group.com\/fr\/nos-savoir-faire\/maroquinerie\/\" \/>\n<meta property=\"og:site_name\" content=\"Brasport\" \/>\n<meta property=\"article:modified_time\" content=\"2026-02-18T14:24:12+00:00\" \/>\n<meta property=\"og:image\" content=\"https:\/\/brasport-group.com\/wp-content\/uploads\/elementor\/thumbs\/Brasport-Group_Images_38-scaled-rdbwmavywl653xlem6a5d7jt47m6bwu3xl7pjz820y.jpg\" \/>\n<meta name=\"twitter:card\" content=\"summary_large_image\" \/>\n<meta name=\"twitter:label1\" content=\"Dur\u00e9e de lecture estim\u00e9e\" \/>\n\t<meta name=\"twitter:data1\" content=\"3 minutes\" \/>\n<script type=\"application\/ld+json\" class=\"yoast-schema-graph\">{\"@context\":\"https:\/\/schema.org\",\"@graph\":[{\"@type\":\"WebPage\",\"@id\":\"https:\/\/brasport-group.com\/fr\/nos-savoir-faire\/maroquinerie\/\",\"url\":\"https:\/\/brasport-group.com\/fr\/nos-savoir-faire\/maroquinerie\/\",\"name\":\"Maroquinerie - Brasport\",\"isPartOf\":{\"@id\":\"https:\/\/brasport-group.com\/fr\/#website\"},\"primaryImageOfPage\":{\"@id\":\"https:\/\/brasport-group.com\/fr\/nos-savoir-faire\/maroquinerie\/#primaryimage\"},\"image\":{\"@id\":\"https:\/\/brasport-group.com\/fr\/nos-savoir-faire\/maroquinerie\/#primaryimage\"},\"thumbnailUrl\":\"https:\/\/brasport-group.com\/wp-content\/uploads\/elementor\/thumbs\/Brasport-Group_Images_38-scaled-rdbwmavywl653xlem6a5d7jt47m6bwu3xl7pjz820y.jpg\",\"datePublished\":\"2025-08-26T08:15:07+00:00\",\"dateModified\":\"2026-02-18T14:24:12+00:00\",\"description\":\"Chaque id\u00e9e prend vie dans nos ateliers : \u00e9tuis, \u00e9crins, pochettes ou cr\u00e9ations exclusives, tout est con\u00e7u pour refl\u00e9ter votre univers. Notre site de production au Portugal, associ\u00e9 \u00e0 notre \u00e9quipe en Suisse, nous permet de conjuguer savoir-faire traditionnel et innovation technique pour des pi\u00e8ces uniques, \u00e0 petite ou grande \u00e9chelle.\",\"breadcrumb\":{\"@id\":\"https:\/\/brasport-group.com\/fr\/nos-savoir-faire\/maroquinerie\/#breadcrumb\"},\"inLanguage\":\"fr-FR\",\"potentialAction\":[{\"@type\":\"ReadAction\",\"target\":[\"https:\/\/brasport-group.com\/fr\/nos-savoir-faire\/maroquinerie\/\"]}]},{\"@type\":\"ImageObject\",\"inLanguage\":\"fr-FR\",\"@id\":\"https:\/\/brasport-group.com\/fr\/nos-savoir-faire\/maroquinerie\/#primaryimage\",\"url\":\"https:\/\/brasport-group.com\/wp-content\/uploads\/elementor\/thumbs\/Brasport-Group_Images_38-scaled-rdbwmavywl653xlem6a5d7jt47m6bwu3xl7pjz820y.jpg\",\"contentUrl\":\"https:\/\/brasport-group.com\/wp-content\/uploads\/elementor\/thumbs\/Brasport-Group_Images_38-scaled-rdbwmavywl653xlem6a5d7jt47m6bwu3xl7pjz820y.jpg\"},{\"@type\":\"BreadcrumbList\",\"@id\":\"https:\/\/brasport-group.com\/fr\/nos-savoir-faire\/maroquinerie\/#breadcrumb\",\"itemListElement\":[{\"@type\":\"ListItem\",\"position\":1,\"name\":\"Accueil\",\"item\":\"https:\/\/brasport-group.com\/fr\/\"},{\"@type\":\"ListItem\",\"position\":2,\"name\":\"Nos Savoir-Faire\",\"item\":\"https:\/\/brasport-group.com\/fr\/nos-savoir-faire\/\"},{\"@type\":\"ListItem\",\"position\":3,\"name\":\"Maroquinerie\"}]},{\"@type\":\"WebSite\",\"@id\":\"https:\/\/brasport-group.com\/fr\/#website\",\"url\":\"https:\/\/brasport-group.com\/fr\/\",\"name\":\"Brasport\",\"description\":\"Passion et excellence\",\"publisher\":{\"@id\":\"https:\/\/brasport-group.com\/fr\/#organization\"},\"potentialAction\":[{\"@type\":\"SearchAction\",\"target\":{\"@type\":\"EntryPoint\",\"urlTemplate\":\"https:\/\/brasport-group.com\/fr\/?s={search_term_string}\"},\"query-input\":{\"@type\":\"PropertyValueSpecification\",\"valueRequired\":true,\"valueName\":\"search_term_string\"}}],\"inLanguage\":\"fr-FR\"},{\"@type\":\"Organization\",\"@id\":\"https:\/\/brasport-group.com\/fr\/#organization\",\"name\":\"Brasport\",\"url\":\"https:\/\/brasport-group.com\/fr\/\",\"logo\":{\"@type\":\"ImageObject\",\"inLanguage\":\"fr-FR\",\"@id\":\"https:\/\/brasport-group.com\/fr\/#\/schema\/logo\/image\/\",\"url\":\"https:\/\/brasport-group.com\/wp-content\/uploads\/2025\/08\/logo-brasport-group.png\",\"contentUrl\":\"https:\/\/brasport-group.com\/wp-content\/uploads\/2025\/08\/logo-brasport-group.png\",\"width\":411,\"height\":34,\"caption\":\"Brasport\"},\"image\":{\"@id\":\"https:\/\/brasport-group.com\/fr\/#\/schema\/logo\/image\/\"}}]}<\/script>\n<!-- \/ Yoast SEO plugin. -->","yoast_head_json":{"title":"Maroquinerie - Brasport","description":"Chaque id\u00e9e prend vie dans nos ateliers : \u00e9tuis, \u00e9crins, pochettes ou cr\u00e9ations exclusives, tout est con\u00e7u pour refl\u00e9ter votre univers. Notre site de production au Portugal, associ\u00e9 \u00e0 notre \u00e9quipe en Suisse, nous permet de conjuguer savoir-faire traditionnel et innovation technique pour des pi\u00e8ces uniques, \u00e0 petite ou grande \u00e9chelle.","robots":{"index":"index","follow":"follow","max-snippet":"max-snippet:-1","max-image-preview":"max-image-preview:large","max-video-preview":"max-video-preview:-1"},"canonical":"https:\/\/brasport-group.com\/fr\/nos-savoir-faire\/maroquinerie\/","og_locale":"fr_FR","og_type":"article","og_title":"Maroquinerie - Brasport","og_description":"Chaque id\u00e9e prend vie dans nos ateliers : \u00e9tuis, \u00e9crins, pochettes ou cr\u00e9ations exclusives, tout est con\u00e7u pour refl\u00e9ter votre univers. Notre site de production au Portugal, associ\u00e9 \u00e0 notre \u00e9quipe en Suisse, nous permet de conjuguer savoir-faire traditionnel et innovation technique pour des pi\u00e8ces uniques, \u00e0 petite ou grande \u00e9chelle.","og_url":"https:\/\/brasport-group.com\/fr\/nos-savoir-faire\/maroquinerie\/","og_site_name":"Brasport","article_modified_time":"2026-02-18T14:24:12+00:00","og_image":[{"url":"https:\/\/brasport-group.com\/wp-content\/uploads\/elementor\/thumbs\/Brasport-Group_Images_38-scaled-rdbwmavywl653xlem6a5d7jt47m6bwu3xl7pjz820y.jpg","type":"","width":"","height":""}],"twitter_card":"summary_large_image","twitter_misc":{"Dur\u00e9e de lecture estim\u00e9e":"3 minutes"},"schema":{"@context":"https:\/\/schema.org","@graph":[{"@type":"WebPage","@id":"https:\/\/brasport-group.com\/fr\/nos-savoir-faire\/maroquinerie\/","url":"https:\/\/brasport-group.com\/fr\/nos-savoir-faire\/maroquinerie\/","name":"Maroquinerie - Brasport","isPartOf":{"@id":"https:\/\/brasport-group.com\/fr\/#website"},"primaryImageOfPage":{"@id":"https:\/\/brasport-group.com\/fr\/nos-savoir-faire\/maroquinerie\/#primaryimage"},"image":{"@id":"https:\/\/brasport-group.com\/fr\/nos-savoir-faire\/maroquinerie\/#primaryimage"},"thumbnailUrl":"https:\/\/brasport-group.com\/wp-content\/uploads\/elementor\/thumbs\/Brasport-Group_Images_38-scaled-rdbwmavywl653xlem6a5d7jt47m6bwu3xl7pjz820y.jpg","datePublished":"2025-08-26T08:15:07+00:00","dateModified":"2026-02-18T14:24:12+00:00","description":"Chaque id\u00e9e prend vie dans nos ateliers : \u00e9tuis, \u00e9crins, pochettes ou cr\u00e9ations exclusives, tout est con\u00e7u pour refl\u00e9ter votre univers. Notre site de production au Portugal, associ\u00e9 \u00e0 notre \u00e9quipe en Suisse, nous permet de conjuguer savoir-faire traditionnel et innovation technique pour des pi\u00e8ces uniques, \u00e0 petite ou grande \u00e9chelle.","breadcrumb":{"@id":"https:\/\/brasport-group.com\/fr\/nos-savoir-faire\/maroquinerie\/#breadcrumb"},"inLanguage":"fr-FR","potentialAction":[{"@type":"ReadAction","target":["https:\/\/brasport-group.com\/fr\/nos-savoir-faire\/maroquinerie\/"]}]},{"@type":"ImageObject","inLanguage":"fr-FR","@id":"https:\/\/brasport-group.com\/fr\/nos-savoir-faire\/maroquinerie\/#primaryimage","url":"https:\/\/brasport-group.com\/wp-content\/uploads\/elementor\/thumbs\/Brasport-Group_Images_38-scaled-rdbwmavywl653xlem6a5d7jt47m6bwu3xl7pjz820y.jpg","contentUrl":"https:\/\/brasport-group.com\/wp-content\/uploads\/elementor\/thumbs\/Brasport-Group_Images_38-scaled-rdbwmavywl653xlem6a5d7jt47m6bwu3xl7pjz820y.jpg"},{"@type":"BreadcrumbList","@id":"https:\/\/brasport-group.com\/fr\/nos-savoir-faire\/maroquinerie\/#breadcrumb","itemListElement":[{"@type":"ListItem","position":1,"name":"Accueil","item":"https:\/\/brasport-group.com\/fr\/"},{"@type":"ListItem","position":2,"name":"Nos Savoir-Faire","item":"https:\/\/brasport-group.com\/fr\/nos-savoir-faire\/"},{"@type":"ListItem","position":3,"name":"Maroquinerie"}]},{"@type":"WebSite","@id":"https:\/\/brasport-group.com\/fr\/#website","url":"https:\/\/brasport-group.com\/fr\/","name":"Brasport","description":"Passion et excellence","publisher":{"@id":"https:\/\/brasport-group.com\/fr\/#organization"},"potentialAction":[{"@type":"SearchAction","target":{"@type":"EntryPoint","urlTemplate":"https:\/\/brasport-group.com\/fr\/?s={search_term_string}"},"query-input":{"@type":"PropertyValueSpecification","valueRequired":true,"valueName":"search_term_string"}}],"inLanguage":"fr-FR"},{"@type":"Organization","@id":"https:\/\/brasport-group.com\/fr\/#organization","name":"Brasport","url":"https:\/\/brasport-group.com\/fr\/","logo":{"@type":"ImageObject","inLanguage":"fr-FR","@id":"https:\/\/brasport-group.com\/fr\/#\/schema\/logo\/image\/","url":"https:\/\/brasport-group.com\/wp-content\/uploads\/2025\/08\/logo-brasport-group.png","contentUrl":"https:\/\/brasport-group.com\/wp-content\/uploads\/2025\/08\/logo-brasport-group.png","width":411,"height":34,"caption":"Brasport"},"image":{"@id":"https:\/\/brasport-group.com\/fr\/#\/schema\/logo\/image\/"}}]}},"_links":{"self":[{"href":"https:\/\/brasport-group.com\/fr\/wp-json\/wp\/v2\/pages\/285","targetHints":{"allow":["GET"]}}],"collection":[{"href":"https:\/\/brasport-group.com\/fr\/wp-json\/wp\/v2\/pages"}],"about":[{"href":"https:\/\/brasport-group.com\/fr\/wp-json\/wp\/v2\/types\/page"}],"author":[{"embeddable":true,"href":"https:\/\/brasport-group.com\/fr\/wp-json\/wp\/v2\/users\/1"}],"replies":[{"embeddable":true,"href":"https:\/\/brasport-group.com\/fr\/wp-json\/wp\/v2\/comments?post=285"}],"version-history":[{"count":46,"href":"https:\/\/brasport-group.com\/fr\/wp-json\/wp\/v2\/pages\/285\/revisions"}],"predecessor-version":[{"id":3280,"href":"https:\/\/brasport-group.com\/fr\/wp-json\/wp\/v2\/pages\/285\/revisions\/3280"}],"up":[{"embeddable":true,"href":"https:\/\/brasport-group.com\/fr\/wp-json\/wp\/v2\/pages\/214"}],"wp:attachment":[{"href":"https:\/\/brasport-group.com\/fr\/wp-json\/wp\/v2\/media?parent=285"}],"curies":[{"name":"wp","href":"https:\/\/api.w.org\/{rel}","templated":true}]}}