{"id":287,"date":"2025-08-26T10:15:20","date_gmt":"2025-08-26T08:15:20","guid":{"rendered":"https:\/\/brasport-group.com\/?page_id=287"},"modified":"2026-02-18T16:26:37","modified_gmt":"2026-02-18T14:26:37","slug":"ecrin-cadeaux","status":"publish","type":"page","link":"https:\/\/brasport-group.com\/fr\/nos-savoir-faire\/ecrin-cadeaux\/","title":{"rendered":"\u00c9crin &amp; Cadeaux"},"content":{"rendered":"\t\t<div data-elementor-type=\"wp-page\" data-elementor-id=\"287\" class=\"elementor elementor-287\" data-elementor-post-type=\"page\">\n\t\t\t\t<div class=\"elementor-element elementor-element-fc6e339 e-flex e-con-boxed e-con e-parent\" data-id=\"fc6e339\" data-element_type=\"container\" data-settings=\"{&quot;background_background&quot;:&quot;classic&quot;}\">\n\t\t\t\t\t<div class=\"e-con-inner\">\n\t\t<div class=\"elementor-element elementor-element-5c9fcfc animated-slow e-flex e-con-boxed elementor-invisible e-con e-child\" data-id=\"5c9fcfc\" data-element_type=\"container\" data-settings=\"{&quot;animation&quot;:&quot;fadeInUp&quot;,&quot;animation_delay&quot;:200}\">\n\t\t\t\t\t<div class=\"e-con-inner\">\n\t\t\t\t<div class=\"elementor-element elementor-element-ccebda4 elementor-align-left elementor-widget elementor-widget-breadcrumbs\" data-id=\"ccebda4\" data-element_type=\"widget\" data-widget_type=\"breadcrumbs.default\">\n\t\t\t\t\t<p id=\"breadcrumbs\"><span><span><a href=\"https:\/\/brasport-group.com\/fr\/\">Accueil<\/a><\/span><\/span><\/p>\t\t\t\t<\/div>\n\t\t\t\t<div class=\"elementor-element elementor-element-a7ee1e0 elementor-widget elementor-widget-heading\" data-id=\"a7ee1e0\" data-element_type=\"widget\" data-widget_type=\"heading.default\">\n\t\t\t\t\t<h1 class=\"elementor-heading-title elementor-size-default\">Maroquinerie \u2013 <br>Des cadeaux PERSONNALIS\u00c9S <br>\u00e0 offrir \u00e0 vos clients<\/h1>\t\t\t\t<\/div>\n\t\t\t\t<div class=\"elementor-element elementor-element-594b614 elementor-widget__width-initial elementor-widget-mobile__width-inherit elementor-widget elementor-widget-text-editor\" data-id=\"594b614\" data-element_type=\"widget\" data-widget_type=\"text-editor.default\">\n\t\t\t\t\t\t\t\t\t<p>Pour valoriser une relation, marquer un \u00e9v\u00e9nement ou remercier vos partenaires, Brasport met son savoir-faire maroquinier au service de vos cadeaux d\u2019entreprise.<\/p>\t\t\t\t\t\t\t\t<\/div>\n\t\t\t\t\t<\/div>\n\t\t\t\t<\/div>\n\t\t\t\t\t<\/div>\n\t\t\t\t<\/div>\n\t\t<div class=\"elementor-element elementor-element-ef1b679 e-flex e-con-boxed e-con e-parent\" data-id=\"ef1b679\" data-element_type=\"container\">\n\t\t\t\t\t<div class=\"e-con-inner\">\n\t\t<div class=\"elementor-element elementor-element-771faad e-con-full e-flex e-con e-child\" data-id=\"771faad\" data-element_type=\"container\">\n\t\t\t\t<div class=\"elementor-element elementor-element-1d839d6 elementor-widget elementor-widget-image\" data-id=\"1d839d6\" data-element_type=\"widget\" data-widget_type=\"image.default\">\n\t\t\t\t\t\t\t\t\t\t\t\t\t\t\t<img decoding=\"async\" src=\"https:\/\/brasport-group.com\/wp-content\/uploads\/elementor\/thumbs\/DSCF0544-96-scaled-rfdka7o6gulaycqxs8uwf8ezedv7ks2bsa1mf3v22q.jpg\" title=\"PRODUTO\" alt=\"PRODUTO\" loading=\"lazy\" \/>\t\t\t\t\t\t\t\t\t\t\t\t\t\t\t<\/div>\n\t\t\t\t<\/div>\n\t\t<div class=\"elementor-element elementor-element-b91d377 e-con-full e-flex e-con e-child\" data-id=\"b91d377\" data-element_type=\"container\">\n\t\t<div class=\"elementor-element elementor-element-c7adb72 e-con-full e-flex e-con e-child\" data-id=\"c7adb72\" data-element_type=\"container\">\n\t\t\t\t<div class=\"elementor-element elementor-element-dcf4e54 elementor-widget elementor-widget-text-editor\" data-id=\"dcf4e54\" data-element_type=\"widget\" data-widget_type=\"text-editor.default\">\n\t\t\t\t\t\t\t\t\t<p>Votre logo ou identit\u00e9 visuelle peut \u00eatre int\u00e9gr\u00e9 selon vos pr\u00e9f\u00e9rences, pour un objet qui vous ressemble, sans aucune mention de Brasport.<\/p><p>Fabriqu\u00e9s dans nos ateliers sp\u00e9cialis\u00e9s au Portugal, ces cadeaux conjuguent \u00e9l\u00e9gance, utilit\u00e9 et qualit\u00e9, pour laisser une impression durable et authentique aupr\u00e8s de vos clients et invit\u00e9s.<\/p>\t\t\t\t\t\t\t\t<\/div>\n\t\t\t\t<\/div>\n\t\t\t\t<\/div>\n\t\t\t\t\t<\/div>\n\t\t\t\t<\/div>\n\t\t\t\t<\/div>\n\t\t","protected":false},"excerpt":{"rendered":"<p>Maroquinerie \u2013 Des cadeaux PERSONNALIS\u00c9S \u00e0 offrir \u00e0 vos clients Pour valoriser une relation, marquer un \u00e9v\u00e9nement ou remercier vos partenaires, Brasport met son savoir-faire maroquinier au service de vos cadeaux d\u2019entreprise. Votre logo ou identit\u00e9 visuelle peut \u00eatre int\u00e9gr\u00e9 selon vos pr\u00e9f\u00e9rences, pour un objet qui vous ressemble, sans aucune mention de Brasport. Fabriqu\u00e9s [&hellip;]<\/p>\n","protected":false},"author":1,"featured_media":0,"parent":214,"menu_order":0,"comment_status":"closed","ping_status":"closed","template":"","meta":{"_acf_changed":false,"footnotes":""},"class_list":["post-287","page","type-page","status-publish","hentry"],"acf":[],"yoast_head":"<!-- This site is optimized with the Yoast SEO plugin v26.4 - https:\/\/yoast.com\/wordpress\/plugins\/seo\/ -->\n<title>\u00c9crin &amp; Cadeaux - Brasport<\/title>\n<meta name=\"description\" content=\"Pour marquer un \u00e9v\u00e9nement ou remercier vos partenaires, Brasport con\u00e7oit des objets sur-mesure \u00e0 votre image : porte-cartes, \u00e9tuis, pochettes\u2026 Fabriqu\u00e9s avec le m\u00eame soin que nos bracelets haut de gamme, ils allient \u00e9l\u00e9gance, utilit\u00e9 et personnalisation compl\u00e8te, sans mention de Brasport.\" \/>\n<meta name=\"robots\" content=\"index, follow, max-snippet:-1, max-image-preview:large, max-video-preview:-1\" \/>\n<link rel=\"canonical\" href=\"https:\/\/brasport-group.com\/fr\/nos-savoir-faire\/ecrin-cadeaux\/\" \/>\n<meta property=\"og:locale\" content=\"fr_FR\" \/>\n<meta property=\"og:type\" content=\"article\" \/>\n<meta property=\"og:title\" content=\"\u00c9crin &amp; Cadeaux - Brasport\" \/>\n<meta property=\"og:description\" content=\"Pour marquer un \u00e9v\u00e9nement ou remercier vos partenaires, Brasport con\u00e7oit des objets sur-mesure \u00e0 votre image : porte-cartes, \u00e9tuis, pochettes\u2026 Fabriqu\u00e9s avec le m\u00eame soin que nos bracelets haut de gamme, ils allient \u00e9l\u00e9gance, utilit\u00e9 et personnalisation compl\u00e8te, sans mention de Brasport.\" \/>\n<meta property=\"og:url\" content=\"https:\/\/brasport-group.com\/fr\/nos-savoir-faire\/ecrin-cadeaux\/\" \/>\n<meta property=\"og:site_name\" content=\"Brasport\" \/>\n<meta property=\"article:modified_time\" content=\"2026-02-18T14:26:37+00:00\" \/>\n<meta property=\"og:image\" content=\"https:\/\/brasport-group.com\/wp-content\/uploads\/elementor\/thumbs\/DSCF0544-96-scaled-rfdka7o6gulaycqxs8uwf8ezedv7ks2bsa1mf3v22q.jpg\" \/>\n<meta name=\"twitter:card\" content=\"summary_large_image\" \/>\n<meta name=\"twitter:label1\" content=\"Dur\u00e9e de lecture estim\u00e9e\" \/>\n\t<meta name=\"twitter:data1\" content=\"1 minute\" \/>\n<script type=\"application\/ld+json\" class=\"yoast-schema-graph\">{\"@context\":\"https:\/\/schema.org\",\"@graph\":[{\"@type\":\"WebPage\",\"@id\":\"https:\/\/brasport-group.com\/fr\/nos-savoir-faire\/ecrin-cadeaux\/\",\"url\":\"https:\/\/brasport-group.com\/fr\/nos-savoir-faire\/ecrin-cadeaux\/\",\"name\":\"\u00c9crin &amp; Cadeaux - Brasport\",\"isPartOf\":{\"@id\":\"https:\/\/brasport-group.com\/fr\/#website\"},\"primaryImageOfPage\":{\"@id\":\"https:\/\/brasport-group.com\/fr\/nos-savoir-faire\/ecrin-cadeaux\/#primaryimage\"},\"image\":{\"@id\":\"https:\/\/brasport-group.com\/fr\/nos-savoir-faire\/ecrin-cadeaux\/#primaryimage\"},\"thumbnailUrl\":\"https:\/\/brasport-group.com\/wp-content\/uploads\/elementor\/thumbs\/DSCF0544-96-scaled-rfdka7o6gulaycqxs8uwf8ezedv7ks2bsa1mf3v22q.jpg\",\"datePublished\":\"2025-08-26T08:15:20+00:00\",\"dateModified\":\"2026-02-18T14:26:37+00:00\",\"description\":\"Pour marquer un \u00e9v\u00e9nement ou remercier vos partenaires, Brasport con\u00e7oit des objets sur-mesure \u00e0 votre image : porte-cartes, \u00e9tuis, pochettes\u2026 Fabriqu\u00e9s avec le m\u00eame soin que nos bracelets haut de gamme, ils allient \u00e9l\u00e9gance, utilit\u00e9 et personnalisation compl\u00e8te, sans mention de Brasport.\",\"breadcrumb\":{\"@id\":\"https:\/\/brasport-group.com\/fr\/nos-savoir-faire\/ecrin-cadeaux\/#breadcrumb\"},\"inLanguage\":\"fr-FR\",\"potentialAction\":[{\"@type\":\"ReadAction\",\"target\":[\"https:\/\/brasport-group.com\/fr\/nos-savoir-faire\/ecrin-cadeaux\/\"]}]},{\"@type\":\"ImageObject\",\"inLanguage\":\"fr-FR\",\"@id\":\"https:\/\/brasport-group.com\/fr\/nos-savoir-faire\/ecrin-cadeaux\/#primaryimage\",\"url\":\"https:\/\/brasport-group.com\/wp-content\/uploads\/elementor\/thumbs\/DSCF0544-96-scaled-rfdka7o6gulaycqxs8uwf8ezedv7ks2bsa1mf3v22q.jpg\",\"contentUrl\":\"https:\/\/brasport-group.com\/wp-content\/uploads\/elementor\/thumbs\/DSCF0544-96-scaled-rfdka7o6gulaycqxs8uwf8ezedv7ks2bsa1mf3v22q.jpg\"},{\"@type\":\"BreadcrumbList\",\"@id\":\"https:\/\/brasport-group.com\/fr\/nos-savoir-faire\/ecrin-cadeaux\/#breadcrumb\",\"itemListElement\":[{\"@type\":\"ListItem\",\"position\":1,\"name\":\"Accueil\",\"item\":\"https:\/\/brasport-group.com\/fr\/\"},{\"@type\":\"ListItem\",\"position\":2,\"name\":\"Nos Savoir-Faire\",\"item\":\"https:\/\/brasport-group.com\/fr\/nos-savoir-faire\/\"},{\"@type\":\"ListItem\",\"position\":3,\"name\":\"\u00c9crin &amp; Cadeaux\"}]},{\"@type\":\"WebSite\",\"@id\":\"https:\/\/brasport-group.com\/fr\/#website\",\"url\":\"https:\/\/brasport-group.com\/fr\/\",\"name\":\"Brasport\",\"description\":\"Passion et excellence\",\"publisher\":{\"@id\":\"https:\/\/brasport-group.com\/fr\/#organization\"},\"potentialAction\":[{\"@type\":\"SearchAction\",\"target\":{\"@type\":\"EntryPoint\",\"urlTemplate\":\"https:\/\/brasport-group.com\/fr\/?s={search_term_string}\"},\"query-input\":{\"@type\":\"PropertyValueSpecification\",\"valueRequired\":true,\"valueName\":\"search_term_string\"}}],\"inLanguage\":\"fr-FR\"},{\"@type\":\"Organization\",\"@id\":\"https:\/\/brasport-group.com\/fr\/#organization\",\"name\":\"Brasport\",\"url\":\"https:\/\/brasport-group.com\/fr\/\",\"logo\":{\"@type\":\"ImageObject\",\"inLanguage\":\"fr-FR\",\"@id\":\"https:\/\/brasport-group.com\/fr\/#\/schema\/logo\/image\/\",\"url\":\"https:\/\/brasport-group.com\/wp-content\/uploads\/2025\/08\/logo-brasport-group.png\",\"contentUrl\":\"https:\/\/brasport-group.com\/wp-content\/uploads\/2025\/08\/logo-brasport-group.png\",\"width\":411,\"height\":34,\"caption\":\"Brasport\"},\"image\":{\"@id\":\"https:\/\/brasport-group.com\/fr\/#\/schema\/logo\/image\/\"}}]}<\/script>\n<!-- \/ Yoast SEO plugin. -->","yoast_head_json":{"title":"\u00c9crin &amp; Cadeaux - Brasport","description":"Pour marquer un \u00e9v\u00e9nement ou remercier vos partenaires, Brasport con\u00e7oit des objets sur-mesure \u00e0 votre image : porte-cartes, \u00e9tuis, pochettes\u2026 Fabriqu\u00e9s avec le m\u00eame soin que nos bracelets haut de gamme, ils allient \u00e9l\u00e9gance, utilit\u00e9 et personnalisation compl\u00e8te, sans mention de Brasport.","robots":{"index":"index","follow":"follow","max-snippet":"max-snippet:-1","max-image-preview":"max-image-preview:large","max-video-preview":"max-video-preview:-1"},"canonical":"https:\/\/brasport-group.com\/fr\/nos-savoir-faire\/ecrin-cadeaux\/","og_locale":"fr_FR","og_type":"article","og_title":"\u00c9crin &amp; Cadeaux - Brasport","og_description":"Pour marquer un \u00e9v\u00e9nement ou remercier vos partenaires, Brasport con\u00e7oit des objets sur-mesure \u00e0 votre image : porte-cartes, \u00e9tuis, pochettes\u2026 Fabriqu\u00e9s avec le m\u00eame soin que nos bracelets haut de gamme, ils allient \u00e9l\u00e9gance, utilit\u00e9 et personnalisation compl\u00e8te, sans mention de Brasport.","og_url":"https:\/\/brasport-group.com\/fr\/nos-savoir-faire\/ecrin-cadeaux\/","og_site_name":"Brasport","article_modified_time":"2026-02-18T14:26:37+00:00","og_image":[{"url":"https:\/\/brasport-group.com\/wp-content\/uploads\/elementor\/thumbs\/DSCF0544-96-scaled-rfdka7o6gulaycqxs8uwf8ezedv7ks2bsa1mf3v22q.jpg","type":"","width":"","height":""}],"twitter_card":"summary_large_image","twitter_misc":{"Dur\u00e9e de lecture estim\u00e9e":"1 minute"},"schema":{"@context":"https:\/\/schema.org","@graph":[{"@type":"WebPage","@id":"https:\/\/brasport-group.com\/fr\/nos-savoir-faire\/ecrin-cadeaux\/","url":"https:\/\/brasport-group.com\/fr\/nos-savoir-faire\/ecrin-cadeaux\/","name":"\u00c9crin &amp; Cadeaux - Brasport","isPartOf":{"@id":"https:\/\/brasport-group.com\/fr\/#website"},"primaryImageOfPage":{"@id":"https:\/\/brasport-group.com\/fr\/nos-savoir-faire\/ecrin-cadeaux\/#primaryimage"},"image":{"@id":"https:\/\/brasport-group.com\/fr\/nos-savoir-faire\/ecrin-cadeaux\/#primaryimage"},"thumbnailUrl":"https:\/\/brasport-group.com\/wp-content\/uploads\/elementor\/thumbs\/DSCF0544-96-scaled-rfdka7o6gulaycqxs8uwf8ezedv7ks2bsa1mf3v22q.jpg","datePublished":"2025-08-26T08:15:20+00:00","dateModified":"2026-02-18T14:26:37+00:00","description":"Pour marquer un \u00e9v\u00e9nement ou remercier vos partenaires, Brasport con\u00e7oit des objets sur-mesure \u00e0 votre image : porte-cartes, \u00e9tuis, pochettes\u2026 Fabriqu\u00e9s avec le m\u00eame soin que nos bracelets haut de gamme, ils allient \u00e9l\u00e9gance, utilit\u00e9 et personnalisation compl\u00e8te, sans mention de Brasport.","breadcrumb":{"@id":"https:\/\/brasport-group.com\/fr\/nos-savoir-faire\/ecrin-cadeaux\/#breadcrumb"},"inLanguage":"fr-FR","potentialAction":[{"@type":"ReadAction","target":["https:\/\/brasport-group.com\/fr\/nos-savoir-faire\/ecrin-cadeaux\/"]}]},{"@type":"ImageObject","inLanguage":"fr-FR","@id":"https:\/\/brasport-group.com\/fr\/nos-savoir-faire\/ecrin-cadeaux\/#primaryimage","url":"https:\/\/brasport-group.com\/wp-content\/uploads\/elementor\/thumbs\/DSCF0544-96-scaled-rfdka7o6gulaycqxs8uwf8ezedv7ks2bsa1mf3v22q.jpg","contentUrl":"https:\/\/brasport-group.com\/wp-content\/uploads\/elementor\/thumbs\/DSCF0544-96-scaled-rfdka7o6gulaycqxs8uwf8ezedv7ks2bsa1mf3v22q.jpg"},{"@type":"BreadcrumbList","@id":"https:\/\/brasport-group.com\/fr\/nos-savoir-faire\/ecrin-cadeaux\/#breadcrumb","itemListElement":[{"@type":"ListItem","position":1,"name":"Accueil","item":"https:\/\/brasport-group.com\/fr\/"},{"@type":"ListItem","position":2,"name":"Nos Savoir-Faire","item":"https:\/\/brasport-group.com\/fr\/nos-savoir-faire\/"},{"@type":"ListItem","position":3,"name":"\u00c9crin &amp; Cadeaux"}]},{"@type":"WebSite","@id":"https:\/\/brasport-group.com\/fr\/#website","url":"https:\/\/brasport-group.com\/fr\/","name":"Brasport","description":"Passion et excellence","publisher":{"@id":"https:\/\/brasport-group.com\/fr\/#organization"},"potentialAction":[{"@type":"SearchAction","target":{"@type":"EntryPoint","urlTemplate":"https:\/\/brasport-group.com\/fr\/?s={search_term_string}"},"query-input":{"@type":"PropertyValueSpecification","valueRequired":true,"valueName":"search_term_string"}}],"inLanguage":"fr-FR"},{"@type":"Organization","@id":"https:\/\/brasport-group.com\/fr\/#organization","name":"Brasport","url":"https:\/\/brasport-group.com\/fr\/","logo":{"@type":"ImageObject","inLanguage":"fr-FR","@id":"https:\/\/brasport-group.com\/fr\/#\/schema\/logo\/image\/","url":"https:\/\/brasport-group.com\/wp-content\/uploads\/2025\/08\/logo-brasport-group.png","contentUrl":"https:\/\/brasport-group.com\/wp-content\/uploads\/2025\/08\/logo-brasport-group.png","width":411,"height":34,"caption":"Brasport"},"image":{"@id":"https:\/\/brasport-group.com\/fr\/#\/schema\/logo\/image\/"}}]}},"_links":{"self":[{"href":"https:\/\/brasport-group.com\/fr\/wp-json\/wp\/v2\/pages\/287","targetHints":{"allow":["GET"]}}],"collection":[{"href":"https:\/\/brasport-group.com\/fr\/wp-json\/wp\/v2\/pages"}],"about":[{"href":"https:\/\/brasport-group.com\/fr\/wp-json\/wp\/v2\/types\/page"}],"author":[{"embeddable":true,"href":"https:\/\/brasport-group.com\/fr\/wp-json\/wp\/v2\/users\/1"}],"replies":[{"embeddable":true,"href":"https:\/\/brasport-group.com\/fr\/wp-json\/wp\/v2\/comments?post=287"}],"version-history":[{"count":43,"href":"https:\/\/brasport-group.com\/fr\/wp-json\/wp\/v2\/pages\/287\/revisions"}],"predecessor-version":[{"id":3291,"href":"https:\/\/brasport-group.com\/fr\/wp-json\/wp\/v2\/pages\/287\/revisions\/3291"}],"up":[{"embeddable":true,"href":"https:\/\/brasport-group.com\/fr\/wp-json\/wp\/v2\/pages\/214"}],"wp:attachment":[{"href":"https:\/\/brasport-group.com\/fr\/wp-json\/wp\/v2\/media?parent=287"}],"curies":[{"name":"wp","href":"https:\/\/api.w.org\/{rel}","templated":true}]}}