{"id":579,"date":"2025-08-28T10:19:05","date_gmt":"2025-08-28T08:19:05","guid":{"rendered":"https:\/\/brasport-group.com\/?page_id=579"},"modified":"2026-02-19T09:48:10","modified_gmt":"2026-02-19T07:48:10","slug":"maison-mere","status":"publish","type":"page","link":"https:\/\/brasport-group.com\/fr\/le-groupe\/nos-sites-de-production\/maison-mere\/","title":{"rendered":"Maison-m\u00e8re"},"content":{"rendered":"\t\t<div data-elementor-type=\"wp-page\" data-elementor-id=\"579\" class=\"elementor elementor-579\" data-elementor-post-type=\"page\">\n\t\t\t\t<div class=\"elementor-element elementor-element-e38f6c0 e-flex e-con-boxed e-con e-parent\" data-id=\"e38f6c0\" data-element_type=\"container\" data-settings=\"{&quot;background_background&quot;:&quot;classic&quot;}\">\n\t\t\t\t\t<div class=\"e-con-inner\">\n\t\t<div class=\"elementor-element elementor-element-90c2769 animated-slow e-flex e-con-boxed elementor-invisible e-con e-child\" data-id=\"90c2769\" data-element_type=\"container\" data-settings=\"{&quot;animation&quot;:&quot;fadeInUp&quot;,&quot;animation_delay&quot;:200}\">\n\t\t\t\t\t<div class=\"e-con-inner\">\n\t\t\t\t<div class=\"elementor-element elementor-element-27bc4b2 elementor-align-left elementor-widget elementor-widget-breadcrumbs\" data-id=\"27bc4b2\" data-element_type=\"widget\" data-widget_type=\"breadcrumbs.default\">\n\t\t\t\t\t<p id=\"breadcrumbs\"><span><span><a href=\"https:\/\/brasport-group.com\/fr\/\">Accueil<\/a><\/span><\/span><\/p>\t\t\t\t<\/div>\n\t\t\t\t<div class=\"elementor-element elementor-element-8c057ff elementor-widget elementor-widget-heading\" data-id=\"8c057ff\" data-element_type=\"widget\" data-widget_type=\"heading.default\">\n\t\t\t\t\t<h1 class=\"elementor-heading-title elementor-size-default\">MAISON-M\u00c8RE<\/h1>\t\t\t\t<\/div>\n\t\t\t\t<div class=\"elementor-element elementor-element-dce7298 elementor-widget__width-initial elementor-widget-mobile__width-inherit elementor-widget elementor-widget-text-editor\" data-id=\"dce7298\" data-element_type=\"widget\" data-widget_type=\"text-editor.default\">\n\t\t\t\t\t\t\t\t\t<p>Au c\u0153ur de La Chaux-de-Fonds, Brasport Suisse et ses 50 <span style=\"font-weight: 400;\">collaborateurs sur 1650 m\u00b2, <\/span>est le berceau du groupe et le centre n\u00e9vralgique de notre excellence. C\u2019est ici que s\u2019incarnent nos valeurs fondatrices et notre capacit\u00e9 \u00e0 innover.<\/p>\t\t\t\t\t\t\t\t<\/div>\n\t\t\t\t\t<\/div>\n\t\t\t\t<\/div>\n\t\t\t\t\t<\/div>\n\t\t\t\t<\/div>\n\t\t<div class=\"elementor-element elementor-element-d936dec e-flex e-con-boxed e-con e-parent\" data-id=\"d936dec\" data-element_type=\"container\">\n\t\t\t\t\t<div class=\"e-con-inner\">\n\t\t<div class=\"elementor-element elementor-element-b97e6e6 e-con-full e-flex e-con e-child\" data-id=\"b97e6e6\" data-element_type=\"container\">\n\t\t\t\t<div class=\"elementor-element elementor-element-4e30005 elementor-widget elementor-widget-image\" data-id=\"4e30005\" data-element_type=\"widget\" data-widget_type=\"image.default\">\n\t\t\t\t\t\t\t\t\t\t\t\t\t\t\t<img fetchpriority=\"high\" decoding=\"async\" width=\"812\" height=\"621\" src=\"https:\/\/brasport-group.com\/wp-content\/uploads\/2025\/08\/Layer-61.jpg\" class=\"attachment-full size-full wp-image-657\" alt=\"\" srcset=\"https:\/\/brasport-group.com\/wp-content\/uploads\/2025\/08\/Layer-61.jpg 812w, https:\/\/brasport-group.com\/wp-content\/uploads\/2025\/08\/Layer-61-300x229.jpg 300w, https:\/\/brasport-group.com\/wp-content\/uploads\/2025\/08\/Layer-61-768x587.jpg 768w\" sizes=\"(max-width: 812px) 100vw, 812px\" \/>\t\t\t\t\t\t\t\t\t\t\t\t\t\t\t<\/div>\n\t\t\t\t<\/div>\n\t\t<div class=\"elementor-element elementor-element-0c46b1f e-con-full e-flex e-con e-child\" data-id=\"0c46b1f\" data-element_type=\"container\">\n\t\t<div class=\"elementor-element elementor-element-005e068 e-con-full e-flex e-con e-child\" data-id=\"005e068\" data-element_type=\"container\">\n\t\t\t\t<div class=\"elementor-element elementor-element-2d039c4 elementor-widget elementor-widget-heading\" data-id=\"2d039c4\" data-element_type=\"widget\" data-widget_type=\"heading.default\">\n\t\t\t\t\t<h2 class=\"elementor-heading-title elementor-size-default\">Notre site<br>\nSuisse Abrite :<\/h2>\t\t\t\t<\/div>\n\t\t\t\t<div class=\"elementor-element elementor-element-31d2dc3 elementor-widget elementor-widget-text-editor\" data-id=\"31d2dc3\" data-element_type=\"widget\" data-widget_type=\"text-editor.default\">\n\t\t\t\t\t\t\t\t\t> Un centre R&#038;D int\u00e9gr\u00e9\n<br> > Un laboratoire interne hautement \u00e9quip\u00e9\n<br> > Un atelier d\u2019usinage de pr\u00e9cision\n<br> > Un atelier de fabrication de bracelets, o\u00f9 savoir-faire artisanal et exigence technique se rencontrent.\n<br><br>\nCette infrastructure unique nous permet de d\u00e9velopper des prototypes de mani\u00e8re agile, de tester de nouveaux mat\u00e9riaux et de garantir une qualit\u00e9 optimale d\u00e8s les premi\u00e8res \u00e9tapes des projets.\t\t\t\t\t\t\t\t<\/div>\n\t\t\t\t<\/div>\n\t\t\t\t<\/div>\n\t\t\t\t\t<\/div>\n\t\t\t\t<\/div>\n\t\t<div class=\"elementor-element elementor-element-d03b3ed e-flex e-con-boxed e-con e-parent\" data-id=\"d03b3ed\" data-element_type=\"container\">\n\t\t\t\t\t<div class=\"e-con-inner\">\n\t\t<div class=\"elementor-element elementor-element-cda499b e-con-full e-flex e-con e-child\" data-id=\"cda499b\" data-element_type=\"container\">\n\t\t<div class=\"elementor-element elementor-element-dadd258 e-con-full e-flex e-con e-child\" data-id=\"dadd258\" data-element_type=\"container\">\n\t\t\t\t<div class=\"elementor-element elementor-element-931a790 elementor-widget elementor-widget-heading\" data-id=\"931a790\" data-element_type=\"widget\" data-widget_type=\"heading.default\">\n\t\t\t\t\t<h2 class=\"elementor-heading-title elementor-size-default\">R\u00e9activit\u00e9 &amp;<br>\nexcellence mati\u00e8re<\/h2>\t\t\t\t<\/div>\n\t\t\t\t<div class=\"elementor-element elementor-element-8844e58 elementor-widget elementor-widget-text-editor\" data-id=\"8844e58\" data-element_type=\"widget\" data-widget_type=\"text-editor.default\">\n\t\t\t\t\t\t\t\t\t<p>Atout strat\u00e9gique majeur : notre vaste stock de cuirs \u2013 bovins, exotiques (notamment alligator), textiles techniques \u2013 nous assure une grande r\u00e9activit\u00e9 dans le d\u00e9veloppement produit, avec une s\u00e9lection rigoureuse des mati\u00e8res.<\/p>\t\t\t\t\t\t\t\t<\/div>\n\t\t\t\t<\/div>\n\t\t\t\t<\/div>\n\t\t<div class=\"elementor-element elementor-element-1d59a47 e-con-full e-flex e-con e-child\" data-id=\"1d59a47\" data-element_type=\"container\">\n\t\t\t\t<div class=\"elementor-element elementor-element-4685bde elementor-widget elementor-widget-image\" data-id=\"4685bde\" data-element_type=\"widget\" data-widget_type=\"image.default\">\n\t\t\t\t\t\t\t\t\t\t\t\t\t\t\t<img decoding=\"async\" width=\"2048\" height=\"1152\" src=\"https:\/\/brasport-group.com\/wp-content\/uploads\/2025\/10\/4-scaled.jpg\" class=\"attachment-full size-full wp-image-1491\" alt=\"\" srcset=\"https:\/\/brasport-group.com\/wp-content\/uploads\/2025\/10\/4-scaled.jpg 2048w, https:\/\/brasport-group.com\/wp-content\/uploads\/2025\/10\/4-300x169.jpg 300w, https:\/\/brasport-group.com\/wp-content\/uploads\/2025\/10\/4-1024x576.jpg 1024w, https:\/\/brasport-group.com\/wp-content\/uploads\/2025\/10\/4-768x432.jpg 768w, https:\/\/brasport-group.com\/wp-content\/uploads\/2025\/10\/4-1536x864.jpg 1536w\" sizes=\"(max-width: 2048px) 100vw, 2048px\" \/>\t\t\t\t\t\t\t\t\t\t\t\t\t\t\t<\/div>\n\t\t\t\t<\/div>\n\t\t\t\t\t<\/div>\n\t\t\t\t<\/div>\n\t\t<div class=\"elementor-element elementor-element-5483081 e-flex e-con-boxed e-con e-parent\" data-id=\"5483081\" data-element_type=\"container\">\n\t\t\t\t\t<div class=\"e-con-inner\">\n\t\t<div class=\"elementor-element elementor-element-d0a547f e-con-full e-flex e-con e-child\" data-id=\"d0a547f\" data-element_type=\"container\">\n\t\t\t\t<div class=\"elementor-element elementor-element-600403c elementor-widget elementor-widget-image\" data-id=\"600403c\" data-element_type=\"widget\" data-widget_type=\"image.default\">\n\t\t\t\t\t\t\t\t\t\t\t\t\t\t\t<img decoding=\"async\" width=\"2048\" height=\"1152\" src=\"https:\/\/brasport-group.com\/wp-content\/uploads\/2025\/10\/Haut-de-page-SAV-scaled.jpg\" class=\"attachment-full size-full wp-image-1537\" alt=\"\" srcset=\"https:\/\/brasport-group.com\/wp-content\/uploads\/2025\/10\/Haut-de-page-SAV-scaled.jpg 2048w, https:\/\/brasport-group.com\/wp-content\/uploads\/2025\/10\/Haut-de-page-SAV-300x169.jpg 300w, https:\/\/brasport-group.com\/wp-content\/uploads\/2025\/10\/Haut-de-page-SAV-1024x576.jpg 1024w, https:\/\/brasport-group.com\/wp-content\/uploads\/2025\/10\/Haut-de-page-SAV-768x432.jpg 768w, https:\/\/brasport-group.com\/wp-content\/uploads\/2025\/10\/Haut-de-page-SAV-1536x864.jpg 1536w\" sizes=\"(max-width: 2048px) 100vw, 2048px\" \/>\t\t\t\t\t\t\t\t\t\t\t\t\t\t\t<\/div>\n\t\t\t\t<\/div>\n\t\t<div class=\"elementor-element elementor-element-0685956 e-con-full e-flex e-con e-child\" data-id=\"0685956\" data-element_type=\"container\">\n\t\t<div class=\"elementor-element elementor-element-e2a8a90 e-con-full e-flex e-con e-child\" data-id=\"e2a8a90\" data-element_type=\"container\">\n\t\t\t\t<div class=\"elementor-element elementor-element-ecc04c1 elementor-widget elementor-widget-heading\" data-id=\"ecc04c1\" data-element_type=\"widget\" data-widget_type=\"heading.default\">\n\t\t\t\t\t<h2 class=\"elementor-heading-title elementor-size-default\">Un contr\u00f4le qualit\u00e9\nfinalis\u00e9 en suisse<\/h2>\t\t\t\t<\/div>\n\t\t\t\t<div class=\"elementor-element elementor-element-4641209 elementor-widget elementor-widget-text-editor\" data-id=\"4641209\" data-element_type=\"widget\" data-widget_type=\"text-editor.default\">\n\t\t\t\t\t\t\t\t\t<p>Pour garantir l\u2019excellence \u00e0 chaque \u00e9tape, tous les produits issus de nos sites de production dans le monde sont soumis \u00e0 un contr\u00f4le qualit\u00e9 final en Suisse, dans notre d\u00e9partement d\u00e9di\u00e9. <br \/>Ce processus centralis\u00e9 garantit une coh\u00e9rence irr\u00e9prochable et le respect des standards les plus \u00e9lev\u00e9s, marque de fabrique de Brasport.<\/p><p>Chaque d\u00e9veloppement y est pilot\u00e9 avec rigueur, passion et un sens du d\u00e9tail h\u00e9rit\u00e9 de notre tradition horlog\u00e8re. Cuirs haut de gamme, peaux exotiques, composants techniques : tout y prend vie avec l\u2019exigence suisse.<\/p>\t\t\t\t\t\t\t\t<\/div>\n\t\t\t\t<\/div>\n\t\t\t\t<\/div>\n\t\t\t\t\t<\/div>\n\t\t\t\t<\/div>\n\t\t<div class=\"elementor-element elementor-element-c5ba05a e-flex e-con-boxed e-con e-parent\" data-id=\"c5ba05a\" data-element_type=\"container\" data-settings=\"{&quot;background_background&quot;:&quot;classic&quot;}\">\n\t\t\t\t\t<div class=\"e-con-inner\">\n\t\t<div class=\"elementor-element elementor-element-573d44d e-con-full animated-slow e-flex elementor-invisible e-con e-child\" data-id=\"573d44d\" data-element_type=\"container\" data-settings=\"{&quot;background_background&quot;:&quot;classic&quot;,&quot;animation&quot;:&quot;fadeInUp&quot;}\">\n\t\t\t\t<div class=\"elementor-element elementor-element-681b0df elementor-widget elementor-widget-text-editor\" data-id=\"681b0df\" data-element_type=\"widget\" data-widget_type=\"text-editor.default\">\n\t\t\t\t\t\t\t\t\t<p>Plus qu\u2019un si\u00e8ge, Brasport Suisse est le point d\u2019ancrage de notre identit\u00e9 : strat\u00e9gie, savoir-faire, recherche et design s\u2019y conjuguent pour poser les bases de chaque projet que nous r\u00e9alisons pour les marques les plus prestigieuses.<\/p>\t\t\t\t\t\t\t\t<\/div>\n\t\t\t\t<\/div>\n\t\t\t\t\t<\/div>\n\t\t\t\t<\/div>\n\t\t<div class=\"elementor-element elementor-element-cd768a1 e-flex e-con-boxed e-con e-parent\" data-id=\"cd768a1\" data-element_type=\"container\">\n\t\t\t\t\t<div class=\"e-con-inner\">\n\t\t<div class=\"elementor-element elementor-element-be6145a e-con-full e-flex e-con e-child\" data-id=\"be6145a\" data-element_type=\"container\">\n\t\t\t\t<div class=\"elementor-element elementor-element-66b8282 elementor-widget elementor-widget-heading\" data-id=\"66b8282\" data-element_type=\"widget\" data-widget_type=\"heading.default\">\n\t\t\t\t\t<h3 class=\"elementor-heading-title elementor-size-default\">Coordonn\u00e9es de l\u2019entreprise<\/h3>\t\t\t\t<\/div>\n\t\t\t\t<div class=\"elementor-element elementor-element-04dee15 elementor-widget elementor-widget-text-editor\" data-id=\"04dee15\" data-element_type=\"widget\" data-widget_type=\"text-editor.default\">\n\t\t\t\t\t\t\t\t\t<p><span style=\"font-weight: 400;\">Contactez Brasport Suisse par t\u00e9l\u00e9phone :\u00a0 +41 (0)32 967 70 60<\/span><\/p>\t\t\t\t\t\t\t\t<\/div>\n\t\t\t\t<div class=\"elementor-element elementor-element-e89dbd1 elementor-widget elementor-widget-google_maps\" data-id=\"e89dbd1\" data-element_type=\"widget\" data-widget_type=\"google_maps.default\">\n\t\t\t\t\t\t\t<div class=\"elementor-custom-embed\">\n\t\t\t<iframe loading=\"lazy\"\n\t\t\t\t\tsrc=\"https:\/\/maps.google.com\/maps?q=Cr%C3%AAt-Rossel%2010%2C%202300%20La%20Chaux-de-Fonds%2C%20Suisse%20&#038;t=m&#038;z=10&#038;output=embed&#038;iwloc=near\"\n\t\t\t\t\ttitle=\"Cr\u00eat-Rossel 10, 2300 La Chaux-de-Fonds, Suisse \"\n\t\t\t\t\taria-label=\"Cr\u00eat-Rossel 10, 2300 La Chaux-de-Fonds, Suisse \"\n\t\t\t><\/iframe>\n\t\t<\/div>\n\t\t\t\t\t\t<\/div>\n\t\t\t\t<\/div>\n\t\t\t\t\t<\/div>\n\t\t\t\t<\/div>\n\t\t\t\t<\/div>\n\t\t","protected":false},"excerpt":{"rendered":"<p>MAISON-M\u00c8RE Au c\u0153ur de La Chaux-de-Fonds, Brasport Suisse et ses 50 collaborateurs sur 1650 m\u00b2, est le berceau du groupe et le centre n\u00e9vralgique de notre excellence. C\u2019est ici que s\u2019incarnent nos valeurs fondatrices et notre capacit\u00e9 \u00e0 innover. Notre site Suisse Abrite : > Un centre R&#038;D int\u00e9gr\u00e9 > Un laboratoire interne hautement \u00e9quip\u00e9 [&hellip;]<\/p>\n","protected":false},"author":1,"featured_media":0,"parent":269,"menu_order":0,"comment_status":"closed","ping_status":"closed","template":"","meta":{"_acf_changed":false,"footnotes":""},"class_list":["post-579","page","type-page","status-publish","hentry"],"acf":[],"yoast_head":"<!-- This site is optimized with the Yoast SEO plugin v26.4 - https:\/\/yoast.com\/wordpress\/plugins\/seo\/ -->\n<title>Maison-m\u00e8re - Brasport<\/title>\n<meta name=\"description\" content=\"C\u2019est \u00e0 La Chaux-de-Fonds en Suisse que tout commence. Ici qu\u2019est repr\u00e9sent\u00e9 notre identit\u00e9. La Maison est devenue internationale au fil des ann\u00e9es mais le contr\u00f4le qualit\u00e9 est toujours finalis\u00e9 en Suisse. Strat\u00e9gie et savoir-faire ont leur place \u00e0 La Chaux-de-Fonds.\" \/>\n<meta name=\"robots\" content=\"index, follow, max-snippet:-1, max-image-preview:large, max-video-preview:-1\" \/>\n<link rel=\"canonical\" href=\"https:\/\/brasport-group.com\/fr\/le-groupe\/nos-sites-de-production\/maison-mere\/\" \/>\n<meta property=\"og:locale\" content=\"fr_FR\" \/>\n<meta property=\"og:type\" content=\"article\" \/>\n<meta property=\"og:title\" content=\"Maison-m\u00e8re - Brasport\" \/>\n<meta property=\"og:description\" content=\"C\u2019est \u00e0 La Chaux-de-Fonds en Suisse que tout commence. Ici qu\u2019est repr\u00e9sent\u00e9 notre identit\u00e9. La Maison est devenue internationale au fil des ann\u00e9es mais le contr\u00f4le qualit\u00e9 est toujours finalis\u00e9 en Suisse. Strat\u00e9gie et savoir-faire ont leur place \u00e0 La Chaux-de-Fonds.\" \/>\n<meta property=\"og:url\" content=\"https:\/\/brasport-group.com\/fr\/le-groupe\/nos-sites-de-production\/maison-mere\/\" \/>\n<meta property=\"og:site_name\" content=\"Brasport\" \/>\n<meta property=\"article:modified_time\" content=\"2026-02-19T07:48:10+00:00\" \/>\n<meta property=\"og:image\" content=\"https:\/\/brasport-group.com\/wp-content\/uploads\/2025\/08\/Layer-61.jpg\" \/>\n<meta name=\"twitter:card\" content=\"summary_large_image\" \/>\n<meta name=\"twitter:label1\" content=\"Dur\u00e9e de lecture estim\u00e9e\" \/>\n\t<meta name=\"twitter:data1\" content=\"2 minutes\" \/>\n<script type=\"application\/ld+json\" class=\"yoast-schema-graph\">{\"@context\":\"https:\/\/schema.org\",\"@graph\":[{\"@type\":\"WebPage\",\"@id\":\"https:\/\/brasport-group.com\/fr\/le-groupe\/nos-sites-de-production\/maison-mere\/\",\"url\":\"https:\/\/brasport-group.com\/fr\/le-groupe\/nos-sites-de-production\/maison-mere\/\",\"name\":\"Maison-m\u00e8re - Brasport\",\"isPartOf\":{\"@id\":\"https:\/\/brasport-group.com\/fr\/#website\"},\"primaryImageOfPage\":{\"@id\":\"https:\/\/brasport-group.com\/fr\/le-groupe\/nos-sites-de-production\/maison-mere\/#primaryimage\"},\"image\":{\"@id\":\"https:\/\/brasport-group.com\/fr\/le-groupe\/nos-sites-de-production\/maison-mere\/#primaryimage\"},\"thumbnailUrl\":\"https:\/\/brasport-group.com\/wp-content\/uploads\/2025\/08\/Layer-61.jpg\",\"datePublished\":\"2025-08-28T08:19:05+00:00\",\"dateModified\":\"2026-02-19T07:48:10+00:00\",\"description\":\"C\u2019est \u00e0 La Chaux-de-Fonds en Suisse que tout commence. Ici qu\u2019est repr\u00e9sent\u00e9 notre identit\u00e9. La Maison est devenue internationale au fil des ann\u00e9es mais le contr\u00f4le qualit\u00e9 est toujours finalis\u00e9 en Suisse. Strat\u00e9gie et savoir-faire ont leur place \u00e0 La Chaux-de-Fonds.\",\"breadcrumb\":{\"@id\":\"https:\/\/brasport-group.com\/fr\/le-groupe\/nos-sites-de-production\/maison-mere\/#breadcrumb\"},\"inLanguage\":\"fr-FR\",\"potentialAction\":[{\"@type\":\"ReadAction\",\"target\":[\"https:\/\/brasport-group.com\/fr\/le-groupe\/nos-sites-de-production\/maison-mere\/\"]}]},{\"@type\":\"ImageObject\",\"inLanguage\":\"fr-FR\",\"@id\":\"https:\/\/brasport-group.com\/fr\/le-groupe\/nos-sites-de-production\/maison-mere\/#primaryimage\",\"url\":\"https:\/\/brasport-group.com\/wp-content\/uploads\/2025\/08\/Layer-61.jpg\",\"contentUrl\":\"https:\/\/brasport-group.com\/wp-content\/uploads\/2025\/08\/Layer-61.jpg\"},{\"@type\":\"BreadcrumbList\",\"@id\":\"https:\/\/brasport-group.com\/fr\/le-groupe\/nos-sites-de-production\/maison-mere\/#breadcrumb\",\"itemListElement\":[{\"@type\":\"ListItem\",\"position\":1,\"name\":\"Accueil\",\"item\":\"https:\/\/brasport-group.com\/fr\/\"},{\"@type\":\"ListItem\",\"position\":2,\"name\":\"Le Groupe\",\"item\":\"https:\/\/brasport-group.com\/fr\/le-groupe\/\"},{\"@type\":\"ListItem\",\"position\":3,\"name\":\"Nos sites de production\",\"item\":\"https:\/\/brasport-group.com\/fr\/le-groupe\/nos-sites-de-production\/\"},{\"@type\":\"ListItem\",\"position\":4,\"name\":\"Maison-m\u00e8re\"}]},{\"@type\":\"WebSite\",\"@id\":\"https:\/\/brasport-group.com\/fr\/#website\",\"url\":\"https:\/\/brasport-group.com\/fr\/\",\"name\":\"Brasport\",\"description\":\"Passion et excellence\",\"publisher\":{\"@id\":\"https:\/\/brasport-group.com\/fr\/#organization\"},\"potentialAction\":[{\"@type\":\"SearchAction\",\"target\":{\"@type\":\"EntryPoint\",\"urlTemplate\":\"https:\/\/brasport-group.com\/fr\/?s={search_term_string}\"},\"query-input\":{\"@type\":\"PropertyValueSpecification\",\"valueRequired\":true,\"valueName\":\"search_term_string\"}}],\"inLanguage\":\"fr-FR\"},{\"@type\":\"Organization\",\"@id\":\"https:\/\/brasport-group.com\/fr\/#organization\",\"name\":\"Brasport\",\"url\":\"https:\/\/brasport-group.com\/fr\/\",\"logo\":{\"@type\":\"ImageObject\",\"inLanguage\":\"fr-FR\",\"@id\":\"https:\/\/brasport-group.com\/fr\/#\/schema\/logo\/image\/\",\"url\":\"https:\/\/brasport-group.com\/wp-content\/uploads\/2025\/08\/logo-brasport-group.png\",\"contentUrl\":\"https:\/\/brasport-group.com\/wp-content\/uploads\/2025\/08\/logo-brasport-group.png\",\"width\":411,\"height\":34,\"caption\":\"Brasport\"},\"image\":{\"@id\":\"https:\/\/brasport-group.com\/fr\/#\/schema\/logo\/image\/\"}}]}<\/script>\n<!-- \/ Yoast SEO plugin. -->","yoast_head_json":{"title":"Maison-m\u00e8re - Brasport","description":"C\u2019est \u00e0 La Chaux-de-Fonds en Suisse que tout commence. Ici qu\u2019est repr\u00e9sent\u00e9 notre identit\u00e9. La Maison est devenue internationale au fil des ann\u00e9es mais le contr\u00f4le qualit\u00e9 est toujours finalis\u00e9 en Suisse. Strat\u00e9gie et savoir-faire ont leur place \u00e0 La Chaux-de-Fonds.","robots":{"index":"index","follow":"follow","max-snippet":"max-snippet:-1","max-image-preview":"max-image-preview:large","max-video-preview":"max-video-preview:-1"},"canonical":"https:\/\/brasport-group.com\/fr\/le-groupe\/nos-sites-de-production\/maison-mere\/","og_locale":"fr_FR","og_type":"article","og_title":"Maison-m\u00e8re - Brasport","og_description":"C\u2019est \u00e0 La Chaux-de-Fonds en Suisse que tout commence. Ici qu\u2019est repr\u00e9sent\u00e9 notre identit\u00e9. La Maison est devenue internationale au fil des ann\u00e9es mais le contr\u00f4le qualit\u00e9 est toujours finalis\u00e9 en Suisse. Strat\u00e9gie et savoir-faire ont leur place \u00e0 La Chaux-de-Fonds.","og_url":"https:\/\/brasport-group.com\/fr\/le-groupe\/nos-sites-de-production\/maison-mere\/","og_site_name":"Brasport","article_modified_time":"2026-02-19T07:48:10+00:00","og_image":[{"url":"https:\/\/brasport-group.com\/wp-content\/uploads\/2025\/08\/Layer-61.jpg","type":"","width":"","height":""}],"twitter_card":"summary_large_image","twitter_misc":{"Dur\u00e9e de lecture estim\u00e9e":"2 minutes"},"schema":{"@context":"https:\/\/schema.org","@graph":[{"@type":"WebPage","@id":"https:\/\/brasport-group.com\/fr\/le-groupe\/nos-sites-de-production\/maison-mere\/","url":"https:\/\/brasport-group.com\/fr\/le-groupe\/nos-sites-de-production\/maison-mere\/","name":"Maison-m\u00e8re - Brasport","isPartOf":{"@id":"https:\/\/brasport-group.com\/fr\/#website"},"primaryImageOfPage":{"@id":"https:\/\/brasport-group.com\/fr\/le-groupe\/nos-sites-de-production\/maison-mere\/#primaryimage"},"image":{"@id":"https:\/\/brasport-group.com\/fr\/le-groupe\/nos-sites-de-production\/maison-mere\/#primaryimage"},"thumbnailUrl":"https:\/\/brasport-group.com\/wp-content\/uploads\/2025\/08\/Layer-61.jpg","datePublished":"2025-08-28T08:19:05+00:00","dateModified":"2026-02-19T07:48:10+00:00","description":"C\u2019est \u00e0 La Chaux-de-Fonds en Suisse que tout commence. Ici qu\u2019est repr\u00e9sent\u00e9 notre identit\u00e9. La Maison est devenue internationale au fil des ann\u00e9es mais le contr\u00f4le qualit\u00e9 est toujours finalis\u00e9 en Suisse. Strat\u00e9gie et savoir-faire ont leur place \u00e0 La Chaux-de-Fonds.","breadcrumb":{"@id":"https:\/\/brasport-group.com\/fr\/le-groupe\/nos-sites-de-production\/maison-mere\/#breadcrumb"},"inLanguage":"fr-FR","potentialAction":[{"@type":"ReadAction","target":["https:\/\/brasport-group.com\/fr\/le-groupe\/nos-sites-de-production\/maison-mere\/"]}]},{"@type":"ImageObject","inLanguage":"fr-FR","@id":"https:\/\/brasport-group.com\/fr\/le-groupe\/nos-sites-de-production\/maison-mere\/#primaryimage","url":"https:\/\/brasport-group.com\/wp-content\/uploads\/2025\/08\/Layer-61.jpg","contentUrl":"https:\/\/brasport-group.com\/wp-content\/uploads\/2025\/08\/Layer-61.jpg"},{"@type":"BreadcrumbList","@id":"https:\/\/brasport-group.com\/fr\/le-groupe\/nos-sites-de-production\/maison-mere\/#breadcrumb","itemListElement":[{"@type":"ListItem","position":1,"name":"Accueil","item":"https:\/\/brasport-group.com\/fr\/"},{"@type":"ListItem","position":2,"name":"Le Groupe","item":"https:\/\/brasport-group.com\/fr\/le-groupe\/"},{"@type":"ListItem","position":3,"name":"Nos sites de production","item":"https:\/\/brasport-group.com\/fr\/le-groupe\/nos-sites-de-production\/"},{"@type":"ListItem","position":4,"name":"Maison-m\u00e8re"}]},{"@type":"WebSite","@id":"https:\/\/brasport-group.com\/fr\/#website","url":"https:\/\/brasport-group.com\/fr\/","name":"Brasport","description":"Passion et excellence","publisher":{"@id":"https:\/\/brasport-group.com\/fr\/#organization"},"potentialAction":[{"@type":"SearchAction","target":{"@type":"EntryPoint","urlTemplate":"https:\/\/brasport-group.com\/fr\/?s={search_term_string}"},"query-input":{"@type":"PropertyValueSpecification","valueRequired":true,"valueName":"search_term_string"}}],"inLanguage":"fr-FR"},{"@type":"Organization","@id":"https:\/\/brasport-group.com\/fr\/#organization","name":"Brasport","url":"https:\/\/brasport-group.com\/fr\/","logo":{"@type":"ImageObject","inLanguage":"fr-FR","@id":"https:\/\/brasport-group.com\/fr\/#\/schema\/logo\/image\/","url":"https:\/\/brasport-group.com\/wp-content\/uploads\/2025\/08\/logo-brasport-group.png","contentUrl":"https:\/\/brasport-group.com\/wp-content\/uploads\/2025\/08\/logo-brasport-group.png","width":411,"height":34,"caption":"Brasport"},"image":{"@id":"https:\/\/brasport-group.com\/fr\/#\/schema\/logo\/image\/"}}]}},"_links":{"self":[{"href":"https:\/\/brasport-group.com\/fr\/wp-json\/wp\/v2\/pages\/579","targetHints":{"allow":["GET"]}}],"collection":[{"href":"https:\/\/brasport-group.com\/fr\/wp-json\/wp\/v2\/pages"}],"about":[{"href":"https:\/\/brasport-group.com\/fr\/wp-json\/wp\/v2\/types\/page"}],"author":[{"embeddable":true,"href":"https:\/\/brasport-group.com\/fr\/wp-json\/wp\/v2\/users\/1"}],"replies":[{"embeddable":true,"href":"https:\/\/brasport-group.com\/fr\/wp-json\/wp\/v2\/comments?post=579"}],"version-history":[{"count":82,"href":"https:\/\/brasport-group.com\/fr\/wp-json\/wp\/v2\/pages\/579\/revisions"}],"predecessor-version":[{"id":3212,"href":"https:\/\/brasport-group.com\/fr\/wp-json\/wp\/v2\/pages\/579\/revisions\/3212"}],"up":[{"embeddable":true,"href":"https:\/\/brasport-group.com\/fr\/wp-json\/wp\/v2\/pages\/269"}],"wp:attachment":[{"href":"https:\/\/brasport-group.com\/fr\/wp-json\/wp\/v2\/media?parent=579"}],"curies":[{"name":"wp","href":"https:\/\/api.w.org\/{rel}","templated":true}]}}