{"id":773,"date":"2025-08-28T12:44:53","date_gmt":"2025-08-28T10:44:53","guid":{"rendered":"https:\/\/brasport-group.com\/?page_id=773"},"modified":"2026-02-18T16:15:53","modified_gmt":"2026-02-18T14:15:53","slug":"brasport-thailande","status":"publish","type":"page","link":"https:\/\/brasport-group.com\/fr\/le-groupe\/nos-sites-de-production\/brasport-thailande\/","title":{"rendered":"Brasport Tha\u00eflande"},"content":{"rendered":"\t\t<div data-elementor-type=\"wp-page\" data-elementor-id=\"773\" class=\"elementor elementor-773\" data-elementor-post-type=\"page\">\n\t\t\t\t<div class=\"elementor-element elementor-element-e221b27 e-flex e-con-boxed e-con e-parent\" data-id=\"e221b27\" data-element_type=\"container\" data-settings=\"{&quot;background_background&quot;:&quot;classic&quot;}\">\n\t\t\t\t\t<div class=\"e-con-inner\">\n\t\t<div class=\"elementor-element elementor-element-1be18bc animated-slow e-flex e-con-boxed elementor-invisible e-con e-child\" data-id=\"1be18bc\" data-element_type=\"container\" data-settings=\"{&quot;animation&quot;:&quot;fadeInUp&quot;,&quot;animation_delay&quot;:200}\">\n\t\t\t\t\t<div class=\"e-con-inner\">\n\t\t\t\t<div class=\"elementor-element elementor-element-e76a4a0 elementor-align-left elementor-widget elementor-widget-breadcrumbs\" data-id=\"e76a4a0\" data-element_type=\"widget\" data-widget_type=\"breadcrumbs.default\">\n\t\t\t\t\t<p id=\"breadcrumbs\"><span><span><a href=\"https:\/\/brasport-group.com\/fr\/\">Accueil<\/a><\/span><\/span><\/p>\t\t\t\t<\/div>\n\t\t\t\t<div class=\"elementor-element elementor-element-a0a140b elementor-widget elementor-widget-heading\" data-id=\"a0a140b\" data-element_type=\"widget\" data-widget_type=\"heading.default\">\n\t\t\t\t\t<h1 class=\"elementor-heading-title elementor-size-default\">Pr\u00e9cision et savoir-faire en Asie<\/h1>\t\t\t\t<\/div>\n\t\t\t\t<div class=\"elementor-element elementor-element-b7d7021 elementor-widget__width-initial elementor-widget-mobile__width-inherit elementor-widget elementor-widget-text-editor\" data-id=\"b7d7021\" data-element_type=\"widget\" data-widget_type=\"text-editor.default\">\n\t\t\t\t\t\t\t\t\t<p>Implant\u00e9 \u00e0 Bangkok,&nbsp;avec plus de 70 collaborateurs sur 1000 m2, Brasport Tha\u00eflande incarne le rayonnement international du groupe tout en garantissant une qualit\u00e9 constante et un suivi rigoureux, align\u00e9s sur les standards suisses.<\/p>\t\t\t\t\t\t\t\t<\/div>\n\t\t\t\t\t<\/div>\n\t\t\t\t<\/div>\n\t\t\t\t\t<\/div>\n\t\t\t\t<\/div>\n\t\t<div class=\"elementor-element elementor-element-fed761d e-flex e-con-boxed e-con e-parent\" data-id=\"fed761d\" data-element_type=\"container\">\n\t\t\t\t\t<div class=\"e-con-inner\">\n\t\t<div class=\"elementor-element elementor-element-7688d85 e-con-full e-flex e-con e-child\" data-id=\"7688d85\" data-element_type=\"container\">\n\t\t\t\t<div class=\"elementor-element elementor-element-0e5bf50 elementor-widget elementor-widget-image\" data-id=\"0e5bf50\" data-element_type=\"widget\" data-widget_type=\"image.default\">\n\t\t\t\t\t\t\t\t\t\t\t\t\t\t\t<img fetchpriority=\"high\" decoding=\"async\" width=\"2048\" height=\"1365\" src=\"https:\/\/brasport-group.com\/wp-content\/uploads\/2025\/10\/1-1-scaled.jpg\" class=\"attachment-full size-full wp-image-1506\" alt=\"\" srcset=\"https:\/\/brasport-group.com\/wp-content\/uploads\/2025\/10\/1-1-scaled.jpg 2048w, https:\/\/brasport-group.com\/wp-content\/uploads\/2025\/10\/1-1-300x200.jpg 300w, https:\/\/brasport-group.com\/wp-content\/uploads\/2025\/10\/1-1-1024x683.jpg 1024w, https:\/\/brasport-group.com\/wp-content\/uploads\/2025\/10\/1-1-768x512.jpg 768w, https:\/\/brasport-group.com\/wp-content\/uploads\/2025\/10\/1-1-1536x1024.jpg 1536w\" sizes=\"(max-width: 2048px) 100vw, 2048px\" \/>\t\t\t\t\t\t\t\t\t\t\t\t\t\t\t<\/div>\n\t\t\t\t<\/div>\n\t\t<div class=\"elementor-element elementor-element-32f3329 e-con-full e-flex e-con e-child\" data-id=\"32f3329\" data-element_type=\"container\">\n\t\t<div class=\"elementor-element elementor-element-6905e4a e-con-full e-flex e-con e-child\" data-id=\"6905e4a\" data-element_type=\"container\">\n\t\t\t\t<div class=\"elementor-element elementor-element-5fccae0 elementor-widget elementor-widget-heading\" data-id=\"5fccae0\" data-element_type=\"widget\" data-widget_type=\"heading.default\">\n\t\t\t\t\t<h3 class=\"elementor-heading-title elementor-size-default\">Excellence de fabrication<\/h3>\t\t\t\t<\/div>\n\t\t\t\t<div class=\"elementor-element elementor-element-6e1ed8b elementor-widget elementor-widget-text-editor\" data-id=\"6e1ed8b\" data-element_type=\"widget\" data-widget_type=\"text-editor.default\">\n\t\t\t\t\t\t\t\t\t<p>L\u2019\u00e9quipe locale fabrique des bracelets de montre en cuir, peaux exotiques et mati\u00e8res synth\u00e9tiques, en respectant les exigences techniques et esth\u00e9tiques des marques haut de gamme. Gr\u00e2ce \u00e0 des processus rod\u00e9s et un encadrement de qualit\u00e9, le site offre une production fiable et r\u00e9active, en parfaite synergie avec les autres sites du groupe.<\/p>\t\t\t\t\t\t\t\t<\/div>\n\t\t\t\t<\/div>\n\t\t\t\t<\/div>\n\t\t\t\t\t<\/div>\n\t\t\t\t<\/div>\n\t\t<div class=\"elementor-element elementor-element-fc32b84 e-flex e-con-boxed e-con e-parent\" data-id=\"fc32b84\" data-element_type=\"container\">\n\t\t\t\t\t<div class=\"e-con-inner\">\n\t\t<div class=\"elementor-element elementor-element-3e2aa44 e-con-full e-flex e-con e-child\" data-id=\"3e2aa44\" data-element_type=\"container\">\n\t\t<div class=\"elementor-element elementor-element-35a6a5e e-con-full e-flex e-con e-child\" data-id=\"35a6a5e\" data-element_type=\"container\">\n\t\t\t\t<div class=\"elementor-element elementor-element-eda1ebc elementor-widget elementor-widget-heading\" data-id=\"eda1ebc\" data-element_type=\"widget\" data-widget_type=\"heading.default\">\n\t\t\t\t\t<h3 class=\"elementor-heading-title elementor-size-default\">Engagement qualit\u00e9<br>\net environnement<\/h3>\t\t\t\t<\/div>\n\t\t\t\t<div class=\"elementor-element elementor-element-b7acaed elementor-widget elementor-widget-text-editor\" data-id=\"b7acaed\" data-element_type=\"widget\" data-widget_type=\"text-editor.default\">\n\t\t\t\t\t\t\t\t\t<p>Brasport Tha\u00eflande b\u00e9n\u00e9ficie de certifications internationales ISO 9001 et ISO 14001, garantissant la conformit\u00e9 aux normes de qualit\u00e9 et de gestion environnementale.<\/p>\t\t\t\t\t\t\t\t<\/div>\n\t\t\t\t<\/div>\n\t\t\t\t<\/div>\n\t\t<div class=\"elementor-element elementor-element-16d4509 e-con-full e-flex e-con e-child\" data-id=\"16d4509\" data-element_type=\"container\">\n\t\t\t\t<div class=\"elementor-element elementor-element-0534af4 elementor-widget elementor-widget-image\" data-id=\"0534af4\" data-element_type=\"widget\" data-widget_type=\"image.default\">\n\t\t\t\t\t\t\t\t\t\t\t\t\t\t\t<img decoding=\"async\" width=\"2048\" height=\"1365\" src=\"https:\/\/brasport-group.com\/wp-content\/uploads\/2025\/10\/2-2-scaled.jpg\" class=\"attachment-full size-full wp-image-1509\" alt=\"\" srcset=\"https:\/\/brasport-group.com\/wp-content\/uploads\/2025\/10\/2-2-scaled.jpg 2048w, https:\/\/brasport-group.com\/wp-content\/uploads\/2025\/10\/2-2-300x200.jpg 300w, https:\/\/brasport-group.com\/wp-content\/uploads\/2025\/10\/2-2-1024x683.jpg 1024w, https:\/\/brasport-group.com\/wp-content\/uploads\/2025\/10\/2-2-768x512.jpg 768w, https:\/\/brasport-group.com\/wp-content\/uploads\/2025\/10\/2-2-1536x1024.jpg 1536w\" sizes=\"(max-width: 2048px) 100vw, 2048px\" \/>\t\t\t\t\t\t\t\t\t\t\t\t\t\t\t<\/div>\n\t\t\t\t<\/div>\n\t\t\t\t\t<\/div>\n\t\t\t\t<\/div>\n\t\t<div class=\"elementor-element elementor-element-84a27c3 e-flex e-con-boxed e-con e-parent\" data-id=\"84a27c3\" data-element_type=\"container\">\n\t\t\t\t\t<div class=\"e-con-inner\">\n\t\t<div class=\"elementor-element elementor-element-556c8f4 e-con-full e-flex e-con e-child\" data-id=\"556c8f4\" data-element_type=\"container\">\n\t\t\t\t<div class=\"elementor-element elementor-element-4ef9713 elementor-widget elementor-widget-image\" data-id=\"4ef9713\" data-element_type=\"widget\" data-widget_type=\"image.default\">\n\t\t\t\t\t\t\t\t\t\t\t\t\t\t\t<img decoding=\"async\" width=\"800\" height=\"533\" src=\"https:\/\/brasport-group.com\/wp-content\/uploads\/2025\/11\/image-18.jpg\" class=\"attachment-full size-full wp-image-3024\" alt=\"\" srcset=\"https:\/\/brasport-group.com\/wp-content\/uploads\/2025\/11\/image-18.jpg 800w, https:\/\/brasport-group.com\/wp-content\/uploads\/2025\/11\/image-18-300x200.jpg 300w, https:\/\/brasport-group.com\/wp-content\/uploads\/2025\/11\/image-18-768x512.jpg 768w\" sizes=\"(max-width: 800px) 100vw, 800px\" \/>\t\t\t\t\t\t\t\t\t\t\t\t\t\t\t<\/div>\n\t\t\t\t<\/div>\n\t\t<div class=\"elementor-element elementor-element-4fa77ea e-con-full e-flex e-con e-child\" data-id=\"4fa77ea\" data-element_type=\"container\">\n\t\t<div class=\"elementor-element elementor-element-fef54df e-con-full e-flex e-con e-child\" data-id=\"fef54df\" data-element_type=\"container\">\n\t\t\t\t<div class=\"elementor-element elementor-element-dc3cbec elementor-widget elementor-widget-heading\" data-id=\"dc3cbec\" data-element_type=\"widget\" data-widget_type=\"heading.default\">\n\t\t\t\t\t<h3 class=\"elementor-heading-title elementor-size-default\">Atout strat\u00e9gique<\/h3>\t\t\t\t<\/div>\n\t\t\t\t<div class=\"elementor-element elementor-element-d9b2e1c elementor-widget elementor-widget-text-editor\" data-id=\"d9b2e1c\" data-element_type=\"widget\" data-widget_type=\"text-editor.default\">\n\t\t\t\t\t\t\t\t\t<p>V\u00e9ritable atout strat\u00e9gique pour le Groupe, cette implantation permet de mieux servir nos partenaires tout en soutenant la flexibilit\u00e9, la proximit\u00e9 logistique et l\u2019agilit\u00e9 industrielle de Brasport \u00e0 l\u2019\u00e9chelle mondiale.<\/p>\t\t\t\t\t\t\t\t<\/div>\n\t\t\t\t<\/div>\n\t\t\t\t<\/div>\n\t\t\t\t\t<\/div>\n\t\t\t\t<\/div>\n\t\t<div class=\"elementor-element elementor-element-df7a15a e-flex e-con-boxed e-con e-parent\" data-id=\"df7a15a\" data-element_type=\"container\">\n\t\t\t\t\t<div class=\"e-con-inner\">\n\t\t<div class=\"elementor-element elementor-element-9977ae7 e-con-full e-flex e-con e-child\" data-id=\"9977ae7\" data-element_type=\"container\">\n\t\t\t\t<div class=\"elementor-element elementor-element-e749774 elementor-widget elementor-widget-heading\" data-id=\"e749774\" data-element_type=\"widget\" data-widget_type=\"heading.default\">\n\t\t\t\t\t<h3 class=\"elementor-heading-title elementor-size-default\">Coordonn\u00e9es de l\u2019entreprise<\/h3>\t\t\t\t<\/div>\n\t\t\t\t<div class=\"elementor-element elementor-element-cc07616 elementor-widget elementor-widget-text-editor\" data-id=\"cc07616\" data-element_type=\"widget\" data-widget_type=\"text-editor.default\">\n\t\t\t\t\t\t\t\t\t<p><span style=\"font-weight: 400;\">Contactez Brasport Tha\u00eflande par t\u00e9l\u00e9phone : +66 2 739 6423<\/span><\/p>\t\t\t\t\t\t\t\t<\/div>\n\t\t\t\t<div class=\"elementor-element elementor-element-dd346be elementor-widget elementor-widget-google_maps\" data-id=\"dd346be\" data-element_type=\"widget\" data-widget_type=\"google_maps.default\">\n\t\t\t\t\t\t\t<div class=\"elementor-custom-embed\">\n\t\t\t<iframe loading=\"lazy\"\n\t\t\t\t\tsrc=\"https:\/\/maps.google.com\/maps?q=Brasport%20Thailand%20Co.%2C%20Ltd.%2C%20251%20Nikhom%20Utsahakam%20Lat%20Krabang%20Alley%2C%20Lam%20Pla%20Thio%2C%20Lat%20Krabang%2C%20Bangkok%2010520%2C%20Tha%C3%AFlande&#038;t=m&#038;z=10&#038;output=embed&#038;iwloc=near\"\n\t\t\t\t\ttitle=\"Brasport Thailand Co., Ltd., 251 Nikhom Utsahakam Lat Krabang Alley, Lam Pla Thio, Lat Krabang, Bangkok 10520, Tha\u00eflande\"\n\t\t\t\t\taria-label=\"Brasport Thailand Co., Ltd., 251 Nikhom Utsahakam Lat Krabang Alley, Lam Pla Thio, Lat Krabang, Bangkok 10520, Tha\u00eflande\"\n\t\t\t><\/iframe>\n\t\t<\/div>\n\t\t\t\t\t\t<\/div>\n\t\t\t\t<\/div>\n\t\t\t\t\t<\/div>\n\t\t\t\t<\/div>\n\t\t\t\t<\/div>\n\t\t","protected":false},"excerpt":{"rendered":"<p>Pr\u00e9cision et savoir-faire en Asie Implant\u00e9 \u00e0 Bangkok,&nbsp;avec plus de 70 collaborateurs sur 1000 m2, Brasport Tha\u00eflande incarne le rayonnement international du groupe tout en garantissant une qualit\u00e9 constante et un suivi rigoureux, align\u00e9s sur les standards suisses. Excellence de fabrication L\u2019\u00e9quipe locale fabrique des bracelets de montre en cuir, peaux exotiques et mati\u00e8res synth\u00e9tiques, [&hellip;]<\/p>\n","protected":false},"author":1,"featured_media":0,"parent":269,"menu_order":0,"comment_status":"closed","ping_status":"closed","template":"","meta":{"_acf_changed":false,"footnotes":""},"class_list":["post-773","page","type-page","status-publish","hentry"],"acf":[],"yoast_head":"<!-- This site is optimized with the Yoast SEO plugin v26.4 - https:\/\/yoast.com\/wordpress\/plugins\/seo\/ -->\n<title>Brasport Tha\u00eflande - Brasport<\/title>\n<meta name=\"description\" content=\"Situ\u00e9e \u00e0 Bangkok, Brasport Tha\u00eflande constitue un atout strat\u00e9gique pour le Groupe. B\u00e9n\u00e9ficiant d\u2019un encadrement de qualit\u00e9, elle assure une production \u00e0 la fois fiable et r\u00e9active, tout en collaborant \u00e9troitement avec les autres sites du Groupe.\" \/>\n<meta name=\"robots\" content=\"index, follow, max-snippet:-1, max-image-preview:large, max-video-preview:-1\" \/>\n<link rel=\"canonical\" href=\"https:\/\/brasport-group.com\/fr\/le-groupe\/nos-sites-de-production\/brasport-thailande\/\" \/>\n<meta property=\"og:locale\" content=\"fr_FR\" \/>\n<meta property=\"og:type\" content=\"article\" \/>\n<meta property=\"og:title\" content=\"Brasport Tha\u00eflande - Brasport\" \/>\n<meta property=\"og:description\" content=\"Situ\u00e9e \u00e0 Bangkok, Brasport Tha\u00eflande constitue un atout strat\u00e9gique pour le Groupe. B\u00e9n\u00e9ficiant d\u2019un encadrement de qualit\u00e9, elle assure une production \u00e0 la fois fiable et r\u00e9active, tout en collaborant \u00e9troitement avec les autres sites du Groupe.\" \/>\n<meta property=\"og:url\" content=\"https:\/\/brasport-group.com\/fr\/le-groupe\/nos-sites-de-production\/brasport-thailande\/\" \/>\n<meta property=\"og:site_name\" content=\"Brasport\" \/>\n<meta property=\"article:modified_time\" content=\"2026-02-18T14:15:53+00:00\" \/>\n<meta property=\"og:image\" content=\"https:\/\/brasport-group.com\/wp-content\/uploads\/2025\/10\/1-1-scaled.jpg\" \/>\n<meta name=\"twitter:card\" content=\"summary_large_image\" \/>\n<meta name=\"twitter:label1\" content=\"Dur\u00e9e de lecture estim\u00e9e\" \/>\n\t<meta name=\"twitter:data1\" content=\"2 minutes\" \/>\n<script type=\"application\/ld+json\" class=\"yoast-schema-graph\">{\"@context\":\"https:\/\/schema.org\",\"@graph\":[{\"@type\":\"WebPage\",\"@id\":\"https:\/\/brasport-group.com\/fr\/le-groupe\/nos-sites-de-production\/brasport-thailande\/\",\"url\":\"https:\/\/brasport-group.com\/fr\/le-groupe\/nos-sites-de-production\/brasport-thailande\/\",\"name\":\"Brasport Tha\u00eflande - Brasport\",\"isPartOf\":{\"@id\":\"https:\/\/brasport-group.com\/fr\/#website\"},\"primaryImageOfPage\":{\"@id\":\"https:\/\/brasport-group.com\/fr\/le-groupe\/nos-sites-de-production\/brasport-thailande\/#primaryimage\"},\"image\":{\"@id\":\"https:\/\/brasport-group.com\/fr\/le-groupe\/nos-sites-de-production\/brasport-thailande\/#primaryimage\"},\"thumbnailUrl\":\"https:\/\/brasport-group.com\/wp-content\/uploads\/2025\/10\/1-1-scaled.jpg\",\"datePublished\":\"2025-08-28T10:44:53+00:00\",\"dateModified\":\"2026-02-18T14:15:53+00:00\",\"description\":\"Situ\u00e9e \u00e0 Bangkok, Brasport Tha\u00eflande constitue un atout strat\u00e9gique pour le Groupe. B\u00e9n\u00e9ficiant d\u2019un encadrement de qualit\u00e9, elle assure une production \u00e0 la fois fiable et r\u00e9active, tout en collaborant \u00e9troitement avec les autres sites du Groupe.\",\"breadcrumb\":{\"@id\":\"https:\/\/brasport-group.com\/fr\/le-groupe\/nos-sites-de-production\/brasport-thailande\/#breadcrumb\"},\"inLanguage\":\"fr-FR\",\"potentialAction\":[{\"@type\":\"ReadAction\",\"target\":[\"https:\/\/brasport-group.com\/fr\/le-groupe\/nos-sites-de-production\/brasport-thailande\/\"]}]},{\"@type\":\"ImageObject\",\"inLanguage\":\"fr-FR\",\"@id\":\"https:\/\/brasport-group.com\/fr\/le-groupe\/nos-sites-de-production\/brasport-thailande\/#primaryimage\",\"url\":\"https:\/\/brasport-group.com\/wp-content\/uploads\/2025\/10\/1-1-scaled.jpg\",\"contentUrl\":\"https:\/\/brasport-group.com\/wp-content\/uploads\/2025\/10\/1-1-scaled.jpg\"},{\"@type\":\"BreadcrumbList\",\"@id\":\"https:\/\/brasport-group.com\/fr\/le-groupe\/nos-sites-de-production\/brasport-thailande\/#breadcrumb\",\"itemListElement\":[{\"@type\":\"ListItem\",\"position\":1,\"name\":\"Accueil\",\"item\":\"https:\/\/brasport-group.com\/fr\/\"},{\"@type\":\"ListItem\",\"position\":2,\"name\":\"Le Groupe\",\"item\":\"https:\/\/brasport-group.com\/fr\/le-groupe\/\"},{\"@type\":\"ListItem\",\"position\":3,\"name\":\"Nos sites de production\",\"item\":\"https:\/\/brasport-group.com\/fr\/le-groupe\/nos-sites-de-production\/\"},{\"@type\":\"ListItem\",\"position\":4,\"name\":\"Brasport Tha\u00eflande\"}]},{\"@type\":\"WebSite\",\"@id\":\"https:\/\/brasport-group.com\/fr\/#website\",\"url\":\"https:\/\/brasport-group.com\/fr\/\",\"name\":\"Brasport\",\"description\":\"Passion et excellence\",\"publisher\":{\"@id\":\"https:\/\/brasport-group.com\/fr\/#organization\"},\"potentialAction\":[{\"@type\":\"SearchAction\",\"target\":{\"@type\":\"EntryPoint\",\"urlTemplate\":\"https:\/\/brasport-group.com\/fr\/?s={search_term_string}\"},\"query-input\":{\"@type\":\"PropertyValueSpecification\",\"valueRequired\":true,\"valueName\":\"search_term_string\"}}],\"inLanguage\":\"fr-FR\"},{\"@type\":\"Organization\",\"@id\":\"https:\/\/brasport-group.com\/fr\/#organization\",\"name\":\"Brasport\",\"url\":\"https:\/\/brasport-group.com\/fr\/\",\"logo\":{\"@type\":\"ImageObject\",\"inLanguage\":\"fr-FR\",\"@id\":\"https:\/\/brasport-group.com\/fr\/#\/schema\/logo\/image\/\",\"url\":\"https:\/\/brasport-group.com\/wp-content\/uploads\/2025\/08\/logo-brasport-group.png\",\"contentUrl\":\"https:\/\/brasport-group.com\/wp-content\/uploads\/2025\/08\/logo-brasport-group.png\",\"width\":411,\"height\":34,\"caption\":\"Brasport\"},\"image\":{\"@id\":\"https:\/\/brasport-group.com\/fr\/#\/schema\/logo\/image\/\"}}]}<\/script>\n<!-- \/ Yoast SEO plugin. -->","yoast_head_json":{"title":"Brasport Tha\u00eflande - Brasport","description":"Situ\u00e9e \u00e0 Bangkok, Brasport Tha\u00eflande constitue un atout strat\u00e9gique pour le Groupe. B\u00e9n\u00e9ficiant d\u2019un encadrement de qualit\u00e9, elle assure une production \u00e0 la fois fiable et r\u00e9active, tout en collaborant \u00e9troitement avec les autres sites du Groupe.","robots":{"index":"index","follow":"follow","max-snippet":"max-snippet:-1","max-image-preview":"max-image-preview:large","max-video-preview":"max-video-preview:-1"},"canonical":"https:\/\/brasport-group.com\/fr\/le-groupe\/nos-sites-de-production\/brasport-thailande\/","og_locale":"fr_FR","og_type":"article","og_title":"Brasport Tha\u00eflande - Brasport","og_description":"Situ\u00e9e \u00e0 Bangkok, Brasport Tha\u00eflande constitue un atout strat\u00e9gique pour le Groupe. B\u00e9n\u00e9ficiant d\u2019un encadrement de qualit\u00e9, elle assure une production \u00e0 la fois fiable et r\u00e9active, tout en collaborant \u00e9troitement avec les autres sites du Groupe.","og_url":"https:\/\/brasport-group.com\/fr\/le-groupe\/nos-sites-de-production\/brasport-thailande\/","og_site_name":"Brasport","article_modified_time":"2026-02-18T14:15:53+00:00","og_image":[{"url":"https:\/\/brasport-group.com\/wp-content\/uploads\/2025\/10\/1-1-scaled.jpg","type":"","width":"","height":""}],"twitter_card":"summary_large_image","twitter_misc":{"Dur\u00e9e de lecture estim\u00e9e":"2 minutes"},"schema":{"@context":"https:\/\/schema.org","@graph":[{"@type":"WebPage","@id":"https:\/\/brasport-group.com\/fr\/le-groupe\/nos-sites-de-production\/brasport-thailande\/","url":"https:\/\/brasport-group.com\/fr\/le-groupe\/nos-sites-de-production\/brasport-thailande\/","name":"Brasport Tha\u00eflande - Brasport","isPartOf":{"@id":"https:\/\/brasport-group.com\/fr\/#website"},"primaryImageOfPage":{"@id":"https:\/\/brasport-group.com\/fr\/le-groupe\/nos-sites-de-production\/brasport-thailande\/#primaryimage"},"image":{"@id":"https:\/\/brasport-group.com\/fr\/le-groupe\/nos-sites-de-production\/brasport-thailande\/#primaryimage"},"thumbnailUrl":"https:\/\/brasport-group.com\/wp-content\/uploads\/2025\/10\/1-1-scaled.jpg","datePublished":"2025-08-28T10:44:53+00:00","dateModified":"2026-02-18T14:15:53+00:00","description":"Situ\u00e9e \u00e0 Bangkok, Brasport Tha\u00eflande constitue un atout strat\u00e9gique pour le Groupe. B\u00e9n\u00e9ficiant d\u2019un encadrement de qualit\u00e9, elle assure une production \u00e0 la fois fiable et r\u00e9active, tout en collaborant \u00e9troitement avec les autres sites du Groupe.","breadcrumb":{"@id":"https:\/\/brasport-group.com\/fr\/le-groupe\/nos-sites-de-production\/brasport-thailande\/#breadcrumb"},"inLanguage":"fr-FR","potentialAction":[{"@type":"ReadAction","target":["https:\/\/brasport-group.com\/fr\/le-groupe\/nos-sites-de-production\/brasport-thailande\/"]}]},{"@type":"ImageObject","inLanguage":"fr-FR","@id":"https:\/\/brasport-group.com\/fr\/le-groupe\/nos-sites-de-production\/brasport-thailande\/#primaryimage","url":"https:\/\/brasport-group.com\/wp-content\/uploads\/2025\/10\/1-1-scaled.jpg","contentUrl":"https:\/\/brasport-group.com\/wp-content\/uploads\/2025\/10\/1-1-scaled.jpg"},{"@type":"BreadcrumbList","@id":"https:\/\/brasport-group.com\/fr\/le-groupe\/nos-sites-de-production\/brasport-thailande\/#breadcrumb","itemListElement":[{"@type":"ListItem","position":1,"name":"Accueil","item":"https:\/\/brasport-group.com\/fr\/"},{"@type":"ListItem","position":2,"name":"Le Groupe","item":"https:\/\/brasport-group.com\/fr\/le-groupe\/"},{"@type":"ListItem","position":3,"name":"Nos sites de production","item":"https:\/\/brasport-group.com\/fr\/le-groupe\/nos-sites-de-production\/"},{"@type":"ListItem","position":4,"name":"Brasport Tha\u00eflande"}]},{"@type":"WebSite","@id":"https:\/\/brasport-group.com\/fr\/#website","url":"https:\/\/brasport-group.com\/fr\/","name":"Brasport","description":"Passion et excellence","publisher":{"@id":"https:\/\/brasport-group.com\/fr\/#organization"},"potentialAction":[{"@type":"SearchAction","target":{"@type":"EntryPoint","urlTemplate":"https:\/\/brasport-group.com\/fr\/?s={search_term_string}"},"query-input":{"@type":"PropertyValueSpecification","valueRequired":true,"valueName":"search_term_string"}}],"inLanguage":"fr-FR"},{"@type":"Organization","@id":"https:\/\/brasport-group.com\/fr\/#organization","name":"Brasport","url":"https:\/\/brasport-group.com\/fr\/","logo":{"@type":"ImageObject","inLanguage":"fr-FR","@id":"https:\/\/brasport-group.com\/fr\/#\/schema\/logo\/image\/","url":"https:\/\/brasport-group.com\/wp-content\/uploads\/2025\/08\/logo-brasport-group.png","contentUrl":"https:\/\/brasport-group.com\/wp-content\/uploads\/2025\/08\/logo-brasport-group.png","width":411,"height":34,"caption":"Brasport"},"image":{"@id":"https:\/\/brasport-group.com\/fr\/#\/schema\/logo\/image\/"}}]}},"_links":{"self":[{"href":"https:\/\/brasport-group.com\/fr\/wp-json\/wp\/v2\/pages\/773","targetHints":{"allow":["GET"]}}],"collection":[{"href":"https:\/\/brasport-group.com\/fr\/wp-json\/wp\/v2\/pages"}],"about":[{"href":"https:\/\/brasport-group.com\/fr\/wp-json\/wp\/v2\/types\/page"}],"author":[{"embeddable":true,"href":"https:\/\/brasport-group.com\/fr\/wp-json\/wp\/v2\/users\/1"}],"replies":[{"embeddable":true,"href":"https:\/\/brasport-group.com\/fr\/wp-json\/wp\/v2\/comments?post=773"}],"version-history":[{"count":67,"href":"https:\/\/brasport-group.com\/fr\/wp-json\/wp\/v2\/pages\/773\/revisions"}],"predecessor-version":[{"id":3569,"href":"https:\/\/brasport-group.com\/fr\/wp-json\/wp\/v2\/pages\/773\/revisions\/3569"}],"up":[{"embeddable":true,"href":"https:\/\/brasport-group.com\/fr\/wp-json\/wp\/v2\/pages\/269"}],"wp:attachment":[{"href":"https:\/\/brasport-group.com\/fr\/wp-json\/wp\/v2\/media?parent=773"}],"curies":[{"name":"wp","href":"https:\/\/api.w.org\/{rel}","templated":true}]}}