{"id":798,"date":"2025-08-28T13:11:01","date_gmt":"2025-08-28T11:11:01","guid":{"rendered":"https:\/\/brasport-group.com\/?page_id=798"},"modified":"2026-02-18T16:17:02","modified_gmt":"2026-02-18T14:17:02","slug":"portugal-atelier-de-micromecanique","status":"publish","type":"page","link":"https:\/\/brasport-group.com\/fr\/le-groupe\/nos-sites-de-production\/portugal-atelier-de-micromecanique\/","title":{"rendered":"Portugal &#8211; Atelier de microm\u00e9canique"},"content":{"rendered":"\t\t<div data-elementor-type=\"wp-page\" data-elementor-id=\"798\" class=\"elementor elementor-798\" data-elementor-post-type=\"page\">\n\t\t\t\t<div class=\"elementor-element elementor-element-bf38c81 e-flex e-con-boxed e-con e-parent\" data-id=\"bf38c81\" data-element_type=\"container\" data-settings=\"{&quot;background_background&quot;:&quot;classic&quot;}\">\n\t\t\t\t\t<div class=\"e-con-inner\">\n\t\t<div class=\"elementor-element elementor-element-798bfbe animated-slow e-flex e-con-boxed elementor-invisible e-con e-child\" data-id=\"798bfbe\" data-element_type=\"container\" data-settings=\"{&quot;animation&quot;:&quot;fadeInUp&quot;,&quot;animation_delay&quot;:200}\">\n\t\t\t\t\t<div class=\"e-con-inner\">\n\t\t\t\t<div class=\"elementor-element elementor-element-3fa6323 elementor-align-left elementor-widget elementor-widget-breadcrumbs\" data-id=\"3fa6323\" data-element_type=\"widget\" data-widget_type=\"breadcrumbs.default\">\n\t\t\t\t\t<p id=\"breadcrumbs\"><span><span><a href=\"https:\/\/brasport-group.com\/fr\/\">Accueil<\/a><\/span><\/span><\/p>\t\t\t\t<\/div>\n\t\t\t\t<div class=\"elementor-element elementor-element-e74e2c4 elementor-widget elementor-widget-heading\" data-id=\"e74e2c4\" data-element_type=\"widget\" data-widget_type=\"heading.default\">\n\t\t\t\t\t<h1 class=\"elementor-heading-title elementor-size-default\">BRADTECH \u2013 Atelier de microm\u00e9canique.\n\n <\/h1>\t\t\t\t<\/div>\n\t\t\t\t<div class=\"elementor-element elementor-element-f5b380d elementor-widget__width-initial elementor-widget-mobile__width-inherit elementor-widget elementor-widget-text-editor\" data-id=\"f5b380d\" data-element_type=\"widget\" data-widget_type=\"text-editor.default\">\n\t\t\t\t\t\t\t\t\t<p>Situ\u00e9e dans la r\u00e9gion de Aveiro, il constitue l&rsquo;entit\u00e9 du groupe Brasport d\u00e9di\u00e9e \u00e0 la microm\u00e9canique de pr\u00e9cision.<\/p><p>Cette entreprise, <span style=\"font-weight: 400;\">de 5 collaborateurs sur 1964 m\u00b2 <\/span>se sp\u00e9cialise dans l&rsquo;usinage de composants m\u00e9talliques ainsi que dans le <span style=\"font-weight: 400;\">d\u00e9veloppement d\u2019outillages destin\u00e9s \u00e0 l\u2019horlogerie et \u00e0 la maroquinerie s<\/span><span style=\"font-weight: 400;\">oit pour des besoins internes au groupe, soit pour des clients externes<\/span><span style=\"font-weight: 400;\">. <\/span><span style=\"font-weight: 400;\">Bradtech <\/span><span style=\"font-weight: 400;\">joue ainsi<\/span> un r\u00f4le central dans notre capacit\u00e9 \u00e0 offrir des solutions sur mesure, allant du prototype \u00e0 la production en s\u00e9rie.<\/p>\t\t\t\t\t\t\t\t<\/div>\n\t\t\t\t\t<\/div>\n\t\t\t\t<\/div>\n\t\t\t\t\t<\/div>\n\t\t\t\t<\/div>\n\t\t<div class=\"elementor-element elementor-element-0cb7f10 e-flex e-con-boxed e-con e-parent\" data-id=\"0cb7f10\" data-element_type=\"container\">\n\t\t\t\t\t<div class=\"e-con-inner\">\n\t\t<div class=\"elementor-element elementor-element-40d46ff e-con-full e-flex e-con e-child\" data-id=\"40d46ff\" data-element_type=\"container\">\n\t\t\t\t<div class=\"elementor-element elementor-element-dae80b2 elementor-widget elementor-widget-image\" data-id=\"dae80b2\" data-element_type=\"widget\" data-widget_type=\"image.default\">\n\t\t\t\t\t\t\t\t\t\t\t\t\t\t\t<img fetchpriority=\"high\" decoding=\"async\" width=\"2048\" height=\"1152\" src=\"https:\/\/brasport-group.com\/wp-content\/uploads\/2025\/10\/1-2-scaled.jpg\" class=\"attachment-full size-full wp-image-1515\" alt=\"\" srcset=\"https:\/\/brasport-group.com\/wp-content\/uploads\/2025\/10\/1-2-scaled.jpg 2048w, https:\/\/brasport-group.com\/wp-content\/uploads\/2025\/10\/1-2-300x169.jpg 300w, https:\/\/brasport-group.com\/wp-content\/uploads\/2025\/10\/1-2-1024x576.jpg 1024w, https:\/\/brasport-group.com\/wp-content\/uploads\/2025\/10\/1-2-768x432.jpg 768w, https:\/\/brasport-group.com\/wp-content\/uploads\/2025\/10\/1-2-1536x864.jpg 1536w\" sizes=\"(max-width: 2048px) 100vw, 2048px\" \/>\t\t\t\t\t\t\t\t\t\t\t\t\t\t\t<\/div>\n\t\t\t\t<\/div>\n\t\t<div class=\"elementor-element elementor-element-d97b3a8 e-con-full e-flex e-con e-child\" data-id=\"d97b3a8\" data-element_type=\"container\">\n\t\t<div class=\"elementor-element elementor-element-4e4ee29 e-con-full e-flex e-con e-child\" data-id=\"4e4ee29\" data-element_type=\"container\">\n\t\t\t\t<div class=\"elementor-element elementor-element-21e52b6 elementor-widget elementor-widget-heading\" data-id=\"21e52b6\" data-element_type=\"widget\" data-widget_type=\"heading.default\">\n\t\t\t\t\t<h3 class=\"elementor-heading-title elementor-size-default\">Excellence de fabrication<\/h3>\t\t\t\t<\/div>\n\t\t\t\t<div class=\"elementor-element elementor-element-a43bbb9 elementor-widget elementor-widget-text-editor\" data-id=\"a43bbb9\" data-element_type=\"widget\" data-widget_type=\"text-editor.default\">\n\t\t\t\t\t\t\t\t\t<p>Dot\u00e9 de machines modernes et d&rsquo;un d\u00e9partement qualit\u00e9 performant, \u00e9quip\u00e9 d&rsquo;outils de mesure de haute pr\u00e9cision, l\u2019atelier de Brasport s&rsquo;engage \u00e0 garantir un niveau d&rsquo;exigence \u00e9lev\u00e9.<\/p><p>Il s&rsquo;int\u00e8gre pleinement dans notre offre cl\u00e9 en main, apportant un soutien essentiel aux projets d\u00e9velopp\u00e9s au sein du groupe, gr\u00e2ce \u00e0 une grande r\u00e9activit\u00e9, une ma\u00eetrise technique interne et la capacit\u00e9 \u00e0 produire rapidement des composants sur mesure.<\/p>\t\t\t\t\t\t\t\t<\/div>\n\t\t\t\t<\/div>\n\t\t\t\t<\/div>\n\t\t\t\t\t<\/div>\n\t\t\t\t<\/div>\n\t\t<div class=\"elementor-element elementor-element-c40bbaa e-flex e-con-boxed e-con e-parent\" data-id=\"c40bbaa\" data-element_type=\"container\">\n\t\t\t\t\t<div class=\"e-con-inner\">\n\t\t<div class=\"elementor-element elementor-element-3071d19 e-con-full e-flex e-con e-child\" data-id=\"3071d19\" data-element_type=\"container\">\n\t\t<div class=\"elementor-element elementor-element-13556dc e-con-full e-flex e-con e-child\" data-id=\"13556dc\" data-element_type=\"container\">\n\t\t\t\t<div class=\"elementor-element elementor-element-0fc9f8a elementor-widget elementor-widget-heading\" data-id=\"0fc9f8a\" data-element_type=\"widget\" data-widget_type=\"heading.default\">\n\t\t\t\t\t<h3 class=\"elementor-heading-title elementor-size-default\">Diversification des march\u00e9s<\/h3>\t\t\t\t<\/div>\n\t\t\t\t<div class=\"elementor-element elementor-element-41592c8 elementor-widget elementor-widget-text-editor\" data-id=\"41592c8\" data-element_type=\"widget\" data-widget_type=\"text-editor.default\">\n\t\t\t\t\t\t\t\t\t<p>Avec un b\u00e2timent neuf, un espace disponible pour son \u00e9volution, et une \u00e9quipe d\u00e9termin\u00e9e \u00e0 explorer de nouveaux march\u00e9s, il \u00e9largit d\u00e9sormais son champ d&rsquo;action \u00e0 des secteurs tels que l&rsquo;automobile, la joaillerie, le secteur m\u00e9dical et l&rsquo;a\u00e9rospatial.<\/p>\t\t\t\t\t\t\t\t<\/div>\n\t\t\t\t<\/div>\n\t\t\t\t<\/div>\n\t\t<div class=\"elementor-element elementor-element-9457bb8 e-con-full e-flex e-con e-child\" data-id=\"9457bb8\" data-element_type=\"container\">\n\t\t\t\t<div class=\"elementor-element elementor-element-99e65e9 elementor-widget elementor-widget-image\" data-id=\"99e65e9\" data-element_type=\"widget\" data-widget_type=\"image.default\">\n\t\t\t\t\t\t\t\t\t\t\t\t\t\t\t<img decoding=\"async\" width=\"2048\" height=\"1365\" src=\"https:\/\/brasport-group.com\/wp-content\/uploads\/2025\/10\/2-1-1-scaled.jpg\" class=\"attachment-full size-full wp-image-1519\" alt=\"\" srcset=\"https:\/\/brasport-group.com\/wp-content\/uploads\/2025\/10\/2-1-1-scaled.jpg 2048w, https:\/\/brasport-group.com\/wp-content\/uploads\/2025\/10\/2-1-1-300x200.jpg 300w, https:\/\/brasport-group.com\/wp-content\/uploads\/2025\/10\/2-1-1-1024x683.jpg 1024w, https:\/\/brasport-group.com\/wp-content\/uploads\/2025\/10\/2-1-1-768x512.jpg 768w, https:\/\/brasport-group.com\/wp-content\/uploads\/2025\/10\/2-1-1-1536x1024.jpg 1536w\" sizes=\"(max-width: 2048px) 100vw, 2048px\" \/>\t\t\t\t\t\t\t\t\t\t\t\t\t\t\t<\/div>\n\t\t\t\t<\/div>\n\t\t\t\t\t<\/div>\n\t\t\t\t<\/div>\n\t\t<div class=\"elementor-element elementor-element-f787a31 e-flex e-con-boxed e-con e-parent\" data-id=\"f787a31\" data-element_type=\"container\">\n\t\t\t\t\t<div class=\"e-con-inner\">\n\t\t<div class=\"elementor-element elementor-element-35d1d33 e-con-full e-flex e-con e-child\" data-id=\"35d1d33\" data-element_type=\"container\">\n\t\t\t\t<div class=\"elementor-element elementor-element-adf222d elementor-widget elementor-widget-image\" data-id=\"adf222d\" data-element_type=\"widget\" data-widget_type=\"image.default\">\n\t\t\t\t\t\t\t\t\t\t\t\t\t\t\t<img decoding=\"async\" width=\"800\" height=\"533\" src=\"https:\/\/brasport-group.com\/wp-content\/uploads\/2025\/12\/image-24.jpg\" class=\"attachment-full size-full wp-image-3346\" alt=\"\" srcset=\"https:\/\/brasport-group.com\/wp-content\/uploads\/2025\/12\/image-24.jpg 800w, https:\/\/brasport-group.com\/wp-content\/uploads\/2025\/12\/image-24-300x200.jpg 300w, https:\/\/brasport-group.com\/wp-content\/uploads\/2025\/12\/image-24-768x512.jpg 768w\" sizes=\"(max-width: 800px) 100vw, 800px\" \/>\t\t\t\t\t\t\t\t\t\t\t\t\t\t\t<\/div>\n\t\t\t\t<\/div>\n\t\t<div class=\"elementor-element elementor-element-9ed5300 e-con-full e-flex e-con e-child\" data-id=\"9ed5300\" data-element_type=\"container\">\n\t\t<div class=\"elementor-element elementor-element-53ab8ac e-con-full e-flex e-con e-child\" data-id=\"53ab8ac\" data-element_type=\"container\">\n\t\t\t\t<div class=\"elementor-element elementor-element-80f5389 elementor-widget elementor-widget-heading\" data-id=\"80f5389\" data-element_type=\"widget\" data-widget_type=\"heading.default\">\n\t\t\t\t\t<h3 class=\"elementor-heading-title elementor-size-default\">Engagement qualit\u00e9 <br>et fiabilit\u00e9 industrielle<\/h3>\t\t\t\t<\/div>\n\t\t\t\t<div class=\"elementor-element elementor-element-b678acc elementor-widget elementor-widget-text-editor\" data-id=\"b678acc\" data-element_type=\"widget\" data-widget_type=\"text-editor.default\">\n\t\t\t\t\t\t\t\t\t<p>Certifi\u00e9 ISO 9001 et ISO 14001, et anim\u00e9 par l&rsquo;ambition d&rsquo;\u00e9largir davantage son p\u00e9rim\u00e8tre qualit\u00e9, l\u2019atelier se positionne en tant qu&rsquo;acteur agile et fiable, pr\u00eat \u00e0 relever les d\u00e9fis industriels d&rsquo;aujourd&rsquo;hui et de demain.<\/p>\t\t\t\t\t\t\t\t<\/div>\n\t\t\t\t<\/div>\n\t\t\t\t<\/div>\n\t\t\t\t\t<\/div>\n\t\t\t\t<\/div>\n\t\t<div class=\"elementor-element elementor-element-3a28349 e-flex e-con-boxed e-con e-parent\" data-id=\"3a28349\" data-element_type=\"container\">\n\t\t\t\t\t<div class=\"e-con-inner\">\n\t\t<div class=\"elementor-element elementor-element-59a9d65 e-con-full e-flex e-con e-child\" data-id=\"59a9d65\" data-element_type=\"container\">\n\t\t\t\t<div class=\"elementor-element elementor-element-b5dfafa elementor-widget elementor-widget-heading\" data-id=\"b5dfafa\" data-element_type=\"widget\" data-widget_type=\"heading.default\">\n\t\t\t\t\t<h3 class=\"elementor-heading-title elementor-size-default\">Coordonn\u00e9es de l\u2019entreprise<\/h3>\t\t\t\t<\/div>\n\t\t\t\t<div class=\"elementor-element elementor-element-3ebf53a elementor-widget elementor-widget-text-editor\" data-id=\"3ebf53a\" data-element_type=\"widget\" data-widget_type=\"text-editor.default\">\n\t\t\t\t\t\t\t\t\t<p><span style=\"font-weight: 400;\">Contactez Bradtech par t\u00e9l\u00e9phone : +351 255 699 850<\/span><\/p>\t\t\t\t\t\t\t\t<\/div>\n\t\t\t\t<div class=\"elementor-element elementor-element-cf6b5e8 elementor-widget elementor-widget-google_maps\" data-id=\"cf6b5e8\" data-element_type=\"widget\" data-widget_type=\"google_maps.default\">\n\t\t\t\t\t\t\t<div class=\"elementor-custom-embed\">\n\t\t\t<iframe loading=\"lazy\"\n\t\t\t\t\tsrc=\"https:\/\/maps.google.com\/maps?q=BRADCO%2C%20Zona%20Industrial%20De%20Felgueiras%2C%204550-161%20Castelo%20de%20Paiva%2C%20Portugal&#038;t=m&#038;z=10&#038;output=embed&#038;iwloc=near\"\n\t\t\t\t\ttitle=\"BRADCO, Zona Industrial De Felgueiras, 4550-161 Castelo de Paiva, Portugal\"\n\t\t\t\t\taria-label=\"BRADCO, Zona Industrial De Felgueiras, 4550-161 Castelo de Paiva, Portugal\"\n\t\t\t><\/iframe>\n\t\t<\/div>\n\t\t\t\t\t\t<\/div>\n\t\t\t\t<\/div>\n\t\t\t\t\t<\/div>\n\t\t\t\t<\/div>\n\t\t\t\t<\/div>\n\t\t","protected":false},"excerpt":{"rendered":"<p>BRADTECH \u2013 Atelier de microm\u00e9canique. Situ\u00e9e dans la r\u00e9gion de Aveiro, il constitue l&rsquo;entit\u00e9 du groupe Brasport d\u00e9di\u00e9e \u00e0 la microm\u00e9canique de pr\u00e9cision. Cette entreprise, de 5 collaborateurs sur 1964 m\u00b2 se sp\u00e9cialise dans l&rsquo;usinage de composants m\u00e9talliques ainsi que dans le d\u00e9veloppement d\u2019outillages destin\u00e9s \u00e0 l\u2019horlogerie et \u00e0 la maroquinerie soit pour des besoins [&hellip;]<\/p>\n","protected":false},"author":1,"featured_media":0,"parent":269,"menu_order":0,"comment_status":"closed","ping_status":"closed","template":"","meta":{"_acf_changed":false,"footnotes":""},"class_list":["post-798","page","type-page","status-publish","hentry"],"acf":[],"yoast_head":"<!-- This site is optimized with the Yoast SEO plugin v26.4 - https:\/\/yoast.com\/wordpress\/plugins\/seo\/ -->\n<title>Portugal - Atelier de microm\u00e9canique - Brasport<\/title>\n<meta name=\"description\" content=\"C\u2019est dans la r\u00e9gion de Aveiro que se situe l\u2019Atelier d\u00e9di\u00e9 \u00e0 la microm\u00e9canique, sp\u00e9cialis\u00e9 dans l\u2019usinage de composants m\u00e9talliques ainsi que dans la conception d\u2019outillages destin\u00e9s aux secteurs de l\u2019horlogerie et de la maroquinerie.\" \/>\n<meta name=\"robots\" content=\"index, follow, max-snippet:-1, max-image-preview:large, max-video-preview:-1\" \/>\n<link rel=\"canonical\" href=\"https:\/\/brasport-group.com\/fr\/le-groupe\/nos-sites-de-production\/portugal-atelier-de-micromecanique\/\" \/>\n<meta property=\"og:locale\" content=\"fr_FR\" \/>\n<meta property=\"og:type\" content=\"article\" \/>\n<meta property=\"og:title\" content=\"Portugal - Atelier de microm\u00e9canique - Brasport\" \/>\n<meta property=\"og:description\" content=\"C\u2019est dans la r\u00e9gion de Aveiro que se situe l\u2019Atelier d\u00e9di\u00e9 \u00e0 la microm\u00e9canique, sp\u00e9cialis\u00e9 dans l\u2019usinage de composants m\u00e9talliques ainsi que dans la conception d\u2019outillages destin\u00e9s aux secteurs de l\u2019horlogerie et de la maroquinerie.\" \/>\n<meta property=\"og:url\" content=\"https:\/\/brasport-group.com\/fr\/le-groupe\/nos-sites-de-production\/portugal-atelier-de-micromecanique\/\" \/>\n<meta property=\"og:site_name\" content=\"Brasport\" \/>\n<meta property=\"article:modified_time\" content=\"2026-02-18T14:17:02+00:00\" \/>\n<meta property=\"og:image\" content=\"https:\/\/brasport-group.com\/wp-content\/uploads\/2025\/10\/1-2-scaled.jpg\" \/>\n<meta name=\"twitter:card\" content=\"summary_large_image\" \/>\n<meta name=\"twitter:label1\" content=\"Dur\u00e9e de lecture estim\u00e9e\" \/>\n\t<meta name=\"twitter:data1\" content=\"2 minutes\" \/>\n<script type=\"application\/ld+json\" class=\"yoast-schema-graph\">{\"@context\":\"https:\/\/schema.org\",\"@graph\":[{\"@type\":\"WebPage\",\"@id\":\"https:\/\/brasport-group.com\/fr\/le-groupe\/nos-sites-de-production\/portugal-atelier-de-micromecanique\/\",\"url\":\"https:\/\/brasport-group.com\/fr\/le-groupe\/nos-sites-de-production\/portugal-atelier-de-micromecanique\/\",\"name\":\"Portugal - Atelier de microm\u00e9canique - Brasport\",\"isPartOf\":{\"@id\":\"https:\/\/brasport-group.com\/fr\/#website\"},\"primaryImageOfPage\":{\"@id\":\"https:\/\/brasport-group.com\/fr\/le-groupe\/nos-sites-de-production\/portugal-atelier-de-micromecanique\/#primaryimage\"},\"image\":{\"@id\":\"https:\/\/brasport-group.com\/fr\/le-groupe\/nos-sites-de-production\/portugal-atelier-de-micromecanique\/#primaryimage\"},\"thumbnailUrl\":\"https:\/\/brasport-group.com\/wp-content\/uploads\/2025\/10\/1-2-scaled.jpg\",\"datePublished\":\"2025-08-28T11:11:01+00:00\",\"dateModified\":\"2026-02-18T14:17:02+00:00\",\"description\":\"C\u2019est dans la r\u00e9gion de Aveiro que se situe l\u2019Atelier d\u00e9di\u00e9 \u00e0 la microm\u00e9canique, sp\u00e9cialis\u00e9 dans l\u2019usinage de composants m\u00e9talliques ainsi que dans la conception d\u2019outillages destin\u00e9s aux secteurs de l\u2019horlogerie et de la maroquinerie.\",\"breadcrumb\":{\"@id\":\"https:\/\/brasport-group.com\/fr\/le-groupe\/nos-sites-de-production\/portugal-atelier-de-micromecanique\/#breadcrumb\"},\"inLanguage\":\"fr-FR\",\"potentialAction\":[{\"@type\":\"ReadAction\",\"target\":[\"https:\/\/brasport-group.com\/fr\/le-groupe\/nos-sites-de-production\/portugal-atelier-de-micromecanique\/\"]}]},{\"@type\":\"ImageObject\",\"inLanguage\":\"fr-FR\",\"@id\":\"https:\/\/brasport-group.com\/fr\/le-groupe\/nos-sites-de-production\/portugal-atelier-de-micromecanique\/#primaryimage\",\"url\":\"https:\/\/brasport-group.com\/wp-content\/uploads\/2025\/10\/1-2-scaled.jpg\",\"contentUrl\":\"https:\/\/brasport-group.com\/wp-content\/uploads\/2025\/10\/1-2-scaled.jpg\"},{\"@type\":\"BreadcrumbList\",\"@id\":\"https:\/\/brasport-group.com\/fr\/le-groupe\/nos-sites-de-production\/portugal-atelier-de-micromecanique\/#breadcrumb\",\"itemListElement\":[{\"@type\":\"ListItem\",\"position\":1,\"name\":\"Accueil\",\"item\":\"https:\/\/brasport-group.com\/fr\/\"},{\"@type\":\"ListItem\",\"position\":2,\"name\":\"Le Groupe\",\"item\":\"https:\/\/brasport-group.com\/fr\/le-groupe\/\"},{\"@type\":\"ListItem\",\"position\":3,\"name\":\"Nos sites de production\",\"item\":\"https:\/\/brasport-group.com\/fr\/le-groupe\/nos-sites-de-production\/\"},{\"@type\":\"ListItem\",\"position\":4,\"name\":\"Portugal &#8211; Atelier de microm\u00e9canique\"}]},{\"@type\":\"WebSite\",\"@id\":\"https:\/\/brasport-group.com\/fr\/#website\",\"url\":\"https:\/\/brasport-group.com\/fr\/\",\"name\":\"Brasport\",\"description\":\"Passion et excellence\",\"publisher\":{\"@id\":\"https:\/\/brasport-group.com\/fr\/#organization\"},\"potentialAction\":[{\"@type\":\"SearchAction\",\"target\":{\"@type\":\"EntryPoint\",\"urlTemplate\":\"https:\/\/brasport-group.com\/fr\/?s={search_term_string}\"},\"query-input\":{\"@type\":\"PropertyValueSpecification\",\"valueRequired\":true,\"valueName\":\"search_term_string\"}}],\"inLanguage\":\"fr-FR\"},{\"@type\":\"Organization\",\"@id\":\"https:\/\/brasport-group.com\/fr\/#organization\",\"name\":\"Brasport\",\"url\":\"https:\/\/brasport-group.com\/fr\/\",\"logo\":{\"@type\":\"ImageObject\",\"inLanguage\":\"fr-FR\",\"@id\":\"https:\/\/brasport-group.com\/fr\/#\/schema\/logo\/image\/\",\"url\":\"https:\/\/brasport-group.com\/wp-content\/uploads\/2025\/08\/logo-brasport-group.png\",\"contentUrl\":\"https:\/\/brasport-group.com\/wp-content\/uploads\/2025\/08\/logo-brasport-group.png\",\"width\":411,\"height\":34,\"caption\":\"Brasport\"},\"image\":{\"@id\":\"https:\/\/brasport-group.com\/fr\/#\/schema\/logo\/image\/\"}}]}<\/script>\n<!-- \/ Yoast SEO plugin. -->","yoast_head_json":{"title":"Portugal - Atelier de microm\u00e9canique - Brasport","description":"C\u2019est dans la r\u00e9gion de Aveiro que se situe l\u2019Atelier d\u00e9di\u00e9 \u00e0 la microm\u00e9canique, sp\u00e9cialis\u00e9 dans l\u2019usinage de composants m\u00e9talliques ainsi que dans la conception d\u2019outillages destin\u00e9s aux secteurs de l\u2019horlogerie et de la maroquinerie.","robots":{"index":"index","follow":"follow","max-snippet":"max-snippet:-1","max-image-preview":"max-image-preview:large","max-video-preview":"max-video-preview:-1"},"canonical":"https:\/\/brasport-group.com\/fr\/le-groupe\/nos-sites-de-production\/portugal-atelier-de-micromecanique\/","og_locale":"fr_FR","og_type":"article","og_title":"Portugal - Atelier de microm\u00e9canique - Brasport","og_description":"C\u2019est dans la r\u00e9gion de Aveiro que se situe l\u2019Atelier d\u00e9di\u00e9 \u00e0 la microm\u00e9canique, sp\u00e9cialis\u00e9 dans l\u2019usinage de composants m\u00e9talliques ainsi que dans la conception d\u2019outillages destin\u00e9s aux secteurs de l\u2019horlogerie et de la maroquinerie.","og_url":"https:\/\/brasport-group.com\/fr\/le-groupe\/nos-sites-de-production\/portugal-atelier-de-micromecanique\/","og_site_name":"Brasport","article_modified_time":"2026-02-18T14:17:02+00:00","og_image":[{"url":"https:\/\/brasport-group.com\/wp-content\/uploads\/2025\/10\/1-2-scaled.jpg","type":"","width":"","height":""}],"twitter_card":"summary_large_image","twitter_misc":{"Dur\u00e9e de lecture estim\u00e9e":"2 minutes"},"schema":{"@context":"https:\/\/schema.org","@graph":[{"@type":"WebPage","@id":"https:\/\/brasport-group.com\/fr\/le-groupe\/nos-sites-de-production\/portugal-atelier-de-micromecanique\/","url":"https:\/\/brasport-group.com\/fr\/le-groupe\/nos-sites-de-production\/portugal-atelier-de-micromecanique\/","name":"Portugal - Atelier de microm\u00e9canique - Brasport","isPartOf":{"@id":"https:\/\/brasport-group.com\/fr\/#website"},"primaryImageOfPage":{"@id":"https:\/\/brasport-group.com\/fr\/le-groupe\/nos-sites-de-production\/portugal-atelier-de-micromecanique\/#primaryimage"},"image":{"@id":"https:\/\/brasport-group.com\/fr\/le-groupe\/nos-sites-de-production\/portugal-atelier-de-micromecanique\/#primaryimage"},"thumbnailUrl":"https:\/\/brasport-group.com\/wp-content\/uploads\/2025\/10\/1-2-scaled.jpg","datePublished":"2025-08-28T11:11:01+00:00","dateModified":"2026-02-18T14:17:02+00:00","description":"C\u2019est dans la r\u00e9gion de Aveiro que se situe l\u2019Atelier d\u00e9di\u00e9 \u00e0 la microm\u00e9canique, sp\u00e9cialis\u00e9 dans l\u2019usinage de composants m\u00e9talliques ainsi que dans la conception d\u2019outillages destin\u00e9s aux secteurs de l\u2019horlogerie et de la maroquinerie.","breadcrumb":{"@id":"https:\/\/brasport-group.com\/fr\/le-groupe\/nos-sites-de-production\/portugal-atelier-de-micromecanique\/#breadcrumb"},"inLanguage":"fr-FR","potentialAction":[{"@type":"ReadAction","target":["https:\/\/brasport-group.com\/fr\/le-groupe\/nos-sites-de-production\/portugal-atelier-de-micromecanique\/"]}]},{"@type":"ImageObject","inLanguage":"fr-FR","@id":"https:\/\/brasport-group.com\/fr\/le-groupe\/nos-sites-de-production\/portugal-atelier-de-micromecanique\/#primaryimage","url":"https:\/\/brasport-group.com\/wp-content\/uploads\/2025\/10\/1-2-scaled.jpg","contentUrl":"https:\/\/brasport-group.com\/wp-content\/uploads\/2025\/10\/1-2-scaled.jpg"},{"@type":"BreadcrumbList","@id":"https:\/\/brasport-group.com\/fr\/le-groupe\/nos-sites-de-production\/portugal-atelier-de-micromecanique\/#breadcrumb","itemListElement":[{"@type":"ListItem","position":1,"name":"Accueil","item":"https:\/\/brasport-group.com\/fr\/"},{"@type":"ListItem","position":2,"name":"Le Groupe","item":"https:\/\/brasport-group.com\/fr\/le-groupe\/"},{"@type":"ListItem","position":3,"name":"Nos sites de production","item":"https:\/\/brasport-group.com\/fr\/le-groupe\/nos-sites-de-production\/"},{"@type":"ListItem","position":4,"name":"Portugal &#8211; Atelier de microm\u00e9canique"}]},{"@type":"WebSite","@id":"https:\/\/brasport-group.com\/fr\/#website","url":"https:\/\/brasport-group.com\/fr\/","name":"Brasport","description":"Passion et excellence","publisher":{"@id":"https:\/\/brasport-group.com\/fr\/#organization"},"potentialAction":[{"@type":"SearchAction","target":{"@type":"EntryPoint","urlTemplate":"https:\/\/brasport-group.com\/fr\/?s={search_term_string}"},"query-input":{"@type":"PropertyValueSpecification","valueRequired":true,"valueName":"search_term_string"}}],"inLanguage":"fr-FR"},{"@type":"Organization","@id":"https:\/\/brasport-group.com\/fr\/#organization","name":"Brasport","url":"https:\/\/brasport-group.com\/fr\/","logo":{"@type":"ImageObject","inLanguage":"fr-FR","@id":"https:\/\/brasport-group.com\/fr\/#\/schema\/logo\/image\/","url":"https:\/\/brasport-group.com\/wp-content\/uploads\/2025\/08\/logo-brasport-group.png","contentUrl":"https:\/\/brasport-group.com\/wp-content\/uploads\/2025\/08\/logo-brasport-group.png","width":411,"height":34,"caption":"Brasport"},"image":{"@id":"https:\/\/brasport-group.com\/fr\/#\/schema\/logo\/image\/"}}]}},"_links":{"self":[{"href":"https:\/\/brasport-group.com\/fr\/wp-json\/wp\/v2\/pages\/798","targetHints":{"allow":["GET"]}}],"collection":[{"href":"https:\/\/brasport-group.com\/fr\/wp-json\/wp\/v2\/pages"}],"about":[{"href":"https:\/\/brasport-group.com\/fr\/wp-json\/wp\/v2\/types\/page"}],"author":[{"embeddable":true,"href":"https:\/\/brasport-group.com\/fr\/wp-json\/wp\/v2\/users\/1"}],"replies":[{"embeddable":true,"href":"https:\/\/brasport-group.com\/fr\/wp-json\/wp\/v2\/comments?post=798"}],"version-history":[{"count":61,"href":"https:\/\/brasport-group.com\/fr\/wp-json\/wp\/v2\/pages\/798\/revisions"}],"predecessor-version":[{"id":3487,"href":"https:\/\/brasport-group.com\/fr\/wp-json\/wp\/v2\/pages\/798\/revisions\/3487"}],"up":[{"embeddable":true,"href":"https:\/\/brasport-group.com\/fr\/wp-json\/wp\/v2\/pages\/269"}],"wp:attachment":[{"href":"https:\/\/brasport-group.com\/fr\/wp-json\/wp\/v2\/media?parent=798"}],"curies":[{"name":"wp","href":"https:\/\/api.w.org\/{rel}","templated":true}]}}