{"id":997,"date":"2025-09-19T11:17:39","date_gmt":"2025-09-19T09:17:39","guid":{"rendered":"https:\/\/brasport-group.com\/?page_id=997"},"modified":"2026-02-18T15:58:26","modified_gmt":"2026-02-18T13:58:26","slug":"contact","status":"publish","type":"page","link":"https:\/\/brasport-group.com\/fr\/contact\/","title":{"rendered":"Contact"},"content":{"rendered":"\t\t<div data-elementor-type=\"wp-page\" data-elementor-id=\"997\" class=\"elementor elementor-997\" data-elementor-post-type=\"page\">\n\t\t\t\t<div class=\"elementor-element elementor-element-1b6911f e-flex e-con-boxed e-con e-parent\" data-id=\"1b6911f\" data-element_type=\"container\" data-settings=\"{&quot;background_background&quot;:&quot;classic&quot;}\">\n\t\t\t\t\t<div class=\"e-con-inner\">\n\t\t<div class=\"elementor-element elementor-element-6734378 animated-slow e-flex e-con-boxed elementor-invisible e-con e-child\" data-id=\"6734378\" data-element_type=\"container\" data-settings=\"{&quot;animation&quot;:&quot;fadeInUp&quot;,&quot;animation_delay&quot;:200}\">\n\t\t\t\t\t<div class=\"e-con-inner\">\n\t\t\t\t<div class=\"elementor-element elementor-element-57fca65 elementor-align-left elementor-widget elementor-widget-breadcrumbs\" data-id=\"57fca65\" data-element_type=\"widget\" data-widget_type=\"breadcrumbs.default\">\n\t\t\t\t\t<p id=\"breadcrumbs\"><span><span><a href=\"https:\/\/brasport-group.com\/fr\/\">Accueil<\/a><\/span><\/span><\/p>\t\t\t\t<\/div>\n\t\t\t\t<div class=\"elementor-element elementor-element-67d276a elementor-widget elementor-widget-heading\" data-id=\"67d276a\" data-element_type=\"widget\" data-widget_type=\"heading.default\">\n\t\t\t\t\t<h1 class=\"elementor-heading-title elementor-size-default\">NOUS CONTACTER<\/h1>\t\t\t\t<\/div>\n\t\t\t\t<div class=\"elementor-element elementor-element-52753ac elementor-widget__width-initial elementor-widget-mobile__width-inherit elementor-widget elementor-widget-text-editor\" data-id=\"52753ac\" data-element_type=\"widget\" data-widget_type=\"text-editor.default\">\n\t\t\t\t\t\t\t\t\t<p>\u00c0 l\u2019\u00e9coute de vos besoins, Brasport vous propose un accompagnement personnalis\u00e9.<br \/>Merci de compl\u00e9ter le formulaire ci-apr\u00e8s pour nous adresser votre message.<\/p>\t\t\t\t\t\t\t\t<\/div>\n\t\t\t\t\t<\/div>\n\t\t\t\t<\/div>\n\t\t\t\t\t<\/div>\n\t\t\t\t<\/div>\n\t\t<div class=\"elementor-element elementor-element-cefda93 e-flex e-con-boxed e-con e-parent\" data-id=\"cefda93\" data-element_type=\"container\">\n\t\t\t\t\t<div class=\"e-con-inner\">\n\t\t\t\t<div class=\"elementor-element elementor-element-8dc5d5a elementor-button-align-end elementor-widget elementor-widget-form\" data-id=\"8dc5d5a\" data-element_type=\"widget\" data-settings=\"{&quot;step_next_label&quot;:&quot;Suivant&quot;,&quot;step_previous_label&quot;:&quot;Pr\\u00e9c\\u00e9dent&quot;,&quot;button_width&quot;:&quot;100&quot;,&quot;step_type&quot;:&quot;number_text&quot;,&quot;step_icon_shape&quot;:&quot;circle&quot;}\" data-widget_type=\"form.default\">\n\t\t\t\t\t\t\t<form class=\"elementor-form\" method=\"post\" id=\"form_contact\" name=\"form_contact\" aria-label=\"form_contact\">\n\t\t\t<input type=\"hidden\" name=\"post_id\" value=\"997\"\/>\n\t\t\t<input type=\"hidden\" name=\"form_id\" value=\"8dc5d5a\"\/>\n\t\t\t<input type=\"hidden\" name=\"referer_title\" value=\"Brasport\" \/>\n\n\t\t\t\n\t\t\t<div class=\"elementor-form-fields-wrapper elementor-labels-\">\n\t\t\t\t\t\t\t\t<div class=\"elementor-field-type-text elementor-field-group elementor-column elementor-field-group-nom elementor-col-50 elementor-field-required\">\n\t\t\t\t\t\t\t\t\t\t\t\t<label for=\"form-field-nom\" class=\"elementor-field-label elementor-screen-only\">\n\t\t\t\t\t\t\t\tNom\t\t\t\t\t\t\t<\/label>\n\t\t\t\t\t\t\t\t\t\t\t\t\t\t<input size=\"1\" type=\"text\" name=\"form_fields[nom]\" id=\"form-field-nom\" class=\"elementor-field elementor-size-sm  elementor-field-textual\" placeholder=\"Nom*\" required=\"required\">\n\t\t\t\t\t\t\t\t\t\t\t<\/div>\n\t\t\t\t\t\t\t\t<div class=\"elementor-field-type-email elementor-field-group elementor-column elementor-field-group-email elementor-col-50 elementor-field-required\">\n\t\t\t\t\t\t\t\t\t\t\t\t<label for=\"form-field-email\" class=\"elementor-field-label elementor-screen-only\">\n\t\t\t\t\t\t\t\tE-mail\t\t\t\t\t\t\t<\/label>\n\t\t\t\t\t\t\t\t\t\t\t\t\t\t<input size=\"1\" type=\"email\" name=\"form_fields[email]\" id=\"form-field-email\" class=\"elementor-field elementor-size-sm  elementor-field-textual\" placeholder=\"E-mail*\" required=\"required\">\n\t\t\t\t\t\t\t\t\t\t\t<\/div>\n\t\t\t\t\t\t\t\t<div class=\"elementor-field-type-tel elementor-field-group elementor-column elementor-field-group-tel elementor-col-50 elementor-field-required\">\n\t\t\t\t\t\t\t\t\t\t\t\t<label for=\"form-field-tel\" class=\"elementor-field-label elementor-screen-only\">\n\t\t\t\t\t\t\t\tT\u00e9l\u00e9phone\t\t\t\t\t\t\t<\/label>\n\t\t\t\t\t\t\t\t<input size=\"1\" type=\"tel\" name=\"form_fields[tel]\" id=\"form-field-tel\" class=\"elementor-field elementor-size-sm  elementor-field-textual\" placeholder=\"T\u00e9l\u00e9phone (+41...)\" required=\"required\" pattern=\"[0-9()#&amp;+*-=.]+\" title=\"Seuls les caract\u00e8res de num\u00e9ros de t\u00e9l\u00e9phone (#, -, *, etc.) sont accept\u00e9s.\">\n\n\t\t\t\t\t\t<\/div>\n\t\t\t\t\t\t\t\t<div class=\"elementor-field-type-text elementor-field-group elementor-column elementor-field-group-societe elementor-col-50\">\n\t\t\t\t\t\t\t\t\t\t\t\t<label for=\"form-field-societe\" class=\"elementor-field-label elementor-screen-only\">\n\t\t\t\t\t\t\t\tSoci\u00e9t\u00e9\t\t\t\t\t\t\t<\/label>\n\t\t\t\t\t\t\t\t\t\t\t\t\t\t<input size=\"1\" type=\"text\" name=\"form_fields[societe]\" id=\"form-field-societe\" class=\"elementor-field elementor-size-sm  elementor-field-textual\" placeholder=\"Soci\u00e9t\u00e9\">\n\t\t\t\t\t\t\t\t\t\t\t<\/div>\n\t\t\t\t\t\t\t\t<div class=\"elementor-field-type-text elementor-field-group elementor-column elementor-field-group-fonction elementor-col-50\">\n\t\t\t\t\t\t\t\t\t\t\t\t<label for=\"form-field-fonction\" class=\"elementor-field-label elementor-screen-only\">\n\t\t\t\t\t\t\t\tFonction\t\t\t\t\t\t\t<\/label>\n\t\t\t\t\t\t\t\t\t\t\t\t\t\t<input size=\"1\" type=\"text\" name=\"form_fields[fonction]\" id=\"form-field-fonction\" class=\"elementor-field elementor-size-sm  elementor-field-textual\" placeholder=\"Fonction\">\n\t\t\t\t\t\t\t\t\t\t\t<\/div>\n\t\t\t\t\t\t\t\t<div class=\"elementor-field-type-select elementor-field-group elementor-column elementor-field-group-objet elementor-col-50 elementor-field-required\">\n\t\t\t\t\t\t\t\t\t\t\t\t<label for=\"form-field-objet\" class=\"elementor-field-label elementor-screen-only\">\n\t\t\t\t\t\t\t\tObjet de votre demande\t\t\t\t\t\t\t<\/label>\n\t\t\t\t\t\t\t\t<div class=\"elementor-field elementor-select-wrapper remove-before \">\n\t\t\t<div class=\"select-caret-down-wrapper\">\n\t\t\t\t<svg aria-hidden=\"true\" class=\"e-font-icon-svg e-eicon-caret-down\" viewBox=\"0 0 571.4 571.4\" xmlns=\"http:\/\/www.w3.org\/2000\/svg\"><path d=\"M571 393Q571 407 561 418L311 668Q300 679 286 679T261 668L11 418Q0 407 0 393T11 368 36 357H536Q550 357 561 368T571 393Z\"><\/path><\/svg>\t\t\t<\/div>\n\t\t\t<select name=\"form_fields[objet]\" id=\"form-field-objet\" class=\"elementor-field-textual elementor-size-sm\" required=\"required\">\n\t\t\t\t\t\t\t\t\t<option value=\"Objet de votre demande*\">Objet de votre demande*<\/option>\n\t\t\t\t\t\t\t\t\t<option value=\"acheter\">Je souhaite acheter vos produits<\/option>\n\t\t\t\t\t\t\t\t\t<option value=\"fournisseur\">Je suis fournisseur<\/option>\n\t\t\t\t\t\t\t\t\t<option value=\"recrutement\">Je postule \/ RH<\/option>\n\t\t\t\t\t\t\t\t\t<option value=\"autre\">Autre demande g\u00e9n\u00e9rale<\/option>\n\t\t\t\t\t\t\t<\/select>\n\t\t<\/div>\n\t\t\t\t\t\t<\/div>\n\t\t\t\t\t\t\t\t<div class=\"elementor-field-type-textarea elementor-field-group elementor-column elementor-field-group-message elementor-col-100\">\n\t\t\t\t\t\t\t\t\t\t\t\t<label for=\"form-field-message\" class=\"elementor-field-label elementor-screen-only\">\n\t\t\t\t\t\t\t\tMessage\t\t\t\t\t\t\t<\/label>\n\t\t\t\t\t\t<textarea class=\"elementor-field-textual elementor-field  elementor-size-sm\" name=\"form_fields[message]\" id=\"form-field-message\" rows=\"8\" placeholder=\"Votre message\"><\/textarea>\t\t\t\t<\/div>\n\t\t\t\t\t\t\t\t<div class=\"elementor-field-type-hidden elementor-field-group elementor-column elementor-field-group-offre elementor-col-100\">\n\t\t\t\t\t\t\t\t\t\t\t\t\t<input size=\"1\" type=\"hidden\" name=\"form_fields[offre]\" id=\"form-field-offre\" class=\"elementor-field elementor-size-sm  elementor-field-textual\">\n\t\t\t\t\t\t\t\t\t\t\t<\/div>\n\t\t\t\t\t\t\t\t<div class=\"elementor-field-group elementor-column elementor-field-type-submit elementor-col-100 e-form__buttons\">\n\t\t\t\t\t<button class=\"elementor-button elementor-size-sm\" type=\"submit\">\n\t\t\t\t\t\t<span class=\"elementor-button-content-wrapper\">\n\t\t\t\t\t\t\t\t\t\t\t\t\t\t\t\t\t\t\t\t\t\t<span class=\"elementor-button-text\">Envoyer le message<\/span>\n\t\t\t\t\t\t\t\t\t\t\t\t\t<\/span>\n\t\t\t\t\t<\/button>\n\t\t\t\t<\/div>\n\t\t\t<\/div>\n\t\t<\/form>\n\t\t\t\t\t\t<\/div>\n\t\t\t\t\t<\/div>\n\t\t\t\t<\/div>\n\t\t\t\t<\/div>\n\t\t","protected":false},"excerpt":{"rendered":"<p>NOUS CONTACTER \u00c0 l\u2019\u00e9coute de vos besoins, Brasport vous propose un accompagnement personnalis\u00e9.Merci de compl\u00e9ter le formulaire ci-apr\u00e8s pour nous adresser votre message.<\/p>\n","protected":false},"author":1,"featured_media":0,"parent":0,"menu_order":0,"comment_status":"closed","ping_status":"closed","template":"","meta":{"_acf_changed":false,"footnotes":""},"class_list":["post-997","page","type-page","status-publish","hentry"],"acf":[],"yoast_head":"<!-- This site is optimized with the Yoast SEO plugin v26.4 - https:\/\/yoast.com\/wordpress\/plugins\/seo\/ -->\n<title>Contact - Brasport<\/title>\n<meta name=\"description\" content=\"\u00c0 l\u2019\u00e9coute de vos besoins, Brasport vous propose un accompagnement personnalis\u00e9.Merci de compl\u00e9ter le formulaire ci-apr\u00e8s pour nous adresser votre message.\" \/>\n<meta name=\"robots\" content=\"index, follow, max-snippet:-1, max-image-preview:large, max-video-preview:-1\" \/>\n<link rel=\"canonical\" href=\"https:\/\/brasport-group.com\/fr\/contact\/\" \/>\n<meta property=\"og:locale\" content=\"fr_FR\" \/>\n<meta property=\"og:type\" content=\"article\" \/>\n<meta property=\"og:title\" content=\"Contact - Brasport\" \/>\n<meta property=\"og:description\" content=\"\u00c0 l\u2019\u00e9coute de vos besoins, Brasport vous propose un accompagnement personnalis\u00e9.Merci de compl\u00e9ter le formulaire ci-apr\u00e8s pour nous adresser votre message.\" \/>\n<meta property=\"og:url\" content=\"https:\/\/brasport-group.com\/fr\/contact\/\" \/>\n<meta property=\"og:site_name\" content=\"Brasport\" \/>\n<meta property=\"article:modified_time\" content=\"2026-02-18T13:58:26+00:00\" \/>\n<meta name=\"twitter:card\" content=\"summary_large_image\" \/>\n<meta name=\"twitter:label1\" content=\"Dur\u00e9e de lecture estim\u00e9e\" \/>\n\t<meta name=\"twitter:data1\" content=\"1 minute\" \/>\n<script type=\"application\/ld+json\" class=\"yoast-schema-graph\">{\"@context\":\"https:\/\/schema.org\",\"@graph\":[{\"@type\":\"WebPage\",\"@id\":\"https:\/\/brasport-group.com\/fr\/contact\/\",\"url\":\"https:\/\/brasport-group.com\/fr\/contact\/\",\"name\":\"Contact - Brasport\",\"isPartOf\":{\"@id\":\"https:\/\/brasport-group.com\/fr\/#website\"},\"datePublished\":\"2025-09-19T09:17:39+00:00\",\"dateModified\":\"2026-02-18T13:58:26+00:00\",\"description\":\"\u00c0 l\u2019\u00e9coute de vos besoins, Brasport vous propose un accompagnement personnalis\u00e9.Merci de compl\u00e9ter le formulaire ci-apr\u00e8s pour nous adresser votre message.\",\"breadcrumb\":{\"@id\":\"https:\/\/brasport-group.com\/fr\/contact\/#breadcrumb\"},\"inLanguage\":\"fr-FR\",\"potentialAction\":[{\"@type\":\"ReadAction\",\"target\":[\"https:\/\/brasport-group.com\/fr\/contact\/\"]}]},{\"@type\":\"BreadcrumbList\",\"@id\":\"https:\/\/brasport-group.com\/fr\/contact\/#breadcrumb\",\"itemListElement\":[{\"@type\":\"ListItem\",\"position\":1,\"name\":\"Accueil\",\"item\":\"https:\/\/brasport-group.com\/fr\/\"},{\"@type\":\"ListItem\",\"position\":2,\"name\":\"Contact\"}]},{\"@type\":\"WebSite\",\"@id\":\"https:\/\/brasport-group.com\/fr\/#website\",\"url\":\"https:\/\/brasport-group.com\/fr\/\",\"name\":\"Brasport\",\"description\":\"Passion et excellence\",\"publisher\":{\"@id\":\"https:\/\/brasport-group.com\/fr\/#organization\"},\"potentialAction\":[{\"@type\":\"SearchAction\",\"target\":{\"@type\":\"EntryPoint\",\"urlTemplate\":\"https:\/\/brasport-group.com\/fr\/?s={search_term_string}\"},\"query-input\":{\"@type\":\"PropertyValueSpecification\",\"valueRequired\":true,\"valueName\":\"search_term_string\"}}],\"inLanguage\":\"fr-FR\"},{\"@type\":\"Organization\",\"@id\":\"https:\/\/brasport-group.com\/fr\/#organization\",\"name\":\"Brasport\",\"url\":\"https:\/\/brasport-group.com\/fr\/\",\"logo\":{\"@type\":\"ImageObject\",\"inLanguage\":\"fr-FR\",\"@id\":\"https:\/\/brasport-group.com\/fr\/#\/schema\/logo\/image\/\",\"url\":\"https:\/\/brasport-group.com\/wp-content\/uploads\/2025\/08\/logo-brasport-group.png\",\"contentUrl\":\"https:\/\/brasport-group.com\/wp-content\/uploads\/2025\/08\/logo-brasport-group.png\",\"width\":411,\"height\":34,\"caption\":\"Brasport\"},\"image\":{\"@id\":\"https:\/\/brasport-group.com\/fr\/#\/schema\/logo\/image\/\"}}]}<\/script>\n<!-- \/ Yoast SEO plugin. -->","yoast_head_json":{"title":"Contact - Brasport","description":"\u00c0 l\u2019\u00e9coute de vos besoins, Brasport vous propose un accompagnement personnalis\u00e9.Merci de compl\u00e9ter le formulaire ci-apr\u00e8s pour nous adresser votre message.","robots":{"index":"index","follow":"follow","max-snippet":"max-snippet:-1","max-image-preview":"max-image-preview:large","max-video-preview":"max-video-preview:-1"},"canonical":"https:\/\/brasport-group.com\/fr\/contact\/","og_locale":"fr_FR","og_type":"article","og_title":"Contact - Brasport","og_description":"\u00c0 l\u2019\u00e9coute de vos besoins, Brasport vous propose un accompagnement personnalis\u00e9.Merci de compl\u00e9ter le formulaire ci-apr\u00e8s pour nous adresser votre message.","og_url":"https:\/\/brasport-group.com\/fr\/contact\/","og_site_name":"Brasport","article_modified_time":"2026-02-18T13:58:26+00:00","twitter_card":"summary_large_image","twitter_misc":{"Dur\u00e9e de lecture estim\u00e9e":"1 minute"},"schema":{"@context":"https:\/\/schema.org","@graph":[{"@type":"WebPage","@id":"https:\/\/brasport-group.com\/fr\/contact\/","url":"https:\/\/brasport-group.com\/fr\/contact\/","name":"Contact - Brasport","isPartOf":{"@id":"https:\/\/brasport-group.com\/fr\/#website"},"datePublished":"2025-09-19T09:17:39+00:00","dateModified":"2026-02-18T13:58:26+00:00","description":"\u00c0 l\u2019\u00e9coute de vos besoins, Brasport vous propose un accompagnement personnalis\u00e9.Merci de compl\u00e9ter le formulaire ci-apr\u00e8s pour nous adresser votre message.","breadcrumb":{"@id":"https:\/\/brasport-group.com\/fr\/contact\/#breadcrumb"},"inLanguage":"fr-FR","potentialAction":[{"@type":"ReadAction","target":["https:\/\/brasport-group.com\/fr\/contact\/"]}]},{"@type":"BreadcrumbList","@id":"https:\/\/brasport-group.com\/fr\/contact\/#breadcrumb","itemListElement":[{"@type":"ListItem","position":1,"name":"Accueil","item":"https:\/\/brasport-group.com\/fr\/"},{"@type":"ListItem","position":2,"name":"Contact"}]},{"@type":"WebSite","@id":"https:\/\/brasport-group.com\/fr\/#website","url":"https:\/\/brasport-group.com\/fr\/","name":"Brasport","description":"Passion et excellence","publisher":{"@id":"https:\/\/brasport-group.com\/fr\/#organization"},"potentialAction":[{"@type":"SearchAction","target":{"@type":"EntryPoint","urlTemplate":"https:\/\/brasport-group.com\/fr\/?s={search_term_string}"},"query-input":{"@type":"PropertyValueSpecification","valueRequired":true,"valueName":"search_term_string"}}],"inLanguage":"fr-FR"},{"@type":"Organization","@id":"https:\/\/brasport-group.com\/fr\/#organization","name":"Brasport","url":"https:\/\/brasport-group.com\/fr\/","logo":{"@type":"ImageObject","inLanguage":"fr-FR","@id":"https:\/\/brasport-group.com\/fr\/#\/schema\/logo\/image\/","url":"https:\/\/brasport-group.com\/wp-content\/uploads\/2025\/08\/logo-brasport-group.png","contentUrl":"https:\/\/brasport-group.com\/wp-content\/uploads\/2025\/08\/logo-brasport-group.png","width":411,"height":34,"caption":"Brasport"},"image":{"@id":"https:\/\/brasport-group.com\/fr\/#\/schema\/logo\/image\/"}}]}},"_links":{"self":[{"href":"https:\/\/brasport-group.com\/fr\/wp-json\/wp\/v2\/pages\/997","targetHints":{"allow":["GET"]}}],"collection":[{"href":"https:\/\/brasport-group.com\/fr\/wp-json\/wp\/v2\/pages"}],"about":[{"href":"https:\/\/brasport-group.com\/fr\/wp-json\/wp\/v2\/types\/page"}],"author":[{"embeddable":true,"href":"https:\/\/brasport-group.com\/fr\/wp-json\/wp\/v2\/users\/1"}],"replies":[{"embeddable":true,"href":"https:\/\/brasport-group.com\/fr\/wp-json\/wp\/v2\/comments?post=997"}],"version-history":[{"count":127,"href":"https:\/\/brasport-group.com\/fr\/wp-json\/wp\/v2\/pages\/997\/revisions"}],"predecessor-version":[{"id":3696,"href":"https:\/\/brasport-group.com\/fr\/wp-json\/wp\/v2\/pages\/997\/revisions\/3696"}],"wp:attachment":[{"href":"https:\/\/brasport-group.com\/fr\/wp-json\/wp\/v2\/media?parent=997"}],"curies":[{"name":"wp","href":"https:\/\/api.w.org\/{rel}","templated":true}]}}