{"id":1937,"date":"2025-08-26T10:12:21","date_gmt":"2025-08-26T08:12:21","guid":{"rendered":"https:\/\/brasport-group.com\/sobre-nos\/valores\/"},"modified":"2025-12-04T17:22:12","modified_gmt":"2025-12-04T15:22:12","slug":"valores","status":"publish","type":"page","link":"https:\/\/brasport-group.com\/pt-pt\/sobre-nos\/valores\/","title":{"rendered":"Valores"},"content":{"rendered":"\t\t<div data-elementor-type=\"wp-page\" data-elementor-id=\"1937\" class=\"elementor elementor-1937 elementor-267\" data-elementor-post-type=\"page\">\n\t\t\t\t<div class=\"elementor-element elementor-element-c7498ff e-flex e-con-boxed e-con e-parent\" data-id=\"c7498ff\" data-element_type=\"container\" data-settings=\"{&quot;background_background&quot;:&quot;classic&quot;}\">\n\t\t\t\t\t<div class=\"e-con-inner\">\n\t\t<div class=\"elementor-element elementor-element-2982156 animated-slow e-flex e-con-boxed elementor-invisible e-con e-child\" data-id=\"2982156\" data-element_type=\"container\" data-settings=\"{&quot;animation&quot;:&quot;fadeInUp&quot;,&quot;animation_delay&quot;:200}\">\n\t\t\t\t\t<div class=\"e-con-inner\">\n\t\t\t\t<div class=\"elementor-element elementor-element-024d185 elementor-align-left elementor-widget elementor-widget-breadcrumbs\" data-id=\"024d185\" data-element_type=\"widget\" data-widget_type=\"breadcrumbs.default\">\n\t\t\t\t\t<p id=\"breadcrumbs\"><span><span><a href=\"https:\/\/brasport-group.com\/pt-pt\/pagina-inicial\/\">P\u00e1gina inicial<\/a><\/span><\/span><\/p>\t\t\t\t<\/div>\n\t\t\t\t<div class=\"elementor-element elementor-element-369f266 elementor-widget elementor-widget-heading\" data-id=\"369f266\" data-element_type=\"widget\" data-widget_type=\"heading.default\">\n\t\t\t\t\t<h1 class=\"elementor-heading-title elementor-size-default\">Os nossos VALORES<\/h1>\t\t\t\t<\/div>\n\t\t\t\t<div class=\"elementor-element elementor-element-0607139 elementor-widget__width-initial elementor-widget-mobile__width-inherit elementor-widget elementor-widget-text-editor\" data-id=\"0607139\" data-element_type=\"widget\" data-widget_type=\"text-editor.default\">\n\t\t\t\t\t\t\t\t\t<p>Os nossos valores fundadores s\u00e3o o motor di\u00e1rio na nossa busca pela excel\u00eancia e pela inova\u00e7\u00e3o.<\/p>\t\t\t\t\t\t\t\t<\/div>\n\t\t\t\t\t<\/div>\n\t\t\t\t<\/div>\n\t\t\t\t\t<\/div>\n\t\t\t\t<\/div>\n\t\t<div class=\"elementor-element elementor-element-2c297ac e-flex e-con-boxed e-con e-parent\" data-id=\"2c297ac\" data-element_type=\"container\">\n\t\t\t\t\t<div class=\"e-con-inner\">\n\t\t<div class=\"elementor-element elementor-element-4bd93aa e-con-full e-flex e-con e-child\" data-id=\"4bd93aa\" data-element_type=\"container\">\n\t\t\t\t<div class=\"elementor-element elementor-element-f4168dd elementor-widget elementor-widget-image\" data-id=\"f4168dd\" data-element_type=\"widget\" data-widget_type=\"image.default\">\n\t\t\t\t\t\t\t\t\t\t\t\t\t\t\t<img decoding=\"async\" src=\"https:\/\/brasport-group.com\/wp-content\/uploads\/elementor\/thumbs\/FAM-rexgn0q01oz713idjac1jzwg8llsk8r659gonzuvr6.png\" title=\"FAM\" alt=\"FAM\" loading=\"lazy\" \/>\t\t\t\t\t\t\t\t\t\t\t\t\t\t\t<\/div>\n\t\t\t\t<\/div>\n\t\t<div class=\"elementor-element elementor-element-5c8a020 e-con-full e-flex e-con e-child\" data-id=\"5c8a020\" data-element_type=\"container\">\n\t\t<div class=\"elementor-element elementor-element-3fef2b3 e-con-full e-flex e-con e-child\" data-id=\"3fef2b3\" data-element_type=\"container\">\n\t\t\t\t<div class=\"elementor-element elementor-element-e4b5fd7 elementor-widget elementor-widget-heading\" data-id=\"e4b5fd7\" data-element_type=\"widget\" data-widget_type=\"heading.default\">\n\t\t\t\t\t<h3 class=\"elementor-heading-title elementor-size-default\">Fam\u00edlia<\/h3>\t\t\t\t<\/div>\n\t\t\t\t<div class=\"elementor-element elementor-element-44ae01e elementor-widget elementor-widget-text-editor\" data-id=\"44ae01e\" data-element_type=\"widget\" data-widget_type=\"text-editor.default\">\n\t\t\t\t\t\t\t\t\t<p>Desde 1946, tr\u00eas gera\u00e7\u00f5es se sucederam \u00e0 frente da Brasport. Experi\u00eancia, qualidade, tradi\u00e7\u00e3o e generosidade s\u00e3o alguns dos valores que representam a nossa Organiza\u00e7\u00e3o, mas \u00e9 sobretudo o nosso esp\u00edrito de fam\u00edlia que nos define. <\/p><p>Um esp\u00edrito de fam\u00edlia que se expande para os quatro cantos do mundo, nos nossos diferentes escrit\u00f3rios e locais de produ\u00e7\u00e3o. Um esp\u00edrito de coes\u00e3o que convence os nossos fornecedores. Um esp\u00edrito solid\u00e1rio que une as nossas equipas. E um esp\u00edrito de confian\u00e7a que fortalece cada uma das nossas colabora\u00e7\u00f5es.   <\/p>\t\t\t\t\t\t\t\t<\/div>\n\t\t\t\t<\/div>\n\t\t\t\t<\/div>\n\t\t\t\t\t<\/div>\n\t\t\t\t<\/div>\n\t\t<div class=\"elementor-element elementor-element-5b7692f e-flex e-con-boxed e-con e-parent\" data-id=\"5b7692f\" data-element_type=\"container\">\n\t\t\t\t\t<div class=\"e-con-inner\">\n\t\t<div class=\"elementor-element elementor-element-d9fb52e e-con-full e-flex e-con e-child\" data-id=\"d9fb52e\" data-element_type=\"container\">\n\t\t<div class=\"elementor-element elementor-element-f84252e e-con-full e-flex e-con e-child\" data-id=\"f84252e\" data-element_type=\"container\">\n\t\t\t\t<div class=\"elementor-element elementor-element-abbd345 elementor-widget elementor-widget-heading\" data-id=\"abbd345\" data-element_type=\"widget\" data-widget_type=\"heading.default\">\n\t\t\t\t\t<h3 class=\"elementor-heading-title elementor-size-default\">Excel\u00eancia<\/h3>\t\t\t\t<\/div>\n\t\t\t\t<div class=\"elementor-element elementor-element-664dcf4 elementor-widget elementor-widget-text-editor\" data-id=\"664dcf4\" data-element_type=\"widget\" data-widget_type=\"text-editor.default\">\n\t\t\t\t\t\t\t\t\t<p>A Brasport perpetua um dos valores mais preciosos para Albert Dubois: a excel\u00eancia. Um trabalho que mistura precis\u00e3o e intui\u00e7\u00e3o, rigor e criatividade, herdado de uma tradi\u00e7\u00e3o cultivada h\u00e1 quase 80 anos.  <br>As mat\u00e9rias mais nobres submetem-se aos gestos seculares dos mestres-artes\u00e3os. Os nossos especialistas rivalizam em engenhosidade para responder \u00e0s exig\u00eancias mais elevadas. E ao longo das gera\u00e7\u00f5es, sempre a mesma determina\u00e7\u00e3o: a excel\u00eancia.  <\/p>\t\t\t\t\t\t\t\t<\/div>\n\t\t\t\t<\/div>\n\t\t\t\t<\/div>\n\t\t<div class=\"elementor-element elementor-element-bda5698 e-con-full e-flex e-con e-child\" data-id=\"bda5698\" data-element_type=\"container\">\n\t\t\t\t<div class=\"elementor-element elementor-element-3426522 elementor-widget elementor-widget-image\" data-id=\"3426522\" data-element_type=\"widget\" data-widget_type=\"image.default\">\n\t\t\t\t\t\t\t\t\t\t\t\t\t\t\t<img decoding=\"async\" src=\"https:\/\/brasport-group.com\/wp-content\/uploads\/elementor\/thumbs\/DSC0448-scaled-rep8hat06lvxde94hp76hg0wk7v5yggrmncxtw3goy.jpg\" title=\"_DSC0448\" alt=\"_DSC0448\" loading=\"lazy\" \/>\t\t\t\t\t\t\t\t\t\t\t\t\t\t\t<\/div>\n\t\t\t\t<\/div>\n\t\t\t\t\t<\/div>\n\t\t\t\t<\/div>\n\t\t<div class=\"elementor-element elementor-element-585200e e-flex e-con-boxed e-con e-parent\" data-id=\"585200e\" data-element_type=\"container\">\n\t\t\t\t\t<div class=\"e-con-inner\">\n\t\t<div class=\"elementor-element elementor-element-fa8319e e-con-full e-flex e-con e-child\" data-id=\"fa8319e\" data-element_type=\"container\">\n\t\t\t\t<div class=\"elementor-element elementor-element-0b41226 elementor-widget elementor-widget-image\" data-id=\"0b41226\" data-element_type=\"widget\" data-widget_type=\"image.default\">\n\t\t\t\t\t\t\t\t\t\t\t\t\t\t\t<img fetchpriority=\"high\" decoding=\"async\" width=\"800\" height=\"533\" src=\"https:\/\/brasport-group.com\/wp-content\/uploads\/2025\/08\/ESC1029.jpg\" class=\"attachment-full size-full wp-image-876\" alt=\"\" srcset=\"https:\/\/brasport-group.com\/wp-content\/uploads\/2025\/08\/ESC1029.jpg 800w, https:\/\/brasport-group.com\/wp-content\/uploads\/2025\/08\/ESC1029-300x200.jpg 300w, https:\/\/brasport-group.com\/wp-content\/uploads\/2025\/08\/ESC1029-768x512.jpg 768w\" sizes=\"(max-width: 800px) 100vw, 800px\" \/>\t\t\t\t\t\t\t\t\t\t\t\t\t\t\t<\/div>\n\t\t\t\t<\/div>\n\t\t<div class=\"elementor-element elementor-element-1bb0c0f e-con-full e-flex e-con e-child\" data-id=\"1bb0c0f\" data-element_type=\"container\">\n\t\t<div class=\"elementor-element elementor-element-5871e86 e-con-full e-flex e-con e-child\" data-id=\"5871e86\" data-element_type=\"container\">\n\t\t\t\t<div class=\"elementor-element elementor-element-afacfc4 elementor-widget elementor-widget-heading\" data-id=\"afacfc4\" data-element_type=\"widget\" data-widget_type=\"heading.default\">\n\t\t\t\t\t<h3 class=\"elementor-heading-title elementor-size-default\">Paix\u00e3o<\/h3>\t\t\t\t<\/div>\n\t\t\t\t<div class=\"elementor-element elementor-element-0779839 elementor-widget elementor-widget-text-editor\" data-id=\"0779839\" data-element_type=\"widget\" data-widget_type=\"text-editor.default\">\n\t\t\t\t\t\t\t\t\t<p>Ela corre nas nossas veias, est\u00e1 presente em cada uma das nossas cria\u00e7\u00f5es, rege o nosso quotidiano e anima cada uma das nossas conversas. A paix\u00e3o \u00e9 a origem de todas as nossas a\u00e7\u00f5es e a ess\u00eancia de todas as nossas iniciativas, sejam elas ligadas ao trabalho do couro, \u00e0 execu\u00e7\u00e3o do seu servi\u00e7o p\u00f3s-venda ou \u00e0 realiza\u00e7\u00e3o de prot\u00f3tipos. <\/p>\t\t\t\t\t\t\t\t<\/div>\n\t\t\t\t<\/div>\n\t\t\t\t<\/div>\n\t\t\t\t\t<\/div>\n\t\t\t\t<\/div>\n\t\t<div class=\"elementor-element elementor-element-312a3f0 e-flex e-con-boxed e-con e-parent\" data-id=\"312a3f0\" data-element_type=\"container\">\n\t\t\t\t\t<div class=\"e-con-inner\">\n\t\t<div class=\"elementor-element elementor-element-3655f99 e-con-full e-flex e-con e-child\" data-id=\"3655f99\" data-element_type=\"container\">\n\t\t<div class=\"elementor-element elementor-element-9042c69 e-con-full e-flex e-con e-child\" data-id=\"9042c69\" data-element_type=\"container\">\n\t\t\t\t<div class=\"elementor-element elementor-element-1222377 elementor-widget elementor-widget-heading\" data-id=\"1222377\" data-element_type=\"widget\" data-widget_type=\"heading.default\">\n\t\t\t\t\t<h3 class=\"elementor-heading-title elementor-size-default\">Parceria<\/h3>\t\t\t\t<\/div>\n\t\t\t\t<div class=\"elementor-element elementor-element-b726df6 elementor-widget elementor-widget-text-editor\" data-id=\"b726df6\" data-element_type=\"widget\" data-widget_type=\"text-editor.default\">\n\t\t\t\t\t\t\t\t\t<p>Cada encomenda \u00e9 \u00fanica. Inicia-se ent\u00e3o um trabalho de aconselhamento, de an\u00e1lise, de pesquisa t\u00e9cnica, bem como uma busca pela mat\u00e9ria e tonalidade adequada. As discuss\u00f5es sucedem-se, o di\u00e1logo \u00e9 fluido.  <\/p><p>Para a Brasport, \u00e9 essencial conhecer a sua identidade para poder retransmiti-la da forma mais fiel. Uma reinterpreta\u00e7\u00e3o do seu ADN que exige um verdadeiro trabalho em dupla. Uma aut\u00eantica parceria que a Brasport cultiva como uma arte.  <\/p>\t\t\t\t\t\t\t\t<\/div>\n\t\t\t\t<\/div>\n\t\t\t\t<\/div>\n\t\t<div class=\"elementor-element elementor-element-6c7e3dd e-con-full e-flex e-con e-child\" data-id=\"6c7e3dd\" data-element_type=\"container\">\n\t\t\t\t<div class=\"elementor-element elementor-element-6972b46 elementor-widget elementor-widget-image\" data-id=\"6972b46\" data-element_type=\"widget\" data-widget_type=\"image.default\">\n\t\t\t\t\t\t\t\t\t\t\t\t\t\t\t<img decoding=\"async\" src=\"https:\/\/brasport-group.com\/wp-content\/uploads\/elementor\/thumbs\/Layer-60-rax02oe3b6fxy3i4u9i4yecjimud0wz0elpw75bqde.jpg\" title=\"Layer 60\" alt=\"Layer 60\" loading=\"lazy\" \/>\t\t\t\t\t\t\t\t\t\t\t\t\t\t\t<\/div>\n\t\t\t\t<\/div>\n\t\t\t\t\t<\/div>\n\t\t\t\t<\/div>\n\t\t\t\t<\/div>\n\t\t","protected":false},"excerpt":{"rendered":"<p>Os nossos VALORES Os nossos valores fundadores s\u00e3o o motor di\u00e1rio na nossa busca pela excel\u00eancia e pela inova\u00e7\u00e3o. Fam\u00edlia Desde 1946, tr\u00eas gera\u00e7\u00f5es se sucederam \u00e0 frente da Brasport. Experi\u00eancia, qualidade, tradi\u00e7\u00e3o e generosidade s\u00e3o alguns dos valores que representam a nossa Organiza\u00e7\u00e3o, mas \u00e9 sobretudo o nosso esp\u00edrito de fam\u00edlia que nos define. [&hellip;]<\/p>\n","protected":false},"author":1,"featured_media":0,"parent":1933,"menu_order":0,"comment_status":"closed","ping_status":"closed","template":"","meta":{"_acf_changed":false,"footnotes":""},"class_list":["post-1937","page","type-page","status-publish","hentry"],"acf":[],"yoast_head":"<!-- This site is optimized with the Yoast SEO plugin v26.4 - https:\/\/yoast.com\/wordpress\/plugins\/seo\/ -->\n<title>Valores - Brasport<\/title>\n<meta name=\"robots\" content=\"index, follow, max-snippet:-1, max-image-preview:large, max-video-preview:-1\" \/>\n<link rel=\"canonical\" href=\"https:\/\/brasport-group.com\/pt-pt\/sobre-nos\/valores\/\" \/>\n<meta property=\"og:locale\" content=\"pt_PT\" \/>\n<meta property=\"og:type\" content=\"article\" \/>\n<meta property=\"og:title\" content=\"Valores - Brasport\" \/>\n<meta property=\"og:description\" content=\"Os nossos VALORES Os nossos valores fundadores s\u00e3o o motor di\u00e1rio na nossa busca pela excel\u00eancia e pela inova\u00e7\u00e3o. Fam\u00edlia Desde 1946, tr\u00eas gera\u00e7\u00f5es se sucederam \u00e0 frente da Brasport. Experi\u00eancia, qualidade, tradi\u00e7\u00e3o e generosidade s\u00e3o alguns dos valores que representam a nossa Organiza\u00e7\u00e3o, mas \u00e9 sobretudo o nosso esp\u00edrito de fam\u00edlia que nos define. [&hellip;]\" \/>\n<meta property=\"og:url\" content=\"https:\/\/brasport-group.com\/pt-pt\/sobre-nos\/valores\/\" \/>\n<meta property=\"og:site_name\" content=\"Brasport\" \/>\n<meta property=\"article:modified_time\" content=\"2025-12-04T15:22:12+00:00\" \/>\n<meta property=\"og:image\" content=\"https:\/\/brasport-group.com\/wp-content\/uploads\/elementor\/thumbs\/FAM-rexgn0q01oz713idjac1jzwg8llsk8r659gonzuvr6.png\" \/>\n<meta name=\"twitter:card\" content=\"summary_large_image\" \/>\n<meta name=\"twitter:label1\" content=\"Tempo estimado de leitura\" \/>\n\t<meta name=\"twitter:data1\" content=\"2 minutos\" \/>\n<script type=\"application\/ld+json\" class=\"yoast-schema-graph\">{\"@context\":\"https:\/\/schema.org\",\"@graph\":[{\"@type\":\"WebPage\",\"@id\":\"https:\/\/brasport-group.com\/pt-pt\/sobre-nos\/valores\/\",\"url\":\"https:\/\/brasport-group.com\/pt-pt\/sobre-nos\/valores\/\",\"name\":\"Valores - Brasport\",\"isPartOf\":{\"@id\":\"https:\/\/brasport-group.com\/fr\/#website\"},\"primaryImageOfPage\":{\"@id\":\"https:\/\/brasport-group.com\/pt-pt\/sobre-nos\/valores\/#primaryimage\"},\"image\":{\"@id\":\"https:\/\/brasport-group.com\/pt-pt\/sobre-nos\/valores\/#primaryimage\"},\"thumbnailUrl\":\"https:\/\/brasport-group.com\/wp-content\/uploads\/elementor\/thumbs\/FAM-rexgn0q01oz713idjac1jzwg8llsk8r659gonzuvr6.png\",\"datePublished\":\"2025-08-26T08:12:21+00:00\",\"dateModified\":\"2025-12-04T15:22:12+00:00\",\"breadcrumb\":{\"@id\":\"https:\/\/brasport-group.com\/pt-pt\/sobre-nos\/valores\/#breadcrumb\"},\"inLanguage\":\"pt-PT\",\"potentialAction\":[{\"@type\":\"ReadAction\",\"target\":[\"https:\/\/brasport-group.com\/pt-pt\/sobre-nos\/valores\/\"]}]},{\"@type\":\"ImageObject\",\"inLanguage\":\"pt-PT\",\"@id\":\"https:\/\/brasport-group.com\/pt-pt\/sobre-nos\/valores\/#primaryimage\",\"url\":\"https:\/\/brasport-group.com\/wp-content\/uploads\/elementor\/thumbs\/FAM-rexgn0q01oz713idjac1jzwg8llsk8r659gonzuvr6.png\",\"contentUrl\":\"https:\/\/brasport-group.com\/wp-content\/uploads\/elementor\/thumbs\/FAM-rexgn0q01oz713idjac1jzwg8llsk8r659gonzuvr6.png\"},{\"@type\":\"BreadcrumbList\",\"@id\":\"https:\/\/brasport-group.com\/pt-pt\/sobre-nos\/valores\/#breadcrumb\",\"itemListElement\":[{\"@type\":\"ListItem\",\"position\":1,\"name\":\"P\u00e1gina inicial\",\"item\":\"https:\/\/brasport-group.com\/pt-pt\/pagina-inicial\/\"},{\"@type\":\"ListItem\",\"position\":2,\"name\":\"Sobre n\u00f3s\",\"item\":\"https:\/\/brasport-group.com\/fr\/a-propos\/\"},{\"@type\":\"ListItem\",\"position\":3,\"name\":\"Valores\"}]},{\"@type\":\"WebSite\",\"@id\":\"https:\/\/brasport-group.com\/fr\/#website\",\"url\":\"https:\/\/brasport-group.com\/fr\/\",\"name\":\"Brasport\",\"description\":\"Passion et excellence\",\"publisher\":{\"@id\":\"https:\/\/brasport-group.com\/fr\/#organization\"},\"potentialAction\":[{\"@type\":\"SearchAction\",\"target\":{\"@type\":\"EntryPoint\",\"urlTemplate\":\"https:\/\/brasport-group.com\/fr\/?s={search_term_string}\"},\"query-input\":{\"@type\":\"PropertyValueSpecification\",\"valueRequired\":true,\"valueName\":\"search_term_string\"}}],\"inLanguage\":\"pt-PT\"},{\"@type\":\"Organization\",\"@id\":\"https:\/\/brasport-group.com\/fr\/#organization\",\"name\":\"Brasport\",\"url\":\"https:\/\/brasport-group.com\/fr\/\",\"logo\":{\"@type\":\"ImageObject\",\"inLanguage\":\"pt-PT\",\"@id\":\"https:\/\/brasport-group.com\/fr\/#\/schema\/logo\/image\/\",\"url\":\"https:\/\/brasport-group.com\/wp-content\/uploads\/2025\/08\/logo-brasport-group.png\",\"contentUrl\":\"https:\/\/brasport-group.com\/wp-content\/uploads\/2025\/08\/logo-brasport-group.png\",\"width\":411,\"height\":34,\"caption\":\"Brasport\"},\"image\":{\"@id\":\"https:\/\/brasport-group.com\/fr\/#\/schema\/logo\/image\/\"}}]}<\/script>\n<!-- \/ Yoast SEO plugin. -->","yoast_head_json":{"title":"Valores - Brasport","robots":{"index":"index","follow":"follow","max-snippet":"max-snippet:-1","max-image-preview":"max-image-preview:large","max-video-preview":"max-video-preview:-1"},"canonical":"https:\/\/brasport-group.com\/pt-pt\/sobre-nos\/valores\/","og_locale":"pt_PT","og_type":"article","og_title":"Valores - Brasport","og_description":"Os nossos VALORES Os nossos valores fundadores s\u00e3o o motor di\u00e1rio na nossa busca pela excel\u00eancia e pela inova\u00e7\u00e3o. Fam\u00edlia Desde 1946, tr\u00eas gera\u00e7\u00f5es se sucederam \u00e0 frente da Brasport. Experi\u00eancia, qualidade, tradi\u00e7\u00e3o e generosidade s\u00e3o alguns dos valores que representam a nossa Organiza\u00e7\u00e3o, mas \u00e9 sobretudo o nosso esp\u00edrito de fam\u00edlia que nos define. [&hellip;]","og_url":"https:\/\/brasport-group.com\/pt-pt\/sobre-nos\/valores\/","og_site_name":"Brasport","article_modified_time":"2025-12-04T15:22:12+00:00","og_image":[{"url":"https:\/\/brasport-group.com\/wp-content\/uploads\/elementor\/thumbs\/FAM-rexgn0q01oz713idjac1jzwg8llsk8r659gonzuvr6.png","type":"","width":"","height":""}],"twitter_card":"summary_large_image","twitter_misc":{"Tempo estimado de leitura":"2 minutos"},"schema":{"@context":"https:\/\/schema.org","@graph":[{"@type":"WebPage","@id":"https:\/\/brasport-group.com\/pt-pt\/sobre-nos\/valores\/","url":"https:\/\/brasport-group.com\/pt-pt\/sobre-nos\/valores\/","name":"Valores - Brasport","isPartOf":{"@id":"https:\/\/brasport-group.com\/fr\/#website"},"primaryImageOfPage":{"@id":"https:\/\/brasport-group.com\/pt-pt\/sobre-nos\/valores\/#primaryimage"},"image":{"@id":"https:\/\/brasport-group.com\/pt-pt\/sobre-nos\/valores\/#primaryimage"},"thumbnailUrl":"https:\/\/brasport-group.com\/wp-content\/uploads\/elementor\/thumbs\/FAM-rexgn0q01oz713idjac1jzwg8llsk8r659gonzuvr6.png","datePublished":"2025-08-26T08:12:21+00:00","dateModified":"2025-12-04T15:22:12+00:00","breadcrumb":{"@id":"https:\/\/brasport-group.com\/pt-pt\/sobre-nos\/valores\/#breadcrumb"},"inLanguage":"pt-PT","potentialAction":[{"@type":"ReadAction","target":["https:\/\/brasport-group.com\/pt-pt\/sobre-nos\/valores\/"]}]},{"@type":"ImageObject","inLanguage":"pt-PT","@id":"https:\/\/brasport-group.com\/pt-pt\/sobre-nos\/valores\/#primaryimage","url":"https:\/\/brasport-group.com\/wp-content\/uploads\/elementor\/thumbs\/FAM-rexgn0q01oz713idjac1jzwg8llsk8r659gonzuvr6.png","contentUrl":"https:\/\/brasport-group.com\/wp-content\/uploads\/elementor\/thumbs\/FAM-rexgn0q01oz713idjac1jzwg8llsk8r659gonzuvr6.png"},{"@type":"BreadcrumbList","@id":"https:\/\/brasport-group.com\/pt-pt\/sobre-nos\/valores\/#breadcrumb","itemListElement":[{"@type":"ListItem","position":1,"name":"P\u00e1gina inicial","item":"https:\/\/brasport-group.com\/pt-pt\/pagina-inicial\/"},{"@type":"ListItem","position":2,"name":"Sobre n\u00f3s","item":"https:\/\/brasport-group.com\/fr\/a-propos\/"},{"@type":"ListItem","position":3,"name":"Valores"}]},{"@type":"WebSite","@id":"https:\/\/brasport-group.com\/fr\/#website","url":"https:\/\/brasport-group.com\/fr\/","name":"Brasport","description":"Passion et excellence","publisher":{"@id":"https:\/\/brasport-group.com\/fr\/#organization"},"potentialAction":[{"@type":"SearchAction","target":{"@type":"EntryPoint","urlTemplate":"https:\/\/brasport-group.com\/fr\/?s={search_term_string}"},"query-input":{"@type":"PropertyValueSpecification","valueRequired":true,"valueName":"search_term_string"}}],"inLanguage":"pt-PT"},{"@type":"Organization","@id":"https:\/\/brasport-group.com\/fr\/#organization","name":"Brasport","url":"https:\/\/brasport-group.com\/fr\/","logo":{"@type":"ImageObject","inLanguage":"pt-PT","@id":"https:\/\/brasport-group.com\/fr\/#\/schema\/logo\/image\/","url":"https:\/\/brasport-group.com\/wp-content\/uploads\/2025\/08\/logo-brasport-group.png","contentUrl":"https:\/\/brasport-group.com\/wp-content\/uploads\/2025\/08\/logo-brasport-group.png","width":411,"height":34,"caption":"Brasport"},"image":{"@id":"https:\/\/brasport-group.com\/fr\/#\/schema\/logo\/image\/"}}]}},"_links":{"self":[{"href":"https:\/\/brasport-group.com\/pt-pt\/wp-json\/wp\/v2\/pages\/1937","targetHints":{"allow":["GET"]}}],"collection":[{"href":"https:\/\/brasport-group.com\/pt-pt\/wp-json\/wp\/v2\/pages"}],"about":[{"href":"https:\/\/brasport-group.com\/pt-pt\/wp-json\/wp\/v2\/types\/page"}],"author":[{"embeddable":true,"href":"https:\/\/brasport-group.com\/pt-pt\/wp-json\/wp\/v2\/users\/1"}],"replies":[{"embeddable":true,"href":"https:\/\/brasport-group.com\/pt-pt\/wp-json\/wp\/v2\/comments?post=1937"}],"version-history":[{"count":11,"href":"https:\/\/brasport-group.com\/pt-pt\/wp-json\/wp\/v2\/pages\/1937\/revisions"}],"predecessor-version":[{"id":3424,"href":"https:\/\/brasport-group.com\/pt-pt\/wp-json\/wp\/v2\/pages\/1937\/revisions\/3424"}],"up":[{"embeddable":true,"href":"https:\/\/brasport-group.com\/pt-pt\/wp-json\/wp\/v2\/pages\/1933"}],"wp:attachment":[{"href":"https:\/\/brasport-group.com\/pt-pt\/wp-json\/wp\/v2\/media?parent=1937"}],"curies":[{"name":"wp","href":"https:\/\/api.w.org\/{rel}","templated":true}]}}