{"id":1941,"date":"2025-08-28T10:19:05","date_gmt":"2025-08-28T08:19:05","guid":{"rendered":"https:\/\/brasport-group.com\/maison-mere\/"},"modified":"2025-12-04T17:36:40","modified_gmt":"2025-12-04T15:36:40","slug":"maison-mere","status":"publish","type":"page","link":"https:\/\/brasport-group.com\/pt-pt\/o-grupo\/nossos-locais-de-producao\/maison-mere\/","title":{"rendered":"Maison-m\u00e8re"},"content":{"rendered":"\t\t<div data-elementor-type=\"wp-page\" data-elementor-id=\"1941\" class=\"elementor elementor-1941 elementor-579\" data-elementor-post-type=\"page\">\n\t\t\t\t<div class=\"elementor-element elementor-element-e38f6c0 e-flex e-con-boxed e-con e-parent\" data-id=\"e38f6c0\" data-element_type=\"container\" data-settings=\"{&quot;background_background&quot;:&quot;classic&quot;}\">\n\t\t\t\t\t<div class=\"e-con-inner\">\n\t\t<div class=\"elementor-element elementor-element-90c2769 animated-slow e-flex e-con-boxed elementor-invisible e-con e-child\" data-id=\"90c2769\" data-element_type=\"container\" data-settings=\"{&quot;animation&quot;:&quot;fadeInUp&quot;,&quot;animation_delay&quot;:200}\">\n\t\t\t\t\t<div class=\"e-con-inner\">\n\t\t\t\t<div class=\"elementor-element elementor-element-27bc4b2 elementor-align-left elementor-widget elementor-widget-breadcrumbs\" data-id=\"27bc4b2\" data-element_type=\"widget\" data-widget_type=\"breadcrumbs.default\">\n\t\t\t\t\t<p id=\"breadcrumbs\"><span><span><a href=\"https:\/\/brasport-group.com\/pt-pt\/pagina-inicial\/\">P\u00e1gina inicial<\/a><\/span><\/span><\/p>\t\t\t\t<\/div>\n\t\t\t\t<div class=\"elementor-element elementor-element-8c057ff elementor-widget elementor-widget-heading\" data-id=\"8c057ff\" data-element_type=\"widget\" data-widget_type=\"heading.default\">\n\t\t\t\t\t<h1 class=\"elementor-heading-title elementor-size-default\">MAISON-M\u00c8RE<br><\/h1>\t\t\t\t<\/div>\n\t\t\t\t<div class=\"elementor-element elementor-element-dce7298 elementor-widget__width-initial elementor-widget-mobile__width-inherit elementor-widget elementor-widget-text-editor\" data-id=\"dce7298\" data-element_type=\"widget\" data-widget_type=\"text-editor.default\">\n\t\t\t\t\t\t\t\t\t<p>No cora\u00e7\u00e3o de La Chaux-de-Fonds, a Brasport Su\u00ed\u00e7a \u00e9 o ber\u00e7o do grupo e o centro nevr\u00e1lgico da nossa excel\u00eancia. \u00c9 daqui que emanam os nossos valores fundadores e a nossa capacidade de inovar.<\/p>\t\t\t\t\t\t\t\t<\/div>\n\t\t\t\t\t<\/div>\n\t\t\t\t<\/div>\n\t\t\t\t\t<\/div>\n\t\t\t\t<\/div>\n\t\t<div class=\"elementor-element elementor-element-d936dec e-flex e-con-boxed e-con e-parent\" data-id=\"d936dec\" data-element_type=\"container\">\n\t\t\t\t\t<div class=\"e-con-inner\">\n\t\t<div class=\"elementor-element elementor-element-b97e6e6 e-con-full e-flex e-con e-child\" data-id=\"b97e6e6\" data-element_type=\"container\">\n\t\t\t\t<div class=\"elementor-element elementor-element-4e30005 elementor-widget elementor-widget-image\" data-id=\"4e30005\" data-element_type=\"widget\" data-widget_type=\"image.default\">\n\t\t\t\t\t\t\t\t\t\t\t\t\t\t\t<img fetchpriority=\"high\" decoding=\"async\" width=\"812\" height=\"621\" src=\"https:\/\/brasport-group.com\/wp-content\/uploads\/2025\/08\/Layer-61.jpg\" class=\"attachment-full size-full wp-image-659\" alt=\"\" srcset=\"https:\/\/brasport-group.com\/wp-content\/uploads\/2025\/08\/Layer-61.jpg 812w, https:\/\/brasport-group.com\/wp-content\/uploads\/2025\/08\/Layer-61-300x229.jpg 300w, https:\/\/brasport-group.com\/wp-content\/uploads\/2025\/08\/Layer-61-768x587.jpg 768w\" sizes=\"(max-width: 812px) 100vw, 812px\" \/>\t\t\t\t\t\t\t\t\t\t\t\t\t\t\t<\/div>\n\t\t\t\t<\/div>\n\t\t<div class=\"elementor-element elementor-element-0c46b1f e-con-full e-flex e-con e-child\" data-id=\"0c46b1f\" data-element_type=\"container\">\n\t\t<div class=\"elementor-element elementor-element-005e068 e-con-full e-flex e-con e-child\" data-id=\"005e068\" data-element_type=\"container\">\n\t\t\t\t<div class=\"elementor-element elementor-element-2d039c4 elementor-widget elementor-widget-heading\" data-id=\"2d039c4\" data-element_type=\"widget\" data-widget_type=\"heading.default\">\n\t\t\t\t\t<h2 class=\"elementor-heading-title elementor-size-default\">O nosso Centro Su\u00ed\u00e7o abriga:<\/h2>\t\t\t\t<\/div>\n\t\t\t\t<div class=\"elementor-element elementor-element-31d2dc3 elementor-widget elementor-widget-text-editor\" data-id=\"31d2dc3\" data-element_type=\"widget\" data-widget_type=\"text-editor.default\">\n\t\t\t\t\t\t\t\t\t&gt; Um centro de I&amp;D integrado\n\n&gt; Um laborat\u00f3rio interno altamente equipado\n\n&gt; Um atelier de usinagem de precis\u00e3o<br><br>&gt; E um atelier de fabrica\u00e7\u00e3o de pulseiras, onde o saber artesanal e a exig\u00eancia t\u00e9cnica se encontram.<br><br><br>Esta infraestrutura \u00fanica permite-nos desenvolver prot\u00f3tipos de forma \u00e1gil, testar novos materiais e garantir uma qualidade \u00f3tima desde as primeiras etapas dos projetos.\t\t\t\t\t\t\t\t<\/div>\n\t\t\t\t<\/div>\n\t\t\t\t<\/div>\n\t\t\t\t\t<\/div>\n\t\t\t\t<\/div>\n\t\t<div class=\"elementor-element elementor-element-d03b3ed e-flex e-con-boxed e-con e-parent\" data-id=\"d03b3ed\" data-element_type=\"container\">\n\t\t\t\t\t<div class=\"e-con-inner\">\n\t\t<div class=\"elementor-element elementor-element-cda499b e-con-full e-flex e-con e-child\" data-id=\"cda499b\" data-element_type=\"container\">\n\t\t<div class=\"elementor-element elementor-element-dadd258 e-con-full e-flex e-con e-child\" data-id=\"dadd258\" data-element_type=\"container\">\n\t\t\t\t<div class=\"elementor-element elementor-element-931a790 elementor-widget elementor-widget-heading\" data-id=\"931a790\" data-element_type=\"widget\" data-widget_type=\"heading.default\">\n\t\t\t\t\t<h2 class=\"elementor-heading-title elementor-size-default\">Reatividade &amp;<br>excel\u00eancia da mat\u00e9ria<\/h2>\t\t\t\t<\/div>\n\t\t\t\t<div class=\"elementor-element elementor-element-8844e58 elementor-widget elementor-widget-text-editor\" data-id=\"8844e58\" data-element_type=\"widget\" data-widget_type=\"text-editor.default\">\n\t\t\t\t\t\t\t\t\t<p>Um trunfo estrat\u00e9gico essencial: o nosso vasto stock de couros \u2013 bovinos, ex\u00f3ticos (nomeadamente jacar\u00e9), t\u00eaxteis t\u00e9cnicos \u2013 assegura-nos uma grande reatividade no desenvolvimento de produtos, com uma sele\u00e7\u00e3o rigorosa das mat\u00e9rias.<\/p>\t\t\t\t\t\t\t\t<\/div>\n\t\t\t\t<\/div>\n\t\t\t\t<\/div>\n\t\t<div class=\"elementor-element elementor-element-1d59a47 e-con-full e-flex e-con e-child\" data-id=\"1d59a47\" data-element_type=\"container\">\n\t\t\t\t<div class=\"elementor-element elementor-element-4685bde elementor-widget elementor-widget-image\" data-id=\"4685bde\" data-element_type=\"widget\" data-widget_type=\"image.default\">\n\t\t\t\t\t\t\t\t\t\t\t\t\t\t\t<img decoding=\"async\" width=\"2048\" height=\"1152\" src=\"https:\/\/brasport-group.com\/wp-content\/uploads\/2025\/10\/4-scaled.jpg\" class=\"attachment-full size-full wp-image-1493\" alt=\"\" srcset=\"https:\/\/brasport-group.com\/wp-content\/uploads\/2025\/10\/4-scaled.jpg 2048w, https:\/\/brasport-group.com\/wp-content\/uploads\/2025\/10\/4-300x169.jpg 300w, https:\/\/brasport-group.com\/wp-content\/uploads\/2025\/10\/4-1024x576.jpg 1024w, https:\/\/brasport-group.com\/wp-content\/uploads\/2025\/10\/4-768x432.jpg 768w, https:\/\/brasport-group.com\/wp-content\/uploads\/2025\/10\/4-1536x864.jpg 1536w\" sizes=\"(max-width: 2048px) 100vw, 2048px\" \/>\t\t\t\t\t\t\t\t\t\t\t\t\t\t\t<\/div>\n\t\t\t\t<\/div>\n\t\t\t\t\t<\/div>\n\t\t\t\t<\/div>\n\t\t<div class=\"elementor-element elementor-element-5483081 e-flex e-con-boxed e-con e-parent\" data-id=\"5483081\" data-element_type=\"container\">\n\t\t\t\t\t<div class=\"e-con-inner\">\n\t\t<div class=\"elementor-element elementor-element-d0a547f e-con-full e-flex e-con e-child\" data-id=\"d0a547f\" data-element_type=\"container\">\n\t\t\t\t<div class=\"elementor-element elementor-element-600403c elementor-widget elementor-widget-image\" data-id=\"600403c\" data-element_type=\"widget\" data-widget_type=\"image.default\">\n\t\t\t\t\t\t\t\t\t\t\t\t\t\t\t<img decoding=\"async\" width=\"2048\" height=\"1152\" src=\"https:\/\/brasport-group.com\/wp-content\/uploads\/2025\/10\/Haut-de-page-SAV-scaled.jpg\" class=\"attachment-full size-full wp-image-1539\" alt=\"\" srcset=\"https:\/\/brasport-group.com\/wp-content\/uploads\/2025\/10\/Haut-de-page-SAV-scaled.jpg 2048w, https:\/\/brasport-group.com\/wp-content\/uploads\/2025\/10\/Haut-de-page-SAV-300x169.jpg 300w, https:\/\/brasport-group.com\/wp-content\/uploads\/2025\/10\/Haut-de-page-SAV-1024x576.jpg 1024w, https:\/\/brasport-group.com\/wp-content\/uploads\/2025\/10\/Haut-de-page-SAV-768x432.jpg 768w, https:\/\/brasport-group.com\/wp-content\/uploads\/2025\/10\/Haut-de-page-SAV-1536x864.jpg 1536w\" sizes=\"(max-width: 2048px) 100vw, 2048px\" \/>\t\t\t\t\t\t\t\t\t\t\t\t\t\t\t<\/div>\n\t\t\t\t<\/div>\n\t\t<div class=\"elementor-element elementor-element-0685956 e-con-full e-flex e-con e-child\" data-id=\"0685956\" data-element_type=\"container\">\n\t\t<div class=\"elementor-element elementor-element-e2a8a90 e-con-full e-flex e-con e-child\" data-id=\"e2a8a90\" data-element_type=\"container\">\n\t\t\t\t<div class=\"elementor-element elementor-element-ecc04c1 elementor-widget elementor-widget-heading\" data-id=\"ecc04c1\" data-element_type=\"widget\" data-widget_type=\"heading.default\">\n\t\t\t\t\t<h2 class=\"elementor-heading-title elementor-size-default\">Um controlo de qualidade finalizado na Su\u00ed\u00e7a<\/h2>\t\t\t\t<\/div>\n\t\t\t\t<div class=\"elementor-element elementor-element-4641209 elementor-widget elementor-widget-text-editor\" data-id=\"4641209\" data-element_type=\"widget\" data-widget_type=\"text-editor.default\">\n\t\t\t\t\t\t\t\t\t<p>Para garantir a excel\u00eancia em cada etapa, todos os produtos provenientes dos nossos Centros de produ\u00e7\u00e3o no mundo passam por um controlo de qualidade final na Su\u00ed\u00e7a, no nosso departamento dedicado. <br>Este processo centralizado garante uma coer\u00eancia irrepreens\u00edvel e o respeito pelos padr\u00f5es mais elevados, da marca registada da Brasport.<\/p><p>Cada desenvolvimento \u00e9 conduzido com rigor, paix\u00e3o e um sentido de detalhe herdado da nossa tradi\u00e7\u00e3o relojoeira. Couros de alta gama, peles ex\u00f3ticas, componentes t\u00e9cnicos: tudo ganha vida aqui com a exig\u00eancia su\u00ed\u00e7a. <\/p>\t\t\t\t\t\t\t\t<\/div>\n\t\t\t\t<\/div>\n\t\t\t\t<\/div>\n\t\t\t\t\t<\/div>\n\t\t\t\t<\/div>\n\t\t<div class=\"elementor-element elementor-element-c5ba05a e-flex e-con-boxed e-con e-parent\" data-id=\"c5ba05a\" data-element_type=\"container\" data-settings=\"{&quot;background_background&quot;:&quot;classic&quot;}\">\n\t\t\t\t\t<div class=\"e-con-inner\">\n\t\t<div class=\"elementor-element elementor-element-573d44d e-con-full animated-slow e-flex elementor-invisible e-con e-child\" data-id=\"573d44d\" data-element_type=\"container\" data-settings=\"{&quot;background_background&quot;:&quot;classic&quot;,&quot;animation&quot;:&quot;fadeInUp&quot;}\">\n\t\t\t\t<div class=\"elementor-element elementor-element-681b0df elementor-widget elementor-widget-text-editor\" data-id=\"681b0df\" data-element_type=\"widget\" data-widget_type=\"text-editor.default\">\n\t\t\t\t\t\t\t\t\t<p>Mais do que uma sede, a Brasport Su\u00ed\u00e7a \u00e9 o ponto de ancoragem da nossa identidade: estrat\u00e9gia, conhecimento, pesquisa e design conjugam-se para lan\u00e7ar as bases de cada projeto que realizamos para as marcas mais prestigiadas.<\/p>\t\t\t\t\t\t\t\t<\/div>\n\t\t\t\t<\/div>\n\t\t\t\t\t<\/div>\n\t\t\t\t<\/div>\n\t\t<div class=\"elementor-element elementor-element-cd768a1 e-flex e-con-boxed e-con e-parent\" data-id=\"cd768a1\" data-element_type=\"container\">\n\t\t\t\t\t<div class=\"e-con-inner\">\n\t\t<div class=\"elementor-element elementor-element-be6145a e-con-full e-flex e-con e-child\" data-id=\"be6145a\" data-element_type=\"container\">\n\t\t\t\t<div class=\"elementor-element elementor-element-66b8282 elementor-widget elementor-widget-heading\" data-id=\"66b8282\" data-element_type=\"widget\" data-widget_type=\"heading.default\">\n\t\t\t\t\t<h3 class=\"elementor-heading-title elementor-size-default\">Informa\u00e7\u00f5es de Contato da Empresa<\/h3>\t\t\t\t<\/div>\n\t\t\t\t<div class=\"elementor-element elementor-element-04dee15 elementor-widget elementor-widget-text-editor\" data-id=\"04dee15\" data-element_type=\"widget\" data-widget_type=\"text-editor.default\">\n\t\t\t\t\t\t\t\t\t<p><span style=\"font-weight: 400;\">Contacte a Brasport Su\u00ed\u00e7a por telefone: +41 (0)32 967 70 60<\/span><\/p>\t\t\t\t\t\t\t\t<\/div>\n\t\t\t\t<div class=\"elementor-element elementor-element-e89dbd1 elementor-widget elementor-widget-google_maps\" data-id=\"e89dbd1\" data-element_type=\"widget\" data-widget_type=\"google_maps.default\">\n\t\t\t\t\t\t\t<div class=\"elementor-custom-embed\">\n\t\t\t<iframe loading=\"lazy\"\n\t\t\t\t\tsrc=\"https:\/\/maps.google.com\/maps?q=Cr%C3%AAt-Rossel%2010%2C%202300%20La%20Chaux-de-Fonds%2C%20Suisse%20&#038;t=m&#038;z=10&#038;output=embed&#038;iwloc=near\"\n\t\t\t\t\ttitle=\"Cr\u00eat-Rossel 10, 2300 La Chaux-de-Fonds, Suisse \"\n\t\t\t\t\taria-label=\"Cr\u00eat-Rossel 10, 2300 La Chaux-de-Fonds, Suisse \"\n\t\t\t><\/iframe>\n\t\t<\/div>\n\t\t\t\t\t\t<\/div>\n\t\t\t\t<\/div>\n\t\t\t\t\t<\/div>\n\t\t\t\t<\/div>\n\t\t\t\t<\/div>\n\t\t","protected":false},"excerpt":{"rendered":"<p>MAISON-M\u00c8RE No cora\u00e7\u00e3o de La Chaux-de-Fonds, a Brasport Su\u00ed\u00e7a \u00e9 o ber\u00e7o do grupo e o centro nevr\u00e1lgico da nossa excel\u00eancia. \u00c9 daqui que emanam os nossos valores fundadores e a nossa capacidade de inovar. O nosso Centro Su\u00ed\u00e7o abriga: &gt; Um centro de I&amp;D integrado &gt; Um laborat\u00f3rio interno altamente equipado &gt; Um atelier [&hellip;]<\/p>\n","protected":false},"author":1,"featured_media":0,"parent":2095,"menu_order":0,"comment_status":"closed","ping_status":"closed","template":"","meta":{"_acf_changed":false,"footnotes":""},"class_list":["post-1941","page","type-page","status-publish","hentry"],"acf":[],"yoast_head":"<!-- This site is optimized with the Yoast SEO plugin v26.4 - https:\/\/yoast.com\/wordpress\/plugins\/seo\/ -->\n<title>Maison-m\u00e8re - Brasport<\/title>\n<meta name=\"robots\" content=\"index, follow, max-snippet:-1, max-image-preview:large, max-video-preview:-1\" \/>\n<link rel=\"canonical\" href=\"https:\/\/brasport-group.com\/pt-pt\/o-grupo\/nossos-locais-de-producao\/maison-mere\/\" \/>\n<meta property=\"og:locale\" content=\"pt_PT\" \/>\n<meta property=\"og:type\" content=\"article\" \/>\n<meta property=\"og:title\" content=\"Maison-m\u00e8re - Brasport\" \/>\n<meta property=\"og:description\" content=\"MAISON-M\u00c8RE No cora\u00e7\u00e3o de La Chaux-de-Fonds, a Brasport Su\u00ed\u00e7a \u00e9 o ber\u00e7o do grupo e o centro nevr\u00e1lgico da nossa excel\u00eancia. \u00c9 daqui que emanam os nossos valores fundadores e a nossa capacidade de inovar. O nosso Centro Su\u00ed\u00e7o abriga: &gt; Um centro de I&amp;D integrado &gt; Um laborat\u00f3rio interno altamente equipado &gt; Um atelier [&hellip;]\" \/>\n<meta property=\"og:url\" content=\"https:\/\/brasport-group.com\/pt-pt\/o-grupo\/nossos-locais-de-producao\/maison-mere\/\" \/>\n<meta property=\"og:site_name\" content=\"Brasport\" \/>\n<meta property=\"article:modified_time\" content=\"2025-12-04T15:36:40+00:00\" \/>\n<meta property=\"og:image\" content=\"https:\/\/brasport-group.com\/wp-content\/uploads\/2025\/08\/Layer-61.jpg\" \/>\n\t<meta property=\"og:image:width\" content=\"812\" \/>\n\t<meta property=\"og:image:height\" content=\"621\" \/>\n\t<meta property=\"og:image:type\" content=\"image\/jpeg\" \/>\n<meta name=\"twitter:card\" content=\"summary_large_image\" \/>\n<meta name=\"twitter:label1\" content=\"Tempo estimado de leitura\" \/>\n\t<meta name=\"twitter:data1\" content=\"2 minutos\" \/>\n<script type=\"application\/ld+json\" class=\"yoast-schema-graph\">{\"@context\":\"https:\/\/schema.org\",\"@graph\":[{\"@type\":\"WebPage\",\"@id\":\"https:\/\/brasport-group.com\/pt-pt\/o-grupo\/nossos-locais-de-producao\/maison-mere\/\",\"url\":\"https:\/\/brasport-group.com\/pt-pt\/o-grupo\/nossos-locais-de-producao\/maison-mere\/\",\"name\":\"Maison-m\u00e8re - Brasport\",\"isPartOf\":{\"@id\":\"https:\/\/brasport-group.com\/fr\/#website\"},\"primaryImageOfPage\":{\"@id\":\"https:\/\/brasport-group.com\/pt-pt\/o-grupo\/nossos-locais-de-producao\/maison-mere\/#primaryimage\"},\"image\":{\"@id\":\"https:\/\/brasport-group.com\/pt-pt\/o-grupo\/nossos-locais-de-producao\/maison-mere\/#primaryimage\"},\"thumbnailUrl\":\"https:\/\/brasport-group.com\/wp-content\/uploads\/2025\/08\/Layer-61.jpg\",\"datePublished\":\"2025-08-28T08:19:05+00:00\",\"dateModified\":\"2025-12-04T15:36:40+00:00\",\"breadcrumb\":{\"@id\":\"https:\/\/brasport-group.com\/pt-pt\/o-grupo\/nossos-locais-de-producao\/maison-mere\/#breadcrumb\"},\"inLanguage\":\"pt-PT\",\"potentialAction\":[{\"@type\":\"ReadAction\",\"target\":[\"https:\/\/brasport-group.com\/pt-pt\/o-grupo\/nossos-locais-de-producao\/maison-mere\/\"]}]},{\"@type\":\"ImageObject\",\"inLanguage\":\"pt-PT\",\"@id\":\"https:\/\/brasport-group.com\/pt-pt\/o-grupo\/nossos-locais-de-producao\/maison-mere\/#primaryimage\",\"url\":\"https:\/\/brasport-group.com\/wp-content\/uploads\/2025\/08\/Layer-61.jpg\",\"contentUrl\":\"https:\/\/brasport-group.com\/wp-content\/uploads\/2025\/08\/Layer-61.jpg\"},{\"@type\":\"BreadcrumbList\",\"@id\":\"https:\/\/brasport-group.com\/pt-pt\/o-grupo\/nossos-locais-de-producao\/maison-mere\/#breadcrumb\",\"itemListElement\":[{\"@type\":\"ListItem\",\"position\":1,\"name\":\"P\u00e1gina inicial\",\"item\":\"https:\/\/brasport-group.com\/pt-pt\/pagina-inicial\/\"},{\"@type\":\"ListItem\",\"position\":2,\"name\":\"O Grupo\",\"item\":\"https:\/\/brasport-group.com\/pt-pt\/o-grupo\/\"},{\"@type\":\"ListItem\",\"position\":3,\"name\":\"Os nossos centros de produ\u00e7\u00e3o\",\"item\":\"https:\/\/brasport-group.com\/pt-pt\/o-grupo\/nossos-locais-de-producao\/\"},{\"@type\":\"ListItem\",\"position\":4,\"name\":\"Maison-m\u00e8re\"}]},{\"@type\":\"WebSite\",\"@id\":\"https:\/\/brasport-group.com\/fr\/#website\",\"url\":\"https:\/\/brasport-group.com\/fr\/\",\"name\":\"Brasport\",\"description\":\"Passion et excellence\",\"publisher\":{\"@id\":\"https:\/\/brasport-group.com\/fr\/#organization\"},\"potentialAction\":[{\"@type\":\"SearchAction\",\"target\":{\"@type\":\"EntryPoint\",\"urlTemplate\":\"https:\/\/brasport-group.com\/fr\/?s={search_term_string}\"},\"query-input\":{\"@type\":\"PropertyValueSpecification\",\"valueRequired\":true,\"valueName\":\"search_term_string\"}}],\"inLanguage\":\"pt-PT\"},{\"@type\":\"Organization\",\"@id\":\"https:\/\/brasport-group.com\/fr\/#organization\",\"name\":\"Brasport\",\"url\":\"https:\/\/brasport-group.com\/fr\/\",\"logo\":{\"@type\":\"ImageObject\",\"inLanguage\":\"pt-PT\",\"@id\":\"https:\/\/brasport-group.com\/fr\/#\/schema\/logo\/image\/\",\"url\":\"https:\/\/brasport-group.com\/wp-content\/uploads\/2025\/08\/logo-brasport-group.png\",\"contentUrl\":\"https:\/\/brasport-group.com\/wp-content\/uploads\/2025\/08\/logo-brasport-group.png\",\"width\":411,\"height\":34,\"caption\":\"Brasport\"},\"image\":{\"@id\":\"https:\/\/brasport-group.com\/fr\/#\/schema\/logo\/image\/\"}}]}<\/script>\n<!-- \/ Yoast SEO plugin. -->","yoast_head_json":{"title":"Maison-m\u00e8re - Brasport","robots":{"index":"index","follow":"follow","max-snippet":"max-snippet:-1","max-image-preview":"max-image-preview:large","max-video-preview":"max-video-preview:-1"},"canonical":"https:\/\/brasport-group.com\/pt-pt\/o-grupo\/nossos-locais-de-producao\/maison-mere\/","og_locale":"pt_PT","og_type":"article","og_title":"Maison-m\u00e8re - Brasport","og_description":"MAISON-M\u00c8RE No cora\u00e7\u00e3o de La Chaux-de-Fonds, a Brasport Su\u00ed\u00e7a \u00e9 o ber\u00e7o do grupo e o centro nevr\u00e1lgico da nossa excel\u00eancia. \u00c9 daqui que emanam os nossos valores fundadores e a nossa capacidade de inovar. O nosso Centro Su\u00ed\u00e7o abriga: &gt; Um centro de I&amp;D integrado &gt; Um laborat\u00f3rio interno altamente equipado &gt; Um atelier [&hellip;]","og_url":"https:\/\/brasport-group.com\/pt-pt\/o-grupo\/nossos-locais-de-producao\/maison-mere\/","og_site_name":"Brasport","article_modified_time":"2025-12-04T15:36:40+00:00","og_image":[{"width":812,"height":621,"url":"https:\/\/brasport-group.com\/wp-content\/uploads\/2025\/08\/Layer-61.jpg","type":"image\/jpeg"}],"twitter_card":"summary_large_image","twitter_misc":{"Tempo estimado de leitura":"2 minutos"},"schema":{"@context":"https:\/\/schema.org","@graph":[{"@type":"WebPage","@id":"https:\/\/brasport-group.com\/pt-pt\/o-grupo\/nossos-locais-de-producao\/maison-mere\/","url":"https:\/\/brasport-group.com\/pt-pt\/o-grupo\/nossos-locais-de-producao\/maison-mere\/","name":"Maison-m\u00e8re - Brasport","isPartOf":{"@id":"https:\/\/brasport-group.com\/fr\/#website"},"primaryImageOfPage":{"@id":"https:\/\/brasport-group.com\/pt-pt\/o-grupo\/nossos-locais-de-producao\/maison-mere\/#primaryimage"},"image":{"@id":"https:\/\/brasport-group.com\/pt-pt\/o-grupo\/nossos-locais-de-producao\/maison-mere\/#primaryimage"},"thumbnailUrl":"https:\/\/brasport-group.com\/wp-content\/uploads\/2025\/08\/Layer-61.jpg","datePublished":"2025-08-28T08:19:05+00:00","dateModified":"2025-12-04T15:36:40+00:00","breadcrumb":{"@id":"https:\/\/brasport-group.com\/pt-pt\/o-grupo\/nossos-locais-de-producao\/maison-mere\/#breadcrumb"},"inLanguage":"pt-PT","potentialAction":[{"@type":"ReadAction","target":["https:\/\/brasport-group.com\/pt-pt\/o-grupo\/nossos-locais-de-producao\/maison-mere\/"]}]},{"@type":"ImageObject","inLanguage":"pt-PT","@id":"https:\/\/brasport-group.com\/pt-pt\/o-grupo\/nossos-locais-de-producao\/maison-mere\/#primaryimage","url":"https:\/\/brasport-group.com\/wp-content\/uploads\/2025\/08\/Layer-61.jpg","contentUrl":"https:\/\/brasport-group.com\/wp-content\/uploads\/2025\/08\/Layer-61.jpg"},{"@type":"BreadcrumbList","@id":"https:\/\/brasport-group.com\/pt-pt\/o-grupo\/nossos-locais-de-producao\/maison-mere\/#breadcrumb","itemListElement":[{"@type":"ListItem","position":1,"name":"P\u00e1gina inicial","item":"https:\/\/brasport-group.com\/pt-pt\/pagina-inicial\/"},{"@type":"ListItem","position":2,"name":"O Grupo","item":"https:\/\/brasport-group.com\/pt-pt\/o-grupo\/"},{"@type":"ListItem","position":3,"name":"Os nossos centros de produ\u00e7\u00e3o","item":"https:\/\/brasport-group.com\/pt-pt\/o-grupo\/nossos-locais-de-producao\/"},{"@type":"ListItem","position":4,"name":"Maison-m\u00e8re"}]},{"@type":"WebSite","@id":"https:\/\/brasport-group.com\/fr\/#website","url":"https:\/\/brasport-group.com\/fr\/","name":"Brasport","description":"Passion et excellence","publisher":{"@id":"https:\/\/brasport-group.com\/fr\/#organization"},"potentialAction":[{"@type":"SearchAction","target":{"@type":"EntryPoint","urlTemplate":"https:\/\/brasport-group.com\/fr\/?s={search_term_string}"},"query-input":{"@type":"PropertyValueSpecification","valueRequired":true,"valueName":"search_term_string"}}],"inLanguage":"pt-PT"},{"@type":"Organization","@id":"https:\/\/brasport-group.com\/fr\/#organization","name":"Brasport","url":"https:\/\/brasport-group.com\/fr\/","logo":{"@type":"ImageObject","inLanguage":"pt-PT","@id":"https:\/\/brasport-group.com\/fr\/#\/schema\/logo\/image\/","url":"https:\/\/brasport-group.com\/wp-content\/uploads\/2025\/08\/logo-brasport-group.png","contentUrl":"https:\/\/brasport-group.com\/wp-content\/uploads\/2025\/08\/logo-brasport-group.png","width":411,"height":34,"caption":"Brasport"},"image":{"@id":"https:\/\/brasport-group.com\/fr\/#\/schema\/logo\/image\/"}}]}},"_links":{"self":[{"href":"https:\/\/brasport-group.com\/pt-pt\/wp-json\/wp\/v2\/pages\/1941","targetHints":{"allow":["GET"]}}],"collection":[{"href":"https:\/\/brasport-group.com\/pt-pt\/wp-json\/wp\/v2\/pages"}],"about":[{"href":"https:\/\/brasport-group.com\/pt-pt\/wp-json\/wp\/v2\/types\/page"}],"author":[{"embeddable":true,"href":"https:\/\/brasport-group.com\/pt-pt\/wp-json\/wp\/v2\/users\/1"}],"replies":[{"embeddable":true,"href":"https:\/\/brasport-group.com\/pt-pt\/wp-json\/wp\/v2\/comments?post=1941"}],"version-history":[{"count":12,"href":"https:\/\/brasport-group.com\/pt-pt\/wp-json\/wp\/v2\/pages\/1941\/revisions"}],"predecessor-version":[{"id":3434,"href":"https:\/\/brasport-group.com\/pt-pt\/wp-json\/wp\/v2\/pages\/1941\/revisions\/3434"}],"up":[{"embeddable":true,"href":"https:\/\/brasport-group.com\/pt-pt\/wp-json\/wp\/v2\/pages\/2095"}],"wp:attachment":[{"href":"https:\/\/brasport-group.com\/pt-pt\/wp-json\/wp\/v2\/media?parent=1941"}],"curies":[{"name":"wp","href":"https:\/\/api.w.org\/{rel}","templated":true}]}}