{"id":1945,"date":"2025-08-28T12:44:53","date_gmt":"2025-08-28T10:44:53","guid":{"rendered":"https:\/\/brasport-group.com\/brasport-tailandia\/"},"modified":"2025-12-10T12:45:31","modified_gmt":"2025-12-10T10:45:31","slug":"brasport-tailandia","status":"publish","type":"page","link":"https:\/\/brasport-group.com\/pt-pt\/o-grupo\/nossos-locais-de-producao\/brasport-tailandia\/","title":{"rendered":"Brasport Tail\u00e2ndia"},"content":{"rendered":"\t\t<div data-elementor-type=\"wp-page\" data-elementor-id=\"1945\" class=\"elementor elementor-1945 elementor-773\" data-elementor-post-type=\"page\">\n\t\t\t\t<div class=\"elementor-element elementor-element-e221b27 e-flex e-con-boxed e-con e-parent\" data-id=\"e221b27\" data-element_type=\"container\" data-settings=\"{&quot;background_background&quot;:&quot;classic&quot;}\">\n\t\t\t\t\t<div class=\"e-con-inner\">\n\t\t<div class=\"elementor-element elementor-element-1be18bc animated-slow e-flex e-con-boxed elementor-invisible e-con e-child\" data-id=\"1be18bc\" data-element_type=\"container\" data-settings=\"{&quot;animation&quot;:&quot;fadeInUp&quot;,&quot;animation_delay&quot;:200}\">\n\t\t\t\t\t<div class=\"e-con-inner\">\n\t\t\t\t<div class=\"elementor-element elementor-element-e76a4a0 elementor-align-left elementor-widget elementor-widget-breadcrumbs\" data-id=\"e76a4a0\" data-element_type=\"widget\" data-widget_type=\"breadcrumbs.default\">\n\t\t\t\t\t<p id=\"breadcrumbs\"><span><span><a href=\"https:\/\/brasport-group.com\/pt-pt\/pagina-inicial\/\">P\u00e1gina inicial<\/a><\/span><\/span><\/p>\t\t\t\t<\/div>\n\t\t\t\t<div class=\"elementor-element elementor-element-a0a140b elementor-widget elementor-widget-heading\" data-id=\"a0a140b\" data-element_type=\"widget\" data-widget_type=\"heading.default\">\n\t\t\t\t\t<h1 class=\"elementor-heading-title elementor-size-default\">Precis\u00e3o e Experi\u00eancia na \u00c1sia<\/h1>\t\t\t\t<\/div>\n\t\t\t\t<div class=\"elementor-element elementor-element-b7d7021 elementor-widget__width-initial elementor-widget-mobile__width-inherit elementor-widget elementor-widget-text-editor\" data-id=\"b7d7021\" data-element_type=\"widget\" data-widget_type=\"text-editor.default\">\n\t\t\t\t\t\t\t\t\t<p>Sediada em Banguecoque, com mais de 70 funcion\u00e1rios a trabalhar numa \u00e1rea de 1000 m2, a Brasport Tail\u00e2ndia encarna o alcance internacional do grupo, garantindo ao mesmo tempo uma qualidade consistente e um acompanhamento rigoroso, de acordo com os padr\u00f5es su\u00ed\u00e7os.<\/p>\t\t\t\t\t\t\t\t<\/div>\n\t\t\t\t\t<\/div>\n\t\t\t\t<\/div>\n\t\t\t\t\t<\/div>\n\t\t\t\t<\/div>\n\t\t<div class=\"elementor-element elementor-element-fed761d e-flex e-con-boxed e-con e-parent\" data-id=\"fed761d\" data-element_type=\"container\">\n\t\t\t\t\t<div class=\"e-con-inner\">\n\t\t<div class=\"elementor-element elementor-element-7688d85 e-con-full e-flex e-con e-child\" data-id=\"7688d85\" data-element_type=\"container\">\n\t\t\t\t<div class=\"elementor-element elementor-element-0e5bf50 elementor-widget elementor-widget-image\" data-id=\"0e5bf50\" data-element_type=\"widget\" data-widget_type=\"image.default\">\n\t\t\t\t\t\t\t\t\t\t\t\t\t\t\t<img fetchpriority=\"high\" decoding=\"async\" width=\"2048\" height=\"1365\" src=\"https:\/\/brasport-group.com\/wp-content\/uploads\/2025\/10\/1-1-scaled.jpg\" class=\"attachment-full size-full wp-image-1508\" alt=\"\" srcset=\"https:\/\/brasport-group.com\/wp-content\/uploads\/2025\/10\/1-1-scaled.jpg 2048w, https:\/\/brasport-group.com\/wp-content\/uploads\/2025\/10\/1-1-300x200.jpg 300w, https:\/\/brasport-group.com\/wp-content\/uploads\/2025\/10\/1-1-1024x683.jpg 1024w, https:\/\/brasport-group.com\/wp-content\/uploads\/2025\/10\/1-1-768x512.jpg 768w, https:\/\/brasport-group.com\/wp-content\/uploads\/2025\/10\/1-1-1536x1024.jpg 1536w\" sizes=\"(max-width: 2048px) 100vw, 2048px\" \/>\t\t\t\t\t\t\t\t\t\t\t\t\t\t\t<\/div>\n\t\t\t\t<\/div>\n\t\t<div class=\"elementor-element elementor-element-32f3329 e-con-full e-flex e-con e-child\" data-id=\"32f3329\" data-element_type=\"container\">\n\t\t<div class=\"elementor-element elementor-element-6905e4a e-con-full e-flex e-con e-child\" data-id=\"6905e4a\" data-element_type=\"container\">\n\t\t\t\t<div class=\"elementor-element elementor-element-5fccae0 elementor-widget elementor-widget-heading\" data-id=\"5fccae0\" data-element_type=\"widget\" data-widget_type=\"heading.default\">\n\t\t\t\t\t<h3 class=\"elementor-heading-title elementor-size-default\">Excel\u00eancia na fabrica\u00e7\u00e3o<\/h3>\t\t\t\t<\/div>\n\t\t\t\t<div class=\"elementor-element elementor-element-6e1ed8b elementor-widget elementor-widget-text-editor\" data-id=\"6e1ed8b\" data-element_type=\"widget\" data-widget_type=\"text-editor.default\">\n\t\t\t\t\t\t\t\t\t<p>A equipa local fabrica braceletes de rel\u00f3gio em couro, peles ex\u00f3ticas e materiais sint\u00e9ticos, cumprindo os requisitos t\u00e9cnicos e est\u00e9ticos das marcas de luxo. Gra\u00e7as a processos bem estabelecidos e a uma supervis\u00e3o de qualidade, este centro de produ\u00e7\u00e3o oferece uma produ\u00e7\u00e3o fi\u00e1vel e reativa, em perfeita sinergia com os outros centros do grupo. <\/p>\t\t\t\t\t\t\t\t<\/div>\n\t\t\t\t<\/div>\n\t\t\t\t<\/div>\n\t\t\t\t\t<\/div>\n\t\t\t\t<\/div>\n\t\t<div class=\"elementor-element elementor-element-fc32b84 e-flex e-con-boxed e-con e-parent\" data-id=\"fc32b84\" data-element_type=\"container\">\n\t\t\t\t\t<div class=\"e-con-inner\">\n\t\t<div class=\"elementor-element elementor-element-3e2aa44 e-con-full e-flex e-con e-child\" data-id=\"3e2aa44\" data-element_type=\"container\">\n\t\t<div class=\"elementor-element elementor-element-35a6a5e e-con-full e-flex e-con e-child\" data-id=\"35a6a5e\" data-element_type=\"container\">\n\t\t\t\t<div class=\"elementor-element elementor-element-eda1ebc elementor-widget elementor-widget-heading\" data-id=\"eda1ebc\" data-element_type=\"widget\" data-widget_type=\"heading.default\">\n\t\t\t\t\t<h3 class=\"elementor-heading-title elementor-size-default\">Compromisso com a qualidade<br>e o meio ambiente<\/h3>\t\t\t\t<\/div>\n\t\t\t\t<div class=\"elementor-element elementor-element-b7acaed elementor-widget elementor-widget-text-editor\" data-id=\"b7acaed\" data-element_type=\"widget\" data-widget_type=\"text-editor.default\">\n\t\t\t\t\t\t\t\t\t<p>A Brasport Tail\u00e2ndia possui certifica\u00e7\u00f5es internacionais ISO 9001 e ISO 14001, garantindo a conformidade com as normas de qualidade e de gest\u00e3o ambiental.<\/p>\t\t\t\t\t\t\t\t<\/div>\n\t\t\t\t<\/div>\n\t\t\t\t<\/div>\n\t\t<div class=\"elementor-element elementor-element-16d4509 e-con-full e-flex e-con e-child\" data-id=\"16d4509\" data-element_type=\"container\">\n\t\t\t\t<div class=\"elementor-element elementor-element-0534af4 elementor-widget elementor-widget-image\" data-id=\"0534af4\" data-element_type=\"widget\" data-widget_type=\"image.default\">\n\t\t\t\t\t\t\t\t\t\t\t\t\t\t\t<img decoding=\"async\" width=\"2048\" height=\"1365\" src=\"https:\/\/brasport-group.com\/wp-content\/uploads\/2025\/10\/2-2-scaled.jpg\" class=\"attachment-full size-full wp-image-1511\" alt=\"\" srcset=\"https:\/\/brasport-group.com\/wp-content\/uploads\/2025\/10\/2-2-scaled.jpg 2048w, https:\/\/brasport-group.com\/wp-content\/uploads\/2025\/10\/2-2-300x200.jpg 300w, https:\/\/brasport-group.com\/wp-content\/uploads\/2025\/10\/2-2-1024x683.jpg 1024w, https:\/\/brasport-group.com\/wp-content\/uploads\/2025\/10\/2-2-768x512.jpg 768w, https:\/\/brasport-group.com\/wp-content\/uploads\/2025\/10\/2-2-1536x1024.jpg 1536w\" sizes=\"(max-width: 2048px) 100vw, 2048px\" \/>\t\t\t\t\t\t\t\t\t\t\t\t\t\t\t<\/div>\n\t\t\t\t<\/div>\n\t\t\t\t\t<\/div>\n\t\t\t\t<\/div>\n\t\t<div class=\"elementor-element elementor-element-84a27c3 e-flex e-con-boxed e-con e-parent\" data-id=\"84a27c3\" data-element_type=\"container\">\n\t\t\t\t\t<div class=\"e-con-inner\">\n\t\t<div class=\"elementor-element elementor-element-556c8f4 e-con-full e-flex e-con e-child\" data-id=\"556c8f4\" data-element_type=\"container\">\n\t\t\t\t<div class=\"elementor-element elementor-element-4ef9713 elementor-widget elementor-widget-image\" data-id=\"4ef9713\" data-element_type=\"widget\" data-widget_type=\"image.default\">\n\t\t\t\t\t\t\t\t\t\t\t\t\t\t\t<img decoding=\"async\" width=\"800\" height=\"533\" src=\"https:\/\/brasport-group.com\/wp-content\/uploads\/2025\/11\/image-18.jpg\" class=\"attachment-full size-full wp-image-3026\" alt=\"\" srcset=\"https:\/\/brasport-group.com\/wp-content\/uploads\/2025\/11\/image-18.jpg 800w, https:\/\/brasport-group.com\/wp-content\/uploads\/2025\/11\/image-18-300x200.jpg 300w, https:\/\/brasport-group.com\/wp-content\/uploads\/2025\/11\/image-18-768x512.jpg 768w\" sizes=\"(max-width: 800px) 100vw, 800px\" \/>\t\t\t\t\t\t\t\t\t\t\t\t\t\t\t<\/div>\n\t\t\t\t<\/div>\n\t\t<div class=\"elementor-element elementor-element-4fa77ea e-con-full e-flex e-con e-child\" data-id=\"4fa77ea\" data-element_type=\"container\">\n\t\t<div class=\"elementor-element elementor-element-fef54df e-con-full e-flex e-con e-child\" data-id=\"fef54df\" data-element_type=\"container\">\n\t\t\t\t<div class=\"elementor-element elementor-element-dc3cbec elementor-widget elementor-widget-heading\" data-id=\"dc3cbec\" data-element_type=\"widget\" data-widget_type=\"heading.default\">\n\t\t\t\t\t<h3 class=\"elementor-heading-title elementor-size-default\">Vantagem estrat\u00e9gica<\/h3>\t\t\t\t<\/div>\n\t\t\t\t<div class=\"elementor-element elementor-element-d9b2e1c elementor-widget elementor-widget-text-editor\" data-id=\"d9b2e1c\" data-element_type=\"widget\" data-widget_type=\"text-editor.default\">\n\t\t\t\t\t\t\t\t\t<p>Verdadeiro trunfo estrat\u00e9gico para o Grupo, esta implanta\u00e7\u00e3o permite servir melhor os nossos parceiros, apoiando ao mesmo tempo a flexibilidade, a proximidade log\u00edstica e a agilidade industrial da Brasport \u00e0 escala mundial.<\/p>\t\t\t\t\t\t\t\t<\/div>\n\t\t\t\t<\/div>\n\t\t\t\t<\/div>\n\t\t\t\t\t<\/div>\n\t\t\t\t<\/div>\n\t\t<div class=\"elementor-element elementor-element-df7a15a e-flex e-con-boxed e-con e-parent\" data-id=\"df7a15a\" data-element_type=\"container\">\n\t\t\t\t\t<div class=\"e-con-inner\">\n\t\t<div class=\"elementor-element elementor-element-9977ae7 e-con-full e-flex e-con e-child\" data-id=\"9977ae7\" data-element_type=\"container\">\n\t\t\t\t<div class=\"elementor-element elementor-element-e749774 elementor-widget elementor-widget-heading\" data-id=\"e749774\" data-element_type=\"widget\" data-widget_type=\"heading.default\">\n\t\t\t\t\t<h3 class=\"elementor-heading-title elementor-size-default\">Informa\u00e7\u00f5es de Contato da Empresa<\/h3>\t\t\t\t<\/div>\n\t\t\t\t<div class=\"elementor-element elementor-element-cc07616 elementor-widget elementor-widget-text-editor\" data-id=\"cc07616\" data-element_type=\"widget\" data-widget_type=\"text-editor.default\">\n\t\t\t\t\t\t\t\t\t<p><span style=\"font-weight: 400;\">Contacte a Brasport Tail\u00e2ndia por telefone: +66 2 739 6423<\/span><\/p>\t\t\t\t\t\t\t\t<\/div>\n\t\t\t\t<div class=\"elementor-element elementor-element-dd346be elementor-widget elementor-widget-google_maps\" data-id=\"dd346be\" data-element_type=\"widget\" data-widget_type=\"google_maps.default\">\n\t\t\t\t\t\t\t<div class=\"elementor-custom-embed\">\n\t\t\t<iframe loading=\"lazy\"\n\t\t\t\t\tsrc=\"https:\/\/maps.google.com\/maps?q=Brasport%20Thailand%20Co.%2C%20Ltd.%2C%20251%20Nikhom%20Utsahakam%20Lat%20Krabang%20Alley%2C%20Lam%20Pla%20Thio%2C%20Lat%20Krabang%2C%20Bangkok%2010520%2C%20Tha%C3%AFlande&#038;t=m&#038;z=10&#038;output=embed&#038;iwloc=near\"\n\t\t\t\t\ttitle=\"Brasport Thailand Co., Ltd., 251 Nikhom Utsahakam Lat Krabang Alley, Lam Pla Thio, Lat Krabang, Bangkok 10520, Tha\u00eflande\"\n\t\t\t\t\taria-label=\"Brasport Thailand Co., Ltd., 251 Nikhom Utsahakam Lat Krabang Alley, Lam Pla Thio, Lat Krabang, Bangkok 10520, Tha\u00eflande\"\n\t\t\t><\/iframe>\n\t\t<\/div>\n\t\t\t\t\t\t<\/div>\n\t\t\t\t<\/div>\n\t\t\t\t\t<\/div>\n\t\t\t\t<\/div>\n\t\t\t\t<\/div>\n\t\t","protected":false},"excerpt":{"rendered":"<p>Precis\u00e3o e Experi\u00eancia na \u00c1sia Sediada em Banguecoque, com mais de 70 funcion\u00e1rios a trabalhar numa \u00e1rea de 1000 m2, a Brasport Tail\u00e2ndia encarna o alcance internacional do grupo, garantindo ao mesmo tempo uma qualidade consistente e um acompanhamento rigoroso, de acordo com os padr\u00f5es su\u00ed\u00e7os. Excel\u00eancia na fabrica\u00e7\u00e3o A equipa local fabrica braceletes de [&hellip;]<\/p>\n","protected":false},"author":1,"featured_media":0,"parent":2095,"menu_order":0,"comment_status":"closed","ping_status":"closed","template":"","meta":{"_acf_changed":false,"footnotes":""},"class_list":["post-1945","page","type-page","status-publish","hentry"],"acf":[],"yoast_head":"<!-- This site is optimized with the Yoast SEO plugin v26.4 - https:\/\/yoast.com\/wordpress\/plugins\/seo\/ -->\n<title>Brasport Tail\u00e2ndia - Brasport<\/title>\n<meta name=\"robots\" content=\"index, follow, max-snippet:-1, max-image-preview:large, max-video-preview:-1\" \/>\n<link rel=\"canonical\" href=\"https:\/\/brasport-group.com\/pt-pt\/o-grupo\/nossos-locais-de-producao\/brasport-tailandia\/\" \/>\n<meta property=\"og:locale\" content=\"pt_PT\" \/>\n<meta property=\"og:type\" content=\"article\" \/>\n<meta property=\"og:title\" content=\"Brasport Tail\u00e2ndia - Brasport\" \/>\n<meta property=\"og:description\" content=\"Precis\u00e3o e Experi\u00eancia na \u00c1sia Sediada em Banguecoque, com mais de 70 funcion\u00e1rios a trabalhar numa \u00e1rea de 1000 m2, a Brasport Tail\u00e2ndia encarna o alcance internacional do grupo, garantindo ao mesmo tempo uma qualidade consistente e um acompanhamento rigoroso, de acordo com os padr\u00f5es su\u00ed\u00e7os. Excel\u00eancia na fabrica\u00e7\u00e3o A equipa local fabrica braceletes de [&hellip;]\" \/>\n<meta property=\"og:url\" content=\"https:\/\/brasport-group.com\/pt-pt\/o-grupo\/nossos-locais-de-producao\/brasport-tailandia\/\" \/>\n<meta property=\"og:site_name\" content=\"Brasport\" \/>\n<meta property=\"article:modified_time\" content=\"2025-12-10T10:45:31+00:00\" \/>\n<meta property=\"og:image\" content=\"https:\/\/brasport-group.com\/wp-content\/uploads\/2025\/10\/1-1-scaled.jpg\" \/>\n\t<meta property=\"og:image:width\" content=\"2048\" \/>\n\t<meta property=\"og:image:height\" content=\"1365\" \/>\n\t<meta property=\"og:image:type\" content=\"image\/jpeg\" \/>\n<meta name=\"twitter:card\" content=\"summary_large_image\" \/>\n<meta name=\"twitter:label1\" content=\"Tempo estimado de leitura\" \/>\n\t<meta name=\"twitter:data1\" content=\"1 minuto\" \/>\n<script type=\"application\/ld+json\" class=\"yoast-schema-graph\">{\"@context\":\"https:\/\/schema.org\",\"@graph\":[{\"@type\":\"WebPage\",\"@id\":\"https:\/\/brasport-group.com\/pt-pt\/o-grupo\/nossos-locais-de-producao\/brasport-tailandia\/\",\"url\":\"https:\/\/brasport-group.com\/pt-pt\/o-grupo\/nossos-locais-de-producao\/brasport-tailandia\/\",\"name\":\"Brasport Tail\u00e2ndia - Brasport\",\"isPartOf\":{\"@id\":\"https:\/\/brasport-group.com\/fr\/#website\"},\"primaryImageOfPage\":{\"@id\":\"https:\/\/brasport-group.com\/pt-pt\/o-grupo\/nossos-locais-de-producao\/brasport-tailandia\/#primaryimage\"},\"image\":{\"@id\":\"https:\/\/brasport-group.com\/pt-pt\/o-grupo\/nossos-locais-de-producao\/brasport-tailandia\/#primaryimage\"},\"thumbnailUrl\":\"https:\/\/brasport-group.com\/wp-content\/uploads\/2025\/10\/1-1-scaled.jpg\",\"datePublished\":\"2025-08-28T10:44:53+00:00\",\"dateModified\":\"2025-12-10T10:45:31+00:00\",\"breadcrumb\":{\"@id\":\"https:\/\/brasport-group.com\/pt-pt\/o-grupo\/nossos-locais-de-producao\/brasport-tailandia\/#breadcrumb\"},\"inLanguage\":\"pt-PT\",\"potentialAction\":[{\"@type\":\"ReadAction\",\"target\":[\"https:\/\/brasport-group.com\/pt-pt\/o-grupo\/nossos-locais-de-producao\/brasport-tailandia\/\"]}]},{\"@type\":\"ImageObject\",\"inLanguage\":\"pt-PT\",\"@id\":\"https:\/\/brasport-group.com\/pt-pt\/o-grupo\/nossos-locais-de-producao\/brasport-tailandia\/#primaryimage\",\"url\":\"https:\/\/brasport-group.com\/wp-content\/uploads\/2025\/10\/1-1-scaled.jpg\",\"contentUrl\":\"https:\/\/brasport-group.com\/wp-content\/uploads\/2025\/10\/1-1-scaled.jpg\"},{\"@type\":\"BreadcrumbList\",\"@id\":\"https:\/\/brasport-group.com\/pt-pt\/o-grupo\/nossos-locais-de-producao\/brasport-tailandia\/#breadcrumb\",\"itemListElement\":[{\"@type\":\"ListItem\",\"position\":1,\"name\":\"P\u00e1gina inicial\",\"item\":\"https:\/\/brasport-group.com\/pt-pt\/pagina-inicial\/\"},{\"@type\":\"ListItem\",\"position\":2,\"name\":\"O Grupo\",\"item\":\"https:\/\/brasport-group.com\/pt-pt\/o-grupo\/\"},{\"@type\":\"ListItem\",\"position\":3,\"name\":\"Os nossos centros de produ\u00e7\u00e3o\",\"item\":\"https:\/\/brasport-group.com\/pt-pt\/o-grupo\/nossos-locais-de-producao\/\"},{\"@type\":\"ListItem\",\"position\":4,\"name\":\"Brasport Tail\u00e2ndia\"}]},{\"@type\":\"WebSite\",\"@id\":\"https:\/\/brasport-group.com\/fr\/#website\",\"url\":\"https:\/\/brasport-group.com\/fr\/\",\"name\":\"Brasport\",\"description\":\"Passion et excellence\",\"publisher\":{\"@id\":\"https:\/\/brasport-group.com\/fr\/#organization\"},\"potentialAction\":[{\"@type\":\"SearchAction\",\"target\":{\"@type\":\"EntryPoint\",\"urlTemplate\":\"https:\/\/brasport-group.com\/fr\/?s={search_term_string}\"},\"query-input\":{\"@type\":\"PropertyValueSpecification\",\"valueRequired\":true,\"valueName\":\"search_term_string\"}}],\"inLanguage\":\"pt-PT\"},{\"@type\":\"Organization\",\"@id\":\"https:\/\/brasport-group.com\/fr\/#organization\",\"name\":\"Brasport\",\"url\":\"https:\/\/brasport-group.com\/fr\/\",\"logo\":{\"@type\":\"ImageObject\",\"inLanguage\":\"pt-PT\",\"@id\":\"https:\/\/brasport-group.com\/fr\/#\/schema\/logo\/image\/\",\"url\":\"https:\/\/brasport-group.com\/wp-content\/uploads\/2025\/08\/logo-brasport-group.png\",\"contentUrl\":\"https:\/\/brasport-group.com\/wp-content\/uploads\/2025\/08\/logo-brasport-group.png\",\"width\":411,\"height\":34,\"caption\":\"Brasport\"},\"image\":{\"@id\":\"https:\/\/brasport-group.com\/fr\/#\/schema\/logo\/image\/\"}}]}<\/script>\n<!-- \/ Yoast SEO plugin. -->","yoast_head_json":{"title":"Brasport Tail\u00e2ndia - Brasport","robots":{"index":"index","follow":"follow","max-snippet":"max-snippet:-1","max-image-preview":"max-image-preview:large","max-video-preview":"max-video-preview:-1"},"canonical":"https:\/\/brasport-group.com\/pt-pt\/o-grupo\/nossos-locais-de-producao\/brasport-tailandia\/","og_locale":"pt_PT","og_type":"article","og_title":"Brasport Tail\u00e2ndia - Brasport","og_description":"Precis\u00e3o e Experi\u00eancia na \u00c1sia Sediada em Banguecoque, com mais de 70 funcion\u00e1rios a trabalhar numa \u00e1rea de 1000 m2, a Brasport Tail\u00e2ndia encarna o alcance internacional do grupo, garantindo ao mesmo tempo uma qualidade consistente e um acompanhamento rigoroso, de acordo com os padr\u00f5es su\u00ed\u00e7os. Excel\u00eancia na fabrica\u00e7\u00e3o A equipa local fabrica braceletes de [&hellip;]","og_url":"https:\/\/brasport-group.com\/pt-pt\/o-grupo\/nossos-locais-de-producao\/brasport-tailandia\/","og_site_name":"Brasport","article_modified_time":"2025-12-10T10:45:31+00:00","og_image":[{"width":2048,"height":1365,"url":"https:\/\/brasport-group.com\/wp-content\/uploads\/2025\/10\/1-1-scaled.jpg","type":"image\/jpeg"}],"twitter_card":"summary_large_image","twitter_misc":{"Tempo estimado de leitura":"1 minuto"},"schema":{"@context":"https:\/\/schema.org","@graph":[{"@type":"WebPage","@id":"https:\/\/brasport-group.com\/pt-pt\/o-grupo\/nossos-locais-de-producao\/brasport-tailandia\/","url":"https:\/\/brasport-group.com\/pt-pt\/o-grupo\/nossos-locais-de-producao\/brasport-tailandia\/","name":"Brasport Tail\u00e2ndia - Brasport","isPartOf":{"@id":"https:\/\/brasport-group.com\/fr\/#website"},"primaryImageOfPage":{"@id":"https:\/\/brasport-group.com\/pt-pt\/o-grupo\/nossos-locais-de-producao\/brasport-tailandia\/#primaryimage"},"image":{"@id":"https:\/\/brasport-group.com\/pt-pt\/o-grupo\/nossos-locais-de-producao\/brasport-tailandia\/#primaryimage"},"thumbnailUrl":"https:\/\/brasport-group.com\/wp-content\/uploads\/2025\/10\/1-1-scaled.jpg","datePublished":"2025-08-28T10:44:53+00:00","dateModified":"2025-12-10T10:45:31+00:00","breadcrumb":{"@id":"https:\/\/brasport-group.com\/pt-pt\/o-grupo\/nossos-locais-de-producao\/brasport-tailandia\/#breadcrumb"},"inLanguage":"pt-PT","potentialAction":[{"@type":"ReadAction","target":["https:\/\/brasport-group.com\/pt-pt\/o-grupo\/nossos-locais-de-producao\/brasport-tailandia\/"]}]},{"@type":"ImageObject","inLanguage":"pt-PT","@id":"https:\/\/brasport-group.com\/pt-pt\/o-grupo\/nossos-locais-de-producao\/brasport-tailandia\/#primaryimage","url":"https:\/\/brasport-group.com\/wp-content\/uploads\/2025\/10\/1-1-scaled.jpg","contentUrl":"https:\/\/brasport-group.com\/wp-content\/uploads\/2025\/10\/1-1-scaled.jpg"},{"@type":"BreadcrumbList","@id":"https:\/\/brasport-group.com\/pt-pt\/o-grupo\/nossos-locais-de-producao\/brasport-tailandia\/#breadcrumb","itemListElement":[{"@type":"ListItem","position":1,"name":"P\u00e1gina inicial","item":"https:\/\/brasport-group.com\/pt-pt\/pagina-inicial\/"},{"@type":"ListItem","position":2,"name":"O Grupo","item":"https:\/\/brasport-group.com\/pt-pt\/o-grupo\/"},{"@type":"ListItem","position":3,"name":"Os nossos centros de produ\u00e7\u00e3o","item":"https:\/\/brasport-group.com\/pt-pt\/o-grupo\/nossos-locais-de-producao\/"},{"@type":"ListItem","position":4,"name":"Brasport Tail\u00e2ndia"}]},{"@type":"WebSite","@id":"https:\/\/brasport-group.com\/fr\/#website","url":"https:\/\/brasport-group.com\/fr\/","name":"Brasport","description":"Passion et excellence","publisher":{"@id":"https:\/\/brasport-group.com\/fr\/#organization"},"potentialAction":[{"@type":"SearchAction","target":{"@type":"EntryPoint","urlTemplate":"https:\/\/brasport-group.com\/fr\/?s={search_term_string}"},"query-input":{"@type":"PropertyValueSpecification","valueRequired":true,"valueName":"search_term_string"}}],"inLanguage":"pt-PT"},{"@type":"Organization","@id":"https:\/\/brasport-group.com\/fr\/#organization","name":"Brasport","url":"https:\/\/brasport-group.com\/fr\/","logo":{"@type":"ImageObject","inLanguage":"pt-PT","@id":"https:\/\/brasport-group.com\/fr\/#\/schema\/logo\/image\/","url":"https:\/\/brasport-group.com\/wp-content\/uploads\/2025\/08\/logo-brasport-group.png","contentUrl":"https:\/\/brasport-group.com\/wp-content\/uploads\/2025\/08\/logo-brasport-group.png","width":411,"height":34,"caption":"Brasport"},"image":{"@id":"https:\/\/brasport-group.com\/fr\/#\/schema\/logo\/image\/"}}]}},"_links":{"self":[{"href":"https:\/\/brasport-group.com\/pt-pt\/wp-json\/wp\/v2\/pages\/1945","targetHints":{"allow":["GET"]}}],"collection":[{"href":"https:\/\/brasport-group.com\/pt-pt\/wp-json\/wp\/v2\/pages"}],"about":[{"href":"https:\/\/brasport-group.com\/pt-pt\/wp-json\/wp\/v2\/types\/page"}],"author":[{"embeddable":true,"href":"https:\/\/brasport-group.com\/pt-pt\/wp-json\/wp\/v2\/users\/1"}],"replies":[{"embeddable":true,"href":"https:\/\/brasport-group.com\/pt-pt\/wp-json\/wp\/v2\/comments?post=1945"}],"version-history":[{"count":16,"href":"https:\/\/brasport-group.com\/pt-pt\/wp-json\/wp\/v2\/pages\/1945\/revisions"}],"predecessor-version":[{"id":3571,"href":"https:\/\/brasport-group.com\/pt-pt\/wp-json\/wp\/v2\/pages\/1945\/revisions\/3571"}],"up":[{"embeddable":true,"href":"https:\/\/brasport-group.com\/pt-pt\/wp-json\/wp\/v2\/pages\/2095"}],"wp:attachment":[{"href":"https:\/\/brasport-group.com\/pt-pt\/wp-json\/wp\/v2\/media?parent=1945"}],"curies":[{"name":"wp","href":"https:\/\/api.w.org\/{rel}","templated":true}]}}