{"id":1947,"date":"2025-08-28T13:11:01","date_gmt":"2025-08-28T11:11:01","guid":{"rendered":"https:\/\/brasport-group.com\/portugal-atelie-de-micromecanica\/"},"modified":"2025-12-05T10:45:04","modified_gmt":"2025-12-05T08:45:04","slug":"portugal-atelie-de-micromecanica","status":"publish","type":"page","link":"https:\/\/brasport-group.com\/pt-pt\/o-grupo\/nossos-locais-de-producao\/portugal-atelie-de-micromecanica\/","title":{"rendered":"Portugal \u2013 Ateli\u00ea de micromec\u00e2nica"},"content":{"rendered":"\t\t<div data-elementor-type=\"wp-page\" data-elementor-id=\"1947\" class=\"elementor elementor-1947 elementor-798\" data-elementor-post-type=\"page\">\n\t\t\t\t<div class=\"elementor-element elementor-element-bf38c81 e-flex e-con-boxed e-con e-parent\" data-id=\"bf38c81\" data-element_type=\"container\" data-settings=\"{&quot;background_background&quot;:&quot;classic&quot;}\">\n\t\t\t\t\t<div class=\"e-con-inner\">\n\t\t<div class=\"elementor-element elementor-element-798bfbe animated-slow e-flex e-con-boxed elementor-invisible e-con e-child\" data-id=\"798bfbe\" data-element_type=\"container\" data-settings=\"{&quot;animation&quot;:&quot;fadeInUp&quot;,&quot;animation_delay&quot;:200}\">\n\t\t\t\t\t<div class=\"e-con-inner\">\n\t\t\t\t<div class=\"elementor-element elementor-element-3fa6323 elementor-align-left elementor-widget elementor-widget-breadcrumbs\" data-id=\"3fa6323\" data-element_type=\"widget\" data-widget_type=\"breadcrumbs.default\">\n\t\t\t\t\t<p id=\"breadcrumbs\"><span><span><a href=\"https:\/\/brasport-group.com\/pt-pt\/pagina-inicial\/\">P\u00e1gina inicial<\/a><\/span><\/span><\/p>\t\t\t\t<\/div>\n\t\t\t\t<div class=\"elementor-element elementor-element-e74e2c4 elementor-widget elementor-widget-heading\" data-id=\"e74e2c4\" data-element_type=\"widget\" data-widget_type=\"heading.default\">\n\t\t\t\t\t<h1 class=\"elementor-heading-title elementor-size-default\">BRADTECH \u2013 Atelier de micromec\u00e2nica\n\n <\/h1>\t\t\t\t<\/div>\n\t\t\t\t<div class=\"elementor-element elementor-element-f5b380d elementor-widget__width-initial elementor-widget-mobile__width-inherit elementor-widget elementor-widget-text-editor\" data-id=\"f5b380d\" data-element_type=\"widget\" data-widget_type=\"text-editor.default\">\n\t\t\t\t\t\t\t\t\t<p>Localizada na regi\u00e3o de Aveiro, \u00e9 a entidade do Grupo Brasport dedicada \u00e0 micromec\u00e2nica de precis\u00e3o.<\/p><p>Esta empresa, com 5 colaboradores em 1.964 m\u00b2, \u00e9 especializada na maquinagem de componentes met\u00e1licos, bem como no desenvolvimento de ferramentas destinadas \u00e0 relojoaria e \u00e0 marroquinaria, seja para as necessidades internas do grupo, seja para clientes externos. A Bradtech desempenha assim um papel central na nossa capacidade de oferecer solu\u00e7\u00f5es sob medida, desde o prot\u00f3tipo at\u00e9 \u00e0 produ\u00e7\u00e3o em s\u00e9rie.<\/p>\t\t\t\t\t\t\t\t<\/div>\n\t\t\t\t\t<\/div>\n\t\t\t\t<\/div>\n\t\t\t\t\t<\/div>\n\t\t\t\t<\/div>\n\t\t<div class=\"elementor-element elementor-element-0cb7f10 e-flex e-con-boxed e-con e-parent\" data-id=\"0cb7f10\" data-element_type=\"container\">\n\t\t\t\t\t<div class=\"e-con-inner\">\n\t\t<div class=\"elementor-element elementor-element-40d46ff e-con-full e-flex e-con e-child\" data-id=\"40d46ff\" data-element_type=\"container\">\n\t\t\t\t<div class=\"elementor-element elementor-element-dae80b2 elementor-widget elementor-widget-image\" data-id=\"dae80b2\" data-element_type=\"widget\" data-widget_type=\"image.default\">\n\t\t\t\t\t\t\t\t\t\t\t\t\t\t\t<img fetchpriority=\"high\" decoding=\"async\" width=\"2048\" height=\"1152\" src=\"https:\/\/brasport-group.com\/wp-content\/uploads\/2025\/10\/1-2-scaled.jpg\" class=\"attachment-full size-full wp-image-1517\" alt=\"\" srcset=\"https:\/\/brasport-group.com\/wp-content\/uploads\/2025\/10\/1-2-scaled.jpg 2048w, https:\/\/brasport-group.com\/wp-content\/uploads\/2025\/10\/1-2-300x169.jpg 300w, https:\/\/brasport-group.com\/wp-content\/uploads\/2025\/10\/1-2-1024x576.jpg 1024w, https:\/\/brasport-group.com\/wp-content\/uploads\/2025\/10\/1-2-768x432.jpg 768w, https:\/\/brasport-group.com\/wp-content\/uploads\/2025\/10\/1-2-1536x864.jpg 1536w\" sizes=\"(max-width: 2048px) 100vw, 2048px\" \/>\t\t\t\t\t\t\t\t\t\t\t\t\t\t\t<\/div>\n\t\t\t\t<\/div>\n\t\t<div class=\"elementor-element elementor-element-d97b3a8 e-con-full e-flex e-con e-child\" data-id=\"d97b3a8\" data-element_type=\"container\">\n\t\t<div class=\"elementor-element elementor-element-4e4ee29 e-con-full e-flex e-con e-child\" data-id=\"4e4ee29\" data-element_type=\"container\">\n\t\t\t\t<div class=\"elementor-element elementor-element-21e52b6 elementor-widget elementor-widget-heading\" data-id=\"21e52b6\" data-element_type=\"widget\" data-widget_type=\"heading.default\">\n\t\t\t\t\t<h3 class=\"elementor-heading-title elementor-size-default\">Excel\u00eancia na fabrica\u00e7\u00e3o<\/h3>\t\t\t\t<\/div>\n\t\t\t\t<div class=\"elementor-element elementor-element-a43bbb9 elementor-widget elementor-widget-text-editor\" data-id=\"a43bbb9\" data-element_type=\"widget\" data-widget_type=\"text-editor.default\">\n\t\t\t\t\t\t\t\t\t<p>Equipado com m\u00e1quinas modernas e um departamento de qualidade de alto desempenho, dotado de instrumentos de medi\u00e7\u00e3o de alta precis\u00e3o, o atelier da Brasport compromete-se a garantir um n\u00edvel de exig\u00eancia elevado.<\/p><p>Integra-se plenamente na nossa oferta chave na m\u00e3o, proporcionando um apoio essencial aos projetos desenvolvidos no seio do grupo, gra\u00e7as \u00e0 grande reatividade, ao dom\u00ednio t\u00e9cnico interno e \u00e0 capacidade de produzir rapidamente componentes personalizados.<br><\/p>\t\t\t\t\t\t\t\t<\/div>\n\t\t\t\t<\/div>\n\t\t\t\t<\/div>\n\t\t\t\t\t<\/div>\n\t\t\t\t<\/div>\n\t\t<div class=\"elementor-element elementor-element-c40bbaa e-flex e-con-boxed e-con e-parent\" data-id=\"c40bbaa\" data-element_type=\"container\">\n\t\t\t\t\t<div class=\"e-con-inner\">\n\t\t<div class=\"elementor-element elementor-element-3071d19 e-con-full e-flex e-con e-child\" data-id=\"3071d19\" data-element_type=\"container\">\n\t\t<div class=\"elementor-element elementor-element-13556dc e-con-full e-flex e-con e-child\" data-id=\"13556dc\" data-element_type=\"container\">\n\t\t\t\t<div class=\"elementor-element elementor-element-0fc9f8a elementor-widget elementor-widget-heading\" data-id=\"0fc9f8a\" data-element_type=\"widget\" data-widget_type=\"heading.default\">\n\t\t\t\t\t<h3 class=\"elementor-heading-title elementor-size-default\">Diversifica\u00e7\u00e3o de mercados<\/h3>\t\t\t\t<\/div>\n\t\t\t\t<div class=\"elementor-element elementor-element-41592c8 elementor-widget elementor-widget-text-editor\" data-id=\"41592c8\" data-element_type=\"widget\" data-widget_type=\"text-editor.default\">\n\t\t\t\t\t\t\t\t\t<p>Com um edif\u00edcio novo, espa\u00e7o dispon\u00edvel para a sua evolu\u00e7\u00e3o e uma equipa determinada a explorar novos mercados, amplia agora o seu campo de atua\u00e7\u00e3o para setores como o autom\u00f3vel, a joalharia, o setor m\u00e9dico e o aeroespacial.<\/p>\t\t\t\t\t\t\t\t<\/div>\n\t\t\t\t<\/div>\n\t\t\t\t<\/div>\n\t\t<div class=\"elementor-element elementor-element-9457bb8 e-con-full e-flex e-con e-child\" data-id=\"9457bb8\" data-element_type=\"container\">\n\t\t\t\t<div class=\"elementor-element elementor-element-99e65e9 elementor-widget elementor-widget-image\" data-id=\"99e65e9\" data-element_type=\"widget\" data-widget_type=\"image.default\">\n\t\t\t\t\t\t\t\t\t\t\t\t\t\t\t<img decoding=\"async\" width=\"2048\" height=\"1365\" src=\"https:\/\/brasport-group.com\/wp-content\/uploads\/2025\/10\/2-1-1-scaled.jpg\" class=\"attachment-full size-full wp-image-1521\" alt=\"\" srcset=\"https:\/\/brasport-group.com\/wp-content\/uploads\/2025\/10\/2-1-1-scaled.jpg 2048w, https:\/\/brasport-group.com\/wp-content\/uploads\/2025\/10\/2-1-1-300x200.jpg 300w, https:\/\/brasport-group.com\/wp-content\/uploads\/2025\/10\/2-1-1-1024x683.jpg 1024w, https:\/\/brasport-group.com\/wp-content\/uploads\/2025\/10\/2-1-1-768x512.jpg 768w, https:\/\/brasport-group.com\/wp-content\/uploads\/2025\/10\/2-1-1-1536x1024.jpg 1536w\" sizes=\"(max-width: 2048px) 100vw, 2048px\" \/>\t\t\t\t\t\t\t\t\t\t\t\t\t\t\t<\/div>\n\t\t\t\t<\/div>\n\t\t\t\t\t<\/div>\n\t\t\t\t<\/div>\n\t\t<div class=\"elementor-element elementor-element-f787a31 e-flex e-con-boxed e-con e-parent\" data-id=\"f787a31\" data-element_type=\"container\">\n\t\t\t\t\t<div class=\"e-con-inner\">\n\t\t<div class=\"elementor-element elementor-element-35d1d33 e-con-full e-flex e-con e-child\" data-id=\"35d1d33\" data-element_type=\"container\">\n\t\t\t\t<div class=\"elementor-element elementor-element-adf222d elementor-widget elementor-widget-image\" data-id=\"adf222d\" data-element_type=\"widget\" data-widget_type=\"image.default\">\n\t\t\t\t\t\t\t\t\t\t\t\t\t\t\t<img decoding=\"async\" width=\"800\" height=\"533\" src=\"https:\/\/brasport-group.com\/wp-content\/uploads\/2025\/12\/image-24.jpg\" class=\"attachment-full size-full wp-image-3348\" alt=\"\" srcset=\"https:\/\/brasport-group.com\/wp-content\/uploads\/2025\/12\/image-24.jpg 800w, https:\/\/brasport-group.com\/wp-content\/uploads\/2025\/12\/image-24-300x200.jpg 300w, https:\/\/brasport-group.com\/wp-content\/uploads\/2025\/12\/image-24-768x512.jpg 768w\" sizes=\"(max-width: 800px) 100vw, 800px\" \/>\t\t\t\t\t\t\t\t\t\t\t\t\t\t\t<\/div>\n\t\t\t\t<\/div>\n\t\t<div class=\"elementor-element elementor-element-9ed5300 e-con-full e-flex e-con e-child\" data-id=\"9ed5300\" data-element_type=\"container\">\n\t\t<div class=\"elementor-element elementor-element-53ab8ac e-con-full e-flex e-con e-child\" data-id=\"53ab8ac\" data-element_type=\"container\">\n\t\t\t\t<div class=\"elementor-element elementor-element-80f5389 elementor-widget elementor-widget-heading\" data-id=\"80f5389\" data-element_type=\"widget\" data-widget_type=\"heading.default\">\n\t\t\t\t\t<h3 class=\"elementor-heading-title elementor-size-default\">Compromisso com a qualidade<br>e a confiabilidade industrial<\/h3>\t\t\t\t<\/div>\n\t\t\t\t<div class=\"elementor-element elementor-element-b678acc elementor-widget elementor-widget-text-editor\" data-id=\"b678acc\" data-element_type=\"widget\" data-widget_type=\"text-editor.default\">\n\t\t\t\t\t\t\t\t\t<p>Certificado ISO 9001 e ISO 14001, e movido pela ambi\u00e7\u00e3o de expandir ainda mais o seu \u00e2mbito de qualidade, o ateli\u00ea posiciona-se como um ator \u00e1gil e fi\u00e1vel, pronto para enfrentar os desafios industriais de hoje e de amanh\u00e3.<\/p>\t\t\t\t\t\t\t\t<\/div>\n\t\t\t\t<\/div>\n\t\t\t\t<\/div>\n\t\t\t\t\t<\/div>\n\t\t\t\t<\/div>\n\t\t<div class=\"elementor-element elementor-element-3a28349 e-flex e-con-boxed e-con e-parent\" data-id=\"3a28349\" data-element_type=\"container\">\n\t\t\t\t\t<div class=\"e-con-inner\">\n\t\t<div class=\"elementor-element elementor-element-59a9d65 e-con-full e-flex e-con e-child\" data-id=\"59a9d65\" data-element_type=\"container\">\n\t\t\t\t<div class=\"elementor-element elementor-element-b5dfafa elementor-widget elementor-widget-heading\" data-id=\"b5dfafa\" data-element_type=\"widget\" data-widget_type=\"heading.default\">\n\t\t\t\t\t<h3 class=\"elementor-heading-title elementor-size-default\">Informa\u00e7\u00f5es de Contato da Empresa<\/h3>\t\t\t\t<\/div>\n\t\t\t\t<div class=\"elementor-element elementor-element-3ebf53a elementor-widget elementor-widget-text-editor\" data-id=\"3ebf53a\" data-element_type=\"widget\" data-widget_type=\"text-editor.default\">\n\t\t\t\t\t\t\t\t\t<p><span style=\"font-weight: 400;\">Contacte a Bradtech por telefone: +351 255 699 850<\/span><\/p>\t\t\t\t\t\t\t\t<\/div>\n\t\t\t\t<div class=\"elementor-element elementor-element-cf6b5e8 elementor-widget elementor-widget-google_maps\" data-id=\"cf6b5e8\" data-element_type=\"widget\" data-widget_type=\"google_maps.default\">\n\t\t\t\t\t\t\t<div class=\"elementor-custom-embed\">\n\t\t\t<iframe loading=\"lazy\"\n\t\t\t\t\tsrc=\"https:\/\/maps.google.com\/maps?q=BRADCO%2C%20Zona%20Industrial%20De%20Felgueiras%2C%204550-161%20Castelo%20de%20Paiva%2C%20Portugal&#038;t=m&#038;z=10&#038;output=embed&#038;iwloc=near\"\n\t\t\t\t\ttitle=\"BRADCO, Zona Industrial De Felgueiras, 4550-161 Castelo de Paiva, Portugal\"\n\t\t\t\t\taria-label=\"BRADCO, Zona Industrial De Felgueiras, 4550-161 Castelo de Paiva, Portugal\"\n\t\t\t><\/iframe>\n\t\t<\/div>\n\t\t\t\t\t\t<\/div>\n\t\t\t\t<\/div>\n\t\t\t\t\t<\/div>\n\t\t\t\t<\/div>\n\t\t\t\t<\/div>\n\t\t","protected":false},"excerpt":{"rendered":"<p>BRADTECH \u2013 Atelier de micromec\u00e2nica Localizada na regi\u00e3o de Aveiro, \u00e9 a entidade do Grupo Brasport dedicada \u00e0 micromec\u00e2nica de precis\u00e3o. Esta empresa, com 5 colaboradores em 1.964 m\u00b2, \u00e9 especializada na maquinagem de componentes met\u00e1licos, bem como no desenvolvimento de ferramentas destinadas \u00e0 relojoaria e \u00e0 marroquinaria, seja para as necessidades internas do grupo, [&hellip;]<\/p>\n","protected":false},"author":1,"featured_media":0,"parent":2095,"menu_order":0,"comment_status":"closed","ping_status":"closed","template":"","meta":{"_acf_changed":false,"footnotes":""},"class_list":["post-1947","page","type-page","status-publish","hentry"],"acf":[],"yoast_head":"<!-- This site is optimized with the Yoast SEO plugin v26.4 - https:\/\/yoast.com\/wordpress\/plugins\/seo\/ -->\n<title>Portugal \u2013 Ateli\u00ea de micromec\u00e2nica - Brasport<\/title>\n<meta name=\"robots\" content=\"index, follow, max-snippet:-1, max-image-preview:large, max-video-preview:-1\" \/>\n<link rel=\"canonical\" href=\"https:\/\/brasport-group.com\/pt-pt\/o-grupo\/nossos-locais-de-producao\/portugal-atelie-de-micromecanica\/\" \/>\n<meta property=\"og:locale\" content=\"pt_PT\" \/>\n<meta property=\"og:type\" content=\"article\" \/>\n<meta property=\"og:title\" content=\"Portugal \u2013 Ateli\u00ea de micromec\u00e2nica - Brasport\" \/>\n<meta property=\"og:description\" content=\"BRADTECH \u2013 Atelier de micromec\u00e2nica Localizada na regi\u00e3o de Aveiro, \u00e9 a entidade do Grupo Brasport dedicada \u00e0 micromec\u00e2nica de precis\u00e3o. Esta empresa, com 5 colaboradores em 1.964 m\u00b2, \u00e9 especializada na maquinagem de componentes met\u00e1licos, bem como no desenvolvimento de ferramentas destinadas \u00e0 relojoaria e \u00e0 marroquinaria, seja para as necessidades internas do grupo, [&hellip;]\" \/>\n<meta property=\"og:url\" content=\"https:\/\/brasport-group.com\/pt-pt\/o-grupo\/nossos-locais-de-producao\/portugal-atelie-de-micromecanica\/\" \/>\n<meta property=\"og:site_name\" content=\"Brasport\" \/>\n<meta property=\"article:modified_time\" content=\"2025-12-05T08:45:04+00:00\" \/>\n<meta property=\"og:image\" content=\"https:\/\/brasport-group.com\/wp-content\/uploads\/2025\/10\/1-2-scaled.jpg\" \/>\n\t<meta property=\"og:image:width\" content=\"2048\" \/>\n\t<meta property=\"og:image:height\" content=\"1152\" \/>\n\t<meta property=\"og:image:type\" content=\"image\/jpeg\" \/>\n<meta name=\"twitter:card\" content=\"summary_large_image\" \/>\n<meta name=\"twitter:label1\" content=\"Tempo estimado de leitura\" \/>\n\t<meta name=\"twitter:data1\" content=\"1 minuto\" \/>\n<script type=\"application\/ld+json\" class=\"yoast-schema-graph\">{\"@context\":\"https:\/\/schema.org\",\"@graph\":[{\"@type\":\"WebPage\",\"@id\":\"https:\/\/brasport-group.com\/pt-pt\/o-grupo\/nossos-locais-de-producao\/portugal-atelie-de-micromecanica\/\",\"url\":\"https:\/\/brasport-group.com\/pt-pt\/o-grupo\/nossos-locais-de-producao\/portugal-atelie-de-micromecanica\/\",\"name\":\"Portugal \u2013 Ateli\u00ea de micromec\u00e2nica - Brasport\",\"isPartOf\":{\"@id\":\"https:\/\/brasport-group.com\/fr\/#website\"},\"primaryImageOfPage\":{\"@id\":\"https:\/\/brasport-group.com\/pt-pt\/o-grupo\/nossos-locais-de-producao\/portugal-atelie-de-micromecanica\/#primaryimage\"},\"image\":{\"@id\":\"https:\/\/brasport-group.com\/pt-pt\/o-grupo\/nossos-locais-de-producao\/portugal-atelie-de-micromecanica\/#primaryimage\"},\"thumbnailUrl\":\"https:\/\/brasport-group.com\/wp-content\/uploads\/2025\/10\/1-2-scaled.jpg\",\"datePublished\":\"2025-08-28T11:11:01+00:00\",\"dateModified\":\"2025-12-05T08:45:04+00:00\",\"breadcrumb\":{\"@id\":\"https:\/\/brasport-group.com\/pt-pt\/o-grupo\/nossos-locais-de-producao\/portugal-atelie-de-micromecanica\/#breadcrumb\"},\"inLanguage\":\"pt-PT\",\"potentialAction\":[{\"@type\":\"ReadAction\",\"target\":[\"https:\/\/brasport-group.com\/pt-pt\/o-grupo\/nossos-locais-de-producao\/portugal-atelie-de-micromecanica\/\"]}]},{\"@type\":\"ImageObject\",\"inLanguage\":\"pt-PT\",\"@id\":\"https:\/\/brasport-group.com\/pt-pt\/o-grupo\/nossos-locais-de-producao\/portugal-atelie-de-micromecanica\/#primaryimage\",\"url\":\"https:\/\/brasport-group.com\/wp-content\/uploads\/2025\/10\/1-2-scaled.jpg\",\"contentUrl\":\"https:\/\/brasport-group.com\/wp-content\/uploads\/2025\/10\/1-2-scaled.jpg\"},{\"@type\":\"BreadcrumbList\",\"@id\":\"https:\/\/brasport-group.com\/pt-pt\/o-grupo\/nossos-locais-de-producao\/portugal-atelie-de-micromecanica\/#breadcrumb\",\"itemListElement\":[{\"@type\":\"ListItem\",\"position\":1,\"name\":\"P\u00e1gina inicial\",\"item\":\"https:\/\/brasport-group.com\/pt-pt\/pagina-inicial\/\"},{\"@type\":\"ListItem\",\"position\":2,\"name\":\"O Grupo\",\"item\":\"https:\/\/brasport-group.com\/pt-pt\/o-grupo\/\"},{\"@type\":\"ListItem\",\"position\":3,\"name\":\"Os nossos centros de produ\u00e7\u00e3o\",\"item\":\"https:\/\/brasport-group.com\/pt-pt\/o-grupo\/nossos-locais-de-producao\/\"},{\"@type\":\"ListItem\",\"position\":4,\"name\":\"Portugal \u2013 Ateli\u00ea de micromec\u00e2nica\"}]},{\"@type\":\"WebSite\",\"@id\":\"https:\/\/brasport-group.com\/fr\/#website\",\"url\":\"https:\/\/brasport-group.com\/fr\/\",\"name\":\"Brasport\",\"description\":\"Passion et excellence\",\"publisher\":{\"@id\":\"https:\/\/brasport-group.com\/fr\/#organization\"},\"potentialAction\":[{\"@type\":\"SearchAction\",\"target\":{\"@type\":\"EntryPoint\",\"urlTemplate\":\"https:\/\/brasport-group.com\/fr\/?s={search_term_string}\"},\"query-input\":{\"@type\":\"PropertyValueSpecification\",\"valueRequired\":true,\"valueName\":\"search_term_string\"}}],\"inLanguage\":\"pt-PT\"},{\"@type\":\"Organization\",\"@id\":\"https:\/\/brasport-group.com\/fr\/#organization\",\"name\":\"Brasport\",\"url\":\"https:\/\/brasport-group.com\/fr\/\",\"logo\":{\"@type\":\"ImageObject\",\"inLanguage\":\"pt-PT\",\"@id\":\"https:\/\/brasport-group.com\/fr\/#\/schema\/logo\/image\/\",\"url\":\"https:\/\/brasport-group.com\/wp-content\/uploads\/2025\/08\/logo-brasport-group.png\",\"contentUrl\":\"https:\/\/brasport-group.com\/wp-content\/uploads\/2025\/08\/logo-brasport-group.png\",\"width\":411,\"height\":34,\"caption\":\"Brasport\"},\"image\":{\"@id\":\"https:\/\/brasport-group.com\/fr\/#\/schema\/logo\/image\/\"}}]}<\/script>\n<!-- \/ Yoast SEO plugin. -->","yoast_head_json":{"title":"Portugal \u2013 Ateli\u00ea de micromec\u00e2nica - Brasport","robots":{"index":"index","follow":"follow","max-snippet":"max-snippet:-1","max-image-preview":"max-image-preview:large","max-video-preview":"max-video-preview:-1"},"canonical":"https:\/\/brasport-group.com\/pt-pt\/o-grupo\/nossos-locais-de-producao\/portugal-atelie-de-micromecanica\/","og_locale":"pt_PT","og_type":"article","og_title":"Portugal \u2013 Ateli\u00ea de micromec\u00e2nica - Brasport","og_description":"BRADTECH \u2013 Atelier de micromec\u00e2nica Localizada na regi\u00e3o de Aveiro, \u00e9 a entidade do Grupo Brasport dedicada \u00e0 micromec\u00e2nica de precis\u00e3o. Esta empresa, com 5 colaboradores em 1.964 m\u00b2, \u00e9 especializada na maquinagem de componentes met\u00e1licos, bem como no desenvolvimento de ferramentas destinadas \u00e0 relojoaria e \u00e0 marroquinaria, seja para as necessidades internas do grupo, [&hellip;]","og_url":"https:\/\/brasport-group.com\/pt-pt\/o-grupo\/nossos-locais-de-producao\/portugal-atelie-de-micromecanica\/","og_site_name":"Brasport","article_modified_time":"2025-12-05T08:45:04+00:00","og_image":[{"width":2048,"height":1152,"url":"https:\/\/brasport-group.com\/wp-content\/uploads\/2025\/10\/1-2-scaled.jpg","type":"image\/jpeg"}],"twitter_card":"summary_large_image","twitter_misc":{"Tempo estimado de leitura":"1 minuto"},"schema":{"@context":"https:\/\/schema.org","@graph":[{"@type":"WebPage","@id":"https:\/\/brasport-group.com\/pt-pt\/o-grupo\/nossos-locais-de-producao\/portugal-atelie-de-micromecanica\/","url":"https:\/\/brasport-group.com\/pt-pt\/o-grupo\/nossos-locais-de-producao\/portugal-atelie-de-micromecanica\/","name":"Portugal \u2013 Ateli\u00ea de micromec\u00e2nica - Brasport","isPartOf":{"@id":"https:\/\/brasport-group.com\/fr\/#website"},"primaryImageOfPage":{"@id":"https:\/\/brasport-group.com\/pt-pt\/o-grupo\/nossos-locais-de-producao\/portugal-atelie-de-micromecanica\/#primaryimage"},"image":{"@id":"https:\/\/brasport-group.com\/pt-pt\/o-grupo\/nossos-locais-de-producao\/portugal-atelie-de-micromecanica\/#primaryimage"},"thumbnailUrl":"https:\/\/brasport-group.com\/wp-content\/uploads\/2025\/10\/1-2-scaled.jpg","datePublished":"2025-08-28T11:11:01+00:00","dateModified":"2025-12-05T08:45:04+00:00","breadcrumb":{"@id":"https:\/\/brasport-group.com\/pt-pt\/o-grupo\/nossos-locais-de-producao\/portugal-atelie-de-micromecanica\/#breadcrumb"},"inLanguage":"pt-PT","potentialAction":[{"@type":"ReadAction","target":["https:\/\/brasport-group.com\/pt-pt\/o-grupo\/nossos-locais-de-producao\/portugal-atelie-de-micromecanica\/"]}]},{"@type":"ImageObject","inLanguage":"pt-PT","@id":"https:\/\/brasport-group.com\/pt-pt\/o-grupo\/nossos-locais-de-producao\/portugal-atelie-de-micromecanica\/#primaryimage","url":"https:\/\/brasport-group.com\/wp-content\/uploads\/2025\/10\/1-2-scaled.jpg","contentUrl":"https:\/\/brasport-group.com\/wp-content\/uploads\/2025\/10\/1-2-scaled.jpg"},{"@type":"BreadcrumbList","@id":"https:\/\/brasport-group.com\/pt-pt\/o-grupo\/nossos-locais-de-producao\/portugal-atelie-de-micromecanica\/#breadcrumb","itemListElement":[{"@type":"ListItem","position":1,"name":"P\u00e1gina inicial","item":"https:\/\/brasport-group.com\/pt-pt\/pagina-inicial\/"},{"@type":"ListItem","position":2,"name":"O Grupo","item":"https:\/\/brasport-group.com\/pt-pt\/o-grupo\/"},{"@type":"ListItem","position":3,"name":"Os nossos centros de produ\u00e7\u00e3o","item":"https:\/\/brasport-group.com\/pt-pt\/o-grupo\/nossos-locais-de-producao\/"},{"@type":"ListItem","position":4,"name":"Portugal \u2013 Ateli\u00ea de micromec\u00e2nica"}]},{"@type":"WebSite","@id":"https:\/\/brasport-group.com\/fr\/#website","url":"https:\/\/brasport-group.com\/fr\/","name":"Brasport","description":"Passion et excellence","publisher":{"@id":"https:\/\/brasport-group.com\/fr\/#organization"},"potentialAction":[{"@type":"SearchAction","target":{"@type":"EntryPoint","urlTemplate":"https:\/\/brasport-group.com\/fr\/?s={search_term_string}"},"query-input":{"@type":"PropertyValueSpecification","valueRequired":true,"valueName":"search_term_string"}}],"inLanguage":"pt-PT"},{"@type":"Organization","@id":"https:\/\/brasport-group.com\/fr\/#organization","name":"Brasport","url":"https:\/\/brasport-group.com\/fr\/","logo":{"@type":"ImageObject","inLanguage":"pt-PT","@id":"https:\/\/brasport-group.com\/fr\/#\/schema\/logo\/image\/","url":"https:\/\/brasport-group.com\/wp-content\/uploads\/2025\/08\/logo-brasport-group.png","contentUrl":"https:\/\/brasport-group.com\/wp-content\/uploads\/2025\/08\/logo-brasport-group.png","width":411,"height":34,"caption":"Brasport"},"image":{"@id":"https:\/\/brasport-group.com\/fr\/#\/schema\/logo\/image\/"}}]}},"_links":{"self":[{"href":"https:\/\/brasport-group.com\/pt-pt\/wp-json\/wp\/v2\/pages\/1947","targetHints":{"allow":["GET"]}}],"collection":[{"href":"https:\/\/brasport-group.com\/pt-pt\/wp-json\/wp\/v2\/pages"}],"about":[{"href":"https:\/\/brasport-group.com\/pt-pt\/wp-json\/wp\/v2\/types\/page"}],"author":[{"embeddable":true,"href":"https:\/\/brasport-group.com\/pt-pt\/wp-json\/wp\/v2\/users\/1"}],"replies":[{"embeddable":true,"href":"https:\/\/brasport-group.com\/pt-pt\/wp-json\/wp\/v2\/comments?post=1947"}],"version-history":[{"count":18,"href":"https:\/\/brasport-group.com\/pt-pt\/wp-json\/wp\/v2\/pages\/1947\/revisions"}],"predecessor-version":[{"id":3492,"href":"https:\/\/brasport-group.com\/pt-pt\/wp-json\/wp\/v2\/pages\/1947\/revisions\/3492"}],"up":[{"embeddable":true,"href":"https:\/\/brasport-group.com\/pt-pt\/wp-json\/wp\/v2\/pages\/2095"}],"wp:attachment":[{"href":"https:\/\/brasport-group.com\/pt-pt\/wp-json\/wp\/v2\/media?parent=1947"}],"curies":[{"name":"wp","href":"https:\/\/api.w.org\/{rel}","templated":true}]}}