{"id":1955,"date":"2025-08-26T10:12:51","date_gmt":"2025-08-26T08:12:51","guid":{"rendered":"https:\/\/brasport-group.com\/o-grupo\/os-nossos-escritorios-comerciais\/"},"modified":"2025-12-04T17:07:30","modified_gmt":"2025-12-04T15:07:30","slug":"os-nossos-escritorios-comerciais","status":"publish","type":"page","link":"https:\/\/brasport-group.com\/pt-pt\/o-grupo\/os-nossos-escritorios-comerciais\/","title":{"rendered":"Os nossos escrit\u00f3rios comerciais"},"content":{"rendered":"\t\t<div data-elementor-type=\"wp-page\" data-elementor-id=\"1955\" class=\"elementor elementor-1955 elementor-271\" data-elementor-post-type=\"page\">\n\t\t\t\t<div class=\"elementor-element elementor-element-c5cf0b4 e-flex e-con-boxed e-con e-parent\" data-id=\"c5cf0b4\" data-element_type=\"container\" data-settings=\"{&quot;background_background&quot;:&quot;classic&quot;}\">\n\t\t\t\t\t<div class=\"e-con-inner\">\n\t\t<div class=\"elementor-element elementor-element-1d44474 animated-slow e-flex e-con-boxed elementor-invisible e-con e-child\" data-id=\"1d44474\" data-element_type=\"container\" data-settings=\"{&quot;animation&quot;:&quot;fadeInUp&quot;,&quot;animation_delay&quot;:200}\">\n\t\t\t\t\t<div class=\"e-con-inner\">\n\t\t\t\t<div class=\"elementor-element elementor-element-5c0108d elementor-align-left elementor-widget elementor-widget-breadcrumbs\" data-id=\"5c0108d\" data-element_type=\"widget\" data-widget_type=\"breadcrumbs.default\">\n\t\t\t\t\t<p id=\"breadcrumbs\"><span><span><a href=\"https:\/\/brasport-group.com\/pt-pt\/pagina-inicial\/\">P\u00e1gina inicial<\/a><\/span><\/span><\/p>\t\t\t\t<\/div>\n\t\t\t\t<div class=\"elementor-element elementor-element-03d74bb elementor-widget elementor-widget-heading\" data-id=\"03d74bb\" data-element_type=\"widget\" data-widget_type=\"heading.default\">\n\t\t\t\t\t<h1 class=\"elementor-heading-title elementor-size-default\">Os nossos escrit\u00f3rios de vendas<br>Uma presen\u00e7a INTERNACIONAL<br>ao servi\u00e7o das necessidades locais  <\/h1>\t\t\t\t<\/div>\n\t\t\t\t<div class=\"elementor-element elementor-element-02c3023 elementor-widget__width-initial elementor-widget-mobile__width-inherit elementor-widget elementor-widget-text-editor\" data-id=\"02c3023\" data-element_type=\"widget\" data-widget_type=\"text-editor.default\">\n\t\t\t\t\t\t\t\t\t<p>Para a Brasport, o acompanhamento do cliente n\u00e3o termina na produ\u00e7\u00e3o: ele come\u00e7a muito antes,<br>com a escuta, a reatividade e a compreens\u00e3o das necessidades espec\u00edficas de cada marca. \u00c9 por<br>isso que estabelecemos escrit\u00f3rios comerciais estrategicamente localizados no mundo: em Nova<br>Iorque, Hong Kong e T\u00f3quio. <\/p>\t\t\t\t\t\t\t\t<\/div>\n\t\t\t\t\t<\/div>\n\t\t\t\t<\/div>\n\t\t\t\t\t<\/div>\n\t\t\t\t<\/div>\n\t\t<div class=\"elementor-element elementor-element-6ac741a e-flex e-con-boxed e-con e-parent\" data-id=\"6ac741a\" data-element_type=\"container\">\n\t\t\t\t\t<div class=\"e-con-inner\">\n\t\t<div class=\"elementor-element elementor-element-63b605f e-con-full e-flex e-con e-child\" data-id=\"63b605f\" data-element_type=\"container\" data-settings=\"{&quot;background_background&quot;:&quot;classic&quot;}\">\n\t\t\t\t<div class=\"elementor-element elementor-element-86cbd91 i18n-image elementor-widget elementor-widget-image\" data-id=\"86cbd91\" data-element_type=\"widget\" data-widget_type=\"image.default\">\n\t\t\t\t\t\t\t\t\t\t\t\t\t\t\t<img decoding=\"async\" src=\"\/wp-content\/uploads\/2025\/10\/Etats-Unis_page-0001-scaled.jpg\" title=\"\" alt=\"\" loading=\"lazy\" \/>\t\t\t\t\t\t\t\t\t\t\t\t\t\t\t<\/div>\n\t\t\t\t<\/div>\n\t\t<div class=\"elementor-element elementor-element-82508ac e-con-full e-flex e-con e-child\" data-id=\"82508ac\" data-element_type=\"container\">\n\t\t<div class=\"elementor-element elementor-element-596c92b e-con-full e-flex e-con e-child\" data-id=\"596c92b\" data-element_type=\"container\">\n\t\t\t\t<div class=\"elementor-element elementor-element-1652044 elementor-widget elementor-widget-text-editor\" data-id=\"1652044\" data-element_type=\"widget\" data-widget_type=\"text-editor.default\">\n\t\t\t\t\t\t\t\t\t<p>Estas implanta\u00e7\u00f5es permitem-nos refor\u00e7ar a proximidade com os nossos parceiros, facilitar as trocas,<br>reduzir os prazos de resposta e integrar melhor as expectativas locais no desenvolvimento de<br>produtos.<\/p><p>Elas desempenham um papel-chave na constru\u00e7\u00e3o de rela\u00e7\u00f5es s\u00f3lidas e duradouras com<br>os nossos clientes, sejam eles da relojoaria, da moda ou dos acess\u00f3rios de luxo.<\/p>\t\t\t\t\t\t\t\t<\/div>\n\t\t\t\t<\/div>\n\t\t\t\t<\/div>\n\t\t\t\t\t<\/div>\n\t\t\t\t<\/div>\n\t\t<div class=\"elementor-element elementor-element-7695b72 e-flex e-con-boxed e-con e-parent\" data-id=\"7695b72\" data-element_type=\"container\">\n\t\t\t\t\t<div class=\"e-con-inner\">\n\t\t<div class=\"elementor-element elementor-element-c7f6edb e-con-full e-flex e-con e-child\" data-id=\"c7f6edb\" data-element_type=\"container\">\n\t\t<div class=\"elementor-element elementor-element-d1a304c e-con-full e-flex e-con e-child\" data-id=\"d1a304c\" data-element_type=\"container\">\n\t\t\t\t<div class=\"elementor-element elementor-element-d4ff298 elementor-widget elementor-widget-text-editor\" data-id=\"d4ff298\" data-element_type=\"widget\" data-widget_type=\"text-editor.default\">\n\t\t\t\t\t\t\t\t\t<p>As nossas equipas comerciais asseguram um acompanhamento personalizado, a coordena\u00e7\u00e3o dos projetos e uma liga\u00e7\u00e3o direta entre os clientes e os nossos diferentes sites de produ\u00e7\u00e3o. Esta organiza\u00e7\u00e3o \u00e1gil permite-nos oferecer uma experi\u00eancia fluida, global e coerente, com um \u00fanico interlocutor, independentemente do local de fabrica\u00e7\u00e3o ou de entrega.<br> <\/p><p>A Brasport coloca a escuta e a agilidade comercial no centro da sua abordagem. Gra\u00e7as aos nossos escrit\u00f3rios internacionais, permanecemos sempre pr\u00f3ximos, em qualquer lugar.<br> <\/p>\t\t\t\t\t\t\t\t<\/div>\n\t\t\t\t<\/div>\n\t\t\t\t<\/div>\n\t\t<div class=\"elementor-element elementor-element-11a6f02 e-con-full e-flex e-con e-child\" data-id=\"11a6f02\" data-element_type=\"container\">\n\t\t\t\t<div class=\"elementor-element elementor-element-ca12f01 elementor-widget elementor-widget-image\" data-id=\"ca12f01\" data-element_type=\"widget\" data-widget_type=\"image.default\">\n\t\t\t\t\t\t\t\t\t\t\t\t\t\t\t<img decoding=\"async\" src=\"https:\/\/brasport-group.com\/wp-content\/uploads\/elementor\/thumbs\/Photos-main-rebbhos1sghs3nzhspgyvo2zgz3mpac4mnp96loe9u.png\" title=\"Photos main\" alt=\"Photos main\" loading=\"lazy\" \/>\t\t\t\t\t\t\t\t\t\t\t\t\t\t\t<\/div>\n\t\t\t\t<\/div>\n\t\t\t\t\t<\/div>\n\t\t\t\t<\/div>\n\t\t\t\t<\/div>\n\t\t","protected":false},"excerpt":{"rendered":"<p>Os nossos escrit\u00f3rios de vendasUma presen\u00e7a INTERNACIONALao servi\u00e7o das necessidades locais Para a Brasport, o acompanhamento do cliente n\u00e3o termina na produ\u00e7\u00e3o: ele come\u00e7a muito antes,com a escuta, a reatividade e a compreens\u00e3o das necessidades espec\u00edficas de cada marca. \u00c9 porisso que estabelecemos escrit\u00f3rios comerciais estrategicamente localizados no mundo: em NovaIorque, Hong Kong e T\u00f3quio. [&hellip;]<\/p>\n","protected":false},"author":1,"featured_media":0,"parent":1939,"menu_order":0,"comment_status":"closed","ping_status":"closed","template":"","meta":{"_acf_changed":false,"footnotes":""},"class_list":["post-1955","page","type-page","status-publish","hentry"],"acf":[],"yoast_head":"<!-- This site is optimized with the Yoast SEO plugin v26.4 - https:\/\/yoast.com\/wordpress\/plugins\/seo\/ -->\n<title>Os nossos escrit\u00f3rios comerciais - Brasport<\/title>\n<meta name=\"robots\" content=\"index, follow, max-snippet:-1, max-image-preview:large, max-video-preview:-1\" \/>\n<link rel=\"canonical\" href=\"https:\/\/brasport-group.com\/pt-pt\/o-grupo\/os-nossos-escritorios-comerciais\/\" \/>\n<meta property=\"og:locale\" content=\"pt_PT\" \/>\n<meta property=\"og:type\" content=\"article\" \/>\n<meta property=\"og:title\" content=\"Os nossos escrit\u00f3rios comerciais - Brasport\" \/>\n<meta property=\"og:description\" content=\"Os nossos escrit\u00f3rios de vendasUma presen\u00e7a INTERNACIONALao servi\u00e7o das necessidades locais Para a Brasport, o acompanhamento do cliente n\u00e3o termina na produ\u00e7\u00e3o: ele come\u00e7a muito antes,com a escuta, a reatividade e a compreens\u00e3o das necessidades espec\u00edficas de cada marca. \u00c9 porisso que estabelecemos escrit\u00f3rios comerciais estrategicamente localizados no mundo: em NovaIorque, Hong Kong e T\u00f3quio. [&hellip;]\" \/>\n<meta property=\"og:url\" content=\"https:\/\/brasport-group.com\/pt-pt\/o-grupo\/os-nossos-escritorios-comerciais\/\" \/>\n<meta property=\"og:site_name\" content=\"Brasport\" \/>\n<meta property=\"article:modified_time\" content=\"2025-12-04T15:07:30+00:00\" \/>\n<meta property=\"og:image\" content=\"https:\/\/brasport-group.com\/wp-content\/uploads\/2025\/11\/Capture-decran-2025-11-18-132705.png\" \/>\n<meta name=\"twitter:card\" content=\"summary_large_image\" \/>\n<meta name=\"twitter:label1\" content=\"Tempo estimado de leitura\" \/>\n\t<meta name=\"twitter:data1\" content=\"1 minuto\" \/>\n<script type=\"application\/ld+json\" class=\"yoast-schema-graph\">{\"@context\":\"https:\/\/schema.org\",\"@graph\":[{\"@type\":\"WebPage\",\"@id\":\"https:\/\/brasport-group.com\/pt-pt\/o-grupo\/os-nossos-escritorios-comerciais\/\",\"url\":\"https:\/\/brasport-group.com\/pt-pt\/o-grupo\/os-nossos-escritorios-comerciais\/\",\"name\":\"Os nossos escrit\u00f3rios comerciais - Brasport\",\"isPartOf\":{\"@id\":\"https:\/\/brasport-group.com\/fr\/#website\"},\"primaryImageOfPage\":{\"@id\":\"https:\/\/brasport-group.com\/pt-pt\/o-grupo\/os-nossos-escritorios-comerciais\/#primaryimage\"},\"image\":{\"@id\":\"https:\/\/brasport-group.com\/pt-pt\/o-grupo\/os-nossos-escritorios-comerciais\/#primaryimage\"},\"thumbnailUrl\":\"https:\/\/brasport-group.com\/wp-content\/uploads\/2025\/11\/Capture-decran-2025-11-18-132705.png\",\"datePublished\":\"2025-08-26T08:12:51+00:00\",\"dateModified\":\"2025-12-04T15:07:30+00:00\",\"breadcrumb\":{\"@id\":\"https:\/\/brasport-group.com\/pt-pt\/o-grupo\/os-nossos-escritorios-comerciais\/#breadcrumb\"},\"inLanguage\":\"pt-PT\",\"potentialAction\":[{\"@type\":\"ReadAction\",\"target\":[\"https:\/\/brasport-group.com\/pt-pt\/o-grupo\/os-nossos-escritorios-comerciais\/\"]}]},{\"@type\":\"ImageObject\",\"inLanguage\":\"pt-PT\",\"@id\":\"https:\/\/brasport-group.com\/pt-pt\/o-grupo\/os-nossos-escritorios-comerciais\/#primaryimage\",\"url\":\"https:\/\/brasport-group.com\/wp-content\/uploads\/2025\/11\/Capture-decran-2025-11-18-132705.png\",\"contentUrl\":\"https:\/\/brasport-group.com\/wp-content\/uploads\/2025\/11\/Capture-decran-2025-11-18-132705.png\"},{\"@type\":\"BreadcrumbList\",\"@id\":\"https:\/\/brasport-group.com\/pt-pt\/o-grupo\/os-nossos-escritorios-comerciais\/#breadcrumb\",\"itemListElement\":[{\"@type\":\"ListItem\",\"position\":1,\"name\":\"P\u00e1gina inicial\",\"item\":\"https:\/\/brasport-group.com\/pt-pt\/pagina-inicial\/\"},{\"@type\":\"ListItem\",\"position\":2,\"name\":\"O Grupo\",\"item\":\"https:\/\/brasport-group.com\/pt-pt\/o-grupo\/\"},{\"@type\":\"ListItem\",\"position\":3,\"name\":\"Os nossos escrit\u00f3rios comerciais\"}]},{\"@type\":\"WebSite\",\"@id\":\"https:\/\/brasport-group.com\/fr\/#website\",\"url\":\"https:\/\/brasport-group.com\/fr\/\",\"name\":\"Brasport\",\"description\":\"Passion et excellence\",\"publisher\":{\"@id\":\"https:\/\/brasport-group.com\/fr\/#organization\"},\"potentialAction\":[{\"@type\":\"SearchAction\",\"target\":{\"@type\":\"EntryPoint\",\"urlTemplate\":\"https:\/\/brasport-group.com\/fr\/?s={search_term_string}\"},\"query-input\":{\"@type\":\"PropertyValueSpecification\",\"valueRequired\":true,\"valueName\":\"search_term_string\"}}],\"inLanguage\":\"pt-PT\"},{\"@type\":\"Organization\",\"@id\":\"https:\/\/brasport-group.com\/fr\/#organization\",\"name\":\"Brasport\",\"url\":\"https:\/\/brasport-group.com\/fr\/\",\"logo\":{\"@type\":\"ImageObject\",\"inLanguage\":\"pt-PT\",\"@id\":\"https:\/\/brasport-group.com\/fr\/#\/schema\/logo\/image\/\",\"url\":\"https:\/\/brasport-group.com\/wp-content\/uploads\/2025\/08\/logo-brasport-group.png\",\"contentUrl\":\"https:\/\/brasport-group.com\/wp-content\/uploads\/2025\/08\/logo-brasport-group.png\",\"width\":411,\"height\":34,\"caption\":\"Brasport\"},\"image\":{\"@id\":\"https:\/\/brasport-group.com\/fr\/#\/schema\/logo\/image\/\"}}]}<\/script>\n<!-- \/ Yoast SEO plugin. -->","yoast_head_json":{"title":"Os nossos escrit\u00f3rios comerciais - Brasport","robots":{"index":"index","follow":"follow","max-snippet":"max-snippet:-1","max-image-preview":"max-image-preview:large","max-video-preview":"max-video-preview:-1"},"canonical":"https:\/\/brasport-group.com\/pt-pt\/o-grupo\/os-nossos-escritorios-comerciais\/","og_locale":"pt_PT","og_type":"article","og_title":"Os nossos escrit\u00f3rios comerciais - Brasport","og_description":"Os nossos escrit\u00f3rios de vendasUma presen\u00e7a INTERNACIONALao servi\u00e7o das necessidades locais Para a Brasport, o acompanhamento do cliente n\u00e3o termina na produ\u00e7\u00e3o: ele come\u00e7a muito antes,com a escuta, a reatividade e a compreens\u00e3o das necessidades espec\u00edficas de cada marca. \u00c9 porisso que estabelecemos escrit\u00f3rios comerciais estrategicamente localizados no mundo: em NovaIorque, Hong Kong e T\u00f3quio. [&hellip;]","og_url":"https:\/\/brasport-group.com\/pt-pt\/o-grupo\/os-nossos-escritorios-comerciais\/","og_site_name":"Brasport","article_modified_time":"2025-12-04T15:07:30+00:00","og_image":[{"url":"https:\/\/brasport-group.com\/wp-content\/uploads\/2025\/11\/Capture-decran-2025-11-18-132705.png","type":"","width":"","height":""}],"twitter_card":"summary_large_image","twitter_misc":{"Tempo estimado de leitura":"1 minuto"},"schema":{"@context":"https:\/\/schema.org","@graph":[{"@type":"WebPage","@id":"https:\/\/brasport-group.com\/pt-pt\/o-grupo\/os-nossos-escritorios-comerciais\/","url":"https:\/\/brasport-group.com\/pt-pt\/o-grupo\/os-nossos-escritorios-comerciais\/","name":"Os nossos escrit\u00f3rios comerciais - Brasport","isPartOf":{"@id":"https:\/\/brasport-group.com\/fr\/#website"},"primaryImageOfPage":{"@id":"https:\/\/brasport-group.com\/pt-pt\/o-grupo\/os-nossos-escritorios-comerciais\/#primaryimage"},"image":{"@id":"https:\/\/brasport-group.com\/pt-pt\/o-grupo\/os-nossos-escritorios-comerciais\/#primaryimage"},"thumbnailUrl":"https:\/\/brasport-group.com\/wp-content\/uploads\/2025\/11\/Capture-decran-2025-11-18-132705.png","datePublished":"2025-08-26T08:12:51+00:00","dateModified":"2025-12-04T15:07:30+00:00","breadcrumb":{"@id":"https:\/\/brasport-group.com\/pt-pt\/o-grupo\/os-nossos-escritorios-comerciais\/#breadcrumb"},"inLanguage":"pt-PT","potentialAction":[{"@type":"ReadAction","target":["https:\/\/brasport-group.com\/pt-pt\/o-grupo\/os-nossos-escritorios-comerciais\/"]}]},{"@type":"ImageObject","inLanguage":"pt-PT","@id":"https:\/\/brasport-group.com\/pt-pt\/o-grupo\/os-nossos-escritorios-comerciais\/#primaryimage","url":"https:\/\/brasport-group.com\/wp-content\/uploads\/2025\/11\/Capture-decran-2025-11-18-132705.png","contentUrl":"https:\/\/brasport-group.com\/wp-content\/uploads\/2025\/11\/Capture-decran-2025-11-18-132705.png"},{"@type":"BreadcrumbList","@id":"https:\/\/brasport-group.com\/pt-pt\/o-grupo\/os-nossos-escritorios-comerciais\/#breadcrumb","itemListElement":[{"@type":"ListItem","position":1,"name":"P\u00e1gina inicial","item":"https:\/\/brasport-group.com\/pt-pt\/pagina-inicial\/"},{"@type":"ListItem","position":2,"name":"O Grupo","item":"https:\/\/brasport-group.com\/pt-pt\/o-grupo\/"},{"@type":"ListItem","position":3,"name":"Os nossos escrit\u00f3rios comerciais"}]},{"@type":"WebSite","@id":"https:\/\/brasport-group.com\/fr\/#website","url":"https:\/\/brasport-group.com\/fr\/","name":"Brasport","description":"Passion et excellence","publisher":{"@id":"https:\/\/brasport-group.com\/fr\/#organization"},"potentialAction":[{"@type":"SearchAction","target":{"@type":"EntryPoint","urlTemplate":"https:\/\/brasport-group.com\/fr\/?s={search_term_string}"},"query-input":{"@type":"PropertyValueSpecification","valueRequired":true,"valueName":"search_term_string"}}],"inLanguage":"pt-PT"},{"@type":"Organization","@id":"https:\/\/brasport-group.com\/fr\/#organization","name":"Brasport","url":"https:\/\/brasport-group.com\/fr\/","logo":{"@type":"ImageObject","inLanguage":"pt-PT","@id":"https:\/\/brasport-group.com\/fr\/#\/schema\/logo\/image\/","url":"https:\/\/brasport-group.com\/wp-content\/uploads\/2025\/08\/logo-brasport-group.png","contentUrl":"https:\/\/brasport-group.com\/wp-content\/uploads\/2025\/08\/logo-brasport-group.png","width":411,"height":34,"caption":"Brasport"},"image":{"@id":"https:\/\/brasport-group.com\/fr\/#\/schema\/logo\/image\/"}}]}},"_links":{"self":[{"href":"https:\/\/brasport-group.com\/pt-pt\/wp-json\/wp\/v2\/pages\/1955","targetHints":{"allow":["GET"]}}],"collection":[{"href":"https:\/\/brasport-group.com\/pt-pt\/wp-json\/wp\/v2\/pages"}],"about":[{"href":"https:\/\/brasport-group.com\/pt-pt\/wp-json\/wp\/v2\/types\/page"}],"author":[{"embeddable":true,"href":"https:\/\/brasport-group.com\/pt-pt\/wp-json\/wp\/v2\/users\/1"}],"replies":[{"embeddable":true,"href":"https:\/\/brasport-group.com\/pt-pt\/wp-json\/wp\/v2\/comments?post=1955"}],"version-history":[{"count":13,"href":"https:\/\/brasport-group.com\/pt-pt\/wp-json\/wp\/v2\/pages\/1955\/revisions"}],"predecessor-version":[{"id":3418,"href":"https:\/\/brasport-group.com\/pt-pt\/wp-json\/wp\/v2\/pages\/1955\/revisions\/3418"}],"up":[{"embeddable":true,"href":"https:\/\/brasport-group.com\/pt-pt\/wp-json\/wp\/v2\/pages\/1939"}],"wp:attachment":[{"href":"https:\/\/brasport-group.com\/pt-pt\/wp-json\/wp\/v2\/media?parent=1955"}],"curies":[{"name":"wp","href":"https:\/\/api.w.org\/{rel}","templated":true}]}}