{"id":1957,"date":"2025-08-26T10:13:02","date_gmt":"2025-08-26T08:13:02","guid":{"rendered":"https:\/\/brasport-group.com\/o-grupo\/a-nossa-expertise-em-pos-venda\/"},"modified":"2025-12-05T09:14:30","modified_gmt":"2025-12-05T07:14:30","slug":"a-nossa-expertise-em-pos-venda","status":"publish","type":"page","link":"https:\/\/brasport-group.com\/pt-pt\/o-grupo\/a-nossa-expertise-em-pos-venda\/","title":{"rendered":"Nossa expertise em p\u00f3s-venda"},"content":{"rendered":"\t\t<div data-elementor-type=\"wp-page\" data-elementor-id=\"1957\" class=\"elementor elementor-1957 elementor-273\" data-elementor-post-type=\"page\">\n\t\t\t\t<div class=\"elementor-element elementor-element-918ce1b e-flex e-con-boxed e-con e-parent\" data-id=\"918ce1b\" data-element_type=\"container\" data-settings=\"{&quot;background_background&quot;:&quot;classic&quot;}\">\n\t\t\t\t\t<div class=\"e-con-inner\">\n\t\t<div class=\"elementor-element elementor-element-275c57c animated-slow e-flex e-con-boxed elementor-invisible e-con e-child\" data-id=\"275c57c\" data-element_type=\"container\" data-settings=\"{&quot;animation&quot;:&quot;fadeInUp&quot;,&quot;animation_delay&quot;:200}\">\n\t\t\t\t\t<div class=\"e-con-inner\">\n\t\t\t\t<div class=\"elementor-element elementor-element-1e1a155 elementor-align-left elementor-widget elementor-widget-breadcrumbs\" data-id=\"1e1a155\" data-element_type=\"widget\" data-widget_type=\"breadcrumbs.default\">\n\t\t\t\t\t<p id=\"breadcrumbs\"><span><span><a href=\"https:\/\/brasport-group.com\/pt-pt\/pagina-inicial\/\">P\u00e1gina inicial<\/a><\/span><\/span><\/p>\t\t\t\t<\/div>\n\t\t\t\t<div class=\"elementor-element elementor-element-43a18cf elementor-widget elementor-widget-heading\" data-id=\"43a18cf\" data-element_type=\"widget\" data-widget_type=\"heading.default\">\n\t\t\t\t\t<h1 class=\"elementor-heading-title elementor-size-default\">SAV &amp; Envio Direto<br>Disponibilidade, reatividade, efic\u00e1cia<\/h1>\t\t\t\t<\/div>\n\t\t\t\t<div class=\"elementor-element elementor-element-4a25362 elementor-widget__width-initial elementor-widget-mobile__width-inherit elementor-widget elementor-widget-text-editor\" data-id=\"4a25362\" data-element_type=\"widget\" data-widget_type=\"text-editor.default\">\n\t\t\t\t\t\t\t\t\t<p>O servi\u00e7o p\u00f3s-venda \u00e9 parte integrante do ADN da Brasport. Oferecemos aos nossos clientes um Servi\u00e7o P\u00f3s-Venda estruturado e internacional, capaz de responder rapidamente \u00e0s necessidades das lojas, filiais e centros de servi\u00e7o em todo o mundo. <\/p>\t\t\t\t\t\t\t\t<\/div>\n\t\t\t\t\t<\/div>\n\t\t\t\t<\/div>\n\t\t\t\t\t<\/div>\n\t\t\t\t<\/div>\n\t\t<div class=\"elementor-element elementor-element-4bc0339 e-flex e-con-boxed e-con e-parent\" data-id=\"4bc0339\" data-element_type=\"container\">\n\t\t\t\t\t<div class=\"e-con-inner\">\n\t\t<div class=\"elementor-element elementor-element-0c34997 e-con-full e-flex e-con e-child\" data-id=\"0c34997\" data-element_type=\"container\">\n\t\t\t\t<div class=\"elementor-element elementor-element-6b55be5 elementor-widget elementor-widget-image\" data-id=\"6b55be5\" data-element_type=\"widget\" data-widget_type=\"image.default\">\n\t\t\t\t\t\t\t\t\t\t\t\t\t\t\t<img decoding=\"async\" src=\"https:\/\/brasport-group.com\/wp-content\/uploads\/elementor\/thumbs\/Nuancier-rebbmyng4zpp8wbozzjlvc63gt3rw59worhc4huvcy.png\" title=\"Nuancier\" alt=\"Nuancier\" loading=\"lazy\" \/>\t\t\t\t\t\t\t\t\t\t\t\t\t\t\t<\/div>\n\t\t\t\t<\/div>\n\t\t<div class=\"elementor-element elementor-element-af84cd9 e-con-full e-flex e-con e-child\" data-id=\"af84cd9\" data-element_type=\"container\">\n\t\t<div class=\"elementor-element elementor-element-8f3a449 e-con-full e-flex e-con e-child\" data-id=\"8f3a449\" data-element_type=\"container\">\n\t\t\t\t<div class=\"elementor-element elementor-element-849b834 elementor-widget elementor-widget-heading\" data-id=\"849b834\" data-element_type=\"widget\" data-widget_type=\"heading.default\">\n\t\t\t\t\t<h3 class=\"elementor-heading-title elementor-size-default\">A nossa promessa:<br><\/h3>\t\t\t\t<\/div>\n\t\t\t\t<div class=\"elementor-element elementor-element-741436f elementor-widget elementor-widget-text-editor\" data-id=\"741436f\" data-element_type=\"widget\" data-widget_type=\"text-editor.default\">\n\t\t\t\t\t\t\t\t\t<ul><li>Uma disponibilidade permanente das mat\u00e9rias e refer\u00eancias-chave<\/li><li>Encomendas unit\u00e1rias ou em pequenas s\u00e9ries, tratadas com a mesma exig\u00eancia que as grandes produ\u00e7\u00f5es<\/li><li>Um sistema de Direct Shipping: expedi\u00e7\u00e3o direta a partir dos nossos centros de produ\u00e7\u00e3o para os pontos de venda, sem intermedi\u00e1rios<\/li><li>Uma gest\u00e3o facilitada pela marca, com reporting por zona geogr\u00e1fica, taxa de servi\u00e7o e an\u00e1lise da procura<\/li><\/ul><p> <\/p><p>A Brasport acompanha-o muito al\u00e9m da fabrica\u00e7\u00e3o, garantindo a continuidade e a disponibilidade dos seus produtos, ao longo do tempo e \u00e0 escala internacional.<\/p>\t\t\t\t\t\t\t\t<\/div>\n\t\t\t\t<\/div>\n\t\t\t\t<\/div>\n\t\t\t\t\t<\/div>\n\t\t\t\t<\/div>\n\t\t\t\t<\/div>\n\t\t","protected":false},"excerpt":{"rendered":"<p>SAV &amp; Envio DiretoDisponibilidade, reatividade, efic\u00e1cia O servi\u00e7o p\u00f3s-venda \u00e9 parte integrante do ADN da Brasport. Oferecemos aos nossos clientes um Servi\u00e7o P\u00f3s-Venda estruturado e internacional, capaz de responder rapidamente \u00e0s necessidades das lojas, filiais e centros de servi\u00e7o em todo o mundo. A nossa promessa: Uma disponibilidade permanente das mat\u00e9rias e refer\u00eancias-chave Encomendas unit\u00e1rias [&hellip;]<\/p>\n","protected":false},"author":1,"featured_media":0,"parent":1939,"menu_order":0,"comment_status":"closed","ping_status":"closed","template":"","meta":{"_acf_changed":false,"footnotes":""},"class_list":["post-1957","page","type-page","status-publish","hentry"],"acf":[],"yoast_head":"<!-- This site is optimized with the Yoast SEO plugin v26.4 - https:\/\/yoast.com\/wordpress\/plugins\/seo\/ -->\n<title>Nossa expertise em p\u00f3s-venda - Brasport<\/title>\n<meta name=\"robots\" content=\"index, follow, max-snippet:-1, max-image-preview:large, max-video-preview:-1\" \/>\n<link rel=\"canonical\" href=\"https:\/\/brasport-group.com\/pt-pt\/o-grupo\/a-nossa-expertise-em-pos-venda\/\" \/>\n<meta property=\"og:locale\" content=\"pt_PT\" \/>\n<meta property=\"og:type\" content=\"article\" \/>\n<meta property=\"og:title\" content=\"Nossa expertise em p\u00f3s-venda - Brasport\" \/>\n<meta property=\"og:description\" content=\"SAV &amp; Envio DiretoDisponibilidade, reatividade, efic\u00e1cia O servi\u00e7o p\u00f3s-venda \u00e9 parte integrante do ADN da Brasport. Oferecemos aos nossos clientes um Servi\u00e7o P\u00f3s-Venda estruturado e internacional, capaz de responder rapidamente \u00e0s necessidades das lojas, filiais e centros de servi\u00e7o em todo o mundo. A nossa promessa: Uma disponibilidade permanente das mat\u00e9rias e refer\u00eancias-chave Encomendas unit\u00e1rias [&hellip;]\" \/>\n<meta property=\"og:url\" content=\"https:\/\/brasport-group.com\/pt-pt\/o-grupo\/a-nossa-expertise-em-pos-venda\/\" \/>\n<meta property=\"og:site_name\" content=\"Brasport\" \/>\n<meta property=\"article:modified_time\" content=\"2025-12-05T07:14:30+00:00\" \/>\n<meta property=\"og:image\" content=\"https:\/\/brasport-group.com\/wp-content\/uploads\/elementor\/thumbs\/Nuancier-rebbmyng4zpp8wbozzjlvc63gt3rw59worhc4huvcy.png\" \/>\n<meta name=\"twitter:card\" content=\"summary_large_image\" \/>\n<meta name=\"twitter:label1\" content=\"Tempo estimado de leitura\" \/>\n\t<meta name=\"twitter:data1\" content=\"1 minuto\" \/>\n<script type=\"application\/ld+json\" class=\"yoast-schema-graph\">{\"@context\":\"https:\/\/schema.org\",\"@graph\":[{\"@type\":\"WebPage\",\"@id\":\"https:\/\/brasport-group.com\/pt-pt\/o-grupo\/a-nossa-expertise-em-pos-venda\/\",\"url\":\"https:\/\/brasport-group.com\/pt-pt\/o-grupo\/a-nossa-expertise-em-pos-venda\/\",\"name\":\"Nossa expertise em p\u00f3s-venda - Brasport\",\"isPartOf\":{\"@id\":\"https:\/\/brasport-group.com\/fr\/#website\"},\"primaryImageOfPage\":{\"@id\":\"https:\/\/brasport-group.com\/pt-pt\/o-grupo\/a-nossa-expertise-em-pos-venda\/#primaryimage\"},\"image\":{\"@id\":\"https:\/\/brasport-group.com\/pt-pt\/o-grupo\/a-nossa-expertise-em-pos-venda\/#primaryimage\"},\"thumbnailUrl\":\"https:\/\/brasport-group.com\/wp-content\/uploads\/elementor\/thumbs\/Nuancier-rebbmyng4zpp8wbozzjlvc63gt3rw59worhc4huvcy.png\",\"datePublished\":\"2025-08-26T08:13:02+00:00\",\"dateModified\":\"2025-12-05T07:14:30+00:00\",\"breadcrumb\":{\"@id\":\"https:\/\/brasport-group.com\/pt-pt\/o-grupo\/a-nossa-expertise-em-pos-venda\/#breadcrumb\"},\"inLanguage\":\"pt-PT\",\"potentialAction\":[{\"@type\":\"ReadAction\",\"target\":[\"https:\/\/brasport-group.com\/pt-pt\/o-grupo\/a-nossa-expertise-em-pos-venda\/\"]}]},{\"@type\":\"ImageObject\",\"inLanguage\":\"pt-PT\",\"@id\":\"https:\/\/brasport-group.com\/pt-pt\/o-grupo\/a-nossa-expertise-em-pos-venda\/#primaryimage\",\"url\":\"https:\/\/brasport-group.com\/wp-content\/uploads\/elementor\/thumbs\/Nuancier-rebbmyng4zpp8wbozzjlvc63gt3rw59worhc4huvcy.png\",\"contentUrl\":\"https:\/\/brasport-group.com\/wp-content\/uploads\/elementor\/thumbs\/Nuancier-rebbmyng4zpp8wbozzjlvc63gt3rw59worhc4huvcy.png\"},{\"@type\":\"BreadcrumbList\",\"@id\":\"https:\/\/brasport-group.com\/pt-pt\/o-grupo\/a-nossa-expertise-em-pos-venda\/#breadcrumb\",\"itemListElement\":[{\"@type\":\"ListItem\",\"position\":1,\"name\":\"P\u00e1gina inicial\",\"item\":\"https:\/\/brasport-group.com\/pt-pt\/pagina-inicial\/\"},{\"@type\":\"ListItem\",\"position\":2,\"name\":\"O Grupo\",\"item\":\"https:\/\/brasport-group.com\/pt-pt\/o-grupo\/\"},{\"@type\":\"ListItem\",\"position\":3,\"name\":\"Nossa expertise em p\u00f3s-venda\"}]},{\"@type\":\"WebSite\",\"@id\":\"https:\/\/brasport-group.com\/fr\/#website\",\"url\":\"https:\/\/brasport-group.com\/fr\/\",\"name\":\"Brasport\",\"description\":\"Passion et excellence\",\"publisher\":{\"@id\":\"https:\/\/brasport-group.com\/fr\/#organization\"},\"potentialAction\":[{\"@type\":\"SearchAction\",\"target\":{\"@type\":\"EntryPoint\",\"urlTemplate\":\"https:\/\/brasport-group.com\/fr\/?s={search_term_string}\"},\"query-input\":{\"@type\":\"PropertyValueSpecification\",\"valueRequired\":true,\"valueName\":\"search_term_string\"}}],\"inLanguage\":\"pt-PT\"},{\"@type\":\"Organization\",\"@id\":\"https:\/\/brasport-group.com\/fr\/#organization\",\"name\":\"Brasport\",\"url\":\"https:\/\/brasport-group.com\/fr\/\",\"logo\":{\"@type\":\"ImageObject\",\"inLanguage\":\"pt-PT\",\"@id\":\"https:\/\/brasport-group.com\/fr\/#\/schema\/logo\/image\/\",\"url\":\"https:\/\/brasport-group.com\/wp-content\/uploads\/2025\/08\/logo-brasport-group.png\",\"contentUrl\":\"https:\/\/brasport-group.com\/wp-content\/uploads\/2025\/08\/logo-brasport-group.png\",\"width\":411,\"height\":34,\"caption\":\"Brasport\"},\"image\":{\"@id\":\"https:\/\/brasport-group.com\/fr\/#\/schema\/logo\/image\/\"}}]}<\/script>\n<!-- \/ Yoast SEO plugin. -->","yoast_head_json":{"title":"Nossa expertise em p\u00f3s-venda - Brasport","robots":{"index":"index","follow":"follow","max-snippet":"max-snippet:-1","max-image-preview":"max-image-preview:large","max-video-preview":"max-video-preview:-1"},"canonical":"https:\/\/brasport-group.com\/pt-pt\/o-grupo\/a-nossa-expertise-em-pos-venda\/","og_locale":"pt_PT","og_type":"article","og_title":"Nossa expertise em p\u00f3s-venda - Brasport","og_description":"SAV &amp; Envio DiretoDisponibilidade, reatividade, efic\u00e1cia O servi\u00e7o p\u00f3s-venda \u00e9 parte integrante do ADN da Brasport. Oferecemos aos nossos clientes um Servi\u00e7o P\u00f3s-Venda estruturado e internacional, capaz de responder rapidamente \u00e0s necessidades das lojas, filiais e centros de servi\u00e7o em todo o mundo. A nossa promessa: Uma disponibilidade permanente das mat\u00e9rias e refer\u00eancias-chave Encomendas unit\u00e1rias [&hellip;]","og_url":"https:\/\/brasport-group.com\/pt-pt\/o-grupo\/a-nossa-expertise-em-pos-venda\/","og_site_name":"Brasport","article_modified_time":"2025-12-05T07:14:30+00:00","og_image":[{"url":"https:\/\/brasport-group.com\/wp-content\/uploads\/elementor\/thumbs\/Nuancier-rebbmyng4zpp8wbozzjlvc63gt3rw59worhc4huvcy.png","type":"","width":"","height":""}],"twitter_card":"summary_large_image","twitter_misc":{"Tempo estimado de leitura":"1 minuto"},"schema":{"@context":"https:\/\/schema.org","@graph":[{"@type":"WebPage","@id":"https:\/\/brasport-group.com\/pt-pt\/o-grupo\/a-nossa-expertise-em-pos-venda\/","url":"https:\/\/brasport-group.com\/pt-pt\/o-grupo\/a-nossa-expertise-em-pos-venda\/","name":"Nossa expertise em p\u00f3s-venda - Brasport","isPartOf":{"@id":"https:\/\/brasport-group.com\/fr\/#website"},"primaryImageOfPage":{"@id":"https:\/\/brasport-group.com\/pt-pt\/o-grupo\/a-nossa-expertise-em-pos-venda\/#primaryimage"},"image":{"@id":"https:\/\/brasport-group.com\/pt-pt\/o-grupo\/a-nossa-expertise-em-pos-venda\/#primaryimage"},"thumbnailUrl":"https:\/\/brasport-group.com\/wp-content\/uploads\/elementor\/thumbs\/Nuancier-rebbmyng4zpp8wbozzjlvc63gt3rw59worhc4huvcy.png","datePublished":"2025-08-26T08:13:02+00:00","dateModified":"2025-12-05T07:14:30+00:00","breadcrumb":{"@id":"https:\/\/brasport-group.com\/pt-pt\/o-grupo\/a-nossa-expertise-em-pos-venda\/#breadcrumb"},"inLanguage":"pt-PT","potentialAction":[{"@type":"ReadAction","target":["https:\/\/brasport-group.com\/pt-pt\/o-grupo\/a-nossa-expertise-em-pos-venda\/"]}]},{"@type":"ImageObject","inLanguage":"pt-PT","@id":"https:\/\/brasport-group.com\/pt-pt\/o-grupo\/a-nossa-expertise-em-pos-venda\/#primaryimage","url":"https:\/\/brasport-group.com\/wp-content\/uploads\/elementor\/thumbs\/Nuancier-rebbmyng4zpp8wbozzjlvc63gt3rw59worhc4huvcy.png","contentUrl":"https:\/\/brasport-group.com\/wp-content\/uploads\/elementor\/thumbs\/Nuancier-rebbmyng4zpp8wbozzjlvc63gt3rw59worhc4huvcy.png"},{"@type":"BreadcrumbList","@id":"https:\/\/brasport-group.com\/pt-pt\/o-grupo\/a-nossa-expertise-em-pos-venda\/#breadcrumb","itemListElement":[{"@type":"ListItem","position":1,"name":"P\u00e1gina inicial","item":"https:\/\/brasport-group.com\/pt-pt\/pagina-inicial\/"},{"@type":"ListItem","position":2,"name":"O Grupo","item":"https:\/\/brasport-group.com\/pt-pt\/o-grupo\/"},{"@type":"ListItem","position":3,"name":"Nossa expertise em p\u00f3s-venda"}]},{"@type":"WebSite","@id":"https:\/\/brasport-group.com\/fr\/#website","url":"https:\/\/brasport-group.com\/fr\/","name":"Brasport","description":"Passion et excellence","publisher":{"@id":"https:\/\/brasport-group.com\/fr\/#organization"},"potentialAction":[{"@type":"SearchAction","target":{"@type":"EntryPoint","urlTemplate":"https:\/\/brasport-group.com\/fr\/?s={search_term_string}"},"query-input":{"@type":"PropertyValueSpecification","valueRequired":true,"valueName":"search_term_string"}}],"inLanguage":"pt-PT"},{"@type":"Organization","@id":"https:\/\/brasport-group.com\/fr\/#organization","name":"Brasport","url":"https:\/\/brasport-group.com\/fr\/","logo":{"@type":"ImageObject","inLanguage":"pt-PT","@id":"https:\/\/brasport-group.com\/fr\/#\/schema\/logo\/image\/","url":"https:\/\/brasport-group.com\/wp-content\/uploads\/2025\/08\/logo-brasport-group.png","contentUrl":"https:\/\/brasport-group.com\/wp-content\/uploads\/2025\/08\/logo-brasport-group.png","width":411,"height":34,"caption":"Brasport"},"image":{"@id":"https:\/\/brasport-group.com\/fr\/#\/schema\/logo\/image\/"}}]}},"_links":{"self":[{"href":"https:\/\/brasport-group.com\/pt-pt\/wp-json\/wp\/v2\/pages\/1957","targetHints":{"allow":["GET"]}}],"collection":[{"href":"https:\/\/brasport-group.com\/pt-pt\/wp-json\/wp\/v2\/pages"}],"about":[{"href":"https:\/\/brasport-group.com\/pt-pt\/wp-json\/wp\/v2\/types\/page"}],"author":[{"embeddable":true,"href":"https:\/\/brasport-group.com\/pt-pt\/wp-json\/wp\/v2\/users\/1"}],"replies":[{"embeddable":true,"href":"https:\/\/brasport-group.com\/pt-pt\/wp-json\/wp\/v2\/comments?post=1957"}],"version-history":[{"count":7,"href":"https:\/\/brasport-group.com\/pt-pt\/wp-json\/wp\/v2\/pages\/1957\/revisions"}],"predecessor-version":[{"id":3446,"href":"https:\/\/brasport-group.com\/pt-pt\/wp-json\/wp\/v2\/pages\/1957\/revisions\/3446"}],"up":[{"embeddable":true,"href":"https:\/\/brasport-group.com\/pt-pt\/wp-json\/wp\/v2\/pages\/1939"}],"wp:attachment":[{"href":"https:\/\/brasport-group.com\/pt-pt\/wp-json\/wp\/v2\/media?parent=1957"}],"curies":[{"name":"wp","href":"https:\/\/api.w.org\/{rel}","templated":true}]}}