{"id":1959,"date":"2025-08-26T10:13:32","date_gmt":"2025-08-26T08:13:32","guid":{"rendered":"https:\/\/brasport-group.com\/o-grupo\/pesquisa-desenvolvimento\/"},"modified":"2025-12-05T09:16:17","modified_gmt":"2025-12-05T07:16:17","slug":"pesquisa-desenvolvimento","status":"publish","type":"page","link":"https:\/\/brasport-group.com\/pt-pt\/o-grupo\/pesquisa-desenvolvimento\/","title":{"rendered":"Investiga\u00e7\u00e3o; Desenvolvimento"},"content":{"rendered":"\t\t<div data-elementor-type=\"wp-page\" data-elementor-id=\"1959\" class=\"elementor elementor-1959 elementor-277\" data-elementor-post-type=\"page\">\n\t\t\t\t<div class=\"elementor-element elementor-element-9bdbd33 e-flex e-con-boxed e-con e-parent\" data-id=\"9bdbd33\" data-element_type=\"container\" data-settings=\"{&quot;background_background&quot;:&quot;classic&quot;}\">\n\t\t\t\t\t<div class=\"e-con-inner\">\n\t\t<div class=\"elementor-element elementor-element-31162ff animated-slow e-flex e-con-boxed elementor-invisible e-con e-child\" data-id=\"31162ff\" data-element_type=\"container\" data-settings=\"{&quot;animation&quot;:&quot;fadeInUp&quot;,&quot;animation_delay&quot;:200}\">\n\t\t\t\t\t<div class=\"e-con-inner\">\n\t\t\t\t<div class=\"elementor-element elementor-element-16cb3f7 elementor-align-left elementor-widget elementor-widget-breadcrumbs\" data-id=\"16cb3f7\" data-element_type=\"widget\" data-widget_type=\"breadcrumbs.default\">\n\t\t\t\t\t<p id=\"breadcrumbs\"><span><span><a href=\"https:\/\/brasport-group.com\/pt-pt\/pagina-inicial\/\">P\u00e1gina inicial<\/a><\/span><\/span><\/p>\t\t\t\t<\/div>\n\t\t\t\t<div class=\"elementor-element elementor-element-3dcde23 elementor-widget elementor-widget-heading\" data-id=\"3dcde23\" data-element_type=\"widget\" data-widget_type=\"heading.default\">\n\t\t\t\t\t<h1 class=\"elementor-heading-title elementor-size-default\">Investiga\u00e7\u00e3o; Desenvolvimento<\/h1>\t\t\t\t<\/div>\n\t\t\t\t<div class=\"elementor-element elementor-element-acd2330 elementor-widget__width-initial elementor-widget-mobile__width-inherit elementor-widget elementor-widget-text-editor\" data-id=\"acd2330\" data-element_type=\"widget\" data-widget_type=\"text-editor.default\">\n\t\t\t\t\t\t\t\t\t<p>Na Brasport, a inova\u00e7\u00e3o n\u00e3o \u00e9 uma op\u00e7\u00e3o: \u00e9 um reflexo, um motor e uma assinatura. O nosso departamento de Pesquisa &amp; Desenvolvimento, sediado em La Chaux-de-Fonds \u00e9 refor\u00e7ado pela BradTech em Portugal, imagina, concebe, aperfei\u00e7oa e testa as solu\u00e7\u00f5es do amanh\u00e3, para estar sempre \u00e0 altura das exig\u00eancias mais sofisticadas das marcas da relojoaria, do luxo e dos acess\u00f3rios. <\/p>\t\t\t\t\t\t\t\t<\/div>\n\t\t\t\t\t<\/div>\n\t\t\t\t<\/div>\n\t\t\t\t\t<\/div>\n\t\t\t\t<\/div>\n\t\t<div class=\"elementor-element elementor-element-9d4897a e-flex e-con-boxed e-con e-parent\" data-id=\"9d4897a\" data-element_type=\"container\">\n\t\t\t\t\t<div class=\"e-con-inner\">\n\t\t<div class=\"elementor-element elementor-element-d47d6b1 e-con-full e-flex e-con e-child\" data-id=\"d47d6b1\" data-element_type=\"container\">\n\t\t\t\t<div class=\"elementor-element elementor-element-dec1b12 elementor-widget elementor-widget-image\" data-id=\"dec1b12\" data-element_type=\"widget\" data-widget_type=\"image.default\">\n\t\t\t\t\t\t\t\t\t\t\t\t\t\t\t<img decoding=\"async\" src=\"https:\/\/brasport-group.com\/wp-content\/uploads\/elementor\/thumbs\/Capture-decran-2025-11-14-143042-rep2n7vkpmauivep7w2y7gi4xzbvlsggquc6hjl3cy.png\" title=\"Capture d&#8217;\u00e9cran 2025-11-14 143042\" alt=\"Capture d&#039;\u00e9cran 2025-11-14 143042\" loading=\"lazy\" \/>\t\t\t\t\t\t\t\t\t\t\t\t\t\t\t<\/div>\n\t\t\t\t<\/div>\n\t\t<div class=\"elementor-element elementor-element-2193585 e-con-full e-flex e-con e-child\" data-id=\"2193585\" data-element_type=\"container\">\n\t\t<div class=\"elementor-element elementor-element-1dede5c e-con-full e-flex e-con e-child\" data-id=\"1dede5c\" data-element_type=\"container\">\n\t\t\t\t<div class=\"elementor-element elementor-element-d90e41c elementor-widget elementor-widget-heading\" data-id=\"d90e41c\" data-element_type=\"widget\" data-widget_type=\"heading.default\">\n\t\t\t\t\t<h3 class=\"elementor-heading-title elementor-size-default\">Uma expertise a 360\u00b0, do couro aos componentes t\u00e9cnicos<\/h3>\t\t\t\t<\/div>\n\t\t\t\t<div class=\"elementor-element elementor-element-45a6cd0 elementor-widget elementor-widget-text-editor\" data-id=\"45a6cd0\" data-element_type=\"widget\" data-widget_type=\"text-editor.default\">\n\t\t\t\t\t\t\t\t\t<p>As nossas equipas pluridisciplinares trabalham em:<\/p><ul><li>Desenvolvimento de novos materiais: couros t\u00e9cnicos, acabamentos inovadores, tratamentos sustent\u00e1veis<\/li><li>Otimiza\u00e7\u00e3o de componentes relojoeiros: inserts, habillages, sistemas intercambi\u00e1veis<\/li><li>Concep\u00e7\u00e3o de prot\u00f3tipos complexos em 3D, at\u00e9 ao acabamento<\/li><li>Integra\u00e7\u00e3o de tecnologias de ponta: impress\u00e3o 3D, usinagem de alta precis\u00e3o, tratamentos de superf\u00edcie<\/li><li>Cria\u00e7\u00e3o de ferramentas e moldes sob medida para ganhar em efici\u00eancia e regularidade<\/li><\/ul>\t\t\t\t\t\t\t\t<\/div>\n\t\t\t\t<\/div>\n\t\t\t\t<\/div>\n\t\t\t\t\t<\/div>\n\t\t\t\t<\/div>\n\t\t<div class=\"elementor-element elementor-element-e8eaa0e e-flex e-con-boxed e-con e-parent\" data-id=\"e8eaa0e\" data-element_type=\"container\">\n\t\t\t\t\t<div class=\"e-con-inner\">\n\t\t<div class=\"elementor-element elementor-element-58b91a0 e-con-full e-flex e-con e-child\" data-id=\"58b91a0\" data-element_type=\"container\">\n\t\t<div class=\"elementor-element elementor-element-bb45501 e-con-full e-flex e-con e-child\" data-id=\"bb45501\" data-element_type=\"container\">\n\t\t\t\t<div class=\"elementor-element elementor-element-2dc0098 elementor-widget elementor-widget-heading\" data-id=\"2dc0098\" data-element_type=\"widget\" data-widget_type=\"heading.default\">\n\t\t\t\t\t<h3 class=\"elementor-heading-title elementor-size-default\">Um alicerce estrat\u00e9gico de performance<\/h3>\t\t\t\t<\/div>\n\t\t\t\t<div class=\"elementor-element elementor-element-6ca8ab1 elementor-widget elementor-widget-text-editor\" data-id=\"6ca8ab1\" data-element_type=\"widget\" data-widget_type=\"text-editor.default\">\n\t\t\t\t\t\t\t\t\t<p>A miss\u00e3o do nosso I&amp;D \u00e9 tripla:<br><br>\u2714 Inovar nos produtos<br>\u2714 Inovar nos processos<br>\u2714 Transformar o nosso Conhecimento em uma vantagem competitiva estrat\u00e9gica<\/p><p>Desenvolvemos solu\u00e7\u00f5es concretas que melhoram a produ\u00e7\u00e3o, aumentam a qualidade e respondem \u00e0s novas exig\u00eancias dos mercados internacionais. Com 3 patentes ativas, a Brasport transforma cada ideia em progresso mensur\u00e1vel, seja atrav\u00e9s de tecnologias patenteadas, seja de aperfei\u00e7oamentos invis\u00edveis mas essenciais. <\/p>\t\t\t\t\t\t\t\t<\/div>\n\t\t\t\t<\/div>\n\t\t\t\t<\/div>\n\t\t<div class=\"elementor-element elementor-element-b0a8dec e-con-full e-flex e-con e-child\" data-id=\"b0a8dec\" data-element_type=\"container\">\n\t\t\t\t<div class=\"elementor-element elementor-element-306be1d elementor-widget elementor-widget-image\" data-id=\"306be1d\" data-element_type=\"widget\" data-widget_type=\"image.default\">\n\t\t\t\t\t\t\t\t\t\t\t\t\t\t\t<img decoding=\"async\" src=\"https:\/\/brasport-group.com\/wp-content\/uploads\/elementor\/thumbs\/Capture-decran-2025-11-14-142700-rep2ixq1ksftmtmm81g4ujejisfojfghhncjs5xnpe.png\" title=\"Capture d&#8217;\u00e9cran 2025-11-14 142700\" alt=\"Capture d&#039;\u00e9cran 2025-11-14 142700\" loading=\"lazy\" \/>\t\t\t\t\t\t\t\t\t\t\t\t\t\t\t<\/div>\n\t\t\t\t<\/div>\n\t\t\t\t\t<\/div>\n\t\t\t\t<\/div>\n\t\t<div class=\"elementor-element elementor-element-11fc602 e-flex e-con-boxed e-con e-parent\" data-id=\"11fc602\" data-element_type=\"container\">\n\t\t\t\t\t<div class=\"e-con-inner\">\n\t\t<div class=\"elementor-element elementor-element-77d1aa1 e-con-full e-flex e-con e-child\" data-id=\"77d1aa1\" data-element_type=\"container\">\n\t\t\t\t<div class=\"elementor-element elementor-element-7c04003 elementor-widget elementor-widget-image\" data-id=\"7c04003\" data-element_type=\"widget\" data-widget_type=\"image.default\">\n\t\t\t\t\t\t\t\t\t\t\t\t\t\t\t<img decoding=\"async\" src=\"https:\/\/brasport-group.com\/wp-content\/uploads\/elementor\/thumbs\/DSC0011-scaled-rawyq0axfztgsy75185juohc8eq6h3rcdpotndhkjm.jpg\" title=\"_DSC0011\" alt=\"_DSC0011\" loading=\"lazy\" \/>\t\t\t\t\t\t\t\t\t\t\t\t\t\t\t<\/div>\n\t\t\t\t<\/div>\n\t\t<div class=\"elementor-element elementor-element-a40a32e e-con-full e-flex e-con e-child\" data-id=\"a40a32e\" data-element_type=\"container\">\n\t\t<div class=\"elementor-element elementor-element-6eef879 e-con-full e-flex e-con e-child\" data-id=\"6eef879\" data-element_type=\"container\">\n\t\t\t\t<div class=\"elementor-element elementor-element-acec54c elementor-widget elementor-widget-heading\" data-id=\"acec54c\" data-element_type=\"widget\" data-widget_type=\"heading.default\">\n\t\t\t\t\t<h3 class=\"elementor-heading-title elementor-size-default\">Uma vigil\u00e2ncia constante, um di\u00e1logo aberto<\/h3>\t\t\t\t<\/div>\n\t\t\t\t<div class=\"elementor-element elementor-element-617fdd4 elementor-widget elementor-widget-text-editor\" data-id=\"617fdd4\" data-element_type=\"widget\" data-widget_type=\"text-editor.default\">\n\t\t\t\t\t\t\t\t\t<p>O departamento de I&amp;D mant\u00e9m uma vigil\u00e2ncia ativa sobre os materiais, as tend\u00eancias e as evolu\u00e7\u00f5es regulamentares (REACH, RoHS, Prop 65), ao mesmo tempo que conserva um di\u00e1logo permanente com os nossos clientes, parceiros e inst\u00e2ncias de regula\u00e7\u00e3o.<\/p><p>A Brasport \u00e9 tamb\u00e9m cofundadora da <a href=\"https:\/\/www.aqc-asso.ch\/index.php\/en\">AQC<\/a> (Association pour l\u2019Assurance Qualit\u00e9 des fabricants de bracelets Cuir), ator de refer\u00eancia no controlo de qualidade da fileira do couro. Este compromisso sublinha a nossa determina\u00e7\u00e3o em garantir a rastreabilidade, a seguran\u00e7a do produto e preserva\u00e7\u00e3o do conhecimento.<\/p><p>Empresa voltada para o futuro, a Brasport est\u00e1 sempre pronta a adotar os padr\u00f5es mais exigentes. A nossa ambi\u00e7\u00e3o? Continuar a transformar as restri\u00e7\u00f5es em oportunidades e a oferecer \u00e0s marcas solu\u00e7\u00f5es inovadoras e sustent\u00e1veis.  <\/p>\t\t\t\t\t\t\t\t<\/div>\n\t\t\t\t<\/div>\n\t\t\t\t<\/div>\n\t\t\t\t\t<\/div>\n\t\t\t\t<\/div>\n\t\t\t\t<\/div>\n\t\t","protected":false},"excerpt":{"rendered":"<p>Investiga\u00e7\u00e3o; Desenvolvimento Na Brasport, a inova\u00e7\u00e3o n\u00e3o \u00e9 uma op\u00e7\u00e3o: \u00e9 um reflexo, um motor e uma assinatura. O nosso departamento de Pesquisa &amp; Desenvolvimento, sediado em La Chaux-de-Fonds \u00e9 refor\u00e7ado pela BradTech em Portugal, imagina, concebe, aperfei\u00e7oa e testa as solu\u00e7\u00f5es do amanh\u00e3, para estar sempre \u00e0 altura das exig\u00eancias mais sofisticadas das marcas [&hellip;]<\/p>\n","protected":false},"author":1,"featured_media":0,"parent":1939,"menu_order":0,"comment_status":"closed","ping_status":"closed","template":"","meta":{"_acf_changed":false,"footnotes":""},"class_list":["post-1959","page","type-page","status-publish","hentry"],"acf":[],"yoast_head":"<!-- This site is optimized with the Yoast SEO plugin v26.4 - https:\/\/yoast.com\/wordpress\/plugins\/seo\/ -->\n<title>Investiga\u00e7\u00e3o; Desenvolvimento - Brasport<\/title>\n<meta name=\"robots\" content=\"index, follow, max-snippet:-1, max-image-preview:large, max-video-preview:-1\" \/>\n<link rel=\"canonical\" href=\"https:\/\/brasport-group.com\/pt-pt\/o-grupo\/pesquisa-desenvolvimento\/\" \/>\n<meta property=\"og:locale\" content=\"pt_PT\" \/>\n<meta property=\"og:type\" content=\"article\" \/>\n<meta property=\"og:title\" content=\"Investiga\u00e7\u00e3o; Desenvolvimento - Brasport\" \/>\n<meta property=\"og:description\" content=\"Investiga\u00e7\u00e3o; Desenvolvimento Na Brasport, a inova\u00e7\u00e3o n\u00e3o \u00e9 uma op\u00e7\u00e3o: \u00e9 um reflexo, um motor e uma assinatura. O nosso departamento de Pesquisa &amp; Desenvolvimento, sediado em La Chaux-de-Fonds \u00e9 refor\u00e7ado pela BradTech em Portugal, imagina, concebe, aperfei\u00e7oa e testa as solu\u00e7\u00f5es do amanh\u00e3, para estar sempre \u00e0 altura das exig\u00eancias mais sofisticadas das marcas [&hellip;]\" \/>\n<meta property=\"og:url\" content=\"https:\/\/brasport-group.com\/pt-pt\/o-grupo\/pesquisa-desenvolvimento\/\" \/>\n<meta property=\"og:site_name\" content=\"Brasport\" \/>\n<meta property=\"article:modified_time\" content=\"2025-12-05T07:16:17+00:00\" \/>\n<meta property=\"og:image\" content=\"https:\/\/brasport-group.com\/wp-content\/uploads\/elementor\/thumbs\/Capture-decran-2025-11-14-143042-rep2n7vkpmauivep7w2y7gi4xzbvlsggquc6hjl3cy.png\" \/>\n<meta name=\"twitter:card\" content=\"summary_large_image\" \/>\n<meta name=\"twitter:label1\" content=\"Tempo estimado de leitura\" \/>\n\t<meta name=\"twitter:data1\" content=\"2 minutos\" \/>\n<script type=\"application\/ld+json\" class=\"yoast-schema-graph\">{\"@context\":\"https:\/\/schema.org\",\"@graph\":[{\"@type\":\"WebPage\",\"@id\":\"https:\/\/brasport-group.com\/pt-pt\/o-grupo\/pesquisa-desenvolvimento\/\",\"url\":\"https:\/\/brasport-group.com\/pt-pt\/o-grupo\/pesquisa-desenvolvimento\/\",\"name\":\"Investiga\u00e7\u00e3o; Desenvolvimento - Brasport\",\"isPartOf\":{\"@id\":\"https:\/\/brasport-group.com\/fr\/#website\"},\"primaryImageOfPage\":{\"@id\":\"https:\/\/brasport-group.com\/pt-pt\/o-grupo\/pesquisa-desenvolvimento\/#primaryimage\"},\"image\":{\"@id\":\"https:\/\/brasport-group.com\/pt-pt\/o-grupo\/pesquisa-desenvolvimento\/#primaryimage\"},\"thumbnailUrl\":\"https:\/\/brasport-group.com\/wp-content\/uploads\/elementor\/thumbs\/Capture-decran-2025-11-14-143042-rep2n7vkpmauivep7w2y7gi4xzbvlsggquc6hjl3cy.png\",\"datePublished\":\"2025-08-26T08:13:32+00:00\",\"dateModified\":\"2025-12-05T07:16:17+00:00\",\"breadcrumb\":{\"@id\":\"https:\/\/brasport-group.com\/pt-pt\/o-grupo\/pesquisa-desenvolvimento\/#breadcrumb\"},\"inLanguage\":\"pt-PT\",\"potentialAction\":[{\"@type\":\"ReadAction\",\"target\":[\"https:\/\/brasport-group.com\/pt-pt\/o-grupo\/pesquisa-desenvolvimento\/\"]}]},{\"@type\":\"ImageObject\",\"inLanguage\":\"pt-PT\",\"@id\":\"https:\/\/brasport-group.com\/pt-pt\/o-grupo\/pesquisa-desenvolvimento\/#primaryimage\",\"url\":\"https:\/\/brasport-group.com\/wp-content\/uploads\/elementor\/thumbs\/Capture-decran-2025-11-14-143042-rep2n7vkpmauivep7w2y7gi4xzbvlsggquc6hjl3cy.png\",\"contentUrl\":\"https:\/\/brasport-group.com\/wp-content\/uploads\/elementor\/thumbs\/Capture-decran-2025-11-14-143042-rep2n7vkpmauivep7w2y7gi4xzbvlsggquc6hjl3cy.png\"},{\"@type\":\"BreadcrumbList\",\"@id\":\"https:\/\/brasport-group.com\/pt-pt\/o-grupo\/pesquisa-desenvolvimento\/#breadcrumb\",\"itemListElement\":[{\"@type\":\"ListItem\",\"position\":1,\"name\":\"P\u00e1gina inicial\",\"item\":\"https:\/\/brasport-group.com\/pt-pt\/pagina-inicial\/\"},{\"@type\":\"ListItem\",\"position\":2,\"name\":\"O Grupo\",\"item\":\"https:\/\/brasport-group.com\/pt-pt\/o-grupo\/\"},{\"@type\":\"ListItem\",\"position\":3,\"name\":\"Investiga\u00e7\u00e3o; Desenvolvimento\"}]},{\"@type\":\"WebSite\",\"@id\":\"https:\/\/brasport-group.com\/fr\/#website\",\"url\":\"https:\/\/brasport-group.com\/fr\/\",\"name\":\"Brasport\",\"description\":\"Passion et excellence\",\"publisher\":{\"@id\":\"https:\/\/brasport-group.com\/fr\/#organization\"},\"potentialAction\":[{\"@type\":\"SearchAction\",\"target\":{\"@type\":\"EntryPoint\",\"urlTemplate\":\"https:\/\/brasport-group.com\/fr\/?s={search_term_string}\"},\"query-input\":{\"@type\":\"PropertyValueSpecification\",\"valueRequired\":true,\"valueName\":\"search_term_string\"}}],\"inLanguage\":\"pt-PT\"},{\"@type\":\"Organization\",\"@id\":\"https:\/\/brasport-group.com\/fr\/#organization\",\"name\":\"Brasport\",\"url\":\"https:\/\/brasport-group.com\/fr\/\",\"logo\":{\"@type\":\"ImageObject\",\"inLanguage\":\"pt-PT\",\"@id\":\"https:\/\/brasport-group.com\/fr\/#\/schema\/logo\/image\/\",\"url\":\"https:\/\/brasport-group.com\/wp-content\/uploads\/2025\/08\/logo-brasport-group.png\",\"contentUrl\":\"https:\/\/brasport-group.com\/wp-content\/uploads\/2025\/08\/logo-brasport-group.png\",\"width\":411,\"height\":34,\"caption\":\"Brasport\"},\"image\":{\"@id\":\"https:\/\/brasport-group.com\/fr\/#\/schema\/logo\/image\/\"}}]}<\/script>\n<!-- \/ Yoast SEO plugin. -->","yoast_head_json":{"title":"Investiga\u00e7\u00e3o; Desenvolvimento - Brasport","robots":{"index":"index","follow":"follow","max-snippet":"max-snippet:-1","max-image-preview":"max-image-preview:large","max-video-preview":"max-video-preview:-1"},"canonical":"https:\/\/brasport-group.com\/pt-pt\/o-grupo\/pesquisa-desenvolvimento\/","og_locale":"pt_PT","og_type":"article","og_title":"Investiga\u00e7\u00e3o; Desenvolvimento - Brasport","og_description":"Investiga\u00e7\u00e3o; Desenvolvimento Na Brasport, a inova\u00e7\u00e3o n\u00e3o \u00e9 uma op\u00e7\u00e3o: \u00e9 um reflexo, um motor e uma assinatura. O nosso departamento de Pesquisa &amp; Desenvolvimento, sediado em La Chaux-de-Fonds \u00e9 refor\u00e7ado pela BradTech em Portugal, imagina, concebe, aperfei\u00e7oa e testa as solu\u00e7\u00f5es do amanh\u00e3, para estar sempre \u00e0 altura das exig\u00eancias mais sofisticadas das marcas [&hellip;]","og_url":"https:\/\/brasport-group.com\/pt-pt\/o-grupo\/pesquisa-desenvolvimento\/","og_site_name":"Brasport","article_modified_time":"2025-12-05T07:16:17+00:00","og_image":[{"url":"https:\/\/brasport-group.com\/wp-content\/uploads\/elementor\/thumbs\/Capture-decran-2025-11-14-143042-rep2n7vkpmauivep7w2y7gi4xzbvlsggquc6hjl3cy.png","type":"","width":"","height":""}],"twitter_card":"summary_large_image","twitter_misc":{"Tempo estimado de leitura":"2 minutos"},"schema":{"@context":"https:\/\/schema.org","@graph":[{"@type":"WebPage","@id":"https:\/\/brasport-group.com\/pt-pt\/o-grupo\/pesquisa-desenvolvimento\/","url":"https:\/\/brasport-group.com\/pt-pt\/o-grupo\/pesquisa-desenvolvimento\/","name":"Investiga\u00e7\u00e3o; Desenvolvimento - Brasport","isPartOf":{"@id":"https:\/\/brasport-group.com\/fr\/#website"},"primaryImageOfPage":{"@id":"https:\/\/brasport-group.com\/pt-pt\/o-grupo\/pesquisa-desenvolvimento\/#primaryimage"},"image":{"@id":"https:\/\/brasport-group.com\/pt-pt\/o-grupo\/pesquisa-desenvolvimento\/#primaryimage"},"thumbnailUrl":"https:\/\/brasport-group.com\/wp-content\/uploads\/elementor\/thumbs\/Capture-decran-2025-11-14-143042-rep2n7vkpmauivep7w2y7gi4xzbvlsggquc6hjl3cy.png","datePublished":"2025-08-26T08:13:32+00:00","dateModified":"2025-12-05T07:16:17+00:00","breadcrumb":{"@id":"https:\/\/brasport-group.com\/pt-pt\/o-grupo\/pesquisa-desenvolvimento\/#breadcrumb"},"inLanguage":"pt-PT","potentialAction":[{"@type":"ReadAction","target":["https:\/\/brasport-group.com\/pt-pt\/o-grupo\/pesquisa-desenvolvimento\/"]}]},{"@type":"ImageObject","inLanguage":"pt-PT","@id":"https:\/\/brasport-group.com\/pt-pt\/o-grupo\/pesquisa-desenvolvimento\/#primaryimage","url":"https:\/\/brasport-group.com\/wp-content\/uploads\/elementor\/thumbs\/Capture-decran-2025-11-14-143042-rep2n7vkpmauivep7w2y7gi4xzbvlsggquc6hjl3cy.png","contentUrl":"https:\/\/brasport-group.com\/wp-content\/uploads\/elementor\/thumbs\/Capture-decran-2025-11-14-143042-rep2n7vkpmauivep7w2y7gi4xzbvlsggquc6hjl3cy.png"},{"@type":"BreadcrumbList","@id":"https:\/\/brasport-group.com\/pt-pt\/o-grupo\/pesquisa-desenvolvimento\/#breadcrumb","itemListElement":[{"@type":"ListItem","position":1,"name":"P\u00e1gina inicial","item":"https:\/\/brasport-group.com\/pt-pt\/pagina-inicial\/"},{"@type":"ListItem","position":2,"name":"O Grupo","item":"https:\/\/brasport-group.com\/pt-pt\/o-grupo\/"},{"@type":"ListItem","position":3,"name":"Investiga\u00e7\u00e3o; Desenvolvimento"}]},{"@type":"WebSite","@id":"https:\/\/brasport-group.com\/fr\/#website","url":"https:\/\/brasport-group.com\/fr\/","name":"Brasport","description":"Passion et excellence","publisher":{"@id":"https:\/\/brasport-group.com\/fr\/#organization"},"potentialAction":[{"@type":"SearchAction","target":{"@type":"EntryPoint","urlTemplate":"https:\/\/brasport-group.com\/fr\/?s={search_term_string}"},"query-input":{"@type":"PropertyValueSpecification","valueRequired":true,"valueName":"search_term_string"}}],"inLanguage":"pt-PT"},{"@type":"Organization","@id":"https:\/\/brasport-group.com\/fr\/#organization","name":"Brasport","url":"https:\/\/brasport-group.com\/fr\/","logo":{"@type":"ImageObject","inLanguage":"pt-PT","@id":"https:\/\/brasport-group.com\/fr\/#\/schema\/logo\/image\/","url":"https:\/\/brasport-group.com\/wp-content\/uploads\/2025\/08\/logo-brasport-group.png","contentUrl":"https:\/\/brasport-group.com\/wp-content\/uploads\/2025\/08\/logo-brasport-group.png","width":411,"height":34,"caption":"Brasport"},"image":{"@id":"https:\/\/brasport-group.com\/fr\/#\/schema\/logo\/image\/"}}]}},"_links":{"self":[{"href":"https:\/\/brasport-group.com\/pt-pt\/wp-json\/wp\/v2\/pages\/1959","targetHints":{"allow":["GET"]}}],"collection":[{"href":"https:\/\/brasport-group.com\/pt-pt\/wp-json\/wp\/v2\/pages"}],"about":[{"href":"https:\/\/brasport-group.com\/pt-pt\/wp-json\/wp\/v2\/types\/page"}],"author":[{"embeddable":true,"href":"https:\/\/brasport-group.com\/pt-pt\/wp-json\/wp\/v2\/users\/1"}],"replies":[{"embeddable":true,"href":"https:\/\/brasport-group.com\/pt-pt\/wp-json\/wp\/v2\/comments?post=1959"}],"version-history":[{"count":9,"href":"https:\/\/brasport-group.com\/pt-pt\/wp-json\/wp\/v2\/pages\/1959\/revisions"}],"predecessor-version":[{"id":3448,"href":"https:\/\/brasport-group.com\/pt-pt\/wp-json\/wp\/v2\/pages\/1959\/revisions\/3448"}],"up":[{"embeddable":true,"href":"https:\/\/brasport-group.com\/pt-pt\/wp-json\/wp\/v2\/pages\/1939"}],"wp:attachment":[{"href":"https:\/\/brasport-group.com\/pt-pt\/wp-json\/wp\/v2\/media?parent=1959"}],"curies":[{"name":"wp","href":"https:\/\/api.w.org\/{rel}","templated":true}]}}