{"id":1961,"date":"2025-08-26T10:13:14","date_gmt":"2025-08-26T08:13:14","guid":{"rendered":"https:\/\/brasport-group.com\/o-grupo\/a-nossa-expertise-oem\/"},"modified":"2025-12-10T12:49:23","modified_gmt":"2025-12-10T10:49:23","slug":"a-nossa-expertise-oem","status":"publish","type":"page","link":"https:\/\/brasport-group.com\/pt-pt\/o-grupo\/a-nossa-expertise-oem\/","title":{"rendered":"Nossa expertise OEM"},"content":{"rendered":"\t\t<div data-elementor-type=\"wp-page\" data-elementor-id=\"1961\" class=\"elementor elementor-1961 elementor-275\" data-elementor-post-type=\"page\">\n\t\t\t\t<div class=\"elementor-element elementor-element-5398caf e-flex e-con-boxed e-con e-parent\" data-id=\"5398caf\" data-element_type=\"container\" data-settings=\"{&quot;background_background&quot;:&quot;classic&quot;}\">\n\t\t\t\t\t<div class=\"e-con-inner\">\n\t\t<div class=\"elementor-element elementor-element-459fec0 animated-slow e-flex e-con-boxed elementor-invisible e-con e-child\" data-id=\"459fec0\" data-element_type=\"container\" data-settings=\"{&quot;animation&quot;:&quot;fadeInUp&quot;,&quot;animation_delay&quot;:200}\">\n\t\t\t\t\t<div class=\"e-con-inner\">\n\t\t\t\t<div class=\"elementor-element elementor-element-c4e21fa elementor-align-left elementor-widget elementor-widget-breadcrumbs\" data-id=\"c4e21fa\" data-element_type=\"widget\" data-widget_type=\"breadcrumbs.default\">\n\t\t\t\t\t<p id=\"breadcrumbs\"><span><span><a href=\"https:\/\/brasport-group.com\/pt-pt\/pagina-inicial\/\">P\u00e1gina inicial<\/a><\/span><\/span><\/p>\t\t\t\t<\/div>\n\t\t\t\t<div class=\"elementor-element elementor-element-d05648a elementor-widget elementor-widget-heading\" data-id=\"d05648a\" data-element_type=\"widget\" data-widget_type=\"heading.default\">\n\t\t\t\t\t<h1 class=\"elementor-heading-title elementor-size-default\">Produ\u00e7\u00e3o OEM<br>A experi\u00eancia Brasport ao servi\u00e7o das tuas cole\u00e7\u00f5es<\/h1>\t\t\t\t<\/div>\n\t\t\t\t<div class=\"elementor-element elementor-element-f9ac47d elementor-widget__width-initial elementor-widget-mobile__width-inherit elementor-widget elementor-widget-text-editor\" data-id=\"f9ac47d\" data-element_type=\"widget\" data-widget_type=\"text-editor.default\">\n\t\t\t\t\t\t\t\t\t<p>Na Brasport, acompanhamos as marcas no desenvolvimento e na fabrica\u00e7\u00e3o sob medida dos seus produtos, desde o conceito at\u00e9 \u00e0 entrega.<br>Gra\u00e7as \u00e0 nossa experi\u00eancia OEM (Original Equipment Manufacturer), produzimos em s\u00e9rie braceletes, componentes e artigos de marroquinaria que respondem aos mais altos padr\u00f5es do mercado.<\/p>\t\t\t\t\t\t\t\t<\/div>\n\t\t\t\t\t<\/div>\n\t\t\t\t<\/div>\n\t\t\t\t\t<\/div>\n\t\t\t\t<\/div>\n\t\t<div class=\"elementor-element elementor-element-f0024e7 e-flex e-con-boxed e-con e-parent\" data-id=\"f0024e7\" data-element_type=\"container\">\n\t\t\t\t\t<div class=\"e-con-inner\">\n\t\t<div class=\"elementor-element elementor-element-48e6c10 e-con-full e-flex e-con e-child\" data-id=\"48e6c10\" data-element_type=\"container\">\n\t\t\t\t<div class=\"elementor-element elementor-element-e8cd38a elementor-widget elementor-widget-image\" data-id=\"e8cd38a\" data-element_type=\"widget\" data-widget_type=\"image.default\">\n\t\t\t\t\t\t\t\t\t\t\t\t\t\t\t<img fetchpriority=\"high\" decoding=\"async\" width=\"800\" height=\"533\" src=\"https:\/\/brasport-group.com\/wp-content\/uploads\/2025\/11\/ESC2711.jpg\" class=\"attachment-full size-full wp-image-2640\" alt=\"\" srcset=\"https:\/\/brasport-group.com\/wp-content\/uploads\/2025\/11\/ESC2711.jpg 800w, https:\/\/brasport-group.com\/wp-content\/uploads\/2025\/11\/ESC2711-300x200.jpg 300w, https:\/\/brasport-group.com\/wp-content\/uploads\/2025\/11\/ESC2711-768x512.jpg 768w\" sizes=\"(max-width: 800px) 100vw, 800px\" \/>\t\t\t\t\t\t\t\t\t\t\t\t\t\t\t<\/div>\n\t\t\t\t<\/div>\n\t\t<div class=\"elementor-element elementor-element-6e4a879 e-con-full e-flex e-con e-child\" data-id=\"6e4a879\" data-element_type=\"container\">\n\t\t<div class=\"elementor-element elementor-element-80f4300 e-con-full e-flex e-con e-child\" data-id=\"80f4300\" data-element_type=\"container\">\n\t\t\t\t<div class=\"elementor-element elementor-element-d0cd45c elementor-widget elementor-widget-heading\" data-id=\"d0cd45c\" data-element_type=\"widget\" data-widget_type=\"heading.default\">\n\t\t\t\t\t<h3 class=\"elementor-heading-title elementor-size-default\">A nossa oferta OEM baseia-se em:<br><\/h3>\t\t\t\t<\/div>\n\t\t\t\t<div class=\"elementor-element elementor-element-49239f4 elementor-widget elementor-widget-text-editor\" data-id=\"49239f4\" data-element_type=\"widget\" data-widget_type=\"text-editor.default\">\n\t\t\t\t\t\t\t\t\t<ul><li>Uma estreita colabora\u00e7\u00e3o com as suas equipas: co-desenvolvimento, design, escolha dos materiais<\/li><li>Um acompanhamento desde a industrializa\u00e7\u00e3o at\u00e9 \u00e0 produ\u00e7\u00e3o<\/li><li>Controlo da qualidade e dos prazos ao longo de toda a cadeia<\/li><li>A for\u00e7a de um grupo internacional, com sites de produ\u00e7\u00e3o certificados, \u00e1geis e complementares<\/li><\/ul><p>Gra\u00e7as ao nosso dom\u00ednio dos couros, das mat\u00e9rias t\u00e9cnicas e dos processos complexos, damos vida \u00e0s suas cole\u00e7\u00f5es com precis\u00e3o, eleg\u00e2ncia e fiabilidade.<\/p>\t\t\t\t\t\t\t\t<\/div>\n\t\t\t\t<\/div>\n\t\t\t\t<\/div>\n\t\t\t\t\t<\/div>\n\t\t\t\t<\/div>\n\t\t\t\t<\/div>\n\t\t","protected":false},"excerpt":{"rendered":"<p>Produ\u00e7\u00e3o OEMA experi\u00eancia Brasport ao servi\u00e7o das tuas cole\u00e7\u00f5es Na Brasport, acompanhamos as marcas no desenvolvimento e na fabrica\u00e7\u00e3o sob medida dos seus produtos, desde o conceito at\u00e9 \u00e0 entrega.Gra\u00e7as \u00e0 nossa experi\u00eancia OEM (Original Equipment Manufacturer), produzimos em s\u00e9rie braceletes, componentes e artigos de marroquinaria que respondem aos mais altos padr\u00f5es do mercado. A [&hellip;]<\/p>\n","protected":false},"author":1,"featured_media":0,"parent":1939,"menu_order":0,"comment_status":"closed","ping_status":"closed","template":"","meta":{"_acf_changed":false,"footnotes":""},"class_list":["post-1961","page","type-page","status-publish","hentry"],"acf":[],"yoast_head":"<!-- This site is optimized with the Yoast SEO plugin v26.4 - https:\/\/yoast.com\/wordpress\/plugins\/seo\/ -->\n<title>Nossa expertise OEM - Brasport<\/title>\n<meta name=\"robots\" content=\"index, follow, max-snippet:-1, max-image-preview:large, max-video-preview:-1\" \/>\n<link rel=\"canonical\" href=\"https:\/\/brasport-group.com\/pt-pt\/o-grupo\/a-nossa-expertise-oem\/\" \/>\n<meta property=\"og:locale\" content=\"pt_PT\" \/>\n<meta property=\"og:type\" content=\"article\" \/>\n<meta property=\"og:title\" content=\"Nossa expertise OEM - Brasport\" \/>\n<meta property=\"og:description\" content=\"Produ\u00e7\u00e3o OEMA experi\u00eancia Brasport ao servi\u00e7o das tuas cole\u00e7\u00f5es Na Brasport, acompanhamos as marcas no desenvolvimento e na fabrica\u00e7\u00e3o sob medida dos seus produtos, desde o conceito at\u00e9 \u00e0 entrega.Gra\u00e7as \u00e0 nossa experi\u00eancia OEM (Original Equipment Manufacturer), produzimos em s\u00e9rie braceletes, componentes e artigos de marroquinaria que respondem aos mais altos padr\u00f5es do mercado. A [&hellip;]\" \/>\n<meta property=\"og:url\" content=\"https:\/\/brasport-group.com\/pt-pt\/o-grupo\/a-nossa-expertise-oem\/\" \/>\n<meta property=\"og:site_name\" content=\"Brasport\" \/>\n<meta property=\"article:modified_time\" content=\"2025-12-10T10:49:23+00:00\" \/>\n<meta property=\"og:image\" content=\"https:\/\/brasport-group.com\/wp-content\/uploads\/2025\/11\/ESC2711.jpg\" \/>\n\t<meta property=\"og:image:width\" content=\"800\" \/>\n\t<meta property=\"og:image:height\" content=\"533\" \/>\n\t<meta property=\"og:image:type\" content=\"image\/jpeg\" \/>\n<meta name=\"twitter:card\" content=\"summary_large_image\" \/>\n<meta name=\"twitter:label1\" content=\"Tempo estimado de leitura\" \/>\n\t<meta name=\"twitter:data1\" content=\"1 minuto\" \/>\n<script type=\"application\/ld+json\" class=\"yoast-schema-graph\">{\"@context\":\"https:\/\/schema.org\",\"@graph\":[{\"@type\":\"WebPage\",\"@id\":\"https:\/\/brasport-group.com\/pt-pt\/o-grupo\/a-nossa-expertise-oem\/\",\"url\":\"https:\/\/brasport-group.com\/pt-pt\/o-grupo\/a-nossa-expertise-oem\/\",\"name\":\"Nossa expertise OEM - Brasport\",\"isPartOf\":{\"@id\":\"https:\/\/brasport-group.com\/fr\/#website\"},\"primaryImageOfPage\":{\"@id\":\"https:\/\/brasport-group.com\/pt-pt\/o-grupo\/a-nossa-expertise-oem\/#primaryimage\"},\"image\":{\"@id\":\"https:\/\/brasport-group.com\/pt-pt\/o-grupo\/a-nossa-expertise-oem\/#primaryimage\"},\"thumbnailUrl\":\"https:\/\/brasport-group.com\/wp-content\/uploads\/2025\/11\/ESC2711.jpg\",\"datePublished\":\"2025-08-26T08:13:14+00:00\",\"dateModified\":\"2025-12-10T10:49:23+00:00\",\"breadcrumb\":{\"@id\":\"https:\/\/brasport-group.com\/pt-pt\/o-grupo\/a-nossa-expertise-oem\/#breadcrumb\"},\"inLanguage\":\"pt-PT\",\"potentialAction\":[{\"@type\":\"ReadAction\",\"target\":[\"https:\/\/brasport-group.com\/pt-pt\/o-grupo\/a-nossa-expertise-oem\/\"]}]},{\"@type\":\"ImageObject\",\"inLanguage\":\"pt-PT\",\"@id\":\"https:\/\/brasport-group.com\/pt-pt\/o-grupo\/a-nossa-expertise-oem\/#primaryimage\",\"url\":\"https:\/\/brasport-group.com\/wp-content\/uploads\/2025\/11\/ESC2711.jpg\",\"contentUrl\":\"https:\/\/brasport-group.com\/wp-content\/uploads\/2025\/11\/ESC2711.jpg\"},{\"@type\":\"BreadcrumbList\",\"@id\":\"https:\/\/brasport-group.com\/pt-pt\/o-grupo\/a-nossa-expertise-oem\/#breadcrumb\",\"itemListElement\":[{\"@type\":\"ListItem\",\"position\":1,\"name\":\"P\u00e1gina inicial\",\"item\":\"https:\/\/brasport-group.com\/pt-pt\/pagina-inicial\/\"},{\"@type\":\"ListItem\",\"position\":2,\"name\":\"O Grupo\",\"item\":\"https:\/\/brasport-group.com\/pt-pt\/o-grupo\/\"},{\"@type\":\"ListItem\",\"position\":3,\"name\":\"Nossa expertise OEM\"}]},{\"@type\":\"WebSite\",\"@id\":\"https:\/\/brasport-group.com\/fr\/#website\",\"url\":\"https:\/\/brasport-group.com\/fr\/\",\"name\":\"Brasport\",\"description\":\"Passion et excellence\",\"publisher\":{\"@id\":\"https:\/\/brasport-group.com\/fr\/#organization\"},\"potentialAction\":[{\"@type\":\"SearchAction\",\"target\":{\"@type\":\"EntryPoint\",\"urlTemplate\":\"https:\/\/brasport-group.com\/fr\/?s={search_term_string}\"},\"query-input\":{\"@type\":\"PropertyValueSpecification\",\"valueRequired\":true,\"valueName\":\"search_term_string\"}}],\"inLanguage\":\"pt-PT\"},{\"@type\":\"Organization\",\"@id\":\"https:\/\/brasport-group.com\/fr\/#organization\",\"name\":\"Brasport\",\"url\":\"https:\/\/brasport-group.com\/fr\/\",\"logo\":{\"@type\":\"ImageObject\",\"inLanguage\":\"pt-PT\",\"@id\":\"https:\/\/brasport-group.com\/fr\/#\/schema\/logo\/image\/\",\"url\":\"https:\/\/brasport-group.com\/wp-content\/uploads\/2025\/08\/logo-brasport-group.png\",\"contentUrl\":\"https:\/\/brasport-group.com\/wp-content\/uploads\/2025\/08\/logo-brasport-group.png\",\"width\":411,\"height\":34,\"caption\":\"Brasport\"},\"image\":{\"@id\":\"https:\/\/brasport-group.com\/fr\/#\/schema\/logo\/image\/\"}}]}<\/script>\n<!-- \/ Yoast SEO plugin. -->","yoast_head_json":{"title":"Nossa expertise OEM - Brasport","robots":{"index":"index","follow":"follow","max-snippet":"max-snippet:-1","max-image-preview":"max-image-preview:large","max-video-preview":"max-video-preview:-1"},"canonical":"https:\/\/brasport-group.com\/pt-pt\/o-grupo\/a-nossa-expertise-oem\/","og_locale":"pt_PT","og_type":"article","og_title":"Nossa expertise OEM - Brasport","og_description":"Produ\u00e7\u00e3o OEMA experi\u00eancia Brasport ao servi\u00e7o das tuas cole\u00e7\u00f5es Na Brasport, acompanhamos as marcas no desenvolvimento e na fabrica\u00e7\u00e3o sob medida dos seus produtos, desde o conceito at\u00e9 \u00e0 entrega.Gra\u00e7as \u00e0 nossa experi\u00eancia OEM (Original Equipment Manufacturer), produzimos em s\u00e9rie braceletes, componentes e artigos de marroquinaria que respondem aos mais altos padr\u00f5es do mercado. A [&hellip;]","og_url":"https:\/\/brasport-group.com\/pt-pt\/o-grupo\/a-nossa-expertise-oem\/","og_site_name":"Brasport","article_modified_time":"2025-12-10T10:49:23+00:00","og_image":[{"width":800,"height":533,"url":"https:\/\/brasport-group.com\/wp-content\/uploads\/2025\/11\/ESC2711.jpg","type":"image\/jpeg"}],"twitter_card":"summary_large_image","twitter_misc":{"Tempo estimado de leitura":"1 minuto"},"schema":{"@context":"https:\/\/schema.org","@graph":[{"@type":"WebPage","@id":"https:\/\/brasport-group.com\/pt-pt\/o-grupo\/a-nossa-expertise-oem\/","url":"https:\/\/brasport-group.com\/pt-pt\/o-grupo\/a-nossa-expertise-oem\/","name":"Nossa expertise OEM - Brasport","isPartOf":{"@id":"https:\/\/brasport-group.com\/fr\/#website"},"primaryImageOfPage":{"@id":"https:\/\/brasport-group.com\/pt-pt\/o-grupo\/a-nossa-expertise-oem\/#primaryimage"},"image":{"@id":"https:\/\/brasport-group.com\/pt-pt\/o-grupo\/a-nossa-expertise-oem\/#primaryimage"},"thumbnailUrl":"https:\/\/brasport-group.com\/wp-content\/uploads\/2025\/11\/ESC2711.jpg","datePublished":"2025-08-26T08:13:14+00:00","dateModified":"2025-12-10T10:49:23+00:00","breadcrumb":{"@id":"https:\/\/brasport-group.com\/pt-pt\/o-grupo\/a-nossa-expertise-oem\/#breadcrumb"},"inLanguage":"pt-PT","potentialAction":[{"@type":"ReadAction","target":["https:\/\/brasport-group.com\/pt-pt\/o-grupo\/a-nossa-expertise-oem\/"]}]},{"@type":"ImageObject","inLanguage":"pt-PT","@id":"https:\/\/brasport-group.com\/pt-pt\/o-grupo\/a-nossa-expertise-oem\/#primaryimage","url":"https:\/\/brasport-group.com\/wp-content\/uploads\/2025\/11\/ESC2711.jpg","contentUrl":"https:\/\/brasport-group.com\/wp-content\/uploads\/2025\/11\/ESC2711.jpg"},{"@type":"BreadcrumbList","@id":"https:\/\/brasport-group.com\/pt-pt\/o-grupo\/a-nossa-expertise-oem\/#breadcrumb","itemListElement":[{"@type":"ListItem","position":1,"name":"P\u00e1gina inicial","item":"https:\/\/brasport-group.com\/pt-pt\/pagina-inicial\/"},{"@type":"ListItem","position":2,"name":"O Grupo","item":"https:\/\/brasport-group.com\/pt-pt\/o-grupo\/"},{"@type":"ListItem","position":3,"name":"Nossa expertise OEM"}]},{"@type":"WebSite","@id":"https:\/\/brasport-group.com\/fr\/#website","url":"https:\/\/brasport-group.com\/fr\/","name":"Brasport","description":"Passion et excellence","publisher":{"@id":"https:\/\/brasport-group.com\/fr\/#organization"},"potentialAction":[{"@type":"SearchAction","target":{"@type":"EntryPoint","urlTemplate":"https:\/\/brasport-group.com\/fr\/?s={search_term_string}"},"query-input":{"@type":"PropertyValueSpecification","valueRequired":true,"valueName":"search_term_string"}}],"inLanguage":"pt-PT"},{"@type":"Organization","@id":"https:\/\/brasport-group.com\/fr\/#organization","name":"Brasport","url":"https:\/\/brasport-group.com\/fr\/","logo":{"@type":"ImageObject","inLanguage":"pt-PT","@id":"https:\/\/brasport-group.com\/fr\/#\/schema\/logo\/image\/","url":"https:\/\/brasport-group.com\/wp-content\/uploads\/2025\/08\/logo-brasport-group.png","contentUrl":"https:\/\/brasport-group.com\/wp-content\/uploads\/2025\/08\/logo-brasport-group.png","width":411,"height":34,"caption":"Brasport"},"image":{"@id":"https:\/\/brasport-group.com\/fr\/#\/schema\/logo\/image\/"}}]}},"_links":{"self":[{"href":"https:\/\/brasport-group.com\/pt-pt\/wp-json\/wp\/v2\/pages\/1961","targetHints":{"allow":["GET"]}}],"collection":[{"href":"https:\/\/brasport-group.com\/pt-pt\/wp-json\/wp\/v2\/pages"}],"about":[{"href":"https:\/\/brasport-group.com\/pt-pt\/wp-json\/wp\/v2\/types\/page"}],"author":[{"embeddable":true,"href":"https:\/\/brasport-group.com\/pt-pt\/wp-json\/wp\/v2\/users\/1"}],"replies":[{"embeddable":true,"href":"https:\/\/brasport-group.com\/pt-pt\/wp-json\/wp\/v2\/comments?post=1961"}],"version-history":[{"count":11,"href":"https:\/\/brasport-group.com\/pt-pt\/wp-json\/wp\/v2\/pages\/1961\/revisions"}],"predecessor-version":[{"id":3577,"href":"https:\/\/brasport-group.com\/pt-pt\/wp-json\/wp\/v2\/pages\/1961\/revisions\/3577"}],"up":[{"embeddable":true,"href":"https:\/\/brasport-group.com\/pt-pt\/wp-json\/wp\/v2\/pages\/1939"}],"wp:attachment":[{"href":"https:\/\/brasport-group.com\/pt-pt\/wp-json\/wp\/v2\/media?parent=1961"}],"curies":[{"name":"wp","href":"https:\/\/api.w.org\/{rel}","templated":true}]}}