{"id":1963,"date":"2025-08-26T10:13:41","date_gmt":"2025-08-26T08:13:41","guid":{"rendered":"https:\/\/brasport-group.com\/certificacaoes\/"},"modified":"2025-12-05T11:47:57","modified_gmt":"2025-12-05T09:47:57","slug":"certificacaoes","status":"publish","type":"page","link":"https:\/\/brasport-group.com\/pt-pt\/os-nossos-saberes-fazer\/certificacaoes\/","title":{"rendered":"Certifica\u00e7\u00f5es"},"content":{"rendered":"\t\t<div data-elementor-type=\"wp-page\" data-elementor-id=\"1963\" class=\"elementor elementor-1963 elementor-279\" data-elementor-post-type=\"page\">\n\t\t\t\t<div class=\"elementor-element elementor-element-8d8ec2a e-flex e-con-boxed e-con e-parent\" data-id=\"8d8ec2a\" data-element_type=\"container\" data-settings=\"{&quot;background_background&quot;:&quot;classic&quot;}\">\n\t\t\t\t\t<div class=\"e-con-inner\">\n\t\t<div class=\"elementor-element elementor-element-06cffba animated-slow e-flex e-con-boxed elementor-invisible e-con e-child\" data-id=\"06cffba\" data-element_type=\"container\" data-settings=\"{&quot;animation&quot;:&quot;fadeInUp&quot;,&quot;animation_delay&quot;:200}\">\n\t\t\t\t\t<div class=\"e-con-inner\">\n\t\t\t\t<div class=\"elementor-element elementor-element-6618f21 elementor-align-left elementor-widget elementor-widget-breadcrumbs\" data-id=\"6618f21\" data-element_type=\"widget\" data-widget_type=\"breadcrumbs.default\">\n\t\t\t\t\t<p id=\"breadcrumbs\"><span><span><a href=\"https:\/\/brasport-group.com\/pt-pt\/pagina-inicial\/\">P\u00e1gina inicial<\/a><\/span><\/span><\/p>\t\t\t\t<\/div>\n\t\t\t\t<div class=\"elementor-element elementor-element-c52fa57 elementor-widget elementor-widget-heading\" data-id=\"c52fa57\" data-element_type=\"widget\" data-widget_type=\"heading.default\">\n\t\t\t\t\t<h1 class=\"elementor-heading-title elementor-size-default\">Certifica\u00e7\u00f5es &amp; Patentes<br>A EXIG\u00caNCIA e a INOVA\u00c7\u00c3O<br>no cora\u00e7\u00e3o da nossa abordagem<\/h1>\t\t\t\t<\/div>\n\t\t\t\t<div class=\"elementor-element elementor-element-931f1b4 elementor-widget__width-initial elementor-widget-mobile__width-inherit elementor-widget elementor-widget-text-editor\" data-id=\"931f1b4\" data-element_type=\"widget\" data-widget_type=\"text-editor.default\">\n\t\t\t\t\t\t\t\t\t<p>Na Brasport, a qualidade, a seguran\u00e7a e a responsabilidade s\u00e3o quest\u00f5es primordiais: s\u00e3o compromissos profundos. Os nossos centrosde produ\u00e7\u00e3o s\u00e3o certificados segundo as normas internacionais mais rigorosas, e a nossa pol\u00edtica de inova\u00e7\u00e3o traduz-se em patentes registadas que refor\u00e7am a nossa posi\u00e7\u00e3o de l\u00edder empenhado no setor. <\/p>\t\t\t\t\t\t\t\t<\/div>\n\t\t\t\t\t<\/div>\n\t\t\t\t<\/div>\n\t\t\t\t\t<\/div>\n\t\t\t\t<\/div>\n\t\t<div class=\"elementor-element elementor-element-ec9add8 e-flex e-con-boxed e-con e-parent\" data-id=\"ec9add8\" data-element_type=\"container\">\n\t\t\t\t\t<div class=\"e-con-inner\">\n\t\t<div class=\"elementor-element elementor-element-1222538 e-con-full e-flex e-con e-child\" data-id=\"1222538\" data-element_type=\"container\">\n\t\t\t\t<div class=\"elementor-element elementor-element-7d841e4 elementor-widget elementor-widget-image\" data-id=\"7d841e4\" data-element_type=\"widget\" data-widget_type=\"image.default\">\n\t\t\t\t\t\t\t\t\t\t\t\t\t\t\t<img fetchpriority=\"high\" decoding=\"async\" width=\"800\" height=\"533\" src=\"https:\/\/brasport-group.com\/wp-content\/uploads\/2025\/10\/2.-Certification.jpg\" class=\"attachment-full size-full wp-image-1567\" alt=\"\" srcset=\"https:\/\/brasport-group.com\/wp-content\/uploads\/2025\/10\/2.-Certification.jpg 800w, https:\/\/brasport-group.com\/wp-content\/uploads\/2025\/10\/2.-Certification-300x200.jpg 300w, https:\/\/brasport-group.com\/wp-content\/uploads\/2025\/10\/2.-Certification-768x512.jpg 768w\" sizes=\"(max-width: 800px) 100vw, 800px\" \/>\t\t\t\t\t\t\t\t\t\t\t\t\t\t\t<\/div>\n\t\t\t\t<\/div>\n\t\t<div class=\"elementor-element elementor-element-a428f88 e-con-full e-flex e-con e-child\" data-id=\"a428f88\" data-element_type=\"container\">\n\t\t<div class=\"elementor-element elementor-element-2c017ea e-con-full e-flex e-con e-child\" data-id=\"2c017ea\" data-element_type=\"container\">\n\t\t\t\t<div class=\"elementor-element elementor-element-db1be46 elementor-widget elementor-widget-heading\" data-id=\"db1be46\" data-element_type=\"widget\" data-widget_type=\"heading.default\">\n\t\t\t\t\t<h3 class=\"elementor-heading-title elementor-size-default\">Qualidade &amp; seguran\u00e7a<\/h3>\t\t\t\t<\/div>\n\t\t\t\t<div class=\"elementor-element elementor-element-142620b elementor-widget elementor-widget-text-editor\" data-id=\"142620b\" data-element_type=\"widget\" data-widget_type=\"text-editor.default\">\n\t\t\t\t\t\t\t\t\t<ul><li>ISO 9001 \u2013 Gest\u00e3o da qualidade<\/li><li>ISO 45001 \u2013 Sa\u00fade e seguran\u00e7a no trabalho<\/li><\/ul>\t\t\t\t\t\t\t\t<\/div>\n\t\t\t\t<div class=\"elementor-element elementor-element-b70da5a elementor-widget elementor-widget-heading\" data-id=\"b70da5a\" data-element_type=\"widget\" data-widget_type=\"heading.default\">\n\t\t\t\t\t<h3 class=\"elementor-heading-title elementor-size-default\">Ambiente<\/h3>\t\t\t\t<\/div>\n\t\t\t\t<div class=\"elementor-element elementor-element-461adef elementor-widget elementor-widget-text-editor\" data-id=\"461adef\" data-element_type=\"widget\" data-widget_type=\"text-editor.default\">\n\t\t\t\t\t\t\t\t\t<ul><li>ISO 14001 \u2013 Gest\u00e3o ambiental<\/li><\/ul>\t\t\t\t\t\t\t\t<\/div>\n\t\t\t\t<div class=\"elementor-element elementor-element-a98a426 elementor-widget elementor-widget-heading\" data-id=\"a98a426\" data-element_type=\"widget\" data-widget_type=\"heading.default\">\n\t\t\t\t\t<h3 class=\"elementor-heading-title elementor-size-default\">Responsabilidade social<\/h3>\t\t\t\t<\/div>\n\t\t\t\t<div class=\"elementor-element elementor-element-a59aefb elementor-widget elementor-widget-text-editor\" data-id=\"a59aefb\" data-element_type=\"widget\" data-widget_type=\"text-editor.default\">\n\t\t\t\t\t\t\t\t\t<ul><li>SA8000 \u2013 Norma internacional de responsabilidade social<\/li><\/ul>\t\t\t\t\t\t\t\t<\/div>\n\t\t\t\t<\/div>\n\t\t\t\t<\/div>\n\t\t\t\t\t<\/div>\n\t\t\t\t<\/div>\n\t\t<div class=\"elementor-element elementor-element-53d03f9 e-flex e-con-boxed e-con e-parent\" data-id=\"53d03f9\" data-element_type=\"container\">\n\t\t\t\t\t<div class=\"e-con-inner\">\n\t\t<div class=\"elementor-element elementor-element-f25c74b e-con-full e-flex e-con e-child\" data-id=\"f25c74b\" data-element_type=\"container\">\n\t\t<div class=\"elementor-element elementor-element-7aca29c e-con-full e-flex e-con e-child\" data-id=\"7aca29c\" data-element_type=\"container\">\n\t\t\t\t<div class=\"elementor-element elementor-element-e2ad233 elementor-widget elementor-widget-heading\" data-id=\"e2ad233\" data-element_type=\"widget\" data-widget_type=\"heading.default\">\n\t\t\t\t\t<h3 class=\"elementor-heading-title elementor-size-default\">Especificidades do setor<\/h3>\t\t\t\t<\/div>\n\t\t\t\t<div class=\"elementor-element elementor-element-4733802 elementor-widget elementor-widget-text-editor\" data-id=\"4733802\" data-element_type=\"widget\" data-widget_type=\"text-editor.default\">\n\t\t\t\t\t\t\t\t\t<p>AQC \u2013 Membro da Association pour l\u2019Assurance Qualit\u00e9 des fabricants de bracelets cuir<\/p><p>Conformidade regulamentar: REACH, RoHS, Prop 65, PFAS<\/p>\t\t\t\t\t\t\t\t<\/div>\n\t\t\t\t<\/div>\n\t\t\t\t<\/div>\n\t\t<div class=\"elementor-element elementor-element-07b8828 e-con-full e-flex e-con e-child\" data-id=\"07b8828\" data-element_type=\"container\">\n\t\t\t\t<div class=\"elementor-element elementor-element-dbabc98 elementor-widget elementor-widget-image\" data-id=\"dbabc98\" data-element_type=\"widget\" data-widget_type=\"image.default\">\n\t\t\t\t\t\t\t\t\t\t\t\t\t\t\t<img decoding=\"async\" src=\"https:\/\/brasport-group.com\/wp-content\/uploads\/elementor\/thumbs\/AQC-LOGO-1-e1770881074957-rj1agp6kj7bv5mmdq91cz0ntx86dr4me2c130pv03m.jpg\" title=\"AQC LOGO (1)\" alt=\"AQC LOGO (1)\" loading=\"lazy\" \/>\t\t\t\t\t\t\t\t\t\t\t\t\t\t\t<\/div>\n\t\t\t\t<\/div>\n\t\t\t\t\t<\/div>\n\t\t\t\t<\/div>\n\t\t<div class=\"elementor-element elementor-element-5f03686 e-flex e-con-boxed e-con e-parent\" data-id=\"5f03686\" data-element_type=\"container\">\n\t\t\t\t\t<div class=\"e-con-inner\">\n\t\t<div class=\"elementor-element elementor-element-1b178a0 e-con-full e-flex e-con e-child\" data-id=\"1b178a0\" data-element_type=\"container\">\n\t\t\t\t<div class=\"elementor-element elementor-element-6b4518b elementor-widget elementor-widget-image\" data-id=\"6b4518b\" data-element_type=\"widget\" data-widget_type=\"image.default\">\n\t\t\t\t\t\t\t\t\t\t\t\t\t\t\t<img decoding=\"async\" width=\"2048\" height=\"1152\" src=\"https:\/\/brasport-group.com\/wp-content\/uploads\/2025\/11\/certification-et-brevet-scaled.jpg\" class=\"attachment-full size-full wp-image-2430\" alt=\"\" srcset=\"https:\/\/brasport-group.com\/wp-content\/uploads\/2025\/11\/certification-et-brevet-scaled.jpg 2048w, https:\/\/brasport-group.com\/wp-content\/uploads\/2025\/11\/certification-et-brevet-300x169.jpg 300w, https:\/\/brasport-group.com\/wp-content\/uploads\/2025\/11\/certification-et-brevet-1024x576.jpg 1024w, https:\/\/brasport-group.com\/wp-content\/uploads\/2025\/11\/certification-et-brevet-768x432.jpg 768w, https:\/\/brasport-group.com\/wp-content\/uploads\/2025\/11\/certification-et-brevet-1536x864.jpg 1536w\" sizes=\"(max-width: 2048px) 100vw, 2048px\" \/>\t\t\t\t\t\t\t\t\t\t\t\t\t\t\t<\/div>\n\t\t\t\t<\/div>\n\t\t<div class=\"elementor-element elementor-element-5482fbf e-con-full e-flex e-con e-child\" data-id=\"5482fbf\" data-element_type=\"container\">\n\t\t<div class=\"elementor-element elementor-element-53592e7 e-con-full e-flex e-con e-child\" data-id=\"53592e7\" data-element_type=\"container\">\n\t\t\t\t<div class=\"elementor-element elementor-element-0a74812 elementor-widget elementor-widget-heading\" data-id=\"0a74812\" data-element_type=\"widget\" data-widget_type=\"heading.default\">\n\t\t\t\t\t<h3 class=\"elementor-heading-title elementor-size-default\">Patentes \u2013 A inova\u00e7\u00e3o concreta<\/h3>\t\t\t\t<\/div>\n\t\t\t\t<div class=\"elementor-element elementor-element-785564f elementor-widget elementor-widget-text-editor\" data-id=\"785564f\" data-element_type=\"widget\" data-widget_type=\"text-editor.default\">\n\t\t\t\t\t\t\t\t\t<p>A Brasport n\u00e3o se limita a inovar: n\u00f3s protegemos as nossas inova\u00e7\u00f5es. At\u00e9 hoje, o nosso departamento de I&amp;D registou 3 patentes ativas, que incidem sobre: <\/p><ul><li>Sistemas de inserts e de fechos r\u00e1pidos<\/li><li>Processos de fabrica\u00e7\u00e3o e acabamento de pulseiras<\/li><li>Componentes t\u00e9cnicos integrados nos produtos<\/li><\/ul><p> <\/p><p>Estas patentes testemunham a nossa capacidade de propor solu\u00e7\u00f5es diferenciadoras e de alto desempenho, concebidas para responder aos desafios t\u00e9cnicos dos nossos clientes.<br><\/p>\t\t\t\t\t\t\t\t<\/div>\n\t\t\t\t<\/div>\n\t\t\t\t<\/div>\n\t\t\t\t\t<\/div>\n\t\t\t\t<\/div>\n\t\t<div class=\"elementor-element elementor-element-a8a5e50 e-flex e-con-boxed e-con e-parent\" data-id=\"a8a5e50\" data-element_type=\"container\">\n\t\t\t\t\t<div class=\"e-con-inner\">\n\t\t<div class=\"elementor-element elementor-element-3647cad e-con-full e-flex e-con e-child\" data-id=\"3647cad\" data-element_type=\"container\">\n\t\t<div class=\"elementor-element elementor-element-7b7c65c e-con-full e-flex e-con e-child\" data-id=\"7b7c65c\" data-element_type=\"container\">\n\t\t\t\t<div class=\"elementor-element elementor-element-ccc512c elementor-widget elementor-widget-heading\" data-id=\"ccc512c\" data-element_type=\"widget\" data-widget_type=\"heading.default\">\n\t\t\t\t\t<h3 class=\"elementor-heading-title elementor-size-default\">E amanh\u00e3?<\/h3>\t\t\t\t<\/div>\n\t\t\t\t<div class=\"elementor-element elementor-element-f08d566 elementor-widget elementor-widget-text-editor\" data-id=\"f08d566\" data-element_type=\"widget\" data-widget_type=\"text-editor.default\">\n\t\t\t\t\t\t\t\t\t<p>Empresa voltada para o futuro, a Brasport est\u00e1 sempre pronta a adotar os padr\u00f5es mais exigentes para acompanhar a evolu\u00e7\u00e3o dos setores mais avan\u00e7ados, a fim de continuar a oferecer solu\u00e7\u00f5es fi\u00e1veis, certificadas e inovadoras.<\/p><p>Brasport: uma promessa certificada e protegida \u2014 entre excel\u00eancia, inova\u00e7\u00e3o e responsabilidade.<\/p>\t\t\t\t\t\t\t\t<\/div>\n\t\t\t\t<\/div>\n\t\t\t\t<\/div>\n\t\t<div class=\"elementor-element elementor-element-067d5f8 e-con-full e-flex e-con e-child\" data-id=\"067d5f8\" data-element_type=\"container\">\n\t\t\t\t<div class=\"elementor-element elementor-element-e6c9649 elementor-widget elementor-widget-image\" data-id=\"e6c9649\" data-element_type=\"widget\" data-widget_type=\"image.default\">\n\t\t\t\t\t\t\t\t\t\t\t\t\t\t\t<img decoding=\"async\" src=\"https:\/\/brasport-group.com\/wp-content\/uploads\/elementor\/thumbs\/Brasport-Group_Images_5_Dev_Systeme-interchangebale-scaled-raypf62sxtp8f7josw9vd3d5i1gybcj2pmbwrqruwy.jpg\" title=\"Brasport-Group_Images_5_D\u00e9v_Syst\u00e8me interchangebale\" alt=\"Brasport-Group_Images_5_D\u00e9v_Syst\u00e8me interchangebale\" loading=\"lazy\" \/>\t\t\t\t\t\t\t\t\t\t\t\t\t\t\t<\/div>\n\t\t\t\t<\/div>\n\t\t\t\t\t<\/div>\n\t\t\t\t<\/div>\n\t\t\t\t<\/div>\n\t\t","protected":false},"excerpt":{"rendered":"<p>Certifica\u00e7\u00f5es &amp; PatentesA EXIG\u00caNCIA e a INOVA\u00c7\u00c3Ono cora\u00e7\u00e3o da nossa abordagem Na Brasport, a qualidade, a seguran\u00e7a e a responsabilidade s\u00e3o quest\u00f5es primordiais: s\u00e3o compromissos profundos. Os nossos centrosde produ\u00e7\u00e3o s\u00e3o certificados segundo as normas internacionais mais rigorosas, e a nossa pol\u00edtica de inova\u00e7\u00e3o traduz-se em patentes registadas que refor\u00e7am a nossa posi\u00e7\u00e3o de l\u00edder [&hellip;]<\/p>\n","protected":false},"author":1,"featured_media":0,"parent":1965,"menu_order":0,"comment_status":"closed","ping_status":"closed","template":"","meta":{"_acf_changed":false,"footnotes":""},"class_list":["post-1963","page","type-page","status-publish","hentry"],"acf":[],"yoast_head":"<!-- This site is optimized with the Yoast SEO plugin v26.4 - https:\/\/yoast.com\/wordpress\/plugins\/seo\/ -->\n<title>Certifica\u00e7\u00f5es - Brasport<\/title>\n<meta name=\"robots\" content=\"index, follow, max-snippet:-1, max-image-preview:large, max-video-preview:-1\" \/>\n<link rel=\"canonical\" href=\"https:\/\/brasport-group.com\/pt-pt\/os-nossos-saberes-fazer\/certificacaoes\/\" \/>\n<meta property=\"og:locale\" content=\"pt_PT\" \/>\n<meta property=\"og:type\" content=\"article\" \/>\n<meta property=\"og:title\" content=\"Certifica\u00e7\u00f5es - Brasport\" \/>\n<meta property=\"og:description\" content=\"Certifica\u00e7\u00f5es &amp; PatentesA EXIG\u00caNCIA e a INOVA\u00c7\u00c3Ono cora\u00e7\u00e3o da nossa abordagem Na Brasport, a qualidade, a seguran\u00e7a e a responsabilidade s\u00e3o quest\u00f5es primordiais: s\u00e3o compromissos profundos. Os nossos centrosde produ\u00e7\u00e3o s\u00e3o certificados segundo as normas internacionais mais rigorosas, e a nossa pol\u00edtica de inova\u00e7\u00e3o traduz-se em patentes registadas que refor\u00e7am a nossa posi\u00e7\u00e3o de l\u00edder [&hellip;]\" \/>\n<meta property=\"og:url\" content=\"https:\/\/brasport-group.com\/pt-pt\/os-nossos-saberes-fazer\/certificacaoes\/\" \/>\n<meta property=\"og:site_name\" content=\"Brasport\" \/>\n<meta property=\"article:modified_time\" content=\"2025-12-05T09:47:57+00:00\" \/>\n<meta property=\"og:image\" content=\"https:\/\/brasport-group.com\/wp-content\/uploads\/2025\/10\/2.-Certification.jpg\" \/>\n\t<meta property=\"og:image:width\" content=\"800\" \/>\n\t<meta property=\"og:image:height\" content=\"533\" \/>\n\t<meta property=\"og:image:type\" content=\"image\/jpeg\" \/>\n<meta name=\"twitter:card\" content=\"summary_large_image\" \/>\n<meta name=\"twitter:label1\" content=\"Tempo estimado de leitura\" \/>\n\t<meta name=\"twitter:data1\" content=\"1 minuto\" \/>\n<script type=\"application\/ld+json\" class=\"yoast-schema-graph\">{\"@context\":\"https:\/\/schema.org\",\"@graph\":[{\"@type\":\"WebPage\",\"@id\":\"https:\/\/brasport-group.com\/pt-pt\/os-nossos-saberes-fazer\/certificacaoes\/\",\"url\":\"https:\/\/brasport-group.com\/pt-pt\/os-nossos-saberes-fazer\/certificacaoes\/\",\"name\":\"Certifica\u00e7\u00f5es - Brasport\",\"isPartOf\":{\"@id\":\"https:\/\/brasport-group.com\/fr\/#website\"},\"primaryImageOfPage\":{\"@id\":\"https:\/\/brasport-group.com\/pt-pt\/os-nossos-saberes-fazer\/certificacaoes\/#primaryimage\"},\"image\":{\"@id\":\"https:\/\/brasport-group.com\/pt-pt\/os-nossos-saberes-fazer\/certificacaoes\/#primaryimage\"},\"thumbnailUrl\":\"https:\/\/brasport-group.com\/wp-content\/uploads\/2025\/10\/2.-Certification.jpg\",\"datePublished\":\"2025-08-26T08:13:41+00:00\",\"dateModified\":\"2025-12-05T09:47:57+00:00\",\"breadcrumb\":{\"@id\":\"https:\/\/brasport-group.com\/pt-pt\/os-nossos-saberes-fazer\/certificacaoes\/#breadcrumb\"},\"inLanguage\":\"pt-PT\",\"potentialAction\":[{\"@type\":\"ReadAction\",\"target\":[\"https:\/\/brasport-group.com\/pt-pt\/os-nossos-saberes-fazer\/certificacaoes\/\"]}]},{\"@type\":\"ImageObject\",\"inLanguage\":\"pt-PT\",\"@id\":\"https:\/\/brasport-group.com\/pt-pt\/os-nossos-saberes-fazer\/certificacaoes\/#primaryimage\",\"url\":\"https:\/\/brasport-group.com\/wp-content\/uploads\/2025\/10\/2.-Certification.jpg\",\"contentUrl\":\"https:\/\/brasport-group.com\/wp-content\/uploads\/2025\/10\/2.-Certification.jpg\"},{\"@type\":\"BreadcrumbList\",\"@id\":\"https:\/\/brasport-group.com\/pt-pt\/os-nossos-saberes-fazer\/certificacaoes\/#breadcrumb\",\"itemListElement\":[{\"@type\":\"ListItem\",\"position\":1,\"name\":\"P\u00e1gina inicial\",\"item\":\"https:\/\/brasport-group.com\/pt-pt\/pagina-inicial\/\"},{\"@type\":\"ListItem\",\"position\":2,\"name\":\"Experi\u00eancia\",\"item\":\"https:\/\/brasport-group.com\/pt-pt\/os-nossos-saberes-fazer\/\"},{\"@type\":\"ListItem\",\"position\":3,\"name\":\"Certifica\u00e7\u00f5es\"}]},{\"@type\":\"WebSite\",\"@id\":\"https:\/\/brasport-group.com\/fr\/#website\",\"url\":\"https:\/\/brasport-group.com\/fr\/\",\"name\":\"Brasport\",\"description\":\"Passion et excellence\",\"publisher\":{\"@id\":\"https:\/\/brasport-group.com\/fr\/#organization\"},\"potentialAction\":[{\"@type\":\"SearchAction\",\"target\":{\"@type\":\"EntryPoint\",\"urlTemplate\":\"https:\/\/brasport-group.com\/fr\/?s={search_term_string}\"},\"query-input\":{\"@type\":\"PropertyValueSpecification\",\"valueRequired\":true,\"valueName\":\"search_term_string\"}}],\"inLanguage\":\"pt-PT\"},{\"@type\":\"Organization\",\"@id\":\"https:\/\/brasport-group.com\/fr\/#organization\",\"name\":\"Brasport\",\"url\":\"https:\/\/brasport-group.com\/fr\/\",\"logo\":{\"@type\":\"ImageObject\",\"inLanguage\":\"pt-PT\",\"@id\":\"https:\/\/brasport-group.com\/fr\/#\/schema\/logo\/image\/\",\"url\":\"https:\/\/brasport-group.com\/wp-content\/uploads\/2025\/08\/logo-brasport-group.png\",\"contentUrl\":\"https:\/\/brasport-group.com\/wp-content\/uploads\/2025\/08\/logo-brasport-group.png\",\"width\":411,\"height\":34,\"caption\":\"Brasport\"},\"image\":{\"@id\":\"https:\/\/brasport-group.com\/fr\/#\/schema\/logo\/image\/\"}}]}<\/script>\n<!-- \/ Yoast SEO plugin. -->","yoast_head_json":{"title":"Certifica\u00e7\u00f5es - Brasport","robots":{"index":"index","follow":"follow","max-snippet":"max-snippet:-1","max-image-preview":"max-image-preview:large","max-video-preview":"max-video-preview:-1"},"canonical":"https:\/\/brasport-group.com\/pt-pt\/os-nossos-saberes-fazer\/certificacaoes\/","og_locale":"pt_PT","og_type":"article","og_title":"Certifica\u00e7\u00f5es - Brasport","og_description":"Certifica\u00e7\u00f5es &amp; PatentesA EXIG\u00caNCIA e a INOVA\u00c7\u00c3Ono cora\u00e7\u00e3o da nossa abordagem Na Brasport, a qualidade, a seguran\u00e7a e a responsabilidade s\u00e3o quest\u00f5es primordiais: s\u00e3o compromissos profundos. Os nossos centrosde produ\u00e7\u00e3o s\u00e3o certificados segundo as normas internacionais mais rigorosas, e a nossa pol\u00edtica de inova\u00e7\u00e3o traduz-se em patentes registadas que refor\u00e7am a nossa posi\u00e7\u00e3o de l\u00edder [&hellip;]","og_url":"https:\/\/brasport-group.com\/pt-pt\/os-nossos-saberes-fazer\/certificacaoes\/","og_site_name":"Brasport","article_modified_time":"2025-12-05T09:47:57+00:00","og_image":[{"width":800,"height":533,"url":"https:\/\/brasport-group.com\/wp-content\/uploads\/2025\/10\/2.-Certification.jpg","type":"image\/jpeg"}],"twitter_card":"summary_large_image","twitter_misc":{"Tempo estimado de leitura":"1 minuto"},"schema":{"@context":"https:\/\/schema.org","@graph":[{"@type":"WebPage","@id":"https:\/\/brasport-group.com\/pt-pt\/os-nossos-saberes-fazer\/certificacaoes\/","url":"https:\/\/brasport-group.com\/pt-pt\/os-nossos-saberes-fazer\/certificacaoes\/","name":"Certifica\u00e7\u00f5es - Brasport","isPartOf":{"@id":"https:\/\/brasport-group.com\/fr\/#website"},"primaryImageOfPage":{"@id":"https:\/\/brasport-group.com\/pt-pt\/os-nossos-saberes-fazer\/certificacaoes\/#primaryimage"},"image":{"@id":"https:\/\/brasport-group.com\/pt-pt\/os-nossos-saberes-fazer\/certificacaoes\/#primaryimage"},"thumbnailUrl":"https:\/\/brasport-group.com\/wp-content\/uploads\/2025\/10\/2.-Certification.jpg","datePublished":"2025-08-26T08:13:41+00:00","dateModified":"2025-12-05T09:47:57+00:00","breadcrumb":{"@id":"https:\/\/brasport-group.com\/pt-pt\/os-nossos-saberes-fazer\/certificacaoes\/#breadcrumb"},"inLanguage":"pt-PT","potentialAction":[{"@type":"ReadAction","target":["https:\/\/brasport-group.com\/pt-pt\/os-nossos-saberes-fazer\/certificacaoes\/"]}]},{"@type":"ImageObject","inLanguage":"pt-PT","@id":"https:\/\/brasport-group.com\/pt-pt\/os-nossos-saberes-fazer\/certificacaoes\/#primaryimage","url":"https:\/\/brasport-group.com\/wp-content\/uploads\/2025\/10\/2.-Certification.jpg","contentUrl":"https:\/\/brasport-group.com\/wp-content\/uploads\/2025\/10\/2.-Certification.jpg"},{"@type":"BreadcrumbList","@id":"https:\/\/brasport-group.com\/pt-pt\/os-nossos-saberes-fazer\/certificacaoes\/#breadcrumb","itemListElement":[{"@type":"ListItem","position":1,"name":"P\u00e1gina inicial","item":"https:\/\/brasport-group.com\/pt-pt\/pagina-inicial\/"},{"@type":"ListItem","position":2,"name":"Experi\u00eancia","item":"https:\/\/brasport-group.com\/pt-pt\/os-nossos-saberes-fazer\/"},{"@type":"ListItem","position":3,"name":"Certifica\u00e7\u00f5es"}]},{"@type":"WebSite","@id":"https:\/\/brasport-group.com\/fr\/#website","url":"https:\/\/brasport-group.com\/fr\/","name":"Brasport","description":"Passion et excellence","publisher":{"@id":"https:\/\/brasport-group.com\/fr\/#organization"},"potentialAction":[{"@type":"SearchAction","target":{"@type":"EntryPoint","urlTemplate":"https:\/\/brasport-group.com\/fr\/?s={search_term_string}"},"query-input":{"@type":"PropertyValueSpecification","valueRequired":true,"valueName":"search_term_string"}}],"inLanguage":"pt-PT"},{"@type":"Organization","@id":"https:\/\/brasport-group.com\/fr\/#organization","name":"Brasport","url":"https:\/\/brasport-group.com\/fr\/","logo":{"@type":"ImageObject","inLanguage":"pt-PT","@id":"https:\/\/brasport-group.com\/fr\/#\/schema\/logo\/image\/","url":"https:\/\/brasport-group.com\/wp-content\/uploads\/2025\/08\/logo-brasport-group.png","contentUrl":"https:\/\/brasport-group.com\/wp-content\/uploads\/2025\/08\/logo-brasport-group.png","width":411,"height":34,"caption":"Brasport"},"image":{"@id":"https:\/\/brasport-group.com\/fr\/#\/schema\/logo\/image\/"}}]}},"_links":{"self":[{"href":"https:\/\/brasport-group.com\/pt-pt\/wp-json\/wp\/v2\/pages\/1963","targetHints":{"allow":["GET"]}}],"collection":[{"href":"https:\/\/brasport-group.com\/pt-pt\/wp-json\/wp\/v2\/pages"}],"about":[{"href":"https:\/\/brasport-group.com\/pt-pt\/wp-json\/wp\/v2\/types\/page"}],"author":[{"embeddable":true,"href":"https:\/\/brasport-group.com\/pt-pt\/wp-json\/wp\/v2\/users\/1"}],"replies":[{"embeddable":true,"href":"https:\/\/brasport-group.com\/pt-pt\/wp-json\/wp\/v2\/comments?post=1963"}],"version-history":[{"count":13,"href":"https:\/\/brasport-group.com\/pt-pt\/wp-json\/wp\/v2\/pages\/1963\/revisions"}],"predecessor-version":[{"id":3540,"href":"https:\/\/brasport-group.com\/pt-pt\/wp-json\/wp\/v2\/pages\/1963\/revisions\/3540"}],"up":[{"embeddable":true,"href":"https:\/\/brasport-group.com\/pt-pt\/wp-json\/wp\/v2\/pages\/1965"}],"wp:attachment":[{"href":"https:\/\/brasport-group.com\/pt-pt\/wp-json\/wp\/v2\/media?parent=1963"}],"curies":[{"name":"wp","href":"https:\/\/api.w.org\/{rel}","templated":true}]}}