{"id":1965,"date":"2025-08-26T09:03:08","date_gmt":"2025-08-26T07:03:08","guid":{"rendered":"https:\/\/brasport-group.com\/os-nossos-saberes-fazer\/"},"modified":"2026-01-15T12:01:17","modified_gmt":"2026-01-15T10:01:17","slug":"os-nossos-saberes-fazer","status":"publish","type":"page","link":"https:\/\/brasport-group.com\/pt-pt\/os-nossos-saberes-fazer\/","title":{"rendered":"Experi\u00eancia"},"content":{"rendered":"\t\t<div data-elementor-type=\"wp-page\" data-elementor-id=\"1965\" class=\"elementor elementor-1965 elementor-214\" data-elementor-post-type=\"page\">\n\t\t\t\t<div class=\"elementor-element elementor-element-9f715f3 e-flex e-con-boxed e-con e-parent\" data-id=\"9f715f3\" data-element_type=\"container\" data-settings=\"{&quot;background_background&quot;:&quot;classic&quot;}\">\n\t\t\t\t\t<div class=\"e-con-inner\">\n\t\t<div class=\"elementor-element elementor-element-7f22f41 animated-slow e-flex e-con-boxed elementor-invisible e-con e-child\" data-id=\"7f22f41\" data-element_type=\"container\" data-settings=\"{&quot;animation&quot;:&quot;fadeInUp&quot;,&quot;animation_delay&quot;:200}\">\n\t\t\t\t\t<div class=\"e-con-inner\">\n\t\t\t\t<div class=\"elementor-element elementor-element-1b8ab5f elementor-align-left elementor-widget elementor-widget-breadcrumbs\" data-id=\"1b8ab5f\" data-element_type=\"widget\" data-widget_type=\"breadcrumbs.default\">\n\t\t\t\t\t<p id=\"breadcrumbs\"><span><span><a href=\"https:\/\/brasport-group.com\/pt-pt\/pagina-inicial\/\">P\u00e1gina inicial<\/a><\/span><\/span><\/p>\t\t\t\t<\/div>\n\t\t\t\t<div class=\"elementor-element elementor-element-3bfb9ab elementor-widget elementor-widget-heading\" data-id=\"3bfb9ab\" data-element_type=\"widget\" data-widget_type=\"heading.default\">\n\t\t\t\t\t<h1 class=\"elementor-heading-title elementor-size-default\">Os nossos Conhecimentos<\/h1>\t\t\t\t<\/div>\n\t\t\t\t<div class=\"elementor-element elementor-element-28bd541 elementor-widget__width-initial elementor-widget-mobile__width-inherit elementor-widget elementor-widget-text-editor\" data-id=\"28bd541\" data-element_type=\"widget\" data-widget_type=\"text-editor.default\">\n\t\t\t\t\t\t\t\t\t<p>A excel\u00eancia da Brasport traduz-se em cada cria\u00e7\u00e3o, em cada detalhe e em cada mat\u00e9ria que trabalhamos.<\/p><p>Da relojoaria \u00e0 marroquineria, os nossos ateliers conjugam tradi\u00e7\u00e3o e inova\u00e7\u00e3o para dar vida a produtos de exce\u00e7\u00e3o.<\/p>\t\t\t\t\t\t\t\t<\/div>\n\t\t\t\t\t<\/div>\n\t\t\t\t<\/div>\n\t\t\t\t\t<\/div>\n\t\t\t\t<\/div>\n\t\t<div class=\"elementor-element elementor-element-c93e5eb e-flex e-con-boxed e-con e-parent\" data-id=\"c93e5eb\" data-element_type=\"container\">\n\t\t\t\t\t<div class=\"e-con-inner\">\n\t\t<div class=\"elementor-element elementor-element-fe70b26 e-con-full e-flex e-con e-child\" data-id=\"fe70b26\" data-element_type=\"container\">\n\t\t\t\t<div class=\"elementor-element elementor-element-b11b094 elementor-widget elementor-widget-image\" data-id=\"b11b094\" data-element_type=\"widget\" data-widget_type=\"image.default\">\n\t\t\t\t\t\t\t\t\t\t\t\t\t\t\t<img decoding=\"async\" src=\"https:\/\/brasport-group.com\/wp-content\/uploads\/elementor\/thumbs\/DSC1144-scaled-ratr5mvbygkxeddeovrhqjaaggod9jd71s0t1m44si.jpg\" title=\"_DSC1144\" alt=\"_DSC1144\" loading=\"lazy\" \/>\t\t\t\t\t\t\t\t\t\t\t\t\t\t\t<\/div>\n\t\t\t\t<\/div>\n\t\t<div class=\"elementor-element elementor-element-ad8ae65 e-con-full e-flex e-con e-child\" data-id=\"ad8ae65\" data-element_type=\"container\">\n\t\t<div class=\"elementor-element elementor-element-2e8925f e-con-full e-flex e-con e-child\" data-id=\"2e8925f\" data-element_type=\"container\">\n\t\t\t\t<div class=\"elementor-element elementor-element-959e6bb elementor-widget elementor-widget-heading\" data-id=\"959e6bb\" data-element_type=\"widget\" data-widget_type=\"heading.default\">\n\t\t\t\t\t<h3 class=\"elementor-heading-title elementor-size-default\">Braceletes \u2013 A arte do detalhe no pulso<\/h3>\t\t\t\t<\/div>\n\t\t\t\t<div class=\"elementor-element elementor-element-9701522 elementor-widget elementor-widget-text-editor\" data-id=\"9701522\" data-element_type=\"widget\" data-widget_type=\"text-editor.default\">\n\t\t\t\t\t\t\t\t\t<p>Na Brasport, a bracelete torna-se uma verdadeira exclusividade.<br>Trabalhamos uma paleta de mat\u00e9rias nobres \u2014 couros bovinos, peles ex\u00f3ticas certificadas, t\u00eaxteis t\u00e9cnicos ou borrachas de alta gama \u2014 com uma exig\u00eancia absoluta. <\/p><p>Cada modelo \u00e9 pensado para aliar conforto, est\u00e9tica e precis\u00e3o, seja uma bracelete fina e discreta ou com um design ousado.<\/p>\t\t\t\t\t\t\t\t<\/div>\n\t\t\t\t<div class=\"elementor-element elementor-element-1243562 animated-slow elementor-invisible elementor-widget elementor-widget-button\" data-id=\"1243562\" data-element_type=\"widget\" data-settings=\"{&quot;_animation&quot;:&quot;fadeInRight&quot;}\" data-widget_type=\"button.default\">\n\t\t\t\t\t\t\t\t\t\t<a class=\"elementor-button elementor-button-link elementor-size-sm\" href=\"https:\/\/brasport-group.com\/pt-pt\/os-nossos-saberes-fazer\/bracelets\/\">\n\t\t\t\t\t\t<span class=\"elementor-button-content-wrapper\">\n\t\t\t\t\t\t<span class=\"elementor-button-icon\">\n\t\t\t\t<svg aria-hidden=\"true\" class=\"e-font-icon-svg e-fas-chevron-right\" viewBox=\"0 0 320 512\" xmlns=\"http:\/\/www.w3.org\/2000\/svg\"><path d=\"M285.476 272.971L91.132 467.314c-9.373 9.373-24.569 9.373-33.941 0l-22.667-22.667c-9.357-9.357-9.375-24.522-.04-33.901L188.505 256 34.484 101.255c-9.335-9.379-9.317-24.544.04-33.901l22.667-22.667c9.373-9.373 24.569-9.373 33.941 0L285.475 239.03c9.373 9.372 9.373 24.568.001 33.941z\"><\/path><\/svg>\t\t\t<\/span>\n\t\t\t\t\t\t\t\t\t<span class=\"elementor-button-text\">Descobrir os nossos saber-fazeres<\/span>\n\t\t\t\t\t<\/span>\n\t\t\t\t\t<\/a>\n\t\t\t\t\t\t\t\t<\/div>\n\t\t\t\t<\/div>\n\t\t\t\t<\/div>\n\t\t\t\t\t<\/div>\n\t\t\t\t<\/div>\n\t\t<div class=\"elementor-element elementor-element-0cf70ca e-flex e-con-boxed e-con e-parent\" data-id=\"0cf70ca\" data-element_type=\"container\">\n\t\t\t\t\t<div class=\"e-con-inner\">\n\t\t<div class=\"elementor-element elementor-element-bbd30f2 e-con-full e-flex e-con e-child\" data-id=\"bbd30f2\" data-element_type=\"container\">\n\t\t<div class=\"elementor-element elementor-element-a723fa2 e-con-full e-flex e-con e-child\" data-id=\"a723fa2\" data-element_type=\"container\">\n\t\t\t\t<div class=\"elementor-element elementor-element-5b3d94e elementor-widget elementor-widget-heading\" data-id=\"5b3d94e\" data-element_type=\"widget\" data-widget_type=\"heading.default\">\n\t\t\t\t\t<h3 class=\"elementor-heading-title elementor-size-default\">Componentes \u2013 A precis\u00e3o no cora\u00e7\u00e3o da relojoaria<\/h3>\t\t\t\t<\/div>\n\t\t\t\t<div class=\"elementor-element elementor-element-6a8598e elementor-widget elementor-widget-text-editor\" data-id=\"6a8598e\" data-element_type=\"widget\" data-widget_type=\"text-editor.default\">\n\t\t\t\t\t\t\t\t\t<p>Para al\u00e9m do couro, a Brasport desenvolve componentes t\u00e9cnicos sob medida para a relojoaria de luxo: inserts de braceletes, sistemas de fixa\u00e7\u00e3o patenteados, prototipagem 3D e ferramentas de corte.<\/p><p>Gra\u00e7as aos nossos ateli\u00eas especializados e a uma integra\u00e7\u00e3o vertical, asseguramos precis\u00e3o, reatividade e fiabilidade totais em cada etapa.<\/p>\t\t\t\t\t\t\t\t<\/div>\n\t\t\t\t<div class=\"elementor-element elementor-element-d266987 animated-slow elementor-invisible elementor-widget elementor-widget-button\" data-id=\"d266987\" data-element_type=\"widget\" data-settings=\"{&quot;_animation&quot;:&quot;fadeInLeft&quot;}\" data-widget_type=\"button.default\">\n\t\t\t\t\t\t\t\t\t\t<a class=\"elementor-button elementor-button-link elementor-size-sm\" href=\"https:\/\/brasport-group.com\/pt-pt\/os-nossos-saberes-fazer\/componentes\/\">\n\t\t\t\t\t\t<span class=\"elementor-button-content-wrapper\">\n\t\t\t\t\t\t<span class=\"elementor-button-icon\">\n\t\t\t\t<svg aria-hidden=\"true\" class=\"e-font-icon-svg e-fas-chevron-right\" viewBox=\"0 0 320 512\" xmlns=\"http:\/\/www.w3.org\/2000\/svg\"><path d=\"M285.476 272.971L91.132 467.314c-9.373 9.373-24.569 9.373-33.941 0l-22.667-22.667c-9.357-9.357-9.375-24.522-.04-33.901L188.505 256 34.484 101.255c-9.335-9.379-9.317-24.544.04-33.901l22.667-22.667c9.373-9.373 24.569-9.373 33.941 0L285.475 239.03c9.373 9.372 9.373 24.568.001 33.941z\"><\/path><\/svg>\t\t\t<\/span>\n\t\t\t\t\t\t\t\t\t<span class=\"elementor-button-text\">Descobrir os nossos saber-fazeres<\/span>\n\t\t\t\t\t<\/span>\n\t\t\t\t\t<\/a>\n\t\t\t\t\t\t\t\t<\/div>\n\t\t\t\t<\/div>\n\t\t\t\t<\/div>\n\t\t<div class=\"elementor-element elementor-element-3c7c37e e-con-full e-flex e-con e-child\" data-id=\"3c7c37e\" data-element_type=\"container\">\n\t\t\t\t<div class=\"elementor-element elementor-element-a9fc0df elementor-widget elementor-widget-image\" data-id=\"a9fc0df\" data-element_type=\"widget\" data-widget_type=\"image.default\">\n\t\t\t\t\t\t\t\t\t\t\t\t\t\t\t<img decoding=\"async\" src=\"https:\/\/brasport-group.com\/wp-content\/uploads\/elementor\/thumbs\/composants-rarspo6tbp1e3x00xp4vnh6i2g48b9rn1xazgm7o02.jpg\" title=\"composants\" alt=\"composants\" loading=\"lazy\" \/>\t\t\t\t\t\t\t\t\t\t\t\t\t\t\t<\/div>\n\t\t\t\t<\/div>\n\t\t\t\t\t<\/div>\n\t\t\t\t<\/div>\n\t\t<div class=\"elementor-element elementor-element-bf472a2 e-flex e-con-boxed e-con e-parent\" data-id=\"bf472a2\" data-element_type=\"container\">\n\t\t\t\t\t<div class=\"e-con-inner\">\n\t\t<div class=\"elementor-element elementor-element-31eaf78 e-con-full e-flex e-con e-child\" data-id=\"31eaf78\" data-element_type=\"container\">\n\t\t\t\t<div class=\"elementor-element elementor-element-e53ff6d elementor-widget elementor-widget-image\" data-id=\"e53ff6d\" data-element_type=\"widget\" data-widget_type=\"image.default\">\n\t\t\t\t\t\t\t\t\t\t\t\t\t\t\t<img decoding=\"async\" src=\"https:\/\/brasport-group.com\/wp-content\/uploads\/elementor\/thumbs\/DSCF0494-84-scaled-rfdkmbtajz6clf5f1hdsk6cv165isc5s48qx3hwdvm.jpg\" title=\"PRODUTO\" alt=\"PRODUTO\" loading=\"lazy\" \/>\t\t\t\t\t\t\t\t\t\t\t\t\t\t\t<\/div>\n\t\t\t\t<\/div>\n\t\t<div class=\"elementor-element elementor-element-013dd1a e-con-full e-flex e-con e-child\" data-id=\"013dd1a\" data-element_type=\"container\">\n\t\t<div class=\"elementor-element elementor-element-b6aa26a e-con-full e-flex e-con e-child\" data-id=\"b6aa26a\" data-element_type=\"container\">\n\t\t\t\t<div class=\"elementor-element elementor-element-0bf79b7 elementor-widget elementor-widget-heading\" data-id=\"0bf79b7\" data-element_type=\"widget\" data-widget_type=\"heading.default\">\n\t\t\t\t\t<h3 class=\"elementor-heading-title elementor-size-default\">Marroquineria \u2013 A eleg\u00e2ncia por medida<\/h3>\t\t\t\t<\/div>\n\t\t\t\t<div class=\"elementor-element elementor-element-a5fb883 elementor-widget elementor-widget-text-editor\" data-id=\"a5fb883\" data-element_type=\"widget\" data-widget_type=\"text-editor.default\">\n\t\t\t\t\t\t\t\t\t<p>Cada ideia ganha vida nos nossos ateliers: estojos, caixas, bolsas ou cria\u00e7\u00f5es exclusivas, tudo \u00e9 concebido para refletir o seu universo.<br>O nosso centro de produ\u00e7\u00e3o em Portugal, aliado \u00e0 nossa equipa na Su\u00ed\u00e7a, permite-nos conjugar saber tradicional e inova\u00e7\u00e3o t\u00e9cnica para pe\u00e7as \u00fanicas, em pequena ou grande escala. <\/p>\t\t\t\t\t\t\t\t<\/div>\n\t\t\t\t<div class=\"elementor-element elementor-element-dae6fc0 animated-slow elementor-invisible elementor-widget elementor-widget-button\" data-id=\"dae6fc0\" data-element_type=\"widget\" data-settings=\"{&quot;_animation&quot;:&quot;fadeInRight&quot;}\" data-widget_type=\"button.default\">\n\t\t\t\t\t\t\t\t\t\t<a class=\"elementor-button elementor-button-link elementor-size-sm\" href=\"https:\/\/brasport-group.com\/pt-pt\/os-nossos-saberes-fazer\/marroquinaria\/\">\n\t\t\t\t\t\t<span class=\"elementor-button-content-wrapper\">\n\t\t\t\t\t\t<span class=\"elementor-button-icon\">\n\t\t\t\t<svg aria-hidden=\"true\" class=\"e-font-icon-svg e-fas-chevron-right\" viewBox=\"0 0 320 512\" xmlns=\"http:\/\/www.w3.org\/2000\/svg\"><path d=\"M285.476 272.971L91.132 467.314c-9.373 9.373-24.569 9.373-33.941 0l-22.667-22.667c-9.357-9.357-9.375-24.522-.04-33.901L188.505 256 34.484 101.255c-9.335-9.379-9.317-24.544.04-33.901l22.667-22.667c9.373-9.373 24.569-9.373 33.941 0L285.475 239.03c9.373 9.372 9.373 24.568.001 33.941z\"><\/path><\/svg>\t\t\t<\/span>\n\t\t\t\t\t\t\t\t\t<span class=\"elementor-button-text\">Descobrir os nossos saber-fazeres<\/span>\n\t\t\t\t\t<\/span>\n\t\t\t\t\t<\/a>\n\t\t\t\t\t\t\t\t<\/div>\n\t\t\t\t<\/div>\n\t\t\t\t<\/div>\n\t\t\t\t\t<\/div>\n\t\t\t\t<\/div>\n\t\t<div class=\"elementor-element elementor-element-02e9a88 e-flex e-con-boxed e-con e-parent\" data-id=\"02e9a88\" data-element_type=\"container\">\n\t\t\t\t\t<div class=\"e-con-inner\">\n\t\t<div class=\"elementor-element elementor-element-41884d6 e-con-full e-flex e-con e-child\" data-id=\"41884d6\" data-element_type=\"container\">\n\t\t<div class=\"elementor-element elementor-element-ba75d7f e-con-full e-flex e-con e-child\" data-id=\"ba75d7f\" data-element_type=\"container\">\n\t\t\t\t<div class=\"elementor-element elementor-element-f45d4e1 elementor-widget elementor-widget-heading\" data-id=\"f45d4e1\" data-element_type=\"widget\" data-widget_type=\"heading.default\">\n\t\t\t\t\t<h3 class=\"elementor-heading-title elementor-size-default\">Estojos &amp; presentes \u2013 A exclusividade personalizada<\/h3>\t\t\t\t<\/div>\n\t\t\t\t<div class=\"elementor-element elementor-element-3ebe1ce elementor-widget elementor-widget-text-editor\" data-id=\"3ebe1ce\" data-element_type=\"widget\" data-widget_type=\"text-editor.default\">\n\t\t\t\t\t\t\t\t\t<p>Para assinalar um evento ou agradecer aos seus parceiros, a Brasport concebe objetos por medida \u00e0 sua imagem: porta-cart\u00f5es, estojos, bolsas&#8230;<br>Fabricados com o mesmo cuidado que as nossas braceletes de alta gama, aliam eleg\u00e2ncia, utilidade e personaliza\u00e7\u00e3o completa, sem qualquer men\u00e7\u00e3o \u00e0 Brasport. <\/p>\t\t\t\t\t\t\t\t<\/div>\n\t\t\t\t<div class=\"elementor-element elementor-element-380f15b animated-slow elementor-invisible elementor-widget elementor-widget-button\" data-id=\"380f15b\" data-element_type=\"widget\" data-settings=\"{&quot;_animation&quot;:&quot;fadeInLeft&quot;}\" data-widget_type=\"button.default\">\n\t\t\t\t\t\t\t\t\t\t<a class=\"elementor-button elementor-button-link elementor-size-sm\" href=\"https:\/\/brasport-group.com\/pt-pt\/os-nossos-saberes-fazer\/estojos-presentes\/\">\n\t\t\t\t\t\t<span class=\"elementor-button-content-wrapper\">\n\t\t\t\t\t\t<span class=\"elementor-button-icon\">\n\t\t\t\t<svg aria-hidden=\"true\" class=\"e-font-icon-svg e-fas-chevron-right\" viewBox=\"0 0 320 512\" xmlns=\"http:\/\/www.w3.org\/2000\/svg\"><path d=\"M285.476 272.971L91.132 467.314c-9.373 9.373-24.569 9.373-33.941 0l-22.667-22.667c-9.357-9.357-9.375-24.522-.04-33.901L188.505 256 34.484 101.255c-9.335-9.379-9.317-24.544.04-33.901l22.667-22.667c9.373-9.373 24.569-9.373 33.941 0L285.475 239.03c9.373 9.372 9.373 24.568.001 33.941z\"><\/path><\/svg>\t\t\t<\/span>\n\t\t\t\t\t\t\t\t\t<span class=\"elementor-button-text\">Descobrir os nossos saber-fazeres<\/span>\n\t\t\t\t\t<\/span>\n\t\t\t\t\t<\/a>\n\t\t\t\t\t\t\t\t<\/div>\n\t\t\t\t<\/div>\n\t\t\t\t<\/div>\n\t\t<div class=\"elementor-element elementor-element-737b1f7 e-con-full e-flex e-con e-child\" data-id=\"737b1f7\" data-element_type=\"container\">\n\t\t\t\t<div class=\"elementor-element elementor-element-edc0174 elementor-widget elementor-widget-image\" data-id=\"edc0174\" data-element_type=\"widget\" data-widget_type=\"image.default\">\n\t\t\t\t\t\t\t\t\t\t\t\t\t\t\t<img fetchpriority=\"high\" decoding=\"async\" width=\"2048\" height=\"1365\" src=\"https:\/\/brasport-group.com\/wp-content\/uploads\/2025\/11\/DSCF0400-61-scaled.jpg\" class=\"attachment-full size-full wp-image-3312\" alt=\"\" srcset=\"https:\/\/brasport-group.com\/wp-content\/uploads\/2025\/11\/DSCF0400-61-scaled.jpg 2048w, https:\/\/brasport-group.com\/wp-content\/uploads\/2025\/11\/DSCF0400-61-300x200.jpg 300w, https:\/\/brasport-group.com\/wp-content\/uploads\/2025\/11\/DSCF0400-61-1024x683.jpg 1024w, https:\/\/brasport-group.com\/wp-content\/uploads\/2025\/11\/DSCF0400-61-768x512.jpg 768w, https:\/\/brasport-group.com\/wp-content\/uploads\/2025\/11\/DSCF0400-61-1536x1024.jpg 1536w\" sizes=\"(max-width: 2048px) 100vw, 2048px\" \/>\t\t\t\t\t\t\t\t\t\t\t\t\t\t\t<\/div>\n\t\t\t\t<\/div>\n\t\t\t\t\t<\/div>\n\t\t\t\t<\/div>\n\t\t\t\t<\/div>\n\t\t","protected":false},"excerpt":{"rendered":"<p>Os nossos Conhecimentos A excel\u00eancia da Brasport traduz-se em cada cria\u00e7\u00e3o, em cada detalhe e em cada mat\u00e9ria que trabalhamos. Da relojoaria \u00e0 marroquineria, os nossos ateliers conjugam tradi\u00e7\u00e3o e inova\u00e7\u00e3o para dar vida a produtos de exce\u00e7\u00e3o. Braceletes \u2013 A arte do detalhe no pulso Na Brasport, a bracelete torna-se uma verdadeira exclusividade.Trabalhamos uma [&hellip;]<\/p>\n","protected":false},"author":1,"featured_media":0,"parent":0,"menu_order":0,"comment_status":"closed","ping_status":"closed","template":"","meta":{"_acf_changed":false,"footnotes":""},"class_list":["post-1965","page","type-page","status-publish","hentry"],"acf":[],"yoast_head":"<!-- This site is optimized with the Yoast SEO plugin v26.4 - https:\/\/yoast.com\/wordpress\/plugins\/seo\/ -->\n<title>Experi\u00eancia - Brasport<\/title>\n<meta name=\"robots\" content=\"index, follow, max-snippet:-1, max-image-preview:large, max-video-preview:-1\" \/>\n<link rel=\"canonical\" href=\"https:\/\/brasport-group.com\/pt-pt\/os-nossos-saberes-fazer\/\" \/>\n<meta property=\"og:locale\" content=\"pt_PT\" \/>\n<meta property=\"og:type\" content=\"article\" \/>\n<meta property=\"og:title\" content=\"Experi\u00eancia - Brasport\" \/>\n<meta property=\"og:description\" content=\"Os nossos Conhecimentos A excel\u00eancia da Brasport traduz-se em cada cria\u00e7\u00e3o, em cada detalhe e em cada mat\u00e9ria que trabalhamos. Da relojoaria \u00e0 marroquineria, os nossos ateliers conjugam tradi\u00e7\u00e3o e inova\u00e7\u00e3o para dar vida a produtos de exce\u00e7\u00e3o. Braceletes \u2013 A arte do detalhe no pulso Na Brasport, a bracelete torna-se uma verdadeira exclusividade.Trabalhamos uma [&hellip;]\" \/>\n<meta property=\"og:url\" content=\"https:\/\/brasport-group.com\/pt-pt\/os-nossos-saberes-fazer\/\" \/>\n<meta property=\"og:site_name\" content=\"Brasport\" \/>\n<meta property=\"article:modified_time\" content=\"2026-01-15T10:01:17+00:00\" \/>\n<meta property=\"og:image\" content=\"https:\/\/brasport-group.com\/wp-content\/uploads\/elementor\/thumbs\/DSC1144-scaled-ratr5mvbygkxeddeovrhqjaaggod9jd71s0t1m44si.jpg\" \/>\n<meta name=\"twitter:card\" content=\"summary_large_image\" \/>\n<meta name=\"twitter:label1\" content=\"Tempo estimado de leitura\" \/>\n\t<meta name=\"twitter:data1\" content=\"1 minuto\" \/>\n<script type=\"application\/ld+json\" class=\"yoast-schema-graph\">{\"@context\":\"https:\/\/schema.org\",\"@graph\":[{\"@type\":\"WebPage\",\"@id\":\"https:\/\/brasport-group.com\/pt-pt\/os-nossos-saberes-fazer\/\",\"url\":\"https:\/\/brasport-group.com\/pt-pt\/os-nossos-saberes-fazer\/\",\"name\":\"Experi\u00eancia - Brasport\",\"isPartOf\":{\"@id\":\"https:\/\/brasport-group.com\/fr\/#website\"},\"primaryImageOfPage\":{\"@id\":\"https:\/\/brasport-group.com\/pt-pt\/os-nossos-saberes-fazer\/#primaryimage\"},\"image\":{\"@id\":\"https:\/\/brasport-group.com\/pt-pt\/os-nossos-saberes-fazer\/#primaryimage\"},\"thumbnailUrl\":\"https:\/\/brasport-group.com\/wp-content\/uploads\/elementor\/thumbs\/DSC1144-scaled-ratr5mvbygkxeddeovrhqjaaggod9jd71s0t1m44si.jpg\",\"datePublished\":\"2025-08-26T07:03:08+00:00\",\"dateModified\":\"2026-01-15T10:01:17+00:00\",\"breadcrumb\":{\"@id\":\"https:\/\/brasport-group.com\/pt-pt\/os-nossos-saberes-fazer\/#breadcrumb\"},\"inLanguage\":\"pt-PT\",\"potentialAction\":[{\"@type\":\"ReadAction\",\"target\":[\"https:\/\/brasport-group.com\/pt-pt\/os-nossos-saberes-fazer\/\"]}]},{\"@type\":\"ImageObject\",\"inLanguage\":\"pt-PT\",\"@id\":\"https:\/\/brasport-group.com\/pt-pt\/os-nossos-saberes-fazer\/#primaryimage\",\"url\":\"https:\/\/brasport-group.com\/wp-content\/uploads\/elementor\/thumbs\/DSC1144-scaled-ratr5mvbygkxeddeovrhqjaaggod9jd71s0t1m44si.jpg\",\"contentUrl\":\"https:\/\/brasport-group.com\/wp-content\/uploads\/elementor\/thumbs\/DSC1144-scaled-ratr5mvbygkxeddeovrhqjaaggod9jd71s0t1m44si.jpg\"},{\"@type\":\"BreadcrumbList\",\"@id\":\"https:\/\/brasport-group.com\/pt-pt\/os-nossos-saberes-fazer\/#breadcrumb\",\"itemListElement\":[{\"@type\":\"ListItem\",\"position\":1,\"name\":\"P\u00e1gina inicial\",\"item\":\"https:\/\/brasport-group.com\/pt-pt\/pagina-inicial\/\"},{\"@type\":\"ListItem\",\"position\":2,\"name\":\"Experi\u00eancia\"}]},{\"@type\":\"WebSite\",\"@id\":\"https:\/\/brasport-group.com\/fr\/#website\",\"url\":\"https:\/\/brasport-group.com\/fr\/\",\"name\":\"Brasport\",\"description\":\"Passion et excellence\",\"publisher\":{\"@id\":\"https:\/\/brasport-group.com\/fr\/#organization\"},\"potentialAction\":[{\"@type\":\"SearchAction\",\"target\":{\"@type\":\"EntryPoint\",\"urlTemplate\":\"https:\/\/brasport-group.com\/fr\/?s={search_term_string}\"},\"query-input\":{\"@type\":\"PropertyValueSpecification\",\"valueRequired\":true,\"valueName\":\"search_term_string\"}}],\"inLanguage\":\"pt-PT\"},{\"@type\":\"Organization\",\"@id\":\"https:\/\/brasport-group.com\/fr\/#organization\",\"name\":\"Brasport\",\"url\":\"https:\/\/brasport-group.com\/fr\/\",\"logo\":{\"@type\":\"ImageObject\",\"inLanguage\":\"pt-PT\",\"@id\":\"https:\/\/brasport-group.com\/fr\/#\/schema\/logo\/image\/\",\"url\":\"https:\/\/brasport-group.com\/wp-content\/uploads\/2025\/08\/logo-brasport-group.png\",\"contentUrl\":\"https:\/\/brasport-group.com\/wp-content\/uploads\/2025\/08\/logo-brasport-group.png\",\"width\":411,\"height\":34,\"caption\":\"Brasport\"},\"image\":{\"@id\":\"https:\/\/brasport-group.com\/fr\/#\/schema\/logo\/image\/\"}}]}<\/script>\n<!-- \/ Yoast SEO plugin. -->","yoast_head_json":{"title":"Experi\u00eancia - Brasport","robots":{"index":"index","follow":"follow","max-snippet":"max-snippet:-1","max-image-preview":"max-image-preview:large","max-video-preview":"max-video-preview:-1"},"canonical":"https:\/\/brasport-group.com\/pt-pt\/os-nossos-saberes-fazer\/","og_locale":"pt_PT","og_type":"article","og_title":"Experi\u00eancia - Brasport","og_description":"Os nossos Conhecimentos A excel\u00eancia da Brasport traduz-se em cada cria\u00e7\u00e3o, em cada detalhe e em cada mat\u00e9ria que trabalhamos. Da relojoaria \u00e0 marroquineria, os nossos ateliers conjugam tradi\u00e7\u00e3o e inova\u00e7\u00e3o para dar vida a produtos de exce\u00e7\u00e3o. Braceletes \u2013 A arte do detalhe no pulso Na Brasport, a bracelete torna-se uma verdadeira exclusividade.Trabalhamos uma [&hellip;]","og_url":"https:\/\/brasport-group.com\/pt-pt\/os-nossos-saberes-fazer\/","og_site_name":"Brasport","article_modified_time":"2026-01-15T10:01:17+00:00","og_image":[{"url":"https:\/\/brasport-group.com\/wp-content\/uploads\/elementor\/thumbs\/DSC1144-scaled-ratr5mvbygkxeddeovrhqjaaggod9jd71s0t1m44si.jpg","type":"","width":"","height":""}],"twitter_card":"summary_large_image","twitter_misc":{"Tempo estimado de leitura":"1 minuto"},"schema":{"@context":"https:\/\/schema.org","@graph":[{"@type":"WebPage","@id":"https:\/\/brasport-group.com\/pt-pt\/os-nossos-saberes-fazer\/","url":"https:\/\/brasport-group.com\/pt-pt\/os-nossos-saberes-fazer\/","name":"Experi\u00eancia - Brasport","isPartOf":{"@id":"https:\/\/brasport-group.com\/fr\/#website"},"primaryImageOfPage":{"@id":"https:\/\/brasport-group.com\/pt-pt\/os-nossos-saberes-fazer\/#primaryimage"},"image":{"@id":"https:\/\/brasport-group.com\/pt-pt\/os-nossos-saberes-fazer\/#primaryimage"},"thumbnailUrl":"https:\/\/brasport-group.com\/wp-content\/uploads\/elementor\/thumbs\/DSC1144-scaled-ratr5mvbygkxeddeovrhqjaaggod9jd71s0t1m44si.jpg","datePublished":"2025-08-26T07:03:08+00:00","dateModified":"2026-01-15T10:01:17+00:00","breadcrumb":{"@id":"https:\/\/brasport-group.com\/pt-pt\/os-nossos-saberes-fazer\/#breadcrumb"},"inLanguage":"pt-PT","potentialAction":[{"@type":"ReadAction","target":["https:\/\/brasport-group.com\/pt-pt\/os-nossos-saberes-fazer\/"]}]},{"@type":"ImageObject","inLanguage":"pt-PT","@id":"https:\/\/brasport-group.com\/pt-pt\/os-nossos-saberes-fazer\/#primaryimage","url":"https:\/\/brasport-group.com\/wp-content\/uploads\/elementor\/thumbs\/DSC1144-scaled-ratr5mvbygkxeddeovrhqjaaggod9jd71s0t1m44si.jpg","contentUrl":"https:\/\/brasport-group.com\/wp-content\/uploads\/elementor\/thumbs\/DSC1144-scaled-ratr5mvbygkxeddeovrhqjaaggod9jd71s0t1m44si.jpg"},{"@type":"BreadcrumbList","@id":"https:\/\/brasport-group.com\/pt-pt\/os-nossos-saberes-fazer\/#breadcrumb","itemListElement":[{"@type":"ListItem","position":1,"name":"P\u00e1gina inicial","item":"https:\/\/brasport-group.com\/pt-pt\/pagina-inicial\/"},{"@type":"ListItem","position":2,"name":"Experi\u00eancia"}]},{"@type":"WebSite","@id":"https:\/\/brasport-group.com\/fr\/#website","url":"https:\/\/brasport-group.com\/fr\/","name":"Brasport","description":"Passion et excellence","publisher":{"@id":"https:\/\/brasport-group.com\/fr\/#organization"},"potentialAction":[{"@type":"SearchAction","target":{"@type":"EntryPoint","urlTemplate":"https:\/\/brasport-group.com\/fr\/?s={search_term_string}"},"query-input":{"@type":"PropertyValueSpecification","valueRequired":true,"valueName":"search_term_string"}}],"inLanguage":"pt-PT"},{"@type":"Organization","@id":"https:\/\/brasport-group.com\/fr\/#organization","name":"Brasport","url":"https:\/\/brasport-group.com\/fr\/","logo":{"@type":"ImageObject","inLanguage":"pt-PT","@id":"https:\/\/brasport-group.com\/fr\/#\/schema\/logo\/image\/","url":"https:\/\/brasport-group.com\/wp-content\/uploads\/2025\/08\/logo-brasport-group.png","contentUrl":"https:\/\/brasport-group.com\/wp-content\/uploads\/2025\/08\/logo-brasport-group.png","width":411,"height":34,"caption":"Brasport"},"image":{"@id":"https:\/\/brasport-group.com\/fr\/#\/schema\/logo\/image\/"}}]}},"_links":{"self":[{"href":"https:\/\/brasport-group.com\/pt-pt\/wp-json\/wp\/v2\/pages\/1965","targetHints":{"allow":["GET"]}}],"collection":[{"href":"https:\/\/brasport-group.com\/pt-pt\/wp-json\/wp\/v2\/pages"}],"about":[{"href":"https:\/\/brasport-group.com\/pt-pt\/wp-json\/wp\/v2\/types\/page"}],"author":[{"embeddable":true,"href":"https:\/\/brasport-group.com\/pt-pt\/wp-json\/wp\/v2\/users\/1"}],"replies":[{"embeddable":true,"href":"https:\/\/brasport-group.com\/pt-pt\/wp-json\/wp\/v2\/comments?post=1965"}],"version-history":[{"count":12,"href":"https:\/\/brasport-group.com\/pt-pt\/wp-json\/wp\/v2\/pages\/1965\/revisions"}],"predecessor-version":[{"id":3698,"href":"https:\/\/brasport-group.com\/pt-pt\/wp-json\/wp\/v2\/pages\/1965\/revisions\/3698"}],"wp:attachment":[{"href":"https:\/\/brasport-group.com\/pt-pt\/wp-json\/wp\/v2\/media?parent=1965"}],"curies":[{"name":"wp","href":"https:\/\/api.w.org\/{rel}","templated":true}]}}