{"id":1972,"date":"2025-08-26T10:14:18","date_gmt":"2025-08-26T08:14:18","guid":{"rendered":"https:\/\/brasport-group.com\/os-nossos-saberes-fazer\/componentes\/"},"modified":"2025-11-20T10:20:38","modified_gmt":"2025-11-20T08:20:38","slug":"componentes","status":"publish","type":"page","link":"https:\/\/brasport-group.com\/pt-pt\/os-nossos-saberes-fazer\/componentes\/","title":{"rendered":"Componentes"},"content":{"rendered":"\t\t<div data-elementor-type=\"wp-page\" data-elementor-id=\"1972\" class=\"elementor elementor-1972 elementor-283\" data-elementor-post-type=\"page\">\n\t\t\t\t<div class=\"elementor-element elementor-element-dda5e7e e-flex e-con-boxed e-con e-parent\" data-id=\"dda5e7e\" data-element_type=\"container\" data-settings=\"{&quot;background_background&quot;:&quot;classic&quot;}\">\n\t\t\t\t\t<div class=\"e-con-inner\">\n\t\t<div class=\"elementor-element elementor-element-67f3680 animated-slow e-flex e-con-boxed elementor-invisible e-con e-child\" data-id=\"67f3680\" data-element_type=\"container\" data-settings=\"{&quot;animation&quot;:&quot;fadeInUp&quot;,&quot;animation_delay&quot;:200}\">\n\t\t\t\t\t<div class=\"e-con-inner\">\n\t\t\t\t<div class=\"elementor-element elementor-element-91a99a4 elementor-align-left elementor-widget elementor-widget-breadcrumbs\" data-id=\"91a99a4\" data-element_type=\"widget\" data-widget_type=\"breadcrumbs.default\">\n\t\t\t\t\t<p id=\"breadcrumbs\"><span><span><a href=\"https:\/\/brasport-group.com\/pt-pt\/pagina-inicial\/\">P\u00e1gina inicial<\/a><\/span><\/span><\/p>\t\t\t\t<\/div>\n\t\t\t\t<div class=\"elementor-element elementor-element-6645988 elementor-widget elementor-widget-heading\" data-id=\"6645988\" data-element_type=\"widget\" data-widget_type=\"heading.default\">\n\t\t\t\t\t<h1 class=\"elementor-heading-title elementor-size-default\">Componentes \u2013<br>A PRECIS\u00c3O no cora\u00e7\u00e3o<br>do nosso savoir-faire<br><\/h1>\t\t\t\t<\/div>\n\t\t\t\t<div class=\"elementor-element elementor-element-fd19761 elementor-widget__width-initial elementor-widget-mobile__width-inherit elementor-widget elementor-widget-text-editor\" data-id=\"fd19761\" data-element_type=\"widget\" data-widget_type=\"text-editor.default\">\n\t\t\t\t\t\t\t\t\t<p>Na Brasport, a excel\u00eancia molda-se em cada detalhe.<\/p>\t\t\t\t\t\t\t\t<\/div>\n\t\t\t\t\t<\/div>\n\t\t\t\t<\/div>\n\t\t\t\t\t<\/div>\n\t\t\t\t<\/div>\n\t\t<div class=\"elementor-element elementor-element-dc0af9c e-flex e-con-boxed e-con e-parent\" data-id=\"dc0af9c\" data-element_type=\"container\">\n\t\t\t\t\t<div class=\"e-con-inner\">\n\t\t<div class=\"elementor-element elementor-element-e5cd2ca e-con-full e-flex e-con e-child\" data-id=\"e5cd2ca\" data-element_type=\"container\">\n\t\t\t\t<div class=\"elementor-element elementor-element-f3a5c6d elementor-widget elementor-widget-image\" data-id=\"f3a5c6d\" data-element_type=\"widget\" data-widget_type=\"image.default\">\n\t\t\t\t\t\t\t\t\t\t\t\t\t\t\t<img fetchpriority=\"high\" decoding=\"async\" width=\"768\" height=\"432\" src=\"https:\/\/brasport-group.com\/wp-content\/uploads\/2025\/11\/Brasport-Group_Images_48-768x432.jpg\" class=\"attachment-medium_large size-medium_large wp-image-2756\" alt=\"\" srcset=\"https:\/\/brasport-group.com\/wp-content\/uploads\/2025\/11\/Brasport-Group_Images_48-768x432.jpg 768w, https:\/\/brasport-group.com\/wp-content\/uploads\/2025\/11\/Brasport-Group_Images_48-300x169.jpg 300w, https:\/\/brasport-group.com\/wp-content\/uploads\/2025\/11\/Brasport-Group_Images_48-1024x576.jpg 1024w, https:\/\/brasport-group.com\/wp-content\/uploads\/2025\/11\/Brasport-Group_Images_48-1536x864.jpg 1536w, https:\/\/brasport-group.com\/wp-content\/uploads\/2025\/11\/Brasport-Group_Images_48-scaled.jpg 2048w\" sizes=\"(max-width: 768px) 100vw, 768px\" \/>\t\t\t\t\t\t\t\t\t\t\t\t\t\t\t<\/div>\n\t\t\t\t<\/div>\n\t\t<div class=\"elementor-element elementor-element-c174a1f e-con-full e-flex e-con e-child\" data-id=\"c174a1f\" data-element_type=\"container\">\n\t\t<div class=\"elementor-element elementor-element-5dfc9c0 e-con-full e-flex e-con e-child\" data-id=\"5dfc9c0\" data-element_type=\"container\">\n\t\t\t\t<div class=\"elementor-element elementor-element-995af33 elementor-widget elementor-widget-text-editor\" data-id=\"995af33\" data-element_type=\"widget\" data-widget_type=\"text-editor.default\">\n\t\t\t\t\t\t\t\t\t<p>Na Brasport, a expertise n\u00e3o se limita ao couro. Em estreita liga\u00e7\u00e3o com o universo relojoeiro, desenvolvemos compet\u00eancias t\u00e9cnicas avan\u00e7adas na conce\u00e7\u00e3o e fabrica\u00e7\u00e3o de componentes sob medida, destinados a rel\u00f3gios, pulseiras e acess\u00f3rios de alta gama. <\/p>\t\t\t\t\t\t\t\t<\/div>\n\t\t\t\t<\/div>\n\t\t\t\t<\/div>\n\t\t\t\t\t<\/div>\n\t\t\t\t<\/div>\n\t\t<div class=\"elementor-element elementor-element-0daa78b e-flex e-con-boxed e-con e-parent\" data-id=\"0daa78b\" data-element_type=\"container\">\n\t\t\t\t\t<div class=\"e-con-inner\">\n\t\t<div class=\"elementor-element elementor-element-3603973 e-con-full e-flex e-con e-child\" data-id=\"3603973\" data-element_type=\"container\">\n\t\t<div class=\"elementor-element elementor-element-b7c2d1b e-con-full e-flex e-con e-child\" data-id=\"b7c2d1b\" data-element_type=\"container\">\n\t\t\t\t<div class=\"elementor-element elementor-element-76b4f39 elementor-widget elementor-widget-text-editor\" data-id=\"76b4f39\" data-element_type=\"widget\" data-widget_type=\"text-editor.default\">\n\t\t\t\t\t\t\t\t\t<p>Dominamos uma ampla gama de saberes t\u00e9cnicos, entre os quais:<br><\/p><ul><li><strong>Pe\u00e7as de acabamento relojoeiro<\/strong><\/li><li><strong>Inserts de pulseiras<\/strong>: elementos de liga\u00e7\u00e3o essenciais entre o rel\u00f3gio e a pulseira, realizados em a\u00e7o, tit\u00e2nio, lat\u00e3o ou pl\u00e1stico, de acordo com as especificidades t\u00e9cnicas de cada projeto.<\/li><li><strong>Sistema de fixa\u00e7\u00e3o intercambi\u00e1vel patenteado<\/strong>: fruto do nosso dom\u00ednio em micromec\u00e2nica, este dispositivo inovador permite trocar de pulseira sem ferramenta, gra\u00e7as a duas hastes retr\u00e1teis acionadas por uma forquilha com bot\u00e3o de press\u00e3o. Aliando precis\u00e3o, ergonomia e eleg\u00e2ncia, oferece uma fixa\u00e7\u00e3o fi\u00e1vel e fluida, \u00e0 altura das mais altas exig\u00eancias do setor. <\/li><li><strong>Prototipagem &amp; design industrial<\/strong>: a partir de modelos 3D complexos, desenvolvemos internamente prot\u00f3tipos completos, incluindo acabamentos, para acompanhar os projetos desde as suas primeiras fases.<\/li><li><strong>Ferramentas de corte<\/strong>: a Brasport concebe e fabrica as suas pr\u00f3prias ferramentas de corte sob medida para couro ou mat\u00e9rias t\u00e9cnicas, garantindo uma adapta\u00e7\u00e3o perfeita a cada encomenda.<\/li><\/ul>\t\t\t\t\t\t\t\t<\/div>\n\t\t\t\t<\/div>\n\t\t\t\t<\/div>\n\t\t<div class=\"elementor-element elementor-element-b07fb97 e-con-full e-flex e-con e-child\" data-id=\"b07fb97\" data-element_type=\"container\">\n\t\t\t\t<div class=\"elementor-element elementor-element-08a3ecd elementor-widget elementor-widget-image\" data-id=\"08a3ecd\" data-element_type=\"widget\" data-widget_type=\"image.default\">\n\t\t\t\t\t\t\t\t\t\t\t\t\t\t\t<img decoding=\"async\" src=\"https:\/\/brasport-group.com\/wp-content\/uploads\/elementor\/thumbs\/Brasport-Group_Images_2-scaled-rawykojupsiz0hxo4x9nq0vb1szauum3nclrqxdvsy.jpg\" title=\"Brasport-Group_Images_2\" alt=\"Brasport-Group_Images_2\" loading=\"lazy\" \/>\t\t\t\t\t\t\t\t\t\t\t\t\t\t\t<\/div>\n\t\t\t\t<\/div>\n\t\t\t\t\t<\/div>\n\t\t\t\t<\/div>\n\t\t<div class=\"elementor-element elementor-element-7a8486d e-flex e-con-boxed e-con e-parent\" data-id=\"7a8486d\" data-element_type=\"container\">\n\t\t\t\t\t<div class=\"e-con-inner\">\n\t\t<div class=\"elementor-element elementor-element-4cfdb2b e-con-full e-flex e-con e-child\" data-id=\"4cfdb2b\" data-element_type=\"container\">\n\t\t\t\t<div class=\"elementor-element elementor-element-600772f elementor-widget elementor-widget-image\" data-id=\"600772f\" data-element_type=\"widget\" data-widget_type=\"image.default\">\n\t\t\t\t\t\t\t\t\t\t\t\t\t\t\t<img decoding=\"async\" src=\"https:\/\/brasport-group.com\/wp-content\/uploads\/elementor\/thumbs\/Brasport-Group_Images_28-scaled-rdbwe3qnaly3udi4hmpama12l80x6yae50d8v3doaq.jpg\" title=\"Brasport-Group_Images_28\" alt=\"Brasport-Group_Images_28\" loading=\"lazy\" \/>\t\t\t\t\t\t\t\t\t\t\t\t\t\t\t<\/div>\n\t\t\t\t<\/div>\n\t\t<div class=\"elementor-element elementor-element-71e6604 e-con-full e-flex e-con e-child\" data-id=\"71e6604\" data-element_type=\"container\">\n\t\t<div class=\"elementor-element elementor-element-91e0dc7 e-con-full e-flex e-con e-child\" data-id=\"91e0dc7\" data-element_type=\"container\">\n\t\t\t\t<div class=\"elementor-element elementor-element-3d557c7 elementor-widget elementor-widget-text-editor\" data-id=\"3d557c7\" data-element_type=\"widget\" data-widget_type=\"text-editor.default\">\n\t\t\t\t\t\t\t\t\t<p>Gra\u00e7as \u00e0s nossas unidades dedicadas \u2014 atelier de micromec\u00e2nica, atelier de prototipagem e a nossa c\u00e9lula de design industrial \u2014 asseguramos um controlo total da cadeia de cria\u00e7\u00e3o de componentes, numa l\u00f3gica de precis\u00e3o, reatividade e integra\u00e7\u00e3o vertical.<\/p>\t\t\t\t\t\t\t\t<\/div>\n\t\t<div class=\"elementor-element elementor-element-28bd7aa e-grid e-con-full e-con e-child\" data-id=\"28bd7aa\" data-element_type=\"container\" data-settings=\"{&quot;background_background&quot;:&quot;classic&quot;}\">\n\t\t\t\t<div class=\"elementor-element elementor-element-1724763 elementor-position-top elementor-widget elementor-widget-image-box\" data-id=\"1724763\" data-element_type=\"widget\" data-widget_type=\"image-box.default\">\n\t\t\t\t\t<div class=\"elementor-image-box-wrapper\"><figure class=\"elementor-image-box-img\"><img decoding=\"async\" width=\"90\" height=\"90\" src=\"https:\/\/brasport-group.com\/wp-content\/uploads\/2025\/08\/ico-horlogerie.jpg\" class=\"attachment-full size-full wp-image-592\" alt=\"\" \/><\/figure><div class=\"elementor-image-box-content\"><span class=\"elementor-image-box-title\">Relojoaria<\/span><\/div><\/div>\t\t\t\t<\/div>\n\t\t\t\t<div class=\"elementor-element elementor-element-036c52c elementor-position-top elementor-widget elementor-widget-image-box\" data-id=\"036c52c\" data-element_type=\"widget\" data-widget_type=\"image-box.default\">\n\t\t\t\t\t<div class=\"elementor-image-box-wrapper\"><figure class=\"elementor-image-box-img\"><img decoding=\"async\" width=\"90\" height=\"90\" src=\"https:\/\/brasport-group.com\/wp-content\/uploads\/2025\/08\/ico-inserts.jpg\" class=\"attachment-full size-full wp-image-595\" alt=\"\" \/><\/figure><div class=\"elementor-image-box-content\"><span class=\"elementor-image-box-title\">Inserts<\/span><\/div><\/div>\t\t\t\t<\/div>\n\t\t\t\t<div class=\"elementor-element elementor-element-559c190 elementor-position-top elementor-widget elementor-widget-image-box\" data-id=\"559c190\" data-element_type=\"widget\" data-widget_type=\"image-box.default\">\n\t\t\t\t\t<div class=\"elementor-image-box-wrapper\"><figure class=\"elementor-image-box-img\"><img loading=\"lazy\" decoding=\"async\" width=\"90\" height=\"90\" src=\"https:\/\/brasport-group.com\/wp-content\/uploads\/2025\/08\/ico-design.jpg\" class=\"attachment-full size-full wp-image-589\" alt=\"\" \/><\/figure><div class=\"elementor-image-box-content\"><div class=\"elementor-image-box-title\">Design industrial<\/div><\/div><\/div>\t\t\t\t<\/div>\n\t\t\t\t<div class=\"elementor-element elementor-element-13b4741 elementor-position-top elementor-widget elementor-widget-image-box\" data-id=\"13b4741\" data-element_type=\"widget\" data-widget_type=\"image-box.default\">\n\t\t\t\t\t<div class=\"elementor-image-box-wrapper\"><figure class=\"elementor-image-box-img\"><img loading=\"lazy\" decoding=\"async\" width=\"90\" height=\"90\" src=\"https:\/\/brasport-group.com\/wp-content\/uploads\/2025\/08\/ico-outillage.jpg\" class=\"attachment-full size-full wp-image-598\" alt=\"\" \/><\/figure><div class=\"elementor-image-box-content\"><span class=\"elementor-image-box-title\">Ferramentas<\/span><\/div><\/div>\t\t\t\t<\/div>\n\t\t\t\t<\/div>\n\t\t\t\t<\/div>\n\t\t\t\t<\/div>\n\t\t\t\t\t<\/div>\n\t\t\t\t<\/div>\n\t\t\t\t<\/div>\n\t\t","protected":false},"excerpt":{"rendered":"<p>Componentes \u2013A PRECIS\u00c3O no cora\u00e7\u00e3odo nosso savoir-faire Na Brasport, a excel\u00eancia molda-se em cada detalhe. Na Brasport, a expertise n\u00e3o se limita ao couro. Em estreita liga\u00e7\u00e3o com o universo relojoeiro, desenvolvemos compet\u00eancias t\u00e9cnicas avan\u00e7adas na conce\u00e7\u00e3o e fabrica\u00e7\u00e3o de componentes sob medida, destinados a rel\u00f3gios, pulseiras e acess\u00f3rios de alta gama. Dominamos uma ampla [&hellip;]<\/p>\n","protected":false},"author":1,"featured_media":0,"parent":1965,"menu_order":0,"comment_status":"closed","ping_status":"closed","template":"","meta":{"_acf_changed":false,"footnotes":""},"class_list":["post-1972","page","type-page","status-publish","hentry"],"acf":[],"yoast_head":"<!-- This site is optimized with the Yoast SEO plugin v26.4 - https:\/\/yoast.com\/wordpress\/plugins\/seo\/ -->\n<title>Componentes - Brasport<\/title>\n<meta name=\"robots\" content=\"index, follow, max-snippet:-1, max-image-preview:large, max-video-preview:-1\" \/>\n<link rel=\"canonical\" href=\"https:\/\/brasport-group.com\/pt-pt\/os-nossos-saberes-fazer\/componentes\/\" \/>\n<meta property=\"og:locale\" content=\"pt_PT\" \/>\n<meta property=\"og:type\" content=\"article\" \/>\n<meta property=\"og:title\" content=\"Componentes - Brasport\" \/>\n<meta property=\"og:description\" content=\"Componentes \u2013A PRECIS\u00c3O no cora\u00e7\u00e3odo nosso savoir-faire Na Brasport, a excel\u00eancia molda-se em cada detalhe. Na Brasport, a expertise n\u00e3o se limita ao couro. Em estreita liga\u00e7\u00e3o com o universo relojoeiro, desenvolvemos compet\u00eancias t\u00e9cnicas avan\u00e7adas na conce\u00e7\u00e3o e fabrica\u00e7\u00e3o de componentes sob medida, destinados a rel\u00f3gios, pulseiras e acess\u00f3rios de alta gama. Dominamos uma ampla [&hellip;]\" \/>\n<meta property=\"og:url\" content=\"https:\/\/brasport-group.com\/pt-pt\/os-nossos-saberes-fazer\/componentes\/\" \/>\n<meta property=\"og:site_name\" content=\"Brasport\" \/>\n<meta property=\"article:modified_time\" content=\"2025-11-20T08:20:38+00:00\" \/>\n<meta property=\"og:image\" content=\"https:\/\/brasport-group.com\/wp-content\/uploads\/2025\/11\/Brasport-Group_Images_48-768x432.jpg\" \/>\n<meta name=\"twitter:card\" content=\"summary_large_image\" \/>\n<meta name=\"twitter:label1\" content=\"Tempo estimado de leitura\" \/>\n\t<meta name=\"twitter:data1\" content=\"1 minuto\" \/>\n<script type=\"application\/ld+json\" class=\"yoast-schema-graph\">{\"@context\":\"https:\/\/schema.org\",\"@graph\":[{\"@type\":\"WebPage\",\"@id\":\"https:\/\/brasport-group.com\/pt-pt\/os-nossos-saberes-fazer\/componentes\/\",\"url\":\"https:\/\/brasport-group.com\/pt-pt\/os-nossos-saberes-fazer\/componentes\/\",\"name\":\"Componentes - Brasport\",\"isPartOf\":{\"@id\":\"https:\/\/brasport-group.com\/fr\/#website\"},\"primaryImageOfPage\":{\"@id\":\"https:\/\/brasport-group.com\/pt-pt\/os-nossos-saberes-fazer\/componentes\/#primaryimage\"},\"image\":{\"@id\":\"https:\/\/brasport-group.com\/pt-pt\/os-nossos-saberes-fazer\/componentes\/#primaryimage\"},\"thumbnailUrl\":\"https:\/\/brasport-group.com\/wp-content\/uploads\/2025\/11\/Brasport-Group_Images_48-768x432.jpg\",\"datePublished\":\"2025-08-26T08:14:18+00:00\",\"dateModified\":\"2025-11-20T08:20:38+00:00\",\"breadcrumb\":{\"@id\":\"https:\/\/brasport-group.com\/pt-pt\/os-nossos-saberes-fazer\/componentes\/#breadcrumb\"},\"inLanguage\":\"pt-PT\",\"potentialAction\":[{\"@type\":\"ReadAction\",\"target\":[\"https:\/\/brasport-group.com\/pt-pt\/os-nossos-saberes-fazer\/componentes\/\"]}]},{\"@type\":\"ImageObject\",\"inLanguage\":\"pt-PT\",\"@id\":\"https:\/\/brasport-group.com\/pt-pt\/os-nossos-saberes-fazer\/componentes\/#primaryimage\",\"url\":\"https:\/\/brasport-group.com\/wp-content\/uploads\/2025\/11\/Brasport-Group_Images_48-768x432.jpg\",\"contentUrl\":\"https:\/\/brasport-group.com\/wp-content\/uploads\/2025\/11\/Brasport-Group_Images_48-768x432.jpg\"},{\"@type\":\"BreadcrumbList\",\"@id\":\"https:\/\/brasport-group.com\/pt-pt\/os-nossos-saberes-fazer\/componentes\/#breadcrumb\",\"itemListElement\":[{\"@type\":\"ListItem\",\"position\":1,\"name\":\"P\u00e1gina inicial\",\"item\":\"https:\/\/brasport-group.com\/pt-pt\/pagina-inicial\/\"},{\"@type\":\"ListItem\",\"position\":2,\"name\":\"Experi\u00eancia\",\"item\":\"https:\/\/brasport-group.com\/pt-pt\/os-nossos-saberes-fazer\/\"},{\"@type\":\"ListItem\",\"position\":3,\"name\":\"Componentes\"}]},{\"@type\":\"WebSite\",\"@id\":\"https:\/\/brasport-group.com\/fr\/#website\",\"url\":\"https:\/\/brasport-group.com\/fr\/\",\"name\":\"Brasport\",\"description\":\"Passion et excellence\",\"publisher\":{\"@id\":\"https:\/\/brasport-group.com\/fr\/#organization\"},\"potentialAction\":[{\"@type\":\"SearchAction\",\"target\":{\"@type\":\"EntryPoint\",\"urlTemplate\":\"https:\/\/brasport-group.com\/fr\/?s={search_term_string}\"},\"query-input\":{\"@type\":\"PropertyValueSpecification\",\"valueRequired\":true,\"valueName\":\"search_term_string\"}}],\"inLanguage\":\"pt-PT\"},{\"@type\":\"Organization\",\"@id\":\"https:\/\/brasport-group.com\/fr\/#organization\",\"name\":\"Brasport\",\"url\":\"https:\/\/brasport-group.com\/fr\/\",\"logo\":{\"@type\":\"ImageObject\",\"inLanguage\":\"pt-PT\",\"@id\":\"https:\/\/brasport-group.com\/fr\/#\/schema\/logo\/image\/\",\"url\":\"https:\/\/brasport-group.com\/wp-content\/uploads\/2025\/08\/logo-brasport-group.png\",\"contentUrl\":\"https:\/\/brasport-group.com\/wp-content\/uploads\/2025\/08\/logo-brasport-group.png\",\"width\":411,\"height\":34,\"caption\":\"Brasport\"},\"image\":{\"@id\":\"https:\/\/brasport-group.com\/fr\/#\/schema\/logo\/image\/\"}}]}<\/script>\n<!-- \/ Yoast SEO plugin. -->","yoast_head_json":{"title":"Componentes - Brasport","robots":{"index":"index","follow":"follow","max-snippet":"max-snippet:-1","max-image-preview":"max-image-preview:large","max-video-preview":"max-video-preview:-1"},"canonical":"https:\/\/brasport-group.com\/pt-pt\/os-nossos-saberes-fazer\/componentes\/","og_locale":"pt_PT","og_type":"article","og_title":"Componentes - Brasport","og_description":"Componentes \u2013A PRECIS\u00c3O no cora\u00e7\u00e3odo nosso savoir-faire Na Brasport, a excel\u00eancia molda-se em cada detalhe. Na Brasport, a expertise n\u00e3o se limita ao couro. Em estreita liga\u00e7\u00e3o com o universo relojoeiro, desenvolvemos compet\u00eancias t\u00e9cnicas avan\u00e7adas na conce\u00e7\u00e3o e fabrica\u00e7\u00e3o de componentes sob medida, destinados a rel\u00f3gios, pulseiras e acess\u00f3rios de alta gama. Dominamos uma ampla [&hellip;]","og_url":"https:\/\/brasport-group.com\/pt-pt\/os-nossos-saberes-fazer\/componentes\/","og_site_name":"Brasport","article_modified_time":"2025-11-20T08:20:38+00:00","og_image":[{"url":"https:\/\/brasport-group.com\/wp-content\/uploads\/2025\/11\/Brasport-Group_Images_48-768x432.jpg","type":"","width":"","height":""}],"twitter_card":"summary_large_image","twitter_misc":{"Tempo estimado de leitura":"1 minuto"},"schema":{"@context":"https:\/\/schema.org","@graph":[{"@type":"WebPage","@id":"https:\/\/brasport-group.com\/pt-pt\/os-nossos-saberes-fazer\/componentes\/","url":"https:\/\/brasport-group.com\/pt-pt\/os-nossos-saberes-fazer\/componentes\/","name":"Componentes - Brasport","isPartOf":{"@id":"https:\/\/brasport-group.com\/fr\/#website"},"primaryImageOfPage":{"@id":"https:\/\/brasport-group.com\/pt-pt\/os-nossos-saberes-fazer\/componentes\/#primaryimage"},"image":{"@id":"https:\/\/brasport-group.com\/pt-pt\/os-nossos-saberes-fazer\/componentes\/#primaryimage"},"thumbnailUrl":"https:\/\/brasport-group.com\/wp-content\/uploads\/2025\/11\/Brasport-Group_Images_48-768x432.jpg","datePublished":"2025-08-26T08:14:18+00:00","dateModified":"2025-11-20T08:20:38+00:00","breadcrumb":{"@id":"https:\/\/brasport-group.com\/pt-pt\/os-nossos-saberes-fazer\/componentes\/#breadcrumb"},"inLanguage":"pt-PT","potentialAction":[{"@type":"ReadAction","target":["https:\/\/brasport-group.com\/pt-pt\/os-nossos-saberes-fazer\/componentes\/"]}]},{"@type":"ImageObject","inLanguage":"pt-PT","@id":"https:\/\/brasport-group.com\/pt-pt\/os-nossos-saberes-fazer\/componentes\/#primaryimage","url":"https:\/\/brasport-group.com\/wp-content\/uploads\/2025\/11\/Brasport-Group_Images_48-768x432.jpg","contentUrl":"https:\/\/brasport-group.com\/wp-content\/uploads\/2025\/11\/Brasport-Group_Images_48-768x432.jpg"},{"@type":"BreadcrumbList","@id":"https:\/\/brasport-group.com\/pt-pt\/os-nossos-saberes-fazer\/componentes\/#breadcrumb","itemListElement":[{"@type":"ListItem","position":1,"name":"P\u00e1gina inicial","item":"https:\/\/brasport-group.com\/pt-pt\/pagina-inicial\/"},{"@type":"ListItem","position":2,"name":"Experi\u00eancia","item":"https:\/\/brasport-group.com\/pt-pt\/os-nossos-saberes-fazer\/"},{"@type":"ListItem","position":3,"name":"Componentes"}]},{"@type":"WebSite","@id":"https:\/\/brasport-group.com\/fr\/#website","url":"https:\/\/brasport-group.com\/fr\/","name":"Brasport","description":"Passion et excellence","publisher":{"@id":"https:\/\/brasport-group.com\/fr\/#organization"},"potentialAction":[{"@type":"SearchAction","target":{"@type":"EntryPoint","urlTemplate":"https:\/\/brasport-group.com\/fr\/?s={search_term_string}"},"query-input":{"@type":"PropertyValueSpecification","valueRequired":true,"valueName":"search_term_string"}}],"inLanguage":"pt-PT"},{"@type":"Organization","@id":"https:\/\/brasport-group.com\/fr\/#organization","name":"Brasport","url":"https:\/\/brasport-group.com\/fr\/","logo":{"@type":"ImageObject","inLanguage":"pt-PT","@id":"https:\/\/brasport-group.com\/fr\/#\/schema\/logo\/image\/","url":"https:\/\/brasport-group.com\/wp-content\/uploads\/2025\/08\/logo-brasport-group.png","contentUrl":"https:\/\/brasport-group.com\/wp-content\/uploads\/2025\/08\/logo-brasport-group.png","width":411,"height":34,"caption":"Brasport"},"image":{"@id":"https:\/\/brasport-group.com\/fr\/#\/schema\/logo\/image\/"}}]}},"_links":{"self":[{"href":"https:\/\/brasport-group.com\/pt-pt\/wp-json\/wp\/v2\/pages\/1972","targetHints":{"allow":["GET"]}}],"collection":[{"href":"https:\/\/brasport-group.com\/pt-pt\/wp-json\/wp\/v2\/pages"}],"about":[{"href":"https:\/\/brasport-group.com\/pt-pt\/wp-json\/wp\/v2\/types\/page"}],"author":[{"embeddable":true,"href":"https:\/\/brasport-group.com\/pt-pt\/wp-json\/wp\/v2\/users\/1"}],"replies":[{"embeddable":true,"href":"https:\/\/brasport-group.com\/pt-pt\/wp-json\/wp\/v2\/comments?post=1972"}],"version-history":[{"count":6,"href":"https:\/\/brasport-group.com\/pt-pt\/wp-json\/wp\/v2\/pages\/1972\/revisions"}],"predecessor-version":[{"id":3128,"href":"https:\/\/brasport-group.com\/pt-pt\/wp-json\/wp\/v2\/pages\/1972\/revisions\/3128"}],"up":[{"embeddable":true,"href":"https:\/\/brasport-group.com\/pt-pt\/wp-json\/wp\/v2\/pages\/1965"}],"wp:attachment":[{"href":"https:\/\/brasport-group.com\/pt-pt\/wp-json\/wp\/v2\/media?parent=1972"}],"curies":[{"name":"wp","href":"https:\/\/api.w.org\/{rel}","templated":true}]}}