{"id":1974,"date":"2025-08-26T10:15:07","date_gmt":"2025-08-26T08:15:07","guid":{"rendered":"https:\/\/brasport-group.com\/os-nossos-saberes-fazer\/marroquinaria\/"},"modified":"2025-12-05T09:31:22","modified_gmt":"2025-12-05T07:31:22","slug":"marroquinaria","status":"publish","type":"page","link":"https:\/\/brasport-group.com\/pt-pt\/os-nossos-saberes-fazer\/marroquinaria\/","title":{"rendered":"Marroquinaria"},"content":{"rendered":"\t\t<div data-elementor-type=\"wp-page\" data-elementor-id=\"1974\" class=\"elementor elementor-1974 elementor-285\" data-elementor-post-type=\"page\">\n\t\t\t\t<div class=\"elementor-element elementor-element-065c95b e-flex e-con-boxed e-con e-parent\" data-id=\"065c95b\" data-element_type=\"container\" data-settings=\"{&quot;background_background&quot;:&quot;classic&quot;}\">\n\t\t\t\t\t<div class=\"e-con-inner\">\n\t\t<div class=\"elementor-element elementor-element-461262b animated-slow e-flex e-con-boxed elementor-invisible e-con e-child\" data-id=\"461262b\" data-element_type=\"container\" data-settings=\"{&quot;animation&quot;:&quot;fadeInUp&quot;,&quot;animation_delay&quot;:200}\">\n\t\t\t\t\t<div class=\"e-con-inner\">\n\t\t\t\t<div class=\"elementor-element elementor-element-05c990a elementor-align-left elementor-widget elementor-widget-breadcrumbs\" data-id=\"05c990a\" data-element_type=\"widget\" data-widget_type=\"breadcrumbs.default\">\n\t\t\t\t\t<p id=\"breadcrumbs\"><span><span><a href=\"https:\/\/brasport-group.com\/pt-pt\/pagina-inicial\/\">P\u00e1gina inicial<\/a><\/span><\/span><\/p>\t\t\t\t<\/div>\n\t\t\t\t<div class=\"elementor-element elementor-element-ec9bc1d elementor-widget elementor-widget-heading\" data-id=\"ec9bc1d\" data-element_type=\"widget\" data-widget_type=\"heading.default\">\n\t\t\t\t\t<h1 class=\"elementor-heading-title elementor-size-default\">LEATHER GOODS -<br>Every IDEA comes to life<br>with PRECISION and ELEGANCE<\/h1>\t\t\t\t<\/div>\n\t\t\t\t<div class=\"elementor-element elementor-element-7f70d50 elementor-widget__width-initial elementor-widget-mobile__width-inherit elementor-widget elementor-widget-text-editor\" data-id=\"7f70d50\" data-element_type=\"widget\" data-widget_type=\"text-editor.default\">\n\t\t\t\t\t\t\t\t\t<p>Na Brasport, a excel\u00eancia molda-se em cada detalhe.<\/p>\t\t\t\t\t\t\t\t<\/div>\n\t\t\t\t\t<\/div>\n\t\t\t\t<\/div>\n\t\t\t\t\t<\/div>\n\t\t\t\t<\/div>\n\t\t<div class=\"elementor-element elementor-element-491ccf0 e-flex e-con-boxed e-con e-parent\" data-id=\"491ccf0\" data-element_type=\"container\">\n\t\t\t\t\t<div class=\"e-con-inner\">\n\t\t<div class=\"elementor-element elementor-element-1763f2e e-con-full e-flex e-con e-child\" data-id=\"1763f2e\" data-element_type=\"container\">\n\t\t\t\t<div class=\"elementor-element elementor-element-5022012 elementor-widget elementor-widget-image\" data-id=\"5022012\" data-element_type=\"widget\" data-widget_type=\"image.default\">\n\t\t\t\t\t\t\t\t\t\t\t\t\t\t\t<img decoding=\"async\" src=\"https:\/\/brasport-group.com\/wp-content\/uploads\/elementor\/thumbs\/Brasport-Group_Images_38-scaled-rdbwmavywl653xlem6a5d7jt47m6bwu3xl7pjz820y.jpg\" title=\"Brasport-Group_Images_38\" alt=\"Brasport-Group_Images_38\" loading=\"lazy\" \/>\t\t\t\t\t\t\t\t\t\t\t\t\t\t\t<\/div>\n\t\t\t\t<\/div>\n\t\t<div class=\"elementor-element elementor-element-e835ed2 e-con-full e-flex e-con e-child\" data-id=\"e835ed2\" data-element_type=\"container\">\n\t\t<div class=\"elementor-element elementor-element-279da00 e-con-full e-flex e-con e-child\" data-id=\"279da00\" data-element_type=\"container\">\n\t\t\t\t<div class=\"elementor-element elementor-element-3e64194 elementor-widget elementor-widget-heading\" data-id=\"3e64194\" data-element_type=\"widget\" data-widget_type=\"heading.default\">\n\t\t\t\t\t<h3 class=\"elementor-heading-title elementor-size-default\">SOB MEDIDA<br><\/h3>\t\t\t\t<\/div>\n\t\t\t\t<div class=\"elementor-element elementor-element-d76bceb elementor-widget elementor-widget-text-editor\" data-id=\"d76bceb\" data-element_type=\"widget\" data-widget_type=\"text-editor.default\">\n\t\t\t\t\t\t\t\t\t<p>Na Brasport, cada ideia ganha vida com precis\u00e3o e eleg\u00e2ncia. Gra\u00e7as a um conhecimento dominado, moldamos pe\u00e7as \u00fanicas, concebidas de acordo com os seus desejos \u2014 desde as cria\u00e7\u00f5es mais ousadas at\u00e9 aos modelos mais depurados, sempre marcados pela sua identidade.<br>Tudo \u00e9 inteiramente realizado sob medida, unindo a sua vis\u00e3o \u00e0 marca de excel\u00eancia da organiza\u00e7\u00e3o..  <\/p>\t\t\t\t\t\t\t\t<\/div>\n\t\t\t\t<\/div>\n\t\t\t\t<\/div>\n\t\t\t\t\t<\/div>\n\t\t\t\t<\/div>\n\t\t<div class=\"elementor-element elementor-element-d84bd41 e-flex e-con-boxed e-con e-parent\" data-id=\"d84bd41\" data-element_type=\"container\">\n\t\t\t\t\t<div class=\"e-con-inner\">\n\t\t<div class=\"elementor-element elementor-element-f2917a5 e-con-full e-flex e-con e-child\" data-id=\"f2917a5\" data-element_type=\"container\">\n\t\t<div class=\"elementor-element elementor-element-e9a6ce4 e-con-full e-flex e-con e-child\" data-id=\"e9a6ce4\" data-element_type=\"container\">\n\t\t\t\t<div class=\"elementor-element elementor-element-aa0a95f elementor-widget elementor-widget-text-editor\" data-id=\"aa0a95f\" data-element_type=\"widget\" data-widget_type=\"text-editor.default\">\n\t\t\t\t\t\t\t\t\t<p>Para responder a desafios crescentes, tanto sociais como ambientais, implant\u00e1mos a nossa unidade de produ\u00e7\u00e3o Premium for Leather em Portugal, pr\u00f3xima do nosso local hist\u00f3rico. Fundada em 2021, esta estrutura re\u00fane mais de 80 colaboradores, incluindo um escrit\u00f3rio de prototipagem e uma equipa de de I&amp;D dedicada.<br>Ela permite-nos produzir toda a nossa cole\u00e7\u00e3o e acompanhar o desenvolvimento de projetos sob medida, desde a conce\u00e7\u00e3o at\u00e9 \u00e0 realiza\u00e7\u00e3o, em pequenas ou grandes s\u00e9ries.  <\/p>\t\t\t\t\t\t\t\t<\/div>\n\t\t\t\t<\/div>\n\t\t\t\t<\/div>\n\t\t<div class=\"elementor-element elementor-element-238cffc e-con-full e-flex e-con e-child\" data-id=\"238cffc\" data-element_type=\"container\">\n\t\t\t\t<div class=\"elementor-element elementor-element-3cb902e elementor-widget elementor-widget-image\" data-id=\"3cb902e\" data-element_type=\"widget\" data-widget_type=\"image.default\">\n\t\t\t\t\t\t\t\t\t\t\t\t\t\t\t<img decoding=\"async\" src=\"https:\/\/brasport-group.com\/wp-content\/uploads\/elementor\/thumbs\/Maroquinerie-rebcgtytbglq6sxqkwct3stf1lvohvuu4lst51khmq.png\" title=\"Maroquinerie\" alt=\"Maroquinerie\" loading=\"lazy\" \/>\t\t\t\t\t\t\t\t\t\t\t\t\t\t\t<\/div>\n\t\t\t\t<\/div>\n\t\t\t\t\t<\/div>\n\t\t\t\t<\/div>\n\t\t<div class=\"elementor-element elementor-element-6de1880 e-flex e-con-boxed e-con e-parent\" data-id=\"6de1880\" data-element_type=\"container\">\n\t\t\t\t\t<div class=\"e-con-inner\">\n\t\t<div class=\"elementor-element elementor-element-291fc22 e-con-full e-flex e-con e-child\" data-id=\"291fc22\" data-element_type=\"container\">\n\t\t\t\t<div class=\"elementor-element elementor-element-b5222d8 elementor-widget elementor-widget-image\" data-id=\"b5222d8\" data-element_type=\"widget\" data-widget_type=\"image.default\">\n\t\t\t\t\t\t\t\t\t\t\t\t\t\t\t<img decoding=\"async\" src=\"https:\/\/brasport-group.com\/wp-content\/uploads\/elementor\/thumbs\/Maro-1-rebcbckpg93igowglj15k6mmaowllg37dgsucxp5xe.png\" title=\"Maro (1)\" alt=\"Maro (1)\" loading=\"lazy\" \/>\t\t\t\t\t\t\t\t\t\t\t\t\t\t\t<\/div>\n\t\t\t\t<\/div>\n\t\t<div class=\"elementor-element elementor-element-7fd7c38 e-con-full e-flex e-con e-child\" data-id=\"7fd7c38\" data-element_type=\"container\">\n\t\t<div class=\"elementor-element elementor-element-092a5f0 e-con-full e-flex e-con e-child\" data-id=\"092a5f0\" data-element_type=\"container\">\n\t\t\t\t<div class=\"elementor-element elementor-element-c4727e4 elementor-widget elementor-widget-text-editor\" data-id=\"c4727e4\" data-element_type=\"widget\" data-widget_type=\"text-editor.default\">\n\t\t\t\t\t\t\t\t\t<p>Gra\u00e7as a este polo integrado de pesquisa e desenvolvimento, concebemos prot\u00f3tipos, desenvolvemos solu\u00e7\u00f5es t\u00e9cnicas e realizamos as ferramentas necess\u00e1rias a cada cria\u00e7\u00e3o.<br>Os nossos gestores de projeto, t\u00e9cnicos e artes\u00e3os especializados em marroquinaria asseguram um elevado n\u00edvel de qualidade e acabamento. Este modelo de fabrica\u00e7\u00e3o europeia garante reatividade, fiabilidade e controlo total da cadeia de produ\u00e7\u00e3o.  <\/p><p>Com a mesma vontade de proximidade e agilidade, refor\u00e7\u00e1mos tamb\u00e9m a nossa equipa na Su\u00ed\u00e7a. \u00c9 composta por um gestor de produto, um comercial e uma prototipista especializada, totalmente dedicados ao acompanhamento dos seus projetos sob medida.<br> <\/p><p>Colaboramos com grandes marcas do setor do luxo, oferecendo-lhes um acompanhamento personalizado e um savoir-faire de exce\u00e7\u00e3o.<br><\/p>\t\t\t\t\t\t\t\t<\/div>\n\t\t\t\t<\/div>\n\t\t\t\t<\/div>\n\t\t\t\t\t<\/div>\n\t\t\t\t<\/div>\n\t\t<div class=\"elementor-element elementor-element-4cd6e9c e-flex e-con-boxed e-con e-parent\" data-id=\"4cd6e9c\" data-element_type=\"container\">\n\t\t\t\t\t<div class=\"e-con-inner\">\n\t\t<div class=\"elementor-element elementor-element-c6e5fc3 e-con-full e-flex e-con e-child\" data-id=\"c6e5fc3\" data-element_type=\"container\">\n\t\t<div class=\"elementor-element elementor-element-84d979d e-con-full e-flex e-con e-child\" data-id=\"84d979d\" data-element_type=\"container\">\n\t\t\t\t<div class=\"elementor-element elementor-element-e8018d1 elementor-widget elementor-widget-heading\" data-id=\"e8018d1\" data-element_type=\"widget\" data-widget_type=\"heading.default\">\n\t\t\t\t\t<h3 class=\"elementor-heading-title elementor-size-default\">Cole\u00e7\u00e3o<\/h3>\t\t\t\t<\/div>\n\t\t\t\t<div class=\"elementor-element elementor-element-9aa6386 elementor-widget elementor-widget-text-editor\" data-id=\"9aa6386\" data-element_type=\"widget\" data-widget_type=\"text-editor.default\">\n\t\t\t\t\t\t\t\t\t<p>Descubra a nossa cole\u00e7\u00e3o exclusiva de artigos de marroquinaria. Bolsas, estojos, capas ou expositores: cada pe\u00e7a \u00e9 realizada com um cuidado minucioso e com materiais de exce\u00e7\u00e3o.<br>Cabe a si escolher o objeto que sublimar\u00e1 o seu universo.  <\/p>\t\t\t\t\t\t\t\t<\/div>\n\t\t\t\t<\/div>\n\t\t\t\t<\/div>\n\t\t<div class=\"elementor-element elementor-element-fb90321 e-con-full e-flex e-con e-child\" data-id=\"fb90321\" data-element_type=\"container\">\n\t\t\t\t<div class=\"elementor-element elementor-element-3777a96 elementor-widget elementor-widget-image\" data-id=\"3777a96\" data-element_type=\"widget\" data-widget_type=\"image.default\">\n\t\t\t\t\t\t\t\t\t\t\t\t\t\t\t<img decoding=\"async\" src=\"https:\/\/brasport-group.com\/wp-content\/uploads\/elementor\/thumbs\/DSCF0371-53-scaled-rfdk5vmyycnpf31l3detxbsgsf8a30uvutr0r6aerm.jpg\" title=\"PRODUTO\" alt=\"PRODUTO\" loading=\"lazy\" \/>\t\t\t\t\t\t\t\t\t\t\t\t\t\t\t<\/div>\n\t\t\t\t<\/div>\n\t\t\t\t\t<\/div>\n\t\t\t\t<\/div>\n\t\t<div class=\"elementor-element elementor-element-e8a07ce e-flex e-con-boxed e-con e-parent\" data-id=\"e8a07ce\" data-element_type=\"container\">\n\t\t\t\t\t<div class=\"e-con-inner\">\n\t\t<div class=\"elementor-element elementor-element-b057348 e-con-full e-flex e-con e-child\" data-id=\"b057348\" data-element_type=\"container\">\n\t\t\t\t<div class=\"elementor-element elementor-element-8e5c603 elementor-widget elementor-widget-image\" data-id=\"8e5c603\" data-element_type=\"widget\" data-widget_type=\"image.default\">\n\t\t\t\t\t\t\t\t\t\t\t\t\t\t\t<img decoding=\"async\" src=\"https:\/\/brasport-group.com\/wp-content\/uploads\/elementor\/thumbs\/DSCF0320-28-scaled-rfdk6oryu7rlezv9d809kmfr7d8npn2katz2mr37eq.jpg\" title=\"PRODUTO\" alt=\"PRODUTO\" loading=\"lazy\" \/>\t\t\t\t\t\t\t\t\t\t\t\t\t\t\t<\/div>\n\t\t\t\t<\/div>\n\t\t<div class=\"elementor-element elementor-element-5af57cd e-con-full e-flex e-con e-child\" data-id=\"5af57cd\" data-element_type=\"container\">\n\t\t<div class=\"elementor-element elementor-element-267b15e e-con-full e-flex e-con e-child\" data-id=\"267b15e\" data-element_type=\"container\">\n\t\t\t\t<div class=\"elementor-element elementor-element-0c5dd0e elementor-widget elementor-widget-text-editor\" data-id=\"0c5dd0e\" data-element_type=\"widget\" data-widget_type=\"text-editor.default\">\n\t\t\t\t\t\t\t\t\t<p>Por ocasi\u00e3o de um sal\u00e3o, de um lan\u00e7amento ou de uma opera\u00e7\u00e3o especial, concebemos objetos sob medida, personaliz\u00e1veis \u00e0 sua imagem: estojos, porta-cart\u00f5es, bolsas ou acess\u00f3rios do quotidiano. Cada pe\u00e7a \u00e9 realizada com o mesmo n\u00edvel de exig\u00eancia que as nossas pulseiras de alta gama: mat\u00e9rias nobres, acabamentos cuidados e design controlado.<br> <\/p>\t\t\t\t\t\t\t\t<\/div>\n\t\t\t\t<\/div>\n\t\t\t\t<\/div>\n\t\t\t\t\t<\/div>\n\t\t\t\t<\/div>\n\t\t\t\t<\/div>\n\t\t","protected":false},"excerpt":{"rendered":"<p>LEATHER GOODS &#8211;Every IDEA comes to lifewith PRECISION and ELEGANCE Na Brasport, a excel\u00eancia molda-se em cada detalhe. SOB MEDIDA Na Brasport, cada ideia ganha vida com precis\u00e3o e eleg\u00e2ncia. Gra\u00e7as a um conhecimento dominado, moldamos pe\u00e7as \u00fanicas, concebidas de acordo com os seus desejos \u2014 desde as cria\u00e7\u00f5es mais ousadas at\u00e9 aos modelos mais [&hellip;]<\/p>\n","protected":false},"author":1,"featured_media":0,"parent":1965,"menu_order":0,"comment_status":"closed","ping_status":"closed","template":"","meta":{"_acf_changed":false,"footnotes":""},"class_list":["post-1974","page","type-page","status-publish","hentry"],"acf":[],"yoast_head":"<!-- This site is optimized with the Yoast SEO plugin v26.4 - https:\/\/yoast.com\/wordpress\/plugins\/seo\/ -->\n<title>Marroquinaria - Brasport<\/title>\n<meta name=\"robots\" content=\"index, follow, max-snippet:-1, max-image-preview:large, max-video-preview:-1\" \/>\n<link rel=\"canonical\" href=\"https:\/\/brasport-group.com\/pt-pt\/os-nossos-saberes-fazer\/marroquinaria\/\" \/>\n<meta property=\"og:locale\" content=\"pt_PT\" \/>\n<meta property=\"og:type\" content=\"article\" \/>\n<meta property=\"og:title\" content=\"Marroquinaria - Brasport\" \/>\n<meta property=\"og:description\" content=\"LEATHER GOODS &#8211;Every IDEA comes to lifewith PRECISION and ELEGANCE Na Brasport, a excel\u00eancia molda-se em cada detalhe. SOB MEDIDA Na Brasport, cada ideia ganha vida com precis\u00e3o e eleg\u00e2ncia. Gra\u00e7as a um conhecimento dominado, moldamos pe\u00e7as \u00fanicas, concebidas de acordo com os seus desejos \u2014 desde as cria\u00e7\u00f5es mais ousadas at\u00e9 aos modelos mais [&hellip;]\" \/>\n<meta property=\"og:url\" content=\"https:\/\/brasport-group.com\/pt-pt\/os-nossos-saberes-fazer\/marroquinaria\/\" \/>\n<meta property=\"og:site_name\" content=\"Brasport\" \/>\n<meta property=\"article:modified_time\" content=\"2025-12-05T07:31:22+00:00\" \/>\n<meta property=\"og:image\" content=\"https:\/\/brasport-group.com\/wp-content\/uploads\/elementor\/thumbs\/Brasport-Group_Images_38-scaled-rdbwmavywl653xlem6a5d7jt47m6bwu3xl7pjz820y.jpg\" \/>\n<meta name=\"twitter:card\" content=\"summary_large_image\" \/>\n<meta name=\"twitter:label1\" content=\"Tempo estimado de leitura\" \/>\n\t<meta name=\"twitter:data1\" content=\"2 minutos\" \/>\n<script type=\"application\/ld+json\" class=\"yoast-schema-graph\">{\"@context\":\"https:\/\/schema.org\",\"@graph\":[{\"@type\":\"WebPage\",\"@id\":\"https:\/\/brasport-group.com\/pt-pt\/os-nossos-saberes-fazer\/marroquinaria\/\",\"url\":\"https:\/\/brasport-group.com\/pt-pt\/os-nossos-saberes-fazer\/marroquinaria\/\",\"name\":\"Marroquinaria - Brasport\",\"isPartOf\":{\"@id\":\"https:\/\/brasport-group.com\/fr\/#website\"},\"primaryImageOfPage\":{\"@id\":\"https:\/\/brasport-group.com\/pt-pt\/os-nossos-saberes-fazer\/marroquinaria\/#primaryimage\"},\"image\":{\"@id\":\"https:\/\/brasport-group.com\/pt-pt\/os-nossos-saberes-fazer\/marroquinaria\/#primaryimage\"},\"thumbnailUrl\":\"https:\/\/brasport-group.com\/wp-content\/uploads\/elementor\/thumbs\/Brasport-Group_Images_38-scaled-rdbwmavywl653xlem6a5d7jt47m6bwu3xl7pjz820y.jpg\",\"datePublished\":\"2025-08-26T08:15:07+00:00\",\"dateModified\":\"2025-12-05T07:31:22+00:00\",\"breadcrumb\":{\"@id\":\"https:\/\/brasport-group.com\/pt-pt\/os-nossos-saberes-fazer\/marroquinaria\/#breadcrumb\"},\"inLanguage\":\"pt-PT\",\"potentialAction\":[{\"@type\":\"ReadAction\",\"target\":[\"https:\/\/brasport-group.com\/pt-pt\/os-nossos-saberes-fazer\/marroquinaria\/\"]}]},{\"@type\":\"ImageObject\",\"inLanguage\":\"pt-PT\",\"@id\":\"https:\/\/brasport-group.com\/pt-pt\/os-nossos-saberes-fazer\/marroquinaria\/#primaryimage\",\"url\":\"https:\/\/brasport-group.com\/wp-content\/uploads\/elementor\/thumbs\/Brasport-Group_Images_38-scaled-rdbwmavywl653xlem6a5d7jt47m6bwu3xl7pjz820y.jpg\",\"contentUrl\":\"https:\/\/brasport-group.com\/wp-content\/uploads\/elementor\/thumbs\/Brasport-Group_Images_38-scaled-rdbwmavywl653xlem6a5d7jt47m6bwu3xl7pjz820y.jpg\"},{\"@type\":\"BreadcrumbList\",\"@id\":\"https:\/\/brasport-group.com\/pt-pt\/os-nossos-saberes-fazer\/marroquinaria\/#breadcrumb\",\"itemListElement\":[{\"@type\":\"ListItem\",\"position\":1,\"name\":\"P\u00e1gina inicial\",\"item\":\"https:\/\/brasport-group.com\/pt-pt\/pagina-inicial\/\"},{\"@type\":\"ListItem\",\"position\":2,\"name\":\"Experi\u00eancia\",\"item\":\"https:\/\/brasport-group.com\/pt-pt\/os-nossos-saberes-fazer\/\"},{\"@type\":\"ListItem\",\"position\":3,\"name\":\"Marroquinaria\"}]},{\"@type\":\"WebSite\",\"@id\":\"https:\/\/brasport-group.com\/fr\/#website\",\"url\":\"https:\/\/brasport-group.com\/fr\/\",\"name\":\"Brasport\",\"description\":\"Passion et excellence\",\"publisher\":{\"@id\":\"https:\/\/brasport-group.com\/fr\/#organization\"},\"potentialAction\":[{\"@type\":\"SearchAction\",\"target\":{\"@type\":\"EntryPoint\",\"urlTemplate\":\"https:\/\/brasport-group.com\/fr\/?s={search_term_string}\"},\"query-input\":{\"@type\":\"PropertyValueSpecification\",\"valueRequired\":true,\"valueName\":\"search_term_string\"}}],\"inLanguage\":\"pt-PT\"},{\"@type\":\"Organization\",\"@id\":\"https:\/\/brasport-group.com\/fr\/#organization\",\"name\":\"Brasport\",\"url\":\"https:\/\/brasport-group.com\/fr\/\",\"logo\":{\"@type\":\"ImageObject\",\"inLanguage\":\"pt-PT\",\"@id\":\"https:\/\/brasport-group.com\/fr\/#\/schema\/logo\/image\/\",\"url\":\"https:\/\/brasport-group.com\/wp-content\/uploads\/2025\/08\/logo-brasport-group.png\",\"contentUrl\":\"https:\/\/brasport-group.com\/wp-content\/uploads\/2025\/08\/logo-brasport-group.png\",\"width\":411,\"height\":34,\"caption\":\"Brasport\"},\"image\":{\"@id\":\"https:\/\/brasport-group.com\/fr\/#\/schema\/logo\/image\/\"}}]}<\/script>\n<!-- \/ Yoast SEO plugin. -->","yoast_head_json":{"title":"Marroquinaria - Brasport","robots":{"index":"index","follow":"follow","max-snippet":"max-snippet:-1","max-image-preview":"max-image-preview:large","max-video-preview":"max-video-preview:-1"},"canonical":"https:\/\/brasport-group.com\/pt-pt\/os-nossos-saberes-fazer\/marroquinaria\/","og_locale":"pt_PT","og_type":"article","og_title":"Marroquinaria - Brasport","og_description":"LEATHER GOODS &#8211;Every IDEA comes to lifewith PRECISION and ELEGANCE Na Brasport, a excel\u00eancia molda-se em cada detalhe. SOB MEDIDA Na Brasport, cada ideia ganha vida com precis\u00e3o e eleg\u00e2ncia. Gra\u00e7as a um conhecimento dominado, moldamos pe\u00e7as \u00fanicas, concebidas de acordo com os seus desejos \u2014 desde as cria\u00e7\u00f5es mais ousadas at\u00e9 aos modelos mais [&hellip;]","og_url":"https:\/\/brasport-group.com\/pt-pt\/os-nossos-saberes-fazer\/marroquinaria\/","og_site_name":"Brasport","article_modified_time":"2025-12-05T07:31:22+00:00","og_image":[{"url":"https:\/\/brasport-group.com\/wp-content\/uploads\/elementor\/thumbs\/Brasport-Group_Images_38-scaled-rdbwmavywl653xlem6a5d7jt47m6bwu3xl7pjz820y.jpg","type":"","width":"","height":""}],"twitter_card":"summary_large_image","twitter_misc":{"Tempo estimado de leitura":"2 minutos"},"schema":{"@context":"https:\/\/schema.org","@graph":[{"@type":"WebPage","@id":"https:\/\/brasport-group.com\/pt-pt\/os-nossos-saberes-fazer\/marroquinaria\/","url":"https:\/\/brasport-group.com\/pt-pt\/os-nossos-saberes-fazer\/marroquinaria\/","name":"Marroquinaria - Brasport","isPartOf":{"@id":"https:\/\/brasport-group.com\/fr\/#website"},"primaryImageOfPage":{"@id":"https:\/\/brasport-group.com\/pt-pt\/os-nossos-saberes-fazer\/marroquinaria\/#primaryimage"},"image":{"@id":"https:\/\/brasport-group.com\/pt-pt\/os-nossos-saberes-fazer\/marroquinaria\/#primaryimage"},"thumbnailUrl":"https:\/\/brasport-group.com\/wp-content\/uploads\/elementor\/thumbs\/Brasport-Group_Images_38-scaled-rdbwmavywl653xlem6a5d7jt47m6bwu3xl7pjz820y.jpg","datePublished":"2025-08-26T08:15:07+00:00","dateModified":"2025-12-05T07:31:22+00:00","breadcrumb":{"@id":"https:\/\/brasport-group.com\/pt-pt\/os-nossos-saberes-fazer\/marroquinaria\/#breadcrumb"},"inLanguage":"pt-PT","potentialAction":[{"@type":"ReadAction","target":["https:\/\/brasport-group.com\/pt-pt\/os-nossos-saberes-fazer\/marroquinaria\/"]}]},{"@type":"ImageObject","inLanguage":"pt-PT","@id":"https:\/\/brasport-group.com\/pt-pt\/os-nossos-saberes-fazer\/marroquinaria\/#primaryimage","url":"https:\/\/brasport-group.com\/wp-content\/uploads\/elementor\/thumbs\/Brasport-Group_Images_38-scaled-rdbwmavywl653xlem6a5d7jt47m6bwu3xl7pjz820y.jpg","contentUrl":"https:\/\/brasport-group.com\/wp-content\/uploads\/elementor\/thumbs\/Brasport-Group_Images_38-scaled-rdbwmavywl653xlem6a5d7jt47m6bwu3xl7pjz820y.jpg"},{"@type":"BreadcrumbList","@id":"https:\/\/brasport-group.com\/pt-pt\/os-nossos-saberes-fazer\/marroquinaria\/#breadcrumb","itemListElement":[{"@type":"ListItem","position":1,"name":"P\u00e1gina inicial","item":"https:\/\/brasport-group.com\/pt-pt\/pagina-inicial\/"},{"@type":"ListItem","position":2,"name":"Experi\u00eancia","item":"https:\/\/brasport-group.com\/pt-pt\/os-nossos-saberes-fazer\/"},{"@type":"ListItem","position":3,"name":"Marroquinaria"}]},{"@type":"WebSite","@id":"https:\/\/brasport-group.com\/fr\/#website","url":"https:\/\/brasport-group.com\/fr\/","name":"Brasport","description":"Passion et excellence","publisher":{"@id":"https:\/\/brasport-group.com\/fr\/#organization"},"potentialAction":[{"@type":"SearchAction","target":{"@type":"EntryPoint","urlTemplate":"https:\/\/brasport-group.com\/fr\/?s={search_term_string}"},"query-input":{"@type":"PropertyValueSpecification","valueRequired":true,"valueName":"search_term_string"}}],"inLanguage":"pt-PT"},{"@type":"Organization","@id":"https:\/\/brasport-group.com\/fr\/#organization","name":"Brasport","url":"https:\/\/brasport-group.com\/fr\/","logo":{"@type":"ImageObject","inLanguage":"pt-PT","@id":"https:\/\/brasport-group.com\/fr\/#\/schema\/logo\/image\/","url":"https:\/\/brasport-group.com\/wp-content\/uploads\/2025\/08\/logo-brasport-group.png","contentUrl":"https:\/\/brasport-group.com\/wp-content\/uploads\/2025\/08\/logo-brasport-group.png","width":411,"height":34,"caption":"Brasport"},"image":{"@id":"https:\/\/brasport-group.com\/fr\/#\/schema\/logo\/image\/"}}]}},"_links":{"self":[{"href":"https:\/\/brasport-group.com\/pt-pt\/wp-json\/wp\/v2\/pages\/1974","targetHints":{"allow":["GET"]}}],"collection":[{"href":"https:\/\/brasport-group.com\/pt-pt\/wp-json\/wp\/v2\/pages"}],"about":[{"href":"https:\/\/brasport-group.com\/pt-pt\/wp-json\/wp\/v2\/types\/page"}],"author":[{"embeddable":true,"href":"https:\/\/brasport-group.com\/pt-pt\/wp-json\/wp\/v2\/users\/1"}],"replies":[{"embeddable":true,"href":"https:\/\/brasport-group.com\/pt-pt\/wp-json\/wp\/v2\/comments?post=1974"}],"version-history":[{"count":12,"href":"https:\/\/brasport-group.com\/pt-pt\/wp-json\/wp\/v2\/pages\/1974\/revisions"}],"predecessor-version":[{"id":3456,"href":"https:\/\/brasport-group.com\/pt-pt\/wp-json\/wp\/v2\/pages\/1974\/revisions\/3456"}],"up":[{"embeddable":true,"href":"https:\/\/brasport-group.com\/pt-pt\/wp-json\/wp\/v2\/pages\/1965"}],"wp:attachment":[{"href":"https:\/\/brasport-group.com\/pt-pt\/wp-json\/wp\/v2\/media?parent=1974"}],"curies":[{"name":"wp","href":"https:\/\/api.w.org\/{rel}","templated":true}]}}